{"id":4866,"date":"2024-11-14T13:36:52","date_gmt":"2024-11-14T11:36:52","guid":{"rendered":"https:\/\/keluvo.com\/no\/produkt\/led-bordlampe\/"},"modified":"2024-11-14T13:37:17","modified_gmt":"2024-11-14T11:37:17","slug":"led-bordlampe","status":"publish","type":"product","link":"https:\/\/keluvo.com\/no\/produkt\/led-bordlampe\/","title":{"rendered":"LED-bordlampe"},"content":{"rendered":"<h2 style=\"text-align: center\"><strong>Oppladbar LED-bordlampe<\/strong><\/h2>\n<p style=\"text-align: center\">LED-bordlampen er oppladbar via USB, noe som gj\u00f8r den praktisk \u00e5 bruke hvor som helst, enten den er koblet til en str\u00f8mbank, b\u00e6rbar PC eller adapter. Den b\u00e6rbare designen sikrer at du kan nyte belysningen hvor som helst uten behov for konstant opplading.<\/p>\n<p><img decoding=\"async\" class=\"alignnone size-medium wp-image-3062 aligncenter\" src=\"https:\/\/keluvo.com\/template\/wp-content\/uploads\/sites\/5\/2024\/11\/S1fae6bdcc0b34fa9b839c2c633ff913fw.png\" alt=\"\" \/><\/p>\n<h2 style=\"text-align: center\"><strong>kompakt og stilig design<\/strong><\/h2>\n<p style=\"text-align: center\">Med en liten st\u00f8rrelse p\u00e5 dia5 cm x h\u00f8yde 35 cm passer LED-bordlampen perfekt p\u00e5 skrivebord, nattbord eller bord, og gir et moderne preg til rommet ditt. Den elegante jernkonstruksjonen og de tre fargevalgene gir et elegant utseende til alle rom, fra soverom til restauranter.<\/p>\n<p style=\"text-align: center\"><img decoding=\"async\" class=\"alignnone size-medium wp-image-3063\" src=\"https:\/\/keluvo.com\/template\/wp-content\/uploads\/sites\/5\/2024\/11\/S8aff9ed5cfed4225b37c45cb5ccac7e8f.jpg\" alt=\"\" \/><\/p>\n","protected":false},"excerpt":{"rendered":"<p>Oppladbar LED-bordlampe LED-bordlampen er oppladbar via USB, noe som gj\u00f8r den praktisk \u00e5 bruke hvor som helst, enten den er [&hellip;]<\/p>\n","protected":false},"featured_media":4862,"comment_status":"open","ping_status":"closed","template":"","meta":{"site-sidebar-layout":"default","site-content-layout":"","ast-site-content-layout":"default","site-content-style":"default","site-sidebar-style":"default","ast-global-header-display":"","ast-banner-title-visibility":"","ast-main-header-display":"","ast-hfb-above-header-display":"","ast-hfb-below-header-display":"","ast-hfb-mobile-header-display":"","site-post-title":"","ast-breadcrumbs-content":"","ast-featured-img":"","footer-sml-layout":"","theme-transparent-header-meta":"default","adv-header-id-meta":"","stick-header-meta":"","header-above-stick-meta":"","header-main-stick-meta":"","header-below-stick-meta":"","astra-migrate-meta-layouts":"set","ast-page-background-enabled":"default","ast-page-background-meta":{"desktop":{"background-color":"var(--ast-global-color-4)","background-image":"","background-repeat":"repeat","background-position":"center center","background-size":"auto","background-attachment":"scroll","background-type":"","background-media":"","overlay-type":"","overlay-color":"","overlay-opacity":"","overlay-gradient":""},"tablet":{"background-color":"","background-image":"","background-repeat":"repeat","background-position":"center center","background-size":"auto","background-attachment":"scroll","background-type":"","background-media":"","overlay-type":"","overlay-color":"","overlay-opacity":"","overlay-gradient":""},"mobile":{"background-color":"","background-image":"","background-repeat":"repeat","background-position":"center center","background-size":"auto","background-attachment":"scroll","background-type":"","background-media":"","overlay-type":"","overlay-color":"","overlay-opacity":"","overlay-gradient":""}},"ast-content-background-meta":{"desktop":{"background-color":"var(--ast-global-color-5)","background-image":"","background-repeat":"repeat","background-position":"center center","background-size":"auto","background-attachment":"scroll","background-type":"","background-media":"","overlay-type":"","overlay-color":"","overlay-opacity":"","overlay-gradient":""},"tablet":{"background-color":"var(--ast-global-color-5)","background-image":"","background-repeat":"repeat","background-position":"center center","background-size":"auto","background-attachment":"scroll","background-type":"","background-media":"","overlay-type":"","overlay-color":"","overlay-opacity":"","overlay-gradient":""},"mobile":{"background-color":"var(--ast-global-color-5)","background-image":"","background-repeat":"repeat","background-position":"center center","background-size":"auto","background-attachment":"scroll","background-type":"","background-media":"","overlay-type":"","overlay-color":"","overlay-opacity":"","overlay-gradient":""}}},"product_brand":[],"product_cat":[1001],"product_tag":[],"class_list":{"0":"post-4866","1":"product","2":"type-product","3":"status-publish","4":"has-post-thumbnail","6":"product_cat-husholdningsartikler","7":"pa_ale9h0mx-gra","8":"pa_ale9h0mx-hvit","9":"pa_ale9h0mx-oransje","10":"pa_ale9h0mx-rod","11":"pa_ale9h0mx-svart","12":"desktop-align-left","13":"tablet-align-left","14":"mobile-align-left","16":"first","17":"instock","18":"shipping-taxable","19":"purchasable","20":"product-type-variable"},"_links":{"self":[{"href":"https:\/\/keluvo.com\/no\/wp-json\/wp\/v2\/product\/4866","targetHints":{"allow":["GET"]}}],"collection":[{"href":"https:\/\/keluvo.com\/no\/wp-json\/wp\/v2\/product"}],"about":[{"href":"https:\/\/keluvo.com\/no\/wp-json\/wp\/v2\/types\/product"}],"replies":[{"embeddable":true,"href":"https:\/\/keluvo.com\/no\/wp-json\/wp\/v2\/comments?post=4866"}],"wp:featuredmedia":[{"embeddable":true,"href":"https:\/\/keluvo.com\/no\/wp-json\/wp\/v2\/media\/4862"}],"wp:attachment":[{"href":"https:\/\/keluvo.com\/no\/wp-json\/wp\/v2\/media?parent=4866"}],"wp:term":[{"taxonomy":"product_brand","embeddable":true,"href":"https:\/\/keluvo.com\/no\/wp-json\/wp\/v2\/product_brand?post=4866"},{"taxonomy":"product_cat","embeddable":true,"href":"https:\/\/keluvo.com\/no\/wp-json\/wp\/v2\/product_cat?post=4866"},{"taxonomy":"product_tag","embeddable":true,"href":"https:\/\/keluvo.com\/no\/wp-json\/wp\/v2\/product_tag?post=4866"}],"curies":[{"name":"wp","href":"https:\/\/api.w.org\/{rel}","templated":true}]}}