{"id":4851,"date":"2024-11-14T13:26:14","date_gmt":"2024-11-14T11:26:14","guid":{"rendered":"https:\/\/keluvo.com\/no\/produkt\/flygende-ball-leke\/"},"modified":"2024-11-14T13:26:44","modified_gmt":"2024-11-14T11:26:44","slug":"flygende-ball-leke","status":"publish","type":"product","link":"https:\/\/keluvo.com\/no\/produkt\/flygende-ball-leke\/","title":{"rendered":"Flygende ball-leke"},"content":{"rendered":"<h2 style=\"text-align: center\"><strong>Enkel \u00e5 kontrollere og fly<\/strong><\/h2>\n<p style=\"text-align: center\">Den flygende ballen er enkel \u00e5 bruke og morsom \u00e5 mestre. Bare sl\u00e5 p\u00e5 str\u00f8mmen, hold den oppreist og rist den for \u00e5 starte. Du kan eksperimentere med forskjellige kast for \u00e5 oppdage nye flybaner, triks og spinn, noe som gj\u00f8r hver \u00f8kt spennende og unik.<\/p>\n<p><img decoding=\"async\" class=\"alignnone size-medium wp-image-3553 aligncenter\" src=\"https:\/\/keluvo.com\/template\/wp-content\/uploads\/sites\/5\/2024\/11\/d3b880d8-2599-414b-823f-ee35d1eba833.webp\" alt=\"\" \/><\/p>\n<h2 style=\"text-align: center\"><strong>Fargerikt LED-lysshow<\/strong><\/h2>\n<p style=\"text-align: center\">Med sterke, dynamiske LED-lys lyser den flygende ballen opp mens den flyr, og skaper et blendende lysbilde som ser ut som et stjerneskudd. De fargerike lysene forsterker moroa, spesielt n\u00e5r den brukes i dunkle omgivelser, og gj\u00f8r den til en fengslende opplevelse for b\u00e5de barn og voksne.<\/p>\n<p><img decoding=\"async\" class=\"alignnone size-medium wp-image-3556 aligncenter\" src=\"https:\/\/keluvo.com\/template\/wp-content\/uploads\/sites\/5\/2024\/11\/39f9e950-0eb2-4b64-b27a-8b10990367f3.webp\" alt=\"\" \/><\/p>\n","protected":false},"excerpt":{"rendered":"<p>Enkel \u00e5 kontrollere og fly Den flygende ballen er enkel \u00e5 bruke og morsom \u00e5 mestre. Bare sl\u00e5 p\u00e5 str\u00f8mmen, [&hellip;]<\/p>\n","protected":false},"featured_media":4847,"comment_status":"open","ping_status":"closed","template":"","meta":{"site-sidebar-layout":"default","site-content-layout":"","ast-site-content-layout":"default","site-content-style":"default","site-sidebar-style":"default","ast-global-header-display":"","ast-banner-title-visibility":"","ast-main-header-display":"","ast-hfb-above-header-display":"","ast-hfb-below-header-display":"","ast-hfb-mobile-header-display":"","site-post-title":"","ast-breadcrumbs-content":"","ast-featured-img":"","footer-sml-layout":"","theme-transparent-header-meta":"default","adv-header-id-meta":"","stick-header-meta":"","header-above-stick-meta":"","header-main-stick-meta":"","header-below-stick-meta":"","astra-migrate-meta-layouts":"set","ast-page-background-enabled":"default","ast-page-background-meta":{"desktop":{"background-color":"var(--ast-global-color-4)","background-image":"","background-repeat":"repeat","background-position":"center center","background-size":"auto","background-attachment":"scroll","background-type":"","background-media":"","overlay-type":"","overlay-color":"","overlay-opacity":"","overlay-gradient":""},"tablet":{"background-color":"","background-image":"","background-repeat":"repeat","background-position":"center center","background-size":"auto","background-attachment":"scroll","background-type":"","background-media":"","overlay-type":"","overlay-color":"","overlay-opacity":"","overlay-gradient":""},"mobile":{"background-color":"","background-image":"","background-repeat":"repeat","background-position":"center center","background-size":"auto","background-attachment":"scroll","background-type":"","background-media":"","overlay-type":"","overlay-color":"","overlay-opacity":"","overlay-gradient":""}},"ast-content-background-meta":{"desktop":{"background-color":"var(--ast-global-color-5)","background-image":"","background-repeat":"repeat","background-position":"center center","background-size":"auto","background-attachment":"scroll","background-type":"","background-media":"","overlay-type":"","overlay-color":"","overlay-opacity":"","overlay-gradient":""},"tablet":{"background-color":"var(--ast-global-color-5)","background-image":"","background-repeat":"repeat","background-position":"center center","background-size":"auto","background-attachment":"scroll","background-type":"","background-media":"","overlay-type":"","overlay-color":"","overlay-opacity":"","overlay-gradient":""},"mobile":{"background-color":"var(--ast-global-color-5)","background-image":"","background-repeat":"repeat","background-position":"center center","background-size":"auto","background-attachment":"scroll","background-type":"","background-media":"","overlay-type":"","overlay-color":"","overlay-opacity":"","overlay-gradient":""}}},"product_brand":[],"product_cat":[990],"product_tag":[],"class_list":{"0":"post-4851","1":"product","2":"type-product","3":"status-publish","4":"has-post-thumbnail","6":"product_cat-leker-barne-og-babyprodukter","7":"pa_g3v6mr69-bla","8":"pa_g3v6mr69-lilla","9":"pa_g3v6mr69-rod","10":"desktop-align-left","11":"tablet-align-left","12":"mobile-align-left","14":"first","15":"instock","16":"shipping-taxable","17":"purchasable","18":"product-type-variable"},"_links":{"self":[{"href":"https:\/\/keluvo.com\/no\/wp-json\/wp\/v2\/product\/4851","targetHints":{"allow":["GET"]}}],"collection":[{"href":"https:\/\/keluvo.com\/no\/wp-json\/wp\/v2\/product"}],"about":[{"href":"https:\/\/keluvo.com\/no\/wp-json\/wp\/v2\/types\/product"}],"replies":[{"embeddable":true,"href":"https:\/\/keluvo.com\/no\/wp-json\/wp\/v2\/comments?post=4851"}],"wp:featuredmedia":[{"embeddable":true,"href":"https:\/\/keluvo.com\/no\/wp-json\/wp\/v2\/media\/4847"}],"wp:attachment":[{"href":"https:\/\/keluvo.com\/no\/wp-json\/wp\/v2\/media?parent=4851"}],"wp:term":[{"taxonomy":"product_brand","embeddable":true,"href":"https:\/\/keluvo.com\/no\/wp-json\/wp\/v2\/product_brand?post=4851"},{"taxonomy":"product_cat","embeddable":true,"href":"https:\/\/keluvo.com\/no\/wp-json\/wp\/v2\/product_cat?post=4851"},{"taxonomy":"product_tag","embeddable":true,"href":"https:\/\/keluvo.com\/no\/wp-json\/wp\/v2\/product_tag?post=4851"}],"curies":[{"name":"wp","href":"https:\/\/api.w.org\/{rel}","templated":true}]}}