{"id":4832,"date":"2024-11-14T13:22:07","date_gmt":"2024-11-14T11:22:07","guid":{"rendered":"https:\/\/keluvo.com\/no\/produkt\/vinterlue-for-hund\/"},"modified":"2024-11-14T13:22:53","modified_gmt":"2024-11-14T11:22:53","slug":"vinterlue-for-hund","status":"publish","type":"product","link":"https:\/\/keluvo.com\/no\/produkt\/vinterlue-for-hund\/","title":{"rendered":"Vinterlue for hund"},"content":{"rendered":"<h2 style=\"text-align: center\"><strong>Mykt og koselig materiale<\/strong><\/h2>\n<p style=\"text-align: center\">Vinterlua for hund er laget av myk akryl, noe som gir en sk\u00e5nsom og behagelig f\u00f8lelse for kj\u00e6ledyret ditt. Dette strikkede stoffet holder hunden din varm, spesielt i kj\u00f8lig v\u00e6r. Den er designet for \u00e5 puste og passer for alle \u00e5rstider, slik at hunden din kan nyte koselig komfort \u00e5ret rundt.<\/p>\n<p><img decoding=\"async\" class=\"alignnone size-medium wp-image-2803 aligncenter\" src=\"https:\/\/keluvo.com\/template\/wp-content\/uploads\/sites\/5\/2024\/11\/996f6475-e246-48ff-8381-c5c91e729e09.webp\" alt=\"\" \/><\/p>\n<h2 style=\"text-align: center\"><strong>Justerbar passform for alle st\u00f8rrelser<\/strong><\/h2>\n<p style=\"text-align: center\">Tilgjengelig i st\u00f8rrelsene S, M og L, er denne vinterhatten designet for \u00e5 passe hunder av forskjellige raser og st\u00f8rrelser. Med en elastisk design som passer til hodeomkretser fra 33 til 61 cm, sitter vinterlua godt og sikkert. Den passer perfekt til alt fra sm\u00e5 chihuahuaer til st\u00f8rre raser.<\/p>\n<p><img decoding=\"async\" class=\"alignnone size-medium wp-image-2808 aligncenter\" src=\"https:\/\/keluvo.com\/template\/wp-content\/uploads\/sites\/5\/2024\/11\/S541d79038070441d8c9697fa892c41f9Z.jpg\" alt=\"\" \/><\/p>\n","protected":false},"excerpt":{"rendered":"<p>Mykt og koselig materiale Vinterlua for hund er laget av myk akryl, noe som gir en sk\u00e5nsom og behagelig f\u00f8lelse [&hellip;]<\/p>\n","protected":false},"featured_media":4828,"comment_status":"open","ping_status":"closed","template":"","meta":{"site-sidebar-layout":"default","site-content-layout":"","ast-site-content-layout":"default","site-content-style":"default","site-sidebar-style":"default","ast-global-header-display":"","ast-banner-title-visibility":"","ast-main-header-display":"","ast-hfb-above-header-display":"","ast-hfb-below-header-display":"","ast-hfb-mobile-header-display":"","site-post-title":"","ast-breadcrumbs-content":"","ast-featured-img":"","footer-sml-layout":"","theme-transparent-header-meta":"default","adv-header-id-meta":"","stick-header-meta":"","header-above-stick-meta":"","header-main-stick-meta":"","header-below-stick-meta":"","astra-migrate-meta-layouts":"set","ast-page-background-enabled":"default","ast-page-background-meta":{"desktop":{"background-color":"var(--ast-global-color-4)","background-image":"","background-repeat":"repeat","background-position":"center center","background-size":"auto","background-attachment":"scroll","background-type":"","background-media":"","overlay-type":"","overlay-color":"","overlay-opacity":"","overlay-gradient":""},"tablet":{"background-color":"","background-image":"","background-repeat":"repeat","background-position":"center center","background-size":"auto","background-attachment":"scroll","background-type":"","background-media":"","overlay-type":"","overlay-color":"","overlay-opacity":"","overlay-gradient":""},"mobile":{"background-color":"","background-image":"","background-repeat":"repeat","background-position":"center center","background-size":"auto","background-attachment":"scroll","background-type":"","background-media":"","overlay-type":"","overlay-color":"","overlay-opacity":"","overlay-gradient":""}},"ast-content-background-meta":{"desktop":{"background-color":"var(--ast-global-color-5)","background-image":"","background-repeat":"repeat","background-position":"center center","background-size":"auto","background-attachment":"scroll","background-type":"","background-media":"","overlay-type":"","overlay-color":"","overlay-opacity":"","overlay-gradient":""},"tablet":{"background-color":"var(--ast-global-color-5)","background-image":"","background-repeat":"repeat","background-position":"center center","background-size":"auto","background-attachment":"scroll","background-type":"","background-media":"","overlay-type":"","overlay-color":"","overlay-opacity":"","overlay-gradient":""},"mobile":{"background-color":"var(--ast-global-color-5)","background-image":"","background-repeat":"repeat","background-position":"center center","background-size":"auto","background-attachment":"scroll","background-type":"","background-media":"","overlay-type":"","overlay-color":"","overlay-opacity":"","overlay-gradient":""}}},"product_brand":[],"product_cat":[997],"product_tag":[],"class_list":{"0":"post-4832","1":"product","2":"type-product","3":"status-publish","4":"has-post-thumbnail","6":"product_cat-husdyrprodukter","7":"pa_r64r307r-gra","8":"pa_r64r307r-rosa","9":"pa_zvlucbij-s","10":"pa_zvlucbij-m","11":"pa_zvlucbij-l","12":"desktop-align-left","13":"tablet-align-left","14":"mobile-align-left","16":"first","17":"instock","18":"shipping-taxable","19":"purchasable","20":"product-type-variable"},"_links":{"self":[{"href":"https:\/\/keluvo.com\/no\/wp-json\/wp\/v2\/product\/4832","targetHints":{"allow":["GET"]}}],"collection":[{"href":"https:\/\/keluvo.com\/no\/wp-json\/wp\/v2\/product"}],"about":[{"href":"https:\/\/keluvo.com\/no\/wp-json\/wp\/v2\/types\/product"}],"replies":[{"embeddable":true,"href":"https:\/\/keluvo.com\/no\/wp-json\/wp\/v2\/comments?post=4832"}],"wp:featuredmedia":[{"embeddable":true,"href":"https:\/\/keluvo.com\/no\/wp-json\/wp\/v2\/media\/4828"}],"wp:attachment":[{"href":"https:\/\/keluvo.com\/no\/wp-json\/wp\/v2\/media?parent=4832"}],"wp:term":[{"taxonomy":"product_brand","embeddable":true,"href":"https:\/\/keluvo.com\/no\/wp-json\/wp\/v2\/product_brand?post=4832"},{"taxonomy":"product_cat","embeddable":true,"href":"https:\/\/keluvo.com\/no\/wp-json\/wp\/v2\/product_cat?post=4832"},{"taxonomy":"product_tag","embeddable":true,"href":"https:\/\/keluvo.com\/no\/wp-json\/wp\/v2\/product_tag?post=4832"}],"curies":[{"name":"wp","href":"https:\/\/api.w.org\/{rel}","templated":true}]}}