{"id":4800,"date":"2024-11-13T12:26:28","date_gmt":"2024-11-13T10:26:28","guid":{"rendered":"https:\/\/keluvo.com\/no\/produkt\/knivslipersett\/"},"modified":"2025-03-14T17:36:48","modified_gmt":"2025-03-14T15:36:48","slug":"knivslipersett","status":"publish","type":"product","link":"https:\/\/keluvo.com\/no\/produkt\/knivslipersett\/","title":{"rendered":"Knivslipersett"},"content":{"rendered":"<h1 style=\"text-align: center\"><strong>Enkel knivsliping<\/strong><\/h1>\n<p style=\"text-align: center\">Knivslipersettet gj\u00f8r det enkelt for alle \u00e5 slipe kniven. Med sin rullemekanisme er det bare \u00e5 skyve rullen over bladet, slik at du kan oppn\u00e5 en skarp egg uten rot, str\u00f8m eller vann. Den er designet for \u00e5 f\u00e5 knivene dine til \u00e5 bli som nye med minimal innsats.<\/p>\n<p><img decoding=\"async\" class=\"alignnone size-medium wp-image-2791 aligncenter\" src=\"https:\/\/keluvo.com\/template\/wp-content\/uploads\/sites\/5\/2024\/11\/Sa72740ae726746bab1b4b039af6a14589.jpg\" alt=\"\" \/><\/p>\n<h2 style=\"text-align: center\"><strong>Diamantskiver av h\u00f8y kvalitet<\/strong><\/h2>\n<p style=\"text-align: center\">Knivslipersettet er laget av f\u00f8rsteklasses materialer og inneholder diamantbelagte skiver i to niv\u00e5er: 400# for innledende sliping og 1000# for polering. Denne kombinasjonen sikrer en knivskarp finish hver gang, og opprettholder knivenes skarphet og holdbarhet.<\/p>\n<p><img decoding=\"async\" class=\"alignnone size-medium wp-image-2792 aligncenter\" src=\"https:\/\/keluvo.com\/template\/wp-content\/uploads\/sites\/5\/2024\/11\/Sae03de162b864db4994ac744529830aco.jpg\" alt=\"\" \/><\/p>\n","protected":false},"excerpt":{"rendered":"<p>Enkel knivsliping Knivslipersettet gj\u00f8r det enkelt for alle \u00e5 slipe kniven. Med sin rullemekanisme er det bare \u00e5 skyve rullen [&hellip;]<\/p>\n","protected":false},"featured_media":4796,"comment_status":"open","ping_status":"closed","template":"","meta":{"site-sidebar-layout":"default","site-content-layout":"","ast-site-content-layout":"default","site-content-style":"default","site-sidebar-style":"default","ast-global-header-display":"","ast-banner-title-visibility":"","ast-main-header-display":"","ast-hfb-above-header-display":"","ast-hfb-below-header-display":"","ast-hfb-mobile-header-display":"","site-post-title":"","ast-breadcrumbs-content":"","ast-featured-img":"","footer-sml-layout":"","theme-transparent-header-meta":"default","adv-header-id-meta":"","stick-header-meta":"","header-above-stick-meta":"","header-main-stick-meta":"","header-below-stick-meta":"","astra-migrate-meta-layouts":"set","ast-page-background-enabled":"default","ast-page-background-meta":{"desktop":{"background-color":"var(--ast-global-color-4)","background-image":"","background-repeat":"repeat","background-position":"center center","background-size":"auto","background-attachment":"scroll","background-type":"","background-media":"","overlay-type":"","overlay-color":"","overlay-opacity":"","overlay-gradient":""},"tablet":{"background-color":"","background-image":"","background-repeat":"repeat","background-position":"center center","background-size":"auto","background-attachment":"scroll","background-type":"","background-media":"","overlay-type":"","overlay-color":"","overlay-opacity":"","overlay-gradient":""},"mobile":{"background-color":"","background-image":"","background-repeat":"repeat","background-position":"center center","background-size":"auto","background-attachment":"scroll","background-type":"","background-media":"","overlay-type":"","overlay-color":"","overlay-opacity":"","overlay-gradient":""}},"ast-content-background-meta":{"desktop":{"background-color":"var(--ast-global-color-5)","background-image":"","background-repeat":"repeat","background-position":"center center","background-size":"auto","background-attachment":"scroll","background-type":"","background-media":"","overlay-type":"","overlay-color":"","overlay-opacity":"","overlay-gradient":""},"tablet":{"background-color":"var(--ast-global-color-5)","background-image":"","background-repeat":"repeat","background-position":"center center","background-size":"auto","background-attachment":"scroll","background-type":"","background-media":"","overlay-type":"","overlay-color":"","overlay-opacity":"","overlay-gradient":""},"mobile":{"background-color":"var(--ast-global-color-5)","background-image":"","background-repeat":"repeat","background-position":"center center","background-size":"auto","background-attachment":"scroll","background-type":"","background-media":"","overlay-type":"","overlay-color":"","overlay-opacity":"","overlay-gradient":""}}},"product_brand":[],"product_cat":[1001],"product_tag":[],"class_list":{"0":"post-4800","1":"product","2":"type-product","3":"status-publish","4":"has-post-thumbnail","6":"product_cat-husholdningsartikler","7":"pa_u048ivaz-rod","8":"pa_u048ivaz-svart","9":"desktop-align-left","10":"tablet-align-left","11":"mobile-align-left","13":"first","14":"instock","15":"shipping-taxable","16":"purchasable","17":"product-type-variable"},"_links":{"self":[{"href":"https:\/\/keluvo.com\/no\/wp-json\/wp\/v2\/product\/4800","targetHints":{"allow":["GET"]}}],"collection":[{"href":"https:\/\/keluvo.com\/no\/wp-json\/wp\/v2\/product"}],"about":[{"href":"https:\/\/keluvo.com\/no\/wp-json\/wp\/v2\/types\/product"}],"replies":[{"embeddable":true,"href":"https:\/\/keluvo.com\/no\/wp-json\/wp\/v2\/comments?post=4800"}],"wp:featuredmedia":[{"embeddable":true,"href":"https:\/\/keluvo.com\/no\/wp-json\/wp\/v2\/media\/4796"}],"wp:attachment":[{"href":"https:\/\/keluvo.com\/no\/wp-json\/wp\/v2\/media?parent=4800"}],"wp:term":[{"taxonomy":"product_brand","embeddable":true,"href":"https:\/\/keluvo.com\/no\/wp-json\/wp\/v2\/product_brand?post=4800"},{"taxonomy":"product_cat","embeddable":true,"href":"https:\/\/keluvo.com\/no\/wp-json\/wp\/v2\/product_cat?post=4800"},{"taxonomy":"product_tag","embeddable":true,"href":"https:\/\/keluvo.com\/no\/wp-json\/wp\/v2\/product_tag?post=4800"}],"curies":[{"name":"wp","href":"https:\/\/api.w.org\/{rel}","templated":true}]}}