{"id":47764,"date":"2025-10-03T13:13:02","date_gmt":"2025-10-03T10:13:02","guid":{"rendered":"https:\/\/keluvo.com\/no\/produkt\/nokkelringverktoy-2-stk\/"},"modified":"2025-10-20T16:07:59","modified_gmt":"2025-10-20T13:07:59","slug":"nokkelringverktoy-2-stk","status":"publish","type":"product","link":"https:\/\/keluvo.com\/no\/produkt\/nokkelringverktoy-2-stk\/","title":{"rendered":"N\u00f8kkelringverkt\u00f8y (2 stk)"},"content":{"rendered":"<p style=\"text-align: center;\" data-start=\"125\" data-end=\"173\">N\u00f8kkelringen som kan redde livet ditt \ud83d\udea8\ud83d\udd11<\/p>\n<p style=\"text-align: center;\" data-start=\"175\" data-end=\"398\">Dette multifunksjonelle sikkerhetsverkt\u00f8yet er lite nok til \u00e5 f\u00e5 plass i n\u00f8kkelringen, men kraftig nok til \u00e5 hjelpe deg i en n\u00f8dsituasjon. Enten det gjelder \u00e5 knuse et bilvindu eller kutte et sikkerhetsbelte, s\u00f8rger dette verkt\u00f8yet for at du alltid er forberedt.<\/p>\n<p data-start=\"175\" data-end=\"398\"><img decoding=\"async\" class=\"size-full wp-image-36014 aligncenter\" src=\"https:\/\/keluvo.com\/template\/wp-content\/uploads\/sites\/5\/2025\/10\/092214-ezgif.com-video-to-webp-converter.webp\" alt=\"\" \/><\/p>\n<h2 style=\"text-align: center;\" data-start=\"400\" data-end=\"422\">Hovedfordeler \ud83c\udf1f<\/h2>\n<p data-start=\"425\" data-end=\"477\">\ud83d\ude97 Knuser bilvinduer raskt i tilfelle n\u00f8dsituasjon<\/p>\n<p data-start=\"480\" data-end=\"525\">\u2702\ufe0f Innebygd bilbeltekutter for rask r\u00f8mning<\/p>\n<p data-start=\"528\" data-end=\"572\">\ud83d\udd11 Kompakt design som passer lett p\u00e5 n\u00f8kler<\/p>\n<p data-start=\"575\" data-end=\"630\">\ud83d\udee1\ufe0f Slitesterk og p\u00e5litelig for daglig bruk eller n\u00f8dsituasjoner<\/p>\n<p data-start=\"633\" data-end=\"691\">\ud83e\uddf0 Nyttig for sj\u00e5f\u00f8rer, passasjerer og f\u00f8rstehjelpsskrin<\/p>\n<p data-start=\"633\" data-end=\"691\"><img decoding=\"async\" class=\"size-full wp-image-36013 aligncenter\" src=\"https:\/\/keluvo.com\/template\/wp-content\/uploads\/sites\/5\/2025\/10\/CPCC001.webp\" alt=\"\" \/><\/p>\n<h2 style=\"text-align: center;\" data-start=\"693\" data-end=\"712\">Slik bruker du den \ud83d\udc47<\/h2>\n<ol data-start=\"713\" data-end=\"962\">\n<li data-start=\"713\" data-end=\"775\">\n<p data-start=\"716\" data-end=\"775\">Fest verkt\u00f8yet til n\u00f8kkelringen slik at du alltid har det med deg.<\/p>\n<\/li>\n<li data-start=\"776\" data-end=\"863\">\n<p data-start=\"779\" data-end=\"863\">I tilfelle en ulykke, trykk spissen godt mot bilvinduet for \u00e5 knuse det.<\/p>\n<\/li>\n<li data-start=\"864\" data-end=\"930\">\n<p data-start=\"867\" data-end=\"930\">Bruk det innebygde bladet til \u00e5 skj\u00e6re gjennom sikkerhetsbeltet om n\u00f8dvendig.<\/p>\n<\/li>\n<li data-start=\"931\" data-end=\"962\">\n<p data-start=\"934\" data-end=\"962\">R\u00f8m raskt og trygt.<\/p>\n<\/li>\n<\/ol>\n<h2 style=\"text-align: center;\" data-start=\"964\" data-end=\"988\">Produktdetaljer \ud83d\udccf<\/h2>\n<ul data-start=\"989\" data-end=\"1172\">\n<li data-start=\"989\" data-end=\"1012\">\n<p data-start=\"991\" data-end=\"1012\">St\u00f8rrelse: 7,5 cm x 3 cm x 1,5 cm<\/p>\n<\/li>\n<li data-start=\"1013\" data-end=\"1062\">\n<p data-start=\"1015\" data-end=\"1062\">Materiale: h\u00f8yfast plast + metallblad<\/p>\n<\/li>\n<li data-start=\"1063\" data-end=\"1138\">\n<p data-start=\"1065\" data-end=\"1138\">Farger: tilgjengelig i flere farger (r\u00f8d, svart, gul, bl\u00e5 og mer)<\/p>\n<\/li>\n<li data-start=\"1139\" data-end=\"1172\">\n<p data-start=\"1141\" data-end=\"1172\">Enkel og lett \u00e5 b\u00e6re<\/p>\n<\/li>\n<\/ul>\n<h2 style=\"text-align: center;\" data-start=\"1381\" data-end=\"1406\">Pakken inneholder \ud83c\udf81<\/h2>\n<ul data-start=\"1407\" data-end=\"1450\">\n<li data-start=\"1407\" data-end=\"1450\">\n<p data-start=\"1409\" data-end=\"1450\">2x multifunksjonelt sikkerhetsn\u00f8kkelringverkt\u00f8y.<\/p>\n<\/li>\n<\/ul>\n","protected":false},"excerpt":{"rendered":"<p>N\u00f8kkelringen som kan redde livet ditt \ud83d\udea8\ud83d\udd11 Dette multifunksjonelle sikkerhetsverkt\u00f8yet er lite nok til \u00e5 f\u00e5 plass i n\u00f8kkelringen, men [&hellip;]<\/p>\n","protected":false},"featured_media":47760,"comment_status":"open","ping_status":"closed","template":"","meta":{"site-sidebar-layout":"default","site-content-layout":"","ast-site-content-layout":"default","site-content-style":"default","site-sidebar-style":"default","ast-global-header-display":"","ast-banner-title-visibility":"","ast-main-header-display":"","ast-hfb-above-header-display":"","ast-hfb-below-header-display":"","ast-hfb-mobile-header-display":"","site-post-title":"","ast-breadcrumbs-content":"","ast-featured-img":"","footer-sml-layout":"","theme-transparent-header-meta":"default","adv-header-id-meta":"","stick-header-meta":"","header-above-stick-meta":"","header-main-stick-meta":"","header-below-stick-meta":"","astra-migrate-meta-layouts":"set","ast-page-background-enabled":"default","ast-page-background-meta":{"desktop":{"background-color":"var(--ast-global-color-4)","background-image":"","background-repeat":"repeat","background-position":"center center","background-size":"auto","background-attachment":"scroll","background-type":"","background-media":"","overlay-type":"","overlay-color":"","overlay-opacity":"","overlay-gradient":""},"tablet":{"background-color":"","background-image":"","background-repeat":"repeat","background-position":"center center","background-size":"auto","background-attachment":"scroll","background-type":"","background-media":"","overlay-type":"","overlay-color":"","overlay-opacity":"","overlay-gradient":""},"mobile":{"background-color":"","background-image":"","background-repeat":"repeat","background-position":"center center","background-size":"auto","background-attachment":"scroll","background-type":"","background-media":"","overlay-type":"","overlay-color":"","overlay-opacity":"","overlay-gradient":""}},"ast-content-background-meta":{"desktop":{"background-color":"var(--ast-global-color-5)","background-image":"","background-repeat":"repeat","background-position":"center center","background-size":"auto","background-attachment":"scroll","background-type":"","background-media":"","overlay-type":"","overlay-color":"","overlay-opacity":"","overlay-gradient":""},"tablet":{"background-color":"var(--ast-global-color-5)","background-image":"","background-repeat":"repeat","background-position":"center center","background-size":"auto","background-attachment":"scroll","background-type":"","background-media":"","overlay-type":"","overlay-color":"","overlay-opacity":"","overlay-gradient":""},"mobile":{"background-color":"var(--ast-global-color-5)","background-image":"","background-repeat":"repeat","background-position":"center center","background-size":"auto","background-attachment":"scroll","background-type":"","background-media":"","overlay-type":"","overlay-color":"","overlay-opacity":"","overlay-gradient":""}}},"product_brand":[],"product_cat":[998,996],"product_tag":[],"class_list":{"0":"post-47764","1":"product","2":"type-product","3":"status-publish","4":"has-post-thumbnail","6":"product_cat-bilprodukter","7":"product_cat-verktoy","8":"pa_21069_dkf7q72r-bla","9":"pa_21069_dkf7q72r-gul","10":"pa_21069_dkf7q72r-lilla","11":"pa_21069_dkf7q72r-lysegronn","12":"pa_21069_dkf7q72r-morkegronn","13":"pa_21069_dkf7q72r-rod","14":"pa_21069_dkf7q72r-svart","15":"desktop-align-left","16":"tablet-align-left","17":"mobile-align-left","19":"first","20":"instock","21":"shipping-taxable","22":"purchasable","23":"product-type-variable"},"_links":{"self":[{"href":"https:\/\/keluvo.com\/no\/wp-json\/wp\/v2\/product\/47764","targetHints":{"allow":["GET"]}}],"collection":[{"href":"https:\/\/keluvo.com\/no\/wp-json\/wp\/v2\/product"}],"about":[{"href":"https:\/\/keluvo.com\/no\/wp-json\/wp\/v2\/types\/product"}],"replies":[{"embeddable":true,"href":"https:\/\/keluvo.com\/no\/wp-json\/wp\/v2\/comments?post=47764"}],"wp:featuredmedia":[{"embeddable":true,"href":"https:\/\/keluvo.com\/no\/wp-json\/wp\/v2\/media\/47760"}],"wp:attachment":[{"href":"https:\/\/keluvo.com\/no\/wp-json\/wp\/v2\/media?parent=47764"}],"wp:term":[{"taxonomy":"product_brand","embeddable":true,"href":"https:\/\/keluvo.com\/no\/wp-json\/wp\/v2\/product_brand?post=47764"},{"taxonomy":"product_cat","embeddable":true,"href":"https:\/\/keluvo.com\/no\/wp-json\/wp\/v2\/product_cat?post=47764"},{"taxonomy":"product_tag","embeddable":true,"href":"https:\/\/keluvo.com\/no\/wp-json\/wp\/v2\/product_tag?post=47764"}],"curies":[{"name":"wp","href":"https:\/\/api.w.org\/{rel}","templated":true}]}}