{"id":4764,"date":"2024-11-13T11:57:31","date_gmt":"2024-11-13T09:57:31","guid":{"rendered":"https:\/\/keluvo.com\/no\/produkt\/glattekam-til-haret\/"},"modified":"2025-06-19T10:16:30","modified_gmt":"2025-06-19T08:16:30","slug":"glattekam-til-haret-1","status":"publish","type":"product","link":"https:\/\/keluvo.com\/no\/produkt\/glattekam-til-haret-1\/","title":{"rendered":"Glattekam til h\u00e5ret"},"content":{"rendered":"<h2 style=\"text-align: center;\"><strong>Rask og enkel styling<\/strong><\/h2>\n<p style=\"text-align: center;\">Rettekammen varmes raskt opp, slik at du kan rette eller style h\u00e5ret p\u00e5 bare tre minutter. Dette verkt\u00f8yet er perfekt for travle morgener, og er designet for \u00e5 spare tid samtidig som det gir deg glatt og glansfullt h\u00e5r. Det er et must-have for raske oppfriskninger og daglig styling.<\/p>\n<p><img decoding=\"async\" class=\"alignnone size-medium wp-image-2823 aligncenter\" src=\"https:\/\/keluvo.com\/template\/wp-content\/uploads\/sites\/5\/2024\/11\/7cf64239-a6ae-4288-8e12-78c69d45c9df.webp\" alt=\"\" \/><\/p>\n<h2 style=\"text-align: center;\"><strong>justerbare temperaturinnstillinger<\/strong><\/h2>\n<p style=\"text-align: center;\">Med fem temperaturinnstillinger fra 130 \u00b0C til 200 \u00b0C passer rettetangkammen til ulike h\u00e5rtyper og stylingbehov. Du kan velge en lavere innstilling for fint h\u00e5r eller en h\u00f8yere innstilling for tykkere h\u00e5r, noe som sikrer sk\u00e5nsom og effektiv glatting hver gang.<\/p>\n<p><img decoding=\"async\" class=\"alignnone size-medium wp-image-2832 aligncenter\" src=\"https:\/\/keluvo.com\/template\/wp-content\/uploads\/sites\/5\/2024\/11\/S032f03952d484ec3a08014e4ca03a725B.jpg\" alt=\"\" \/><\/p>\n","protected":false},"excerpt":{"rendered":"<p>Rask og enkel styling Rettekammen varmes raskt opp, slik at du kan rette eller style h\u00e5ret p\u00e5 bare tre minutter. [&hellip;]<\/p>\n","protected":false},"featured_media":4760,"comment_status":"open","ping_status":"closed","template":"","meta":{"site-sidebar-layout":"default","site-content-layout":"","ast-site-content-layout":"default","site-content-style":"default","site-sidebar-style":"default","ast-global-header-display":"","ast-banner-title-visibility":"","ast-main-header-display":"","ast-hfb-above-header-display":"","ast-hfb-below-header-display":"","ast-hfb-mobile-header-display":"","site-post-title":"","ast-breadcrumbs-content":"","ast-featured-img":"","footer-sml-layout":"","theme-transparent-header-meta":"default","adv-header-id-meta":"","stick-header-meta":"","header-above-stick-meta":"","header-main-stick-meta":"","header-below-stick-meta":"","astra-migrate-meta-layouts":"set","ast-page-background-enabled":"default","ast-page-background-meta":{"desktop":{"background-color":"var(--ast-global-color-4)","background-image":"","background-repeat":"repeat","background-position":"center center","background-size":"auto","background-attachment":"scroll","background-type":"","background-media":"","overlay-type":"","overlay-color":"","overlay-opacity":"","overlay-gradient":""},"tablet":{"background-color":"","background-image":"","background-repeat":"repeat","background-position":"center center","background-size":"auto","background-attachment":"scroll","background-type":"","background-media":"","overlay-type":"","overlay-color":"","overlay-opacity":"","overlay-gradient":""},"mobile":{"background-color":"","background-image":"","background-repeat":"repeat","background-position":"center center","background-size":"auto","background-attachment":"scroll","background-type":"","background-media":"","overlay-type":"","overlay-color":"","overlay-opacity":"","overlay-gradient":""}},"ast-content-background-meta":{"desktop":{"background-color":"var(--ast-global-color-5)","background-image":"","background-repeat":"repeat","background-position":"center center","background-size":"auto","background-attachment":"scroll","background-type":"","background-media":"","overlay-type":"","overlay-color":"","overlay-opacity":"","overlay-gradient":""},"tablet":{"background-color":"var(--ast-global-color-5)","background-image":"","background-repeat":"repeat","background-position":"center center","background-size":"auto","background-attachment":"scroll","background-type":"","background-media":"","overlay-type":"","overlay-color":"","overlay-opacity":"","overlay-gradient":""},"mobile":{"background-color":"var(--ast-global-color-5)","background-image":"","background-repeat":"repeat","background-position":"center center","background-size":"auto","background-attachment":"scroll","background-type":"","background-media":"","overlay-type":"","overlay-color":"","overlay-opacity":"","overlay-gradient":""}}},"product_brand":[],"product_cat":[993],"product_tag":[],"class_list":{"0":"post-4764","1":"product","2":"type-product","3":"status-publish","4":"has-post-thumbnail","6":"product_cat-skotoy-tilbehor","7":"pa_39p85kwj-gronn","8":"pa_39p85kwj-hvit","9":"pa_39p85kwj-rod","10":"pa_39p85kwj-svart","11":"desktop-align-left","12":"tablet-align-left","13":"mobile-align-left","15":"first","16":"instock","17":"shipping-taxable","18":"purchasable","19":"product-type-variable"},"_links":{"self":[{"href":"https:\/\/keluvo.com\/no\/wp-json\/wp\/v2\/product\/4764","targetHints":{"allow":["GET"]}}],"collection":[{"href":"https:\/\/keluvo.com\/no\/wp-json\/wp\/v2\/product"}],"about":[{"href":"https:\/\/keluvo.com\/no\/wp-json\/wp\/v2\/types\/product"}],"replies":[{"embeddable":true,"href":"https:\/\/keluvo.com\/no\/wp-json\/wp\/v2\/comments?post=4764"}],"wp:featuredmedia":[{"embeddable":true,"href":"https:\/\/keluvo.com\/no\/wp-json\/wp\/v2\/media\/4760"}],"wp:attachment":[{"href":"https:\/\/keluvo.com\/no\/wp-json\/wp\/v2\/media?parent=4764"}],"wp:term":[{"taxonomy":"product_brand","embeddable":true,"href":"https:\/\/keluvo.com\/no\/wp-json\/wp\/v2\/product_brand?post=4764"},{"taxonomy":"product_cat","embeddable":true,"href":"https:\/\/keluvo.com\/no\/wp-json\/wp\/v2\/product_cat?post=4764"},{"taxonomy":"product_tag","embeddable":true,"href":"https:\/\/keluvo.com\/no\/wp-json\/wp\/v2\/product_tag?post=4764"}],"curies":[{"name":"wp","href":"https:\/\/api.w.org\/{rel}","templated":true}]}}