{"id":47556,"date":"2025-10-03T13:01:53","date_gmt":"2025-10-03T10:01:53","guid":{"rendered":"https:\/\/keluvo.com\/no\/produkt\/baerbar-vaskemaskin\/"},"modified":"2025-10-10T21:15:13","modified_gmt":"2025-10-10T18:15:13","slug":"baerbar-vaskemaskin","status":"publish","type":"product","link":"https:\/\/keluvo.com\/no\/produkt\/baerbar-vaskemaskin\/","title":{"rendered":"B\u00e6rbar vaskemaskin"},"content":{"rendered":"<p style=\"text-align: center;\" data-start=\"139\" data-end=\"179\">Vask kl\u00e6r hvor som helst med letthet \ud83e\uddfa\u2728<\/p>\n<p style=\"text-align: center;\" data-start=\"180\" data-end=\"375\">Denne kompakte b\u00e6rbare vaskemaskinen bruker ultralydteknologi for \u00e5 rengj\u00f8re kl\u00e6r, smykker og mer. Den er perfekt for sm\u00e5 rom, sparer tid og energi og holder det du trenger friskt og rent.<\/p>\n<p data-start=\"180\" data-end=\"375\"><img decoding=\"async\" class=\"size-full wp-image-35813 aligncenter\" src=\"https:\/\/keluvo.com\/template\/wp-content\/uploads\/sites\/5\/2025\/09\/09226-ezgif.com-video-to-webp-converter-2.webp\" alt=\"\" \/><\/p>\n<h2 style=\"text-align: center;\" data-start=\"377\" data-end=\"398\">Hovedfordeler \u2705<\/h2>\n<p data-start=\"401\" data-end=\"482\">\ud83c\udf0a Ultralydrengj\u00f8ring &#8211; h\u00f8yfrekvent vibrasjon fjerner smuss og bakterier<\/p>\n<p data-start=\"485\" data-end=\"559\">\ud83c\udfe0 Plassbesparende design &#8211; ideell for sovesaler, leiligheter, bobiler eller reiser<\/p>\n<p data-start=\"562\" data-end=\"644\">\ud83d\udc55 Flerbruksbruk &#8211; vask babykl\u00e6r, undert\u00f8y, sokker, h\u00e5ndkl\u00e6r og mer<\/p>\n<p data-start=\"647\" data-end=\"721\">\ud83d\udc8d Ikke bare for kl\u00e6r &#8211; flott for smykker, briller og til og med frukt<\/p>\n<p data-start=\"724\" data-end=\"789\">\ud83d\udd0c USB-drevet &#8211; enkel \u00e5 bruke hvor som helst med en enkel plug-in<\/p>\n<p data-start=\"792\" data-end=\"860\">\ud83c\udf92 Lett og b\u00e6rbar &#8211; bare 240 g, lett \u00e5 ta med seg p\u00e5 farten<\/p>\n<p data-start=\"792\" data-end=\"860\"><img decoding=\"async\" class=\"size-full wp-image-35812 aligncenter\" src=\"https:\/\/keluvo.com\/template\/wp-content\/uploads\/sites\/5\/2025\/09\/Sab526c4f22ad45d982fdd5f94c2898caF.jpg_960x960q75.jpg_.jpg\" alt=\"\" \/><\/p>\n<h2 style=\"text-align: center;\" data-start=\"862\" data-end=\"882\">Slik bruker du den \ud83d\udee0\ufe0f<\/h2>\n<ol data-start=\"883\" data-end=\"1231\">\n<li data-start=\"883\" data-end=\"971\">\n<p data-start=\"886\" data-end=\"971\">Plasser vaskemaskinen i bunnen av en beholder eller b\u00f8tte fylt med vann.<\/p>\n<\/li>\n<li data-start=\"972\" data-end=\"1065\">\n<p data-start=\"975\" data-end=\"1065\">Legg i kl\u00e6rne eller gjenstandene dine (bare sm\u00e5 biter som undert\u00f8y, sokker, babykl\u00e6r osv.)<\/p>\n<\/li>\n<li data-start=\"1066\" data-end=\"1111\">\n<p data-start=\"1069\" data-end=\"1111\">Koble USB-kabelen til en str\u00f8mkilde.<\/p>\n<\/li>\n<li data-start=\"1112\" data-end=\"1182\">\n<p data-start=\"1115\" data-end=\"1182\">Tilsett vaskemiddel og la ultralydvibrasjonene rengj\u00f8re gjenstandene dine.<\/p>\n<\/li>\n<li data-start=\"1183\" data-end=\"1231\">\n<p data-start=\"1186\" data-end=\"1231\">Skyll gjenstandene etter vask og la dem t\u00f8rke.<\/p>\n<\/li>\n<\/ol>\n<h2 style=\"text-align: center;\" data-start=\"1233\" data-end=\"1257\">Produktdetaljer \u2139\ufe0f<\/h2>\n<ul data-start=\"1258\" data-end=\"1512\">\n<li data-start=\"1258\" data-end=\"1287\">\n<p data-start=\"1260\" data-end=\"1287\">Virkem\u00e5te: Mekanisk<\/p>\n<\/li>\n<li data-start=\"1288\" data-end=\"1322\">\n<p data-start=\"1290\" data-end=\"1322\">Materiale: ABS bunnplate<\/p>\n<\/li>\n<li data-start=\"1323\" data-end=\"1348\">\n<p data-start=\"1325\" data-end=\"1348\">Str\u00f8mforsyning: USB<\/p>\n<\/li>\n<li data-start=\"1349\" data-end=\"1374\">\n<p data-start=\"1351\" data-end=\"1374\">Spenning: 5V<\/p>\n<\/li>\n<li data-start=\"1375\" data-end=\"1399\">\n<p data-start=\"1377\" data-end=\"1399\">Str\u00f8m: 30W<\/p>\n<\/li>\n<li data-start=\"1400\" data-end=\"1437\">\n<p data-start=\"1402\" data-end=\"1437\">Vekt: 240g<\/p>\n<\/li>\n<li data-start=\"1438\" data-end=\"1460\">\n<p data-start=\"1440\" data-end=\"1460\">Diameter: 9 cm<\/p>\n<\/li>\n<li data-start=\"1461\" data-end=\"1512\">\n<p data-start=\"1463\" data-end=\"1512\">Merk: Ikke egnet for store klesplagg<\/p>\n<\/li>\n<\/ul>\n<h2 style=\"text-align: center;\" data-start=\"1514\" data-end=\"1539\">Pakken inkluderer \ud83d\udce6<\/h2>\n<ul data-start=\"1540\" data-end=\"1589\">\n<li data-start=\"1540\" data-end=\"1589\">\n<p data-start=\"1542\" data-end=\"1589\">1x b\u00e6rbar vaskemaskin.<\/p>\n<\/li>\n<\/ul>\n","protected":false},"excerpt":{"rendered":"<p>Vask kl\u00e6r hvor som helst med letthet \ud83e\uddfa\u2728 Denne kompakte b\u00e6rbare vaskemaskinen bruker ultralydteknologi for \u00e5 rengj\u00f8re kl\u00e6r, smykker og [&hellip;]<\/p>\n","protected":false},"featured_media":47552,"comment_status":"open","ping_status":"closed","template":"","meta":{"site-sidebar-layout":"default","site-content-layout":"","ast-site-content-layout":"default","site-content-style":"default","site-sidebar-style":"default","ast-global-header-display":"","ast-banner-title-visibility":"","ast-main-header-display":"","ast-hfb-above-header-display":"","ast-hfb-below-header-display":"","ast-hfb-mobile-header-display":"","site-post-title":"","ast-breadcrumbs-content":"","ast-featured-img":"","footer-sml-layout":"","theme-transparent-header-meta":"default","adv-header-id-meta":"","stick-header-meta":"","header-above-stick-meta":"","header-main-stick-meta":"","header-below-stick-meta":"","astra-migrate-meta-layouts":"set","ast-page-background-enabled":"default","ast-page-background-meta":{"desktop":{"background-color":"var(--ast-global-color-4)","background-image":"","background-repeat":"repeat","background-position":"center center","background-size":"auto","background-attachment":"scroll","background-type":"","background-media":"","overlay-type":"","overlay-color":"","overlay-opacity":"","overlay-gradient":""},"tablet":{"background-color":"","background-image":"","background-repeat":"repeat","background-position":"center center","background-size":"auto","background-attachment":"scroll","background-type":"","background-media":"","overlay-type":"","overlay-color":"","overlay-opacity":"","overlay-gradient":""},"mobile":{"background-color":"","background-image":"","background-repeat":"repeat","background-position":"center center","background-size":"auto","background-attachment":"scroll","background-type":"","background-media":"","overlay-type":"","overlay-color":"","overlay-opacity":"","overlay-gradient":""}},"ast-content-background-meta":{"desktop":{"background-color":"var(--ast-global-color-5)","background-image":"","background-repeat":"repeat","background-position":"center center","background-size":"auto","background-attachment":"scroll","background-type":"","background-media":"","overlay-type":"","overlay-color":"","overlay-opacity":"","overlay-gradient":""},"tablet":{"background-color":"var(--ast-global-color-5)","background-image":"","background-repeat":"repeat","background-position":"center center","background-size":"auto","background-attachment":"scroll","background-type":"","background-media":"","overlay-type":"","overlay-color":"","overlay-opacity":"","overlay-gradient":""},"mobile":{"background-color":"var(--ast-global-color-5)","background-image":"","background-repeat":"repeat","background-position":"center center","background-size":"auto","background-attachment":"scroll","background-type":"","background-media":"","overlay-type":"","overlay-color":"","overlay-opacity":"","overlay-gradient":""}}},"product_brand":[],"product_cat":[1001],"product_tag":[],"class_list":{"0":"post-47556","1":"product","2":"type-product","3":"status-publish","4":"has-post-thumbnail","6":"product_cat-husholdningsartikler","7":"desktop-align-left","8":"tablet-align-left","9":"mobile-align-left","11":"first","12":"instock","13":"shipping-taxable","14":"purchasable","15":"product-type-simple"},"_links":{"self":[{"href":"https:\/\/keluvo.com\/no\/wp-json\/wp\/v2\/product\/47556","targetHints":{"allow":["GET"]}}],"collection":[{"href":"https:\/\/keluvo.com\/no\/wp-json\/wp\/v2\/product"}],"about":[{"href":"https:\/\/keluvo.com\/no\/wp-json\/wp\/v2\/types\/product"}],"replies":[{"embeddable":true,"href":"https:\/\/keluvo.com\/no\/wp-json\/wp\/v2\/comments?post=47556"}],"wp:featuredmedia":[{"embeddable":true,"href":"https:\/\/keluvo.com\/no\/wp-json\/wp\/v2\/media\/47552"}],"wp:attachment":[{"href":"https:\/\/keluvo.com\/no\/wp-json\/wp\/v2\/media?parent=47556"}],"wp:term":[{"taxonomy":"product_brand","embeddable":true,"href":"https:\/\/keluvo.com\/no\/wp-json\/wp\/v2\/product_brand?post=47556"},{"taxonomy":"product_cat","embeddable":true,"href":"https:\/\/keluvo.com\/no\/wp-json\/wp\/v2\/product_cat?post=47556"},{"taxonomy":"product_tag","embeddable":true,"href":"https:\/\/keluvo.com\/no\/wp-json\/wp\/v2\/product_tag?post=47556"}],"curies":[{"name":"wp","href":"https:\/\/api.w.org\/{rel}","templated":true}]}}