{"id":4755,"date":"2024-11-13T11:55:44","date_gmt":"2024-11-13T09:55:44","guid":{"rendered":"https:\/\/keluvo.com\/no\/produkt\/anheng-med-rod-zirkon\/"},"modified":"2024-11-13T11:55:46","modified_gmt":"2024-11-13T09:55:46","slug":"anheng-med-rod-zirkon","status":"publish","type":"product","link":"https:\/\/keluvo.com\/no\/produkt\/anheng-med-rod-zirkon\/","title":{"rendered":"Anheng med r\u00f8d zirkon"},"content":{"rendered":"<h2 style=\"text-align: center\"><strong>Elegant hjerteformet design<\/strong><\/h2>\n<p style=\"text-align: center\">Den r\u00f8de zirkonen i anhenget har en klassisk hjerteform som symboliserer kj\u00e6rlighet og hengivenhet. Det tidl\u00f8se designet gj\u00f8r det til en perfekt gave til en spesiell person, og gir et romantisk og elegant uttrykk til ethvert antrekk. Den livlige r\u00f8de zirkonen gir en fargeprikk som tiltrekker seg oppmerksomhet.<\/p>\n<p><img decoding=\"async\" class=\"alignnone size-medium wp-image-2961 aligncenter\" src=\"https:\/\/keluvo.com\/template\/wp-content\/uploads\/sites\/5\/2024\/11\/S15b82697b6f44dca97e2c988975816dad.jpg\" alt=\"\" \/><\/p>\n<h2 style=\"text-align: center\"><strong>ideell gavepresentasjon<\/strong><\/h2>\n<p style=\"text-align: center\">Det r\u00f8de zirkonanhenget leveres i en sjarmerende gaveeske med roseblomst, noe som gj\u00f8r det klart til \u00e5 gis bort. Den unike emballasjen gir et ekstra element av omtanke, noe som gj\u00f8r det til en ideell gave til jubileer, bursdager eller romantiske gester. Dette smykket vil garantert begeistre og etterlate et varig inntrykk.<\/p>\n<p><img decoding=\"async\" class=\"alignnone size-medium wp-image-2962 aligncenter\" src=\"https:\/\/keluvo.com\/template\/wp-content\/uploads\/sites\/5\/2024\/11\/S409493eb5bee47c18443f32fc72866aeN.jpg\" alt=\"\" \/><\/p>\n","protected":false},"excerpt":{"rendered":"<p>Elegant hjerteformet design Den r\u00f8de zirkonen i anhenget har en klassisk hjerteform som symboliserer kj\u00e6rlighet og hengivenhet. Det tidl\u00f8se designet [&hellip;]<\/p>\n","protected":false},"featured_media":4751,"comment_status":"open","ping_status":"closed","template":"","meta":{"site-sidebar-layout":"default","site-content-layout":"","ast-site-content-layout":"default","site-content-style":"default","site-sidebar-style":"default","ast-global-header-display":"","ast-banner-title-visibility":"","ast-main-header-display":"","ast-hfb-above-header-display":"","ast-hfb-below-header-display":"","ast-hfb-mobile-header-display":"","site-post-title":"","ast-breadcrumbs-content":"","ast-featured-img":"","footer-sml-layout":"","theme-transparent-header-meta":"default","adv-header-id-meta":"","stick-header-meta":"","header-above-stick-meta":"","header-main-stick-meta":"","header-below-stick-meta":"","astra-migrate-meta-layouts":"set","ast-page-background-enabled":"default","ast-page-background-meta":{"desktop":{"background-color":"var(--ast-global-color-4)","background-image":"","background-repeat":"repeat","background-position":"center center","background-size":"auto","background-attachment":"scroll","background-type":"","background-media":"","overlay-type":"","overlay-color":"","overlay-opacity":"","overlay-gradient":""},"tablet":{"background-color":"","background-image":"","background-repeat":"repeat","background-position":"center center","background-size":"auto","background-attachment":"scroll","background-type":"","background-media":"","overlay-type":"","overlay-color":"","overlay-opacity":"","overlay-gradient":""},"mobile":{"background-color":"","background-image":"","background-repeat":"repeat","background-position":"center center","background-size":"auto","background-attachment":"scroll","background-type":"","background-media":"","overlay-type":"","overlay-color":"","overlay-opacity":"","overlay-gradient":""}},"ast-content-background-meta":{"desktop":{"background-color":"var(--ast-global-color-5)","background-image":"","background-repeat":"repeat","background-position":"center center","background-size":"auto","background-attachment":"scroll","background-type":"","background-media":"","overlay-type":"","overlay-color":"","overlay-opacity":"","overlay-gradient":""},"tablet":{"background-color":"var(--ast-global-color-5)","background-image":"","background-repeat":"repeat","background-position":"center center","background-size":"auto","background-attachment":"scroll","background-type":"","background-media":"","overlay-type":"","overlay-color":"","overlay-opacity":"","overlay-gradient":""},"mobile":{"background-color":"var(--ast-global-color-5)","background-image":"","background-repeat":"repeat","background-position":"center center","background-size":"auto","background-attachment":"scroll","background-type":"","background-media":"","overlay-type":"","overlay-color":"","overlay-opacity":"","overlay-gradient":""}}},"product_brand":[],"product_cat":[993],"product_tag":[],"class_list":{"0":"post-4755","1":"product","2":"type-product","3":"status-publish","4":"has-post-thumbnail","6":"product_cat-skotoy-tilbehor","7":"desktop-align-left","8":"tablet-align-left","9":"mobile-align-left","11":"first","12":"instock","13":"shipping-taxable","14":"purchasable","15":"product-type-simple"},"_links":{"self":[{"href":"https:\/\/keluvo.com\/no\/wp-json\/wp\/v2\/product\/4755","targetHints":{"allow":["GET"]}}],"collection":[{"href":"https:\/\/keluvo.com\/no\/wp-json\/wp\/v2\/product"}],"about":[{"href":"https:\/\/keluvo.com\/no\/wp-json\/wp\/v2\/types\/product"}],"replies":[{"embeddable":true,"href":"https:\/\/keluvo.com\/no\/wp-json\/wp\/v2\/comments?post=4755"}],"wp:featuredmedia":[{"embeddable":true,"href":"https:\/\/keluvo.com\/no\/wp-json\/wp\/v2\/media\/4751"}],"wp:attachment":[{"href":"https:\/\/keluvo.com\/no\/wp-json\/wp\/v2\/media?parent=4755"}],"wp:term":[{"taxonomy":"product_brand","embeddable":true,"href":"https:\/\/keluvo.com\/no\/wp-json\/wp\/v2\/product_brand?post=4755"},{"taxonomy":"product_cat","embeddable":true,"href":"https:\/\/keluvo.com\/no\/wp-json\/wp\/v2\/product_cat?post=4755"},{"taxonomy":"product_tag","embeddable":true,"href":"https:\/\/keluvo.com\/no\/wp-json\/wp\/v2\/product_tag?post=4755"}],"curies":[{"name":"wp","href":"https:\/\/api.w.org\/{rel}","templated":true}]}}