{"id":47508,"date":"2025-10-03T12:59:01","date_gmt":"2025-10-03T09:59:01","guid":{"rendered":"https:\/\/keluvo.com\/no\/produkt\/magnetisk-brokinnlaeringssett\/"},"modified":"2025-12-22T18:10:40","modified_gmt":"2025-12-22T16:10:40","slug":"magnetisk-brokinnlaeringssett","status":"publish","type":"product","link":"https:\/\/keluvo.com\/no\/produkt\/magnetisk-brokinnlaeringssett\/","title":{"rendered":"Magnetisk br\u00f8kinnl\u00e6ringssett"},"content":{"rendered":"<p style=\"text-align: center;\" data-start=\"136\" data-end=\"182\">Gj\u00f8r det morsomt og enkelt \u00e5 l\u00e6re br\u00f8kregning \ud83c\udf93\ud83e\uddf2<\/p>\n<p style=\"text-align: center;\" data-start=\"184\" data-end=\"388\">Gj\u00f8r vanskelig matematikk til en fargerik lek! Dette magnetiske br\u00f8kinnl\u00e6ringssettet hjelper barn \u00e5 forst\u00e5 br\u00f8k trinn for trinn med praktisk lek. Perfekt for hjemmel\u00e6ring, hjemmeundervisning eller klasseromsbruk.<\/p>\n<p data-start=\"184\" data-end=\"388\"><img decoding=\"async\" class=\"size-full wp-image-35784 aligncenter\" src=\"https:\/\/keluvo.com\/template\/wp-content\/uploads\/sites\/5\/2025\/09\/PracticeMath-White-1280x1280-min.jpg\" alt=\"\" \/><\/p>\n<h2 style=\"text-align: center;\" data-start=\"390\" data-end=\"412\">Hovedfordeler \ud83c\udf1f<\/h2>\n<p data-start=\"415\" data-end=\"476\">\ud83c\udfaf Hjelper barn med \u00e5 forst\u00e5 br\u00f8kdeler raskt gjennom lek<\/p>\n<p data-start=\"479\" data-end=\"525\">\ud83e\udde0 Forbedrer matteferdigheter og logisk tenkning<\/p>\n<p data-start=\"528\" data-end=\"587\">\ud83c\udfa8 Lyse, fargerike brikker gj\u00f8r l\u00e6ringen engasjerende og morsom<\/p>\n<p data-start=\"590\" data-end=\"647\">\ud83e\uddf2 Magnetisk design holder delene p\u00e5 plass og er enkle \u00e5 bruke<\/p>\n<p data-start=\"650\" data-end=\"702\">\ud83d\udc69\u200d\ud83c\udfeb Flott for l\u00e6ringsaktiviteter hjemme eller p\u00e5 skolen<\/p>\n<p data-start=\"650\" data-end=\"702\"><img decoding=\"async\" class=\"size-full wp-image-35782 aligncenter\" src=\"https:\/\/keluvo.com\/template\/wp-content\/uploads\/sites\/5\/2025\/09\/PracticeMath-Info-2-1280x1280-min-1.jpg\" alt=\"\" \/><\/p>\n<h2 style=\"text-align: center;\" data-start=\"704\" data-end=\"723\">Slik bruker du det \ud83d\udc47<\/h2>\n<ol data-start=\"724\" data-end=\"946\">\n<li data-start=\"724\" data-end=\"772\">\n<p data-start=\"727\" data-end=\"772\">Plasser magnettavlen p\u00e5 en flat overflate.<\/p>\n<\/li>\n<li data-start=\"773\" data-end=\"832\">\n<p data-start=\"776\" data-end=\"832\">Bruk br\u00f8kflisene til \u00e5 bygge og sammenligne br\u00f8ker.<\/p>\n<\/li>\n<li data-start=\"833\" data-end=\"888\">\n<p data-start=\"836\" data-end=\"888\">Pr\u00f8v \u00e5 matche flisene med kakediagrammets design.<\/p>\n<\/li>\n<li data-start=\"889\" data-end=\"946\">\n<p data-start=\"892\" data-end=\"946\">L\u00e6r ved \u00e5 leke med venner, foreldre eller l\u00e6rere.<\/p>\n<\/li>\n<\/ol>\n<h2 style=\"text-align: center;\" data-start=\"948\" data-end=\"972\">Produktdetaljer \ud83d\udccf<\/h2>\n<ul data-start=\"973\" data-end=\"1156\">\n<li data-start=\"973\" data-end=\"1031\">\n<p data-start=\"975\" data-end=\"1031\">Materiale: slitesterk, barnesikker magnettavle og fliser<\/p>\n<\/li>\n<li data-start=\"1032\" data-end=\"1079\">\n<p data-start=\"1034\" data-end=\"1079\">Inkluderer: br\u00f8kfliser + kakediagramtavler<\/p>\n<\/li>\n<li data-start=\"1080\" data-end=\"1131\">\n<p data-start=\"1082\" data-end=\"1131\">Gjenbrukbare og holdbare for hverdagslig \u00f8velse<\/p>\n<\/li>\n<li data-start=\"1132\" data-end=\"1156\">\n<p data-start=\"1134\" data-end=\"1156\">Egnet for 3+<\/p>\n<\/li>\n<\/ul>\n<h2 style=\"text-align: center;\" data-start=\"1372\" data-end=\"1397\">Pakken inkluderer \ud83c\udf81<\/h2>\n<ul data-start=\"1398\" data-end=\"1478\">\n<li data-start=\"1398\" data-end=\"1419\">\n<p data-start=\"1400\" data-end=\"1419\">1x magnettavle<\/p>\n<\/li>\n<li data-start=\"1420\" data-end=\"1448\">\n<p data-start=\"1422\" data-end=\"1448\">1x sett med br\u00f8kfliser<\/p>\n<\/li>\n<li data-start=\"1449\" data-end=\"1478\">\n<p data-start=\"1451\" data-end=\"1478\">1x kakediagram l\u00e6ringssett<\/p>\n<\/li>\n<li data-start=\"1449\" data-end=\"1478\">\n<p data-start=\"1451\" data-end=\"1478\">1x penn.<\/p>\n<\/li>\n<\/ul>\n","protected":false},"excerpt":{"rendered":"<p>Gj\u00f8r det morsomt og enkelt \u00e5 l\u00e6re br\u00f8kregning \ud83c\udf93\ud83e\uddf2 Gj\u00f8r vanskelig matematikk til en fargerik lek! Dette magnetiske br\u00f8kinnl\u00e6ringssettet hjelper [&hellip;]<\/p>\n","protected":false},"featured_media":47504,"comment_status":"open","ping_status":"closed","template":"","meta":{"site-sidebar-layout":"default","site-content-layout":"","ast-site-content-layout":"default","site-content-style":"default","site-sidebar-style":"default","ast-global-header-display":"","ast-banner-title-visibility":"","ast-main-header-display":"","ast-hfb-above-header-display":"","ast-hfb-below-header-display":"","ast-hfb-mobile-header-display":"","site-post-title":"","ast-breadcrumbs-content":"","ast-featured-img":"","footer-sml-layout":"","theme-transparent-header-meta":"default","adv-header-id-meta":"","stick-header-meta":"","header-above-stick-meta":"","header-main-stick-meta":"","header-below-stick-meta":"","astra-migrate-meta-layouts":"set","ast-page-background-enabled":"default","ast-page-background-meta":{"desktop":{"background-color":"var(--ast-global-color-4)","background-image":"","background-repeat":"repeat","background-position":"center center","background-size":"auto","background-attachment":"scroll","background-type":"","background-media":"","overlay-type":"","overlay-color":"","overlay-opacity":"","overlay-gradient":""},"tablet":{"background-color":"","background-image":"","background-repeat":"repeat","background-position":"center center","background-size":"auto","background-attachment":"scroll","background-type":"","background-media":"","overlay-type":"","overlay-color":"","overlay-opacity":"","overlay-gradient":""},"mobile":{"background-color":"","background-image":"","background-repeat":"repeat","background-position":"center center","background-size":"auto","background-attachment":"scroll","background-type":"","background-media":"","overlay-type":"","overlay-color":"","overlay-opacity":"","overlay-gradient":""}},"ast-content-background-meta":{"desktop":{"background-color":"var(--ast-global-color-5)","background-image":"","background-repeat":"repeat","background-position":"center center","background-size":"auto","background-attachment":"scroll","background-type":"","background-media":"","overlay-type":"","overlay-color":"","overlay-opacity":"","overlay-gradient":""},"tablet":{"background-color":"var(--ast-global-color-5)","background-image":"","background-repeat":"repeat","background-position":"center center","background-size":"auto","background-attachment":"scroll","background-type":"","background-media":"","overlay-type":"","overlay-color":"","overlay-opacity":"","overlay-gradient":""},"mobile":{"background-color":"var(--ast-global-color-5)","background-image":"","background-repeat":"repeat","background-position":"center center","background-size":"auto","background-attachment":"scroll","background-type":"","background-media":"","overlay-type":"","overlay-color":"","overlay-opacity":"","overlay-gradient":""}}},"product_brand":[],"product_cat":[990],"product_tag":[],"class_list":{"0":"post-47508","1":"product","2":"type-product","3":"status-publish","4":"has-post-thumbnail","6":"product_cat-leker-barne-og-babyprodukter","7":"pa_43041_4ix5urk6-bunny","8":"pa_43041_4ix5urk6-zebra","9":"desktop-align-left","10":"tablet-align-left","11":"mobile-align-left","13":"first","14":"instock","15":"shipping-taxable","16":"purchasable","17":"product-type-variable"},"_links":{"self":[{"href":"https:\/\/keluvo.com\/no\/wp-json\/wp\/v2\/product\/47508","targetHints":{"allow":["GET"]}}],"collection":[{"href":"https:\/\/keluvo.com\/no\/wp-json\/wp\/v2\/product"}],"about":[{"href":"https:\/\/keluvo.com\/no\/wp-json\/wp\/v2\/types\/product"}],"replies":[{"embeddable":true,"href":"https:\/\/keluvo.com\/no\/wp-json\/wp\/v2\/comments?post=47508"}],"wp:featuredmedia":[{"embeddable":true,"href":"https:\/\/keluvo.com\/no\/wp-json\/wp\/v2\/media\/47504"}],"wp:attachment":[{"href":"https:\/\/keluvo.com\/no\/wp-json\/wp\/v2\/media?parent=47508"}],"wp:term":[{"taxonomy":"product_brand","embeddable":true,"href":"https:\/\/keluvo.com\/no\/wp-json\/wp\/v2\/product_brand?post=47508"},{"taxonomy":"product_cat","embeddable":true,"href":"https:\/\/keluvo.com\/no\/wp-json\/wp\/v2\/product_cat?post=47508"},{"taxonomy":"product_tag","embeddable":true,"href":"https:\/\/keluvo.com\/no\/wp-json\/wp\/v2\/product_tag?post=47508"}],"curies":[{"name":"wp","href":"https:\/\/api.w.org\/{rel}","templated":true}]}}