{"id":4741,"date":"2024-11-13T11:54:17","date_gmt":"2024-11-13T09:54:17","guid":{"rendered":"https:\/\/keluvo.com\/no\/produkt\/negleklipper\/"},"modified":"2024-11-13T11:54:31","modified_gmt":"2024-11-13T09:54:31","slug":"negleklipper","status":"publish","type":"product","link":"https:\/\/keluvo.com\/no\/produkt\/negleklipper\/","title":{"rendered":"Negleklipper"},"content":{"rendered":"<h2 style=\"text-align: center\"><strong>Skarp og presis klipping<\/strong><\/h2>\n<p style=\"text-align: center\">Negleklipperen har et skarpt blad med h\u00f8y tetthet, noe som sikrer et rent og jevnt kutt med minimal innsats. Den er laget med avansert teknologi som opprettholder skarpheten over tid, noe som gj\u00f8r den perfekt for regelmessig bruk. Den er ideell for b\u00e5de finger- og t\u00e5negler og gir en profesjonell opplevelse.<\/p>\n<p><img decoding=\"async\" class=\"alignnone size-medium wp-image-2914 aligncenter\" src=\"https:\/\/keluvo.com\/template\/wp-content\/uploads\/sites\/5\/2024\/11\/High-quality-Nail-Clippers-Stainless-Steel-Wide-Jaw-Opening-Manicure-Fingernail-Cutter-Thick-Hard-Ingrown-Toenail.jpg_-removebg-preview.png\" alt=\"\" \/><\/p>\n<h2 style=\"text-align: center\"><strong>Bred kjeve for tykke negler<\/strong><\/h2>\n<p style=\"text-align: center\">Med en bred kjeve\u00e5pning er denne negleklipperen designet for \u00e5 h\u00e5ndtere negler av alle typer, inkludert tykke og harde negler. Den robuste konstruksjonen og den store \u00e5pningen gj\u00f8r den spesielt nyttig for klipping av harde eller inngrodde t\u00e5negler, noe som gir deg kontroll og enkelhet i hvert eneste klipp.<\/p>\n<p><img decoding=\"async\" class=\"alignnone size-medium wp-image-2916 aligncenter\" src=\"https:\/\/keluvo.com\/template\/wp-content\/uploads\/sites\/5\/2024\/11\/961dd91b-94c8-4073-97ee-1028750e3b8d.webp\" alt=\"\" \/><\/p>\n","protected":false},"excerpt":{"rendered":"<p>Skarp og presis klipping Negleklipperen har et skarpt blad med h\u00f8y tetthet, noe som sikrer et rent og jevnt kutt [&hellip;]<\/p>\n","protected":false},"featured_media":4737,"comment_status":"open","ping_status":"closed","template":"","meta":{"site-sidebar-layout":"default","site-content-layout":"","ast-site-content-layout":"default","site-content-style":"default","site-sidebar-style":"default","ast-global-header-display":"","ast-banner-title-visibility":"","ast-main-header-display":"","ast-hfb-above-header-display":"","ast-hfb-below-header-display":"","ast-hfb-mobile-header-display":"","site-post-title":"","ast-breadcrumbs-content":"","ast-featured-img":"","footer-sml-layout":"","theme-transparent-header-meta":"default","adv-header-id-meta":"","stick-header-meta":"","header-above-stick-meta":"","header-main-stick-meta":"","header-below-stick-meta":"","astra-migrate-meta-layouts":"set","ast-page-background-enabled":"default","ast-page-background-meta":{"desktop":{"background-color":"var(--ast-global-color-4)","background-image":"","background-repeat":"repeat","background-position":"center center","background-size":"auto","background-attachment":"scroll","background-type":"","background-media":"","overlay-type":"","overlay-color":"","overlay-opacity":"","overlay-gradient":""},"tablet":{"background-color":"","background-image":"","background-repeat":"repeat","background-position":"center center","background-size":"auto","background-attachment":"scroll","background-type":"","background-media":"","overlay-type":"","overlay-color":"","overlay-opacity":"","overlay-gradient":""},"mobile":{"background-color":"","background-image":"","background-repeat":"repeat","background-position":"center center","background-size":"auto","background-attachment":"scroll","background-type":"","background-media":"","overlay-type":"","overlay-color":"","overlay-opacity":"","overlay-gradient":""}},"ast-content-background-meta":{"desktop":{"background-color":"var(--ast-global-color-5)","background-image":"","background-repeat":"repeat","background-position":"center center","background-size":"auto","background-attachment":"scroll","background-type":"","background-media":"","overlay-type":"","overlay-color":"","overlay-opacity":"","overlay-gradient":""},"tablet":{"background-color":"var(--ast-global-color-5)","background-image":"","background-repeat":"repeat","background-position":"center center","background-size":"auto","background-attachment":"scroll","background-type":"","background-media":"","overlay-type":"","overlay-color":"","overlay-opacity":"","overlay-gradient":""},"mobile":{"background-color":"var(--ast-global-color-5)","background-image":"","background-repeat":"repeat","background-position":"center center","background-size":"auto","background-attachment":"scroll","background-type":"","background-media":"","overlay-type":"","overlay-color":"","overlay-opacity":"","overlay-gradient":""}}},"product_brand":[],"product_cat":[993],"product_tag":[],"class_list":{"0":"post-4741","1":"product","2":"type-product","3":"status-publish","4":"has-post-thumbnail","6":"product_cat-skotoy-tilbehor","7":"pa_rmzg0dad-solv","8":"pa_rmzg0dad-svart","9":"desktop-align-left","10":"tablet-align-left","11":"mobile-align-left","13":"first","14":"instock","15":"shipping-taxable","16":"purchasable","17":"product-type-variable"},"_links":{"self":[{"href":"https:\/\/keluvo.com\/no\/wp-json\/wp\/v2\/product\/4741","targetHints":{"allow":["GET"]}}],"collection":[{"href":"https:\/\/keluvo.com\/no\/wp-json\/wp\/v2\/product"}],"about":[{"href":"https:\/\/keluvo.com\/no\/wp-json\/wp\/v2\/types\/product"}],"replies":[{"embeddable":true,"href":"https:\/\/keluvo.com\/no\/wp-json\/wp\/v2\/comments?post=4741"}],"wp:featuredmedia":[{"embeddable":true,"href":"https:\/\/keluvo.com\/no\/wp-json\/wp\/v2\/media\/4737"}],"wp:attachment":[{"href":"https:\/\/keluvo.com\/no\/wp-json\/wp\/v2\/media?parent=4741"}],"wp:term":[{"taxonomy":"product_brand","embeddable":true,"href":"https:\/\/keluvo.com\/no\/wp-json\/wp\/v2\/product_brand?post=4741"},{"taxonomy":"product_cat","embeddable":true,"href":"https:\/\/keluvo.com\/no\/wp-json\/wp\/v2\/product_cat?post=4741"},{"taxonomy":"product_tag","embeddable":true,"href":"https:\/\/keluvo.com\/no\/wp-json\/wp\/v2\/product_tag?post=4741"}],"curies":[{"name":"wp","href":"https:\/\/api.w.org\/{rel}","templated":true}]}}