{"id":47182,"date":"2025-09-29T16:55:52","date_gmt":"2025-09-29T13:55:52","guid":{"rendered":"https:\/\/keluvo.com\/no\/produkt\/presenningsklemmer\/"},"modified":"2025-10-20T16:08:42","modified_gmt":"2025-10-20T13:08:42","slug":"presenningsklemmer","status":"publish","type":"product","link":"https:\/\/keluvo.com\/no\/produkt\/presenningsklemmer\/","title":{"rendered":"Presenningsklemmer"},"content":{"rendered":"<p style=\"text-align: center;\" data-start=\"114\" data-end=\"164\"><strong>Hold presenningene dine sikre selv i sterk vind. \ud83d\udd12<\/strong><\/p>\n<p style=\"text-align: center;\" data-start=\"166\" data-end=\"445\">Disse kraftige presenningsklemmene er designet med et tannet grensesnitt og en spiralspenne som l\u00e5ses godt fast p\u00e5 enhver presenning. De er laget av slitesterkt PP-materiale og gir sterkt grep og h\u00f8y b\u00e6reevne, noe som gj\u00f8r dem perfekte for camping, b\u00e5tliv, piknik eller andre utend\u00f8rsoppsett.<\/p>\n<p data-start=\"166\" data-end=\"445\"><img decoding=\"async\" class=\"size-full wp-image-35654 aligncenter\" src=\"https:\/\/keluvo.com\/template\/wp-content\/uploads\/sites\/5\/2025\/09\/092216-ezgif.com-video-to-webp-converter.webp\" alt=\"\" \/><\/p>\n<h2 style=\"text-align: center;\" data-start=\"452\" data-end=\"474\">Hovedfordeler<\/h2>\n<p data-start=\"477\" data-end=\"542\">\ud83d\udd12 Sterk spiralspenne forhindrer at de sklir eller faller av<\/p>\n<p data-start=\"477\" data-end=\"542\">\u26a1 Justerbar tommelskrue som enkelt passer til tykke eller tynne presenninger<\/p>\n<p data-start=\"477\" data-end=\"542\">\ud83d\udcaa Kraftig PP-konstruksjon t\u00e5ler opptil 70 kg<\/p>\n<p data-start=\"477\" data-end=\"542\">\ud83c\udf2c\ufe0f P\u00e5litelig feste selv i vind<\/p>\n<p data-start=\"477\" data-end=\"542\">\ud83c\udfd5\ufe0f Perfekt til presenninger, fortelt, campingvogner, b\u00e5tpresenninger og campingutstyr<\/p>\n<p data-start=\"720\" data-end=\"793\"><img decoding=\"async\" class=\"size-full wp-image-35650 aligncenter\" src=\"https:\/\/keluvo.com\/template\/wp-content\/uploads\/sites\/5\/2025\/09\/4afe8f138f755bf4ff483e81a225b6dae1598986-700.avif\" alt=\"\" \/><\/p>\n<h2 style=\"text-align: center;\" data-start=\"800\" data-end=\"819\">Slik bruker du klipsen<\/h2>\n<ol data-start=\"820\" data-end=\"1075\">\n<li data-start=\"820\" data-end=\"884\">Sett presenningskanten inn i det tannede grensesnittet p\u00e5 klipset.<\/li>\n<li data-start=\"820\" data-end=\"884\">Stram skruen for \u00e5 l\u00e5se klipsen p\u00e5 plass.<\/li>\n<li data-start=\"820\" data-end=\"884\">Fest strikk eller tau til klipset for sikker festing.<\/li>\n<li data-start=\"820\" data-end=\"884\">For \u00e5 fjerne det, l\u00f8sner du bare skruen og slipper presenningen.<\/li>\n<\/ol>\n<h2 style=\"text-align: center;\" data-start=\"1082\" data-end=\"1106\">Produktdetaljer<\/h2>\n<ul data-start=\"1107\" data-end=\"1323\">\n<li data-start=\"1153\" data-end=\"1185\">Materiale: PP (polypropylen)<\/li>\n<li data-start=\"1153\" data-end=\"1185\">Farge: Svart<\/li>\n<li data-start=\"1153\" data-end=\"1185\">Lastekapasitet: ca. 50-70 kg<\/li>\n<li data-start=\"1153\" data-end=\"1185\">Bruk: Presenninger, markiser, b\u00e5ttrekk, campingvogner, telt, utend\u00f8rsoppsett<\/li>\n<\/ul>\n<h2 style=\"text-align: center;\" data-start=\"1330\" data-end=\"1355\">Pakken inneholder<\/h2>\n<ul data-start=\"1356\" data-end=\"1430\">\n<li data-start=\"1356\" data-end=\"1430\">\n<p data-start=\"1358\" data-end=\"1430\">10, 25x presenningsklemmer.<\/p>\n<\/li>\n<\/ul>\n","protected":false},"excerpt":{"rendered":"<p>Hold presenningene dine sikre selv i sterk vind. \ud83d\udd12 Disse kraftige presenningsklemmene er designet med et tannet grensesnitt og en [&hellip;]<\/p>\n","protected":false},"featured_media":47178,"comment_status":"open","ping_status":"closed","template":"","meta":{"site-sidebar-layout":"default","site-content-layout":"","ast-site-content-layout":"default","site-content-style":"default","site-sidebar-style":"default","ast-global-header-display":"","ast-banner-title-visibility":"","ast-main-header-display":"","ast-hfb-above-header-display":"","ast-hfb-below-header-display":"","ast-hfb-mobile-header-display":"","site-post-title":"","ast-breadcrumbs-content":"","ast-featured-img":"","footer-sml-layout":"","theme-transparent-header-meta":"default","adv-header-id-meta":"","stick-header-meta":"","header-above-stick-meta":"","header-main-stick-meta":"","header-below-stick-meta":"","astra-migrate-meta-layouts":"set","ast-page-background-enabled":"default","ast-page-background-meta":{"desktop":{"background-color":"var(--ast-global-color-4)","background-image":"","background-repeat":"repeat","background-position":"center center","background-size":"auto","background-attachment":"scroll","background-type":"","background-media":"","overlay-type":"","overlay-color":"","overlay-opacity":"","overlay-gradient":""},"tablet":{"background-color":"","background-image":"","background-repeat":"repeat","background-position":"center center","background-size":"auto","background-attachment":"scroll","background-type":"","background-media":"","overlay-type":"","overlay-color":"","overlay-opacity":"","overlay-gradient":""},"mobile":{"background-color":"","background-image":"","background-repeat":"repeat","background-position":"center center","background-size":"auto","background-attachment":"scroll","background-type":"","background-media":"","overlay-type":"","overlay-color":"","overlay-opacity":"","overlay-gradient":""}},"ast-content-background-meta":{"desktop":{"background-color":"var(--ast-global-color-5)","background-image":"","background-repeat":"repeat","background-position":"center center","background-size":"auto","background-attachment":"scroll","background-type":"","background-media":"","overlay-type":"","overlay-color":"","overlay-opacity":"","overlay-gradient":""},"tablet":{"background-color":"var(--ast-global-color-5)","background-image":"","background-repeat":"repeat","background-position":"center center","background-size":"auto","background-attachment":"scroll","background-type":"","background-media":"","overlay-type":"","overlay-color":"","overlay-opacity":"","overlay-gradient":""},"mobile":{"background-color":"var(--ast-global-color-5)","background-image":"","background-repeat":"repeat","background-position":"center center","background-size":"auto","background-attachment":"scroll","background-type":"","background-media":"","overlay-type":"","overlay-color":"","overlay-opacity":"","overlay-gradient":""}}},"product_brand":[],"product_cat":[1000],"product_tag":[],"class_list":{"0":"post-47182","1":"product","2":"type-product","3":"status-publish","4":"has-post-thumbnail","6":"product_cat-tur-camping-og-fritidsutstyr","7":"pa_30312_58q01jnx-10-stk","8":"pa_30312_58q01jnx-25-stk","9":"desktop-align-left","10":"tablet-align-left","11":"mobile-align-left","13":"first","14":"instock","15":"shipping-taxable","16":"purchasable","17":"product-type-variable"},"_links":{"self":[{"href":"https:\/\/keluvo.com\/no\/wp-json\/wp\/v2\/product\/47182","targetHints":{"allow":["GET"]}}],"collection":[{"href":"https:\/\/keluvo.com\/no\/wp-json\/wp\/v2\/product"}],"about":[{"href":"https:\/\/keluvo.com\/no\/wp-json\/wp\/v2\/types\/product"}],"replies":[{"embeddable":true,"href":"https:\/\/keluvo.com\/no\/wp-json\/wp\/v2\/comments?post=47182"}],"wp:featuredmedia":[{"embeddable":true,"href":"https:\/\/keluvo.com\/no\/wp-json\/wp\/v2\/media\/47178"}],"wp:attachment":[{"href":"https:\/\/keluvo.com\/no\/wp-json\/wp\/v2\/media?parent=47182"}],"wp:term":[{"taxonomy":"product_brand","embeddable":true,"href":"https:\/\/keluvo.com\/no\/wp-json\/wp\/v2\/product_brand?post=47182"},{"taxonomy":"product_cat","embeddable":true,"href":"https:\/\/keluvo.com\/no\/wp-json\/wp\/v2\/product_cat?post=47182"},{"taxonomy":"product_tag","embeddable":true,"href":"https:\/\/keluvo.com\/no\/wp-json\/wp\/v2\/product_tag?post=47182"}],"curies":[{"name":"wp","href":"https:\/\/api.w.org\/{rel}","templated":true}]}}