{"id":47140,"date":"2025-09-29T16:53:46","date_gmt":"2025-09-29T13:53:46","guid":{"rendered":"https:\/\/keluvo.com\/no\/produkt\/plantestottepinner\/"},"modified":"2025-10-20T16:08:13","modified_gmt":"2025-10-20T13:08:13","slug":"plantestottepinner","status":"publish","type":"product","link":"https:\/\/keluvo.com\/no\/produkt\/plantestottepinner\/","title":{"rendered":"Plantest\u00f8ttepinner"},"content":{"rendered":"<p style=\"text-align: center;\" data-start=\"124\" data-end=\"176\"><strong>St\u00f8tt plantene dine og hjelp dem til \u00e5 vokse seg sterke. \ud83c\udf31<\/strong><\/p>\n<p style=\"text-align: center;\" data-start=\"178\" data-end=\"436\">Disse plantest\u00f8ttepinnene er designet for \u00e5 holde potteplantene dine oppreist, stabile og sunne. Enten de brukes innend\u00f8rs eller utend\u00f8rs, gir de p\u00e5litelig st\u00f8tte til orkideer, vinranker eller klatreplanter, samtidig som de gir en dekorativ touch til hagen eller hjemmet ditt.<\/p>\n<p data-start=\"178\" data-end=\"436\"><img decoding=\"async\" class=\"size-full wp-image-35571 aligncenter\" src=\"https:\/\/keluvo.com\/template\/wp-content\/uploads\/sites\/5\/2025\/09\/092212-ezgif.com-video-to-webp-converter.webp\" alt=\"\" \/><\/p>\n<h2 style=\"text-align: center;\" data-start=\"443\" data-end=\"465\">Hovedfordeler<\/h2>\n<p data-start=\"468\" data-end=\"522\">\ud83c\udf31 Slitesterk plastkonstruksjon for langvarig bruk<\/p>\n<p data-start=\"468\" data-end=\"522\">\ud83c\udf38 Dekorativt design gir sjarm til potter og hager<\/p>\n<p data-start=\"468\" data-end=\"522\">\ud83e\udeb4 St\u00f8tter orkideer, vinranker og klatreplanter med letthet<\/p>\n<p data-start=\"468\" data-end=\"522\">\u26a1 Enkel \u00e5 installere og praktisk for alle gartnere<\/p>\n<p data-start=\"468\" data-end=\"522\">\ud83c\udfe1 Egnet for b\u00e5de innend\u00f8rs og utend\u00f8rs bruk<\/p>\n<p data-start=\"700\" data-end=\"745\"><img decoding=\"async\" class=\"size-full wp-image-35572 aligncenter\" src=\"https:\/\/keluvo.com\/template\/wp-content\/uploads\/sites\/5\/2025\/09\/gif2_480x480.webp\" alt=\"\" \/><\/p>\n<h2 style=\"text-align: center;\" data-start=\"752\" data-end=\"771\">Slik bruker du den<\/h2>\n<ol data-start=\"772\" data-end=\"1001\">\n<li data-start=\"772\" data-end=\"829\">Sett pinnen i jorden til potteplanten din.<\/li>\n<li data-start=\"772\" data-end=\"829\">Juster etter hvert som planten vokser for \u00e5 opprettholde stabilitet og form.<\/li>\n<li data-start=\"772\" data-end=\"829\">Bruk flere pinner hvis det er behov for ekstra st\u00f8tte.<\/li>\n<li data-start=\"772\" data-end=\"829\">Bruk flere pinner hvis ekstra st\u00f8tte er n\u00f8dvendig.<\/li>\n<\/ol>\n<h2 style=\"text-align: center;\" data-start=\"1008\" data-end=\"1032\">Produktdetaljer<\/h2>\n<ul data-start=\"1033\" data-end=\"1289\">\n<li data-start=\"1067\" data-end=\"1088\">\n<p data-start=\"1069\" data-end=\"1088\">Materiale: Plast<\/p>\n<\/li>\n<li data-start=\"1089\" data-end=\"1120\">\n<p data-start=\"1091\" data-end=\"1120\">Farge: Gr\u00f8nn<\/p>\n<\/li>\n<li data-start=\"1121\" data-end=\"1183\">\n<p data-start=\"1123\" data-end=\"1183\">St\u00f8rrelser: 17 cm, 27 cm, 37 cm<\/p>\n<\/li>\n<li data-start=\"1184\" data-end=\"1215\">\n<p data-start=\"1186\" data-end=\"1215\">Kvantitet: 10 stk, 20 stk<\/p>\n<\/li>\n<li data-start=\"1216\" data-end=\"1289\">\n<p data-start=\"1218\" data-end=\"1289\">Bruk: Hageartikler til orkideer, vinranker, klatreplanter med mer<\/p>\n<\/li>\n<\/ul>\n<h2 style=\"text-align: center;\" data-start=\"1296\" data-end=\"1321\">Pakken inneholder<\/h2>\n<ul data-start=\"1322\" data-end=\"1351\">\n<li data-start=\"1322\" data-end=\"1351\">\n<p data-start=\"1324\" data-end=\"1351\">10, 20x plantest\u00f8ttepinner.<\/p>\n<\/li>\n<\/ul>\n","protected":false},"excerpt":{"rendered":"<p>St\u00f8tt plantene dine og hjelp dem til \u00e5 vokse seg sterke. \ud83c\udf31 Disse plantest\u00f8ttepinnene er designet for \u00e5 holde potteplantene [&hellip;]<\/p>\n","protected":false},"featured_media":47136,"comment_status":"open","ping_status":"closed","template":"","meta":{"site-sidebar-layout":"default","site-content-layout":"","ast-site-content-layout":"default","site-content-style":"default","site-sidebar-style":"default","ast-global-header-display":"","ast-banner-title-visibility":"","ast-main-header-display":"","ast-hfb-above-header-display":"","ast-hfb-below-header-display":"","ast-hfb-mobile-header-display":"","site-post-title":"","ast-breadcrumbs-content":"","ast-featured-img":"","footer-sml-layout":"","theme-transparent-header-meta":"default","adv-header-id-meta":"","stick-header-meta":"","header-above-stick-meta":"","header-main-stick-meta":"","header-below-stick-meta":"","astra-migrate-meta-layouts":"set","ast-page-background-enabled":"default","ast-page-background-meta":{"desktop":{"background-color":"var(--ast-global-color-4)","background-image":"","background-repeat":"repeat","background-position":"center center","background-size":"auto","background-attachment":"scroll","background-type":"","background-media":"","overlay-type":"","overlay-color":"","overlay-opacity":"","overlay-gradient":""},"tablet":{"background-color":"","background-image":"","background-repeat":"repeat","background-position":"center center","background-size":"auto","background-attachment":"scroll","background-type":"","background-media":"","overlay-type":"","overlay-color":"","overlay-opacity":"","overlay-gradient":""},"mobile":{"background-color":"","background-image":"","background-repeat":"repeat","background-position":"center center","background-size":"auto","background-attachment":"scroll","background-type":"","background-media":"","overlay-type":"","overlay-color":"","overlay-opacity":"","overlay-gradient":""}},"ast-content-background-meta":{"desktop":{"background-color":"var(--ast-global-color-5)","background-image":"","background-repeat":"repeat","background-position":"center center","background-size":"auto","background-attachment":"scroll","background-type":"","background-media":"","overlay-type":"","overlay-color":"","overlay-opacity":"","overlay-gradient":""},"tablet":{"background-color":"var(--ast-global-color-5)","background-image":"","background-repeat":"repeat","background-position":"center center","background-size":"auto","background-attachment":"scroll","background-type":"","background-media":"","overlay-type":"","overlay-color":"","overlay-opacity":"","overlay-gradient":""},"mobile":{"background-color":"var(--ast-global-color-5)","background-image":"","background-repeat":"repeat","background-position":"center center","background-size":"auto","background-attachment":"scroll","background-type":"","background-media":"","overlay-type":"","overlay-color":"","overlay-opacity":"","overlay-gradient":""}}},"product_brand":[],"product_cat":[1001],"product_tag":[],"class_list":{"0":"post-47140","1":"product","2":"type-product","3":"status-publish","4":"has-post-thumbnail","6":"product_cat-husholdningsartikler","7":"pa_21495_jegf4it0-17-cm","8":"pa_21495_jegf4it0-27-cm","9":"pa_21495_jegf4it0-37-cm","10":"pa_21495_m0h4w95q-10-stk","11":"pa_21495_m0h4w95q-20-stk","12":"desktop-align-left","13":"tablet-align-left","14":"mobile-align-left","16":"first","17":"instock","18":"shipping-taxable","19":"purchasable","20":"product-type-variable","21":"has-default-attributes"},"_links":{"self":[{"href":"https:\/\/keluvo.com\/no\/wp-json\/wp\/v2\/product\/47140","targetHints":{"allow":["GET"]}}],"collection":[{"href":"https:\/\/keluvo.com\/no\/wp-json\/wp\/v2\/product"}],"about":[{"href":"https:\/\/keluvo.com\/no\/wp-json\/wp\/v2\/types\/product"}],"replies":[{"embeddable":true,"href":"https:\/\/keluvo.com\/no\/wp-json\/wp\/v2\/comments?post=47140"}],"wp:featuredmedia":[{"embeddable":true,"href":"https:\/\/keluvo.com\/no\/wp-json\/wp\/v2\/media\/47136"}],"wp:attachment":[{"href":"https:\/\/keluvo.com\/no\/wp-json\/wp\/v2\/media?parent=47140"}],"wp:term":[{"taxonomy":"product_brand","embeddable":true,"href":"https:\/\/keluvo.com\/no\/wp-json\/wp\/v2\/product_brand?post=47140"},{"taxonomy":"product_cat","embeddable":true,"href":"https:\/\/keluvo.com\/no\/wp-json\/wp\/v2\/product_cat?post=47140"},{"taxonomy":"product_tag","embeddable":true,"href":"https:\/\/keluvo.com\/no\/wp-json\/wp\/v2\/product_tag?post=47140"}],"curies":[{"name":"wp","href":"https:\/\/api.w.org\/{rel}","templated":true}]}}