{"id":4713,"date":"2024-11-13T11:47:14","date_gmt":"2024-11-13T09:47:14","guid":{"rendered":"https:\/\/keluvo.com\/no\/produkt\/gjennomsiktig-torket-blomst\/"},"modified":"2024-11-13T11:47:15","modified_gmt":"2024-11-13T09:47:15","slug":"gjennomsiktig-torket-blomst","status":"publish","type":"product","link":"https:\/\/keluvo.com\/no\/produkt\/gjennomsiktig-torket-blomst\/","title":{"rendered":"Gjennomsiktig t\u00f8rket blomst"},"content":{"rendered":"<h2 style=\"text-align: center\"><strong>Naturlig skj\u00f8nnhet i hvert eneste bokmerke<\/strong><\/h2>\n<p style=\"text-align: center\">Hver eneste gjennomsiktige t\u00f8rkede blomst er laget av ekte t\u00f8rkede blomster, noe som fanger naturens sjarm p\u00e5 en unik m\u00e5te. Den gjennomsiktige designen fremhever de levende detaljene i hver blomst, og gir leseopplevelsen et snev av eleganse. Disse bokmerkene gj\u00f8r at hver eneste side du blar i f\u00f8les spesiell.<\/p>\n<p><img decoding=\"async\" class=\"alignnone size-medium wp-image-2875 aligncenter\" src=\"https:\/\/keluvo.com\/template\/wp-content\/uploads\/sites\/5\/2024\/11\/12fcb68f-8130-40cc-85e5-ca78016fa97e.webp\" alt=\"\" \/><\/p>\n<h2 style=\"text-align: center\"><strong>Slitesterk og praktisk design<\/strong><\/h2>\n<p style=\"text-align: center\">Disse gjennomsiktige t\u00f8rkede blomstene fungerer som vakre og praktiske bokmerker, designet for \u00e5 feste seg sikkert p\u00e5 alle sider uten \u00e5 skli. PET-materialet er b\u00e5de slitesterkt og fleksibelt, slik at de kan brukes i lang tid. Nyt balansen mellom skj\u00f8nnhet og funksjon i hvert bokmerke.<\/p>\n<p><img decoding=\"async\" class=\"alignnone size-medium wp-image-2878 aligncenter\" src=\"https:\/\/keluvo.com\/template\/wp-content\/uploads\/sites\/5\/2024\/11\/0633cdc4-a29e-4944-a996-03fa671c2c87.webp\" alt=\"\" \/><\/p>\n","protected":false},"excerpt":{"rendered":"<p>Naturlig skj\u00f8nnhet i hvert eneste bokmerke Hver eneste gjennomsiktige t\u00f8rkede blomst er laget av ekte t\u00f8rkede blomster, noe som fanger [&hellip;]<\/p>\n","protected":false},"featured_media":4709,"comment_status":"open","ping_status":"closed","template":"","meta":{"site-sidebar-layout":"default","site-content-layout":"","ast-site-content-layout":"default","site-content-style":"default","site-sidebar-style":"default","ast-global-header-display":"","ast-banner-title-visibility":"","ast-main-header-display":"","ast-hfb-above-header-display":"","ast-hfb-below-header-display":"","ast-hfb-mobile-header-display":"","site-post-title":"","ast-breadcrumbs-content":"","ast-featured-img":"","footer-sml-layout":"","theme-transparent-header-meta":"default","adv-header-id-meta":"","stick-header-meta":"","header-above-stick-meta":"","header-main-stick-meta":"","header-below-stick-meta":"","astra-migrate-meta-layouts":"set","ast-page-background-enabled":"default","ast-page-background-meta":{"desktop":{"background-color":"var(--ast-global-color-4)","background-image":"","background-repeat":"repeat","background-position":"center center","background-size":"auto","background-attachment":"scroll","background-type":"","background-media":"","overlay-type":"","overlay-color":"","overlay-opacity":"","overlay-gradient":""},"tablet":{"background-color":"","background-image":"","background-repeat":"repeat","background-position":"center center","background-size":"auto","background-attachment":"scroll","background-type":"","background-media":"","overlay-type":"","overlay-color":"","overlay-opacity":"","overlay-gradient":""},"mobile":{"background-color":"","background-image":"","background-repeat":"repeat","background-position":"center center","background-size":"auto","background-attachment":"scroll","background-type":"","background-media":"","overlay-type":"","overlay-color":"","overlay-opacity":"","overlay-gradient":""}},"ast-content-background-meta":{"desktop":{"background-color":"var(--ast-global-color-5)","background-image":"","background-repeat":"repeat","background-position":"center center","background-size":"auto","background-attachment":"scroll","background-type":"","background-media":"","overlay-type":"","overlay-color":"","overlay-opacity":"","overlay-gradient":""},"tablet":{"background-color":"var(--ast-global-color-5)","background-image":"","background-repeat":"repeat","background-position":"center center","background-size":"auto","background-attachment":"scroll","background-type":"","background-media":"","overlay-type":"","overlay-color":"","overlay-opacity":"","overlay-gradient":""},"mobile":{"background-color":"var(--ast-global-color-5)","background-image":"","background-repeat":"repeat","background-position":"center center","background-size":"auto","background-attachment":"scroll","background-type":"","background-media":"","overlay-type":"","overlay-color":"","overlay-opacity":"","overlay-gradient":""}}},"product_brand":[],"product_cat":[15],"product_tag":[],"class_list":{"0":"post-4713","1":"product","2":"type-product","3":"status-publish","4":"has-post-thumbnail","6":"product_cat-uncategorized","7":"desktop-align-left","8":"tablet-align-left","9":"mobile-align-left","11":"first","12":"instock","13":"shipping-taxable","14":"purchasable","15":"product-type-simple"},"_links":{"self":[{"href":"https:\/\/keluvo.com\/no\/wp-json\/wp\/v2\/product\/4713","targetHints":{"allow":["GET"]}}],"collection":[{"href":"https:\/\/keluvo.com\/no\/wp-json\/wp\/v2\/product"}],"about":[{"href":"https:\/\/keluvo.com\/no\/wp-json\/wp\/v2\/types\/product"}],"replies":[{"embeddable":true,"href":"https:\/\/keluvo.com\/no\/wp-json\/wp\/v2\/comments?post=4713"}],"wp:featuredmedia":[{"embeddable":true,"href":"https:\/\/keluvo.com\/no\/wp-json\/wp\/v2\/media\/4709"}],"wp:attachment":[{"href":"https:\/\/keluvo.com\/no\/wp-json\/wp\/v2\/media?parent=4713"}],"wp:term":[{"taxonomy":"product_brand","embeddable":true,"href":"https:\/\/keluvo.com\/no\/wp-json\/wp\/v2\/product_brand?post=4713"},{"taxonomy":"product_cat","embeddable":true,"href":"https:\/\/keluvo.com\/no\/wp-json\/wp\/v2\/product_cat?post=4713"},{"taxonomy":"product_tag","embeddable":true,"href":"https:\/\/keluvo.com\/no\/wp-json\/wp\/v2\/product_tag?post=4713"}],"curies":[{"name":"wp","href":"https:\/\/api.w.org\/{rel}","templated":true}]}}