{"id":47124,"date":"2025-09-29T16:52:45","date_gmt":"2025-09-29T13:52:45","guid":{"rendered":"https:\/\/keluvo.com\/no\/produkt\/nivelleringsverktoy-for-fliser\/"},"modified":"2025-10-20T16:08:45","modified_gmt":"2025-10-20T13:08:45","slug":"nivelleringsverktoy-for-fliser","status":"publish","type":"product","link":"https:\/\/keluvo.com\/no\/produkt\/nivelleringsverktoy-for-fliser\/","title":{"rendered":"Nivelleringsverkt\u00f8y for fliser"},"content":{"rendered":"<p style=\"text-align: center;\" data-start=\"130\" data-end=\"174\"><strong>F\u00e5 perfekt avrettede fliser p\u00e5 en enkel m\u00e5te. \ud83e\uddf1<\/strong><\/p>\n<p style=\"text-align: center;\" data-start=\"176\" data-end=\"469\">Dette nivelleringsverkt\u00f8yet holder flisene flate og p\u00e5 linje under installasjonen, og forhindrer skjevheter og bevegelser under herdingen. Verkt\u00f8yet er designet for b\u00e5de gj\u00f8r-det-selv-bruk og profesjonell bruk, og det forbedrer installasjonshastigheten, reduserer stress og sikrer en feilfri finish uten behov for ekstra sliping eller polering.<\/p>\n<p data-start=\"176\" data-end=\"469\"><img decoding=\"async\" class=\"size-full wp-image-35504 aligncenter\" src=\"https:\/\/keluvo.com\/template\/wp-content\/uploads\/sites\/5\/2025\/09\/0-02-05-3c47372751761296a84482fc2e4c3c9d159aaec9a442d2f45bc7f4c672a6760d_48147a554a50e3ff_480x480.webp\" alt=\"\" \/><\/p>\n<h2 style=\"text-align: center;\" data-start=\"476\" data-end=\"498\">\ud83c\udf1f Hovedfordeler<\/h2>\n<p data-start=\"501\" data-end=\"548\">\ud83e\uddf1 Holder flisene balanserte og p\u00e5 samme niv\u00e5<\/p>\n<p data-start=\"501\" data-end=\"548\">\u26a1 Gj\u00f8r flisleggingen raskere og mindre slitsom<\/p>\n<p data-start=\"501\" data-end=\"548\">\ud83d\udeab Forhindrer at flisene forskyver seg mens de herder<\/p>\n<p data-start=\"501\" data-end=\"548\">\u2728 Skaper glatte, myke, flisefrie overflater<\/p>\n<p data-start=\"501\" data-end=\"548\">\ud83d\udd04 Slitesterk, gjenbrukbar og milj\u00f8vennlig<\/p>\n<p data-start=\"501\" data-end=\"548\">\ud83d\udee0\ufe0f Egnet for gulv, vegger og ulike typer fliser<\/p>\n<p data-start=\"748\" data-end=\"806\"><img decoding=\"async\" class=\"size-full wp-image-35503 aligncenter\" src=\"https:\/\/keluvo.com\/template\/wp-content\/uploads\/sites\/5\/2025\/09\/0-02-05-fac3cdfa280b6c4a9a98a2fb8005c3946e3b1c40bc1ba8220abdf2258190f8eb_6cef7b2c4be1fba7_480x480.webp\" alt=\"\" \/><\/p>\n<h2 style=\"text-align: center;\" data-start=\"813\" data-end=\"832\">\ud83d\udcdd Slik bruker du den<\/h2>\n<ol data-start=\"833\" data-end=\"1163\">\n<li data-start=\"833\" data-end=\"892\">Legg den f\u00f8rste flisen og la det v\u00e6re plass til et kryssavstandsstykke.<\/li>\n<li data-start=\"833\" data-end=\"892\">Sett den T-formede n\u00e5len inn i flisgapet.<\/li>\n<li data-start=\"833\" data-end=\"892\">Roter 180\u00b0 slik at n\u00e5len l\u00e5ses under flisene.<\/li>\n<li data-start=\"833\" data-end=\"892\">Juster hettene for h\u00e5nd eller med den medf\u00f8lgende n\u00f8kkelen til flisene er i vater.<\/li>\n<li data-start=\"833\" data-end=\"892\">Etter 4-6 timer, f\u00f8r limet har t\u00f8rket helt, roterer du hettene i motsatt retning og fjerner.<\/li>\n<\/ol>\n<h2 style=\"text-align: center;\" data-start=\"1170\" data-end=\"1194\">\ud83d\udccf Produktdetaljer<\/h2>\n<ul data-start=\"1195\" data-end=\"1502\">\n<li data-start=\"1231\" data-end=\"1269\">Materiale: PP + 430 rustfritt st\u00e5l<\/li>\n<li data-start=\"1231\" data-end=\"1269\">Egnede avstandsstykker: 2\u20138 mm<\/li>\n<li data-start=\"1231\" data-end=\"1269\">Gjenbrukbare og holdbare for flere prosjekter<\/li>\n<\/ul>\n<h2 style=\"text-align: center;\" data-start=\"1509\" data-end=\"1534\">\ud83d\udce6 Pakken inkluderer<\/h2>\n<ul data-start=\"1845\" data-end=\"2037\">\n<li data-start=\"2008\" data-end=\"2037\">\n<p data-start=\"2010\" data-end=\"2037\">25, 50, 100x nivelleringsverkt\u00f8y for fliser<\/p>\n<\/li>\n<li data-start=\"2008\" data-end=\"2037\">\n<p data-start=\"2010\" data-end=\"2037\">1x skiften\u00f8kkel.<\/p>\n<\/li>\n<\/ul>\n","protected":false},"excerpt":{"rendered":"<p>F\u00e5 perfekt avrettede fliser p\u00e5 en enkel m\u00e5te. \ud83e\uddf1 Dette nivelleringsverkt\u00f8yet holder flisene flate og p\u00e5 linje under installasjonen, og [&hellip;]<\/p>\n","protected":false},"featured_media":47120,"comment_status":"open","ping_status":"closed","template":"","meta":{"site-sidebar-layout":"default","site-content-layout":"","ast-site-content-layout":"default","site-content-style":"default","site-sidebar-style":"default","ast-global-header-display":"","ast-banner-title-visibility":"","ast-main-header-display":"","ast-hfb-above-header-display":"","ast-hfb-below-header-display":"","ast-hfb-mobile-header-display":"","site-post-title":"","ast-breadcrumbs-content":"","ast-featured-img":"","footer-sml-layout":"","theme-transparent-header-meta":"default","adv-header-id-meta":"","stick-header-meta":"","header-above-stick-meta":"","header-main-stick-meta":"","header-below-stick-meta":"","astra-migrate-meta-layouts":"set","ast-page-background-enabled":"default","ast-page-background-meta":{"desktop":{"background-color":"var(--ast-global-color-4)","background-image":"","background-repeat":"repeat","background-position":"center center","background-size":"auto","background-attachment":"scroll","background-type":"","background-media":"","overlay-type":"","overlay-color":"","overlay-opacity":"","overlay-gradient":""},"tablet":{"background-color":"","background-image":"","background-repeat":"repeat","background-position":"center center","background-size":"auto","background-attachment":"scroll","background-type":"","background-media":"","overlay-type":"","overlay-color":"","overlay-opacity":"","overlay-gradient":""},"mobile":{"background-color":"","background-image":"","background-repeat":"repeat","background-position":"center center","background-size":"auto","background-attachment":"scroll","background-type":"","background-media":"","overlay-type":"","overlay-color":"","overlay-opacity":"","overlay-gradient":""}},"ast-content-background-meta":{"desktop":{"background-color":"var(--ast-global-color-5)","background-image":"","background-repeat":"repeat","background-position":"center center","background-size":"auto","background-attachment":"scroll","background-type":"","background-media":"","overlay-type":"","overlay-color":"","overlay-opacity":"","overlay-gradient":""},"tablet":{"background-color":"var(--ast-global-color-5)","background-image":"","background-repeat":"repeat","background-position":"center center","background-size":"auto","background-attachment":"scroll","background-type":"","background-media":"","overlay-type":"","overlay-color":"","overlay-opacity":"","overlay-gradient":""},"mobile":{"background-color":"var(--ast-global-color-5)","background-image":"","background-repeat":"repeat","background-position":"center center","background-size":"auto","background-attachment":"scroll","background-type":"","background-media":"","overlay-type":"","overlay-color":"","overlay-opacity":"","overlay-gradient":""}}},"product_brand":[],"product_cat":[996],"product_tag":[],"class_list":{"0":"post-47124","1":"product","2":"type-product","3":"status-publish","4":"has-post-thumbnail","6":"product_cat-verktoy","7":"pa_20168_vffps0zc-25-stk","8":"pa_20168_vffps0zc-50-stk","9":"pa_20168_vffps0zc-100-stk","10":"desktop-align-left","11":"tablet-align-left","12":"mobile-align-left","14":"first","15":"instock","16":"shipping-taxable","17":"purchasable","18":"product-type-variable"},"_links":{"self":[{"href":"https:\/\/keluvo.com\/no\/wp-json\/wp\/v2\/product\/47124","targetHints":{"allow":["GET"]}}],"collection":[{"href":"https:\/\/keluvo.com\/no\/wp-json\/wp\/v2\/product"}],"about":[{"href":"https:\/\/keluvo.com\/no\/wp-json\/wp\/v2\/types\/product"}],"replies":[{"embeddable":true,"href":"https:\/\/keluvo.com\/no\/wp-json\/wp\/v2\/comments?post=47124"}],"wp:featuredmedia":[{"embeddable":true,"href":"https:\/\/keluvo.com\/no\/wp-json\/wp\/v2\/media\/47120"}],"wp:attachment":[{"href":"https:\/\/keluvo.com\/no\/wp-json\/wp\/v2\/media?parent=47124"}],"wp:term":[{"taxonomy":"product_brand","embeddable":true,"href":"https:\/\/keluvo.com\/no\/wp-json\/wp\/v2\/product_brand?post=47124"},{"taxonomy":"product_cat","embeddable":true,"href":"https:\/\/keluvo.com\/no\/wp-json\/wp\/v2\/product_cat?post=47124"},{"taxonomy":"product_tag","embeddable":true,"href":"https:\/\/keluvo.com\/no\/wp-json\/wp\/v2\/product_tag?post=47124"}],"curies":[{"name":"wp","href":"https:\/\/api.w.org\/{rel}","templated":true}]}}