{"id":47108,"date":"2025-09-29T16:51:42","date_gmt":"2025-09-29T13:51:42","guid":{"rendered":"https:\/\/keluvo.com\/no\/produkt\/magnetisk-armbandsverktoy\/"},"modified":"2025-10-16T20:15:36","modified_gmt":"2025-10-16T17:15:36","slug":"magnetisk-armbandsverktoy","status":"publish","type":"product","link":"https:\/\/keluvo.com\/no\/produkt\/magnetisk-armbandsverktoy\/","title":{"rendered":"Magnetisk armb\u00e5ndsverkt\u00f8y"},"content":{"rendered":"<p style=\"text-align: center;\" data-start=\"126\" data-end=\"179\"><strong>Ha sm\u00e5 verkt\u00f8y og deler rett ved h\u00e5ndleddet. \ud83d\udee0\ufe0f<\/strong><\/p>\n<p style=\"text-align: center;\" data-start=\"181\" data-end=\"551\">Dette magnetiske armb\u00e5ndsverkt\u00f8yet er designet for \u00e5 holde skruer, spiker, bolter, h\u00e5rn\u00e5ler og andre sm\u00e5ting sikkert p\u00e5 plass mens du arbeider. Det er laget av slitesterkt Oxford-stoff med sterke magneter p\u00e5 innsiden, og gj\u00f8r det enkelt \u00e5 ha hendene fri for hjemmeprosjekter, snekkerarbeid, bilreparasjoner eller utend\u00f8rsoppgaver. Den er komfortabel og justerbar, og er den perfekte hjelperen for gj\u00f8r-det-selv-elskere, mekanikere og h\u00e5ndverkere.<\/p>\n<p data-start=\"181\" data-end=\"551\"><img decoding=\"async\" class=\"size-full wp-image-35491 aligncenter\" src=\"https:\/\/keluvo.com\/template\/wp-content\/uploads\/sites\/5\/2025\/09\/WhatsAppVideo2023-10-03at11.07.13_1_480x480.webp\" alt=\"\" \/><\/p>\n<h2 style=\"text-align: center;\" data-start=\"558\" data-end=\"580\">Hovedfordeler<\/h2>\n<p data-start=\"583\" data-end=\"655\">\ud83e\uddf2 Sterk magnetisk tiltrekning holder sm\u00e5 verkt\u00f8y og deler innen rekkevidde<\/p>\n<p data-start=\"583\" data-end=\"655\">\ud83d\udee0\ufe0f Perfekt for reparasjoner i hjemmet, bygg og anlegg, trearbeid og bilvedlikehold<\/p>\n<p data-start=\"583\" data-end=\"655\">\ud83d\udcaa Rivebestandig 1680D Oxford-stoff for lang holdbarhet<\/p>\n<p data-start=\"583\" data-end=\"655\">\ud83e\udeb6 Lettvekt, pustende netting med justerbare stropper for komfort hele dagen<\/p>\n<p data-start=\"583\" data-end=\"655\">\ud83c\udf81 En praktisk og unik gave til pappaer, partnere og gj\u00f8r-det-selv-entusiaster<\/p>\n<p data-start=\"583\" data-end=\"655\">\ud83d\udd04 Kan b\u00e6res p\u00e5 h\u00e5ndleddet, i beltet eller festes til en arbeidsbenk<\/p>\n<p data-start=\"960\" data-end=\"1023\"><img decoding=\"async\" class=\"size-full wp-image-35490 aligncenter\" src=\"https:\/\/keluvo.com\/template\/wp-content\/uploads\/sites\/5\/2025\/09\/WhatsAppImage2023-10-03at11.07.13.webp\" alt=\"\" \/><\/p>\n<h2 style=\"text-align: center;\" data-start=\"1030\" data-end=\"1049\">Slik bruker du det<\/h2>\n<ol data-start=\"1050\" data-end=\"1304\">\n<li data-start=\"1050\" data-end=\"1108\">Vikle det magnetiske armb\u00e5ndet rundt h\u00e5ndleddet eller beltet.<\/li>\n<li data-start=\"1050\" data-end=\"1108\">Juster stroppen for en sikker og behagelig passform.<\/li>\n<li data-start=\"1050\" data-end=\"1108\">Plasser skruer, spiker, bolter eller andre sm\u00e5 metallgjenstander p\u00e5 armb\u00e5ndet.<\/li>\n<li data-start=\"1050\" data-end=\"1108\">Arbeid h\u00e5ndfritt med enkel tilgang til deler og verkt\u00f8y.<\/li>\n<\/ol>\n<h2 style=\"text-align: center;\" data-start=\"1311\" data-end=\"1335\">Produktdetaljer<\/h2>\n<ul data-start=\"1336\" data-end=\"1565\">\n<li data-start=\"1372\" data-end=\"1421\">Materiale: 1680D Oxford-stoff + sterke magneter<\/li>\n<li data-start=\"1372\" data-end=\"1421\">St\u00f8rrelse: 33 x 10 cm<\/li>\n<li data-start=\"1372\" data-end=\"1421\">Funksjoner: Sterk magnetisk tiltrekning, pustende netting, justerbare stropper, slitesterk og rivebestandig<\/li>\n<\/ul>\n<h2 style=\"text-align: center;\" data-start=\"1572\" data-end=\"1597\">Pakken inkluderer<\/h2>\n<ul data-start=\"1598\" data-end=\"1624\">\n<li data-start=\"1598\" data-end=\"1624\">\n<p data-start=\"1600\" data-end=\"1624\">1x magnetisk armb\u00e5ndsverkt\u00f8y.<\/p>\n<\/li>\n<\/ul>\n","protected":false},"excerpt":{"rendered":"<p>Ha sm\u00e5 verkt\u00f8y og deler rett ved h\u00e5ndleddet. \ud83d\udee0\ufe0f Dette magnetiske armb\u00e5ndsverkt\u00f8yet er designet for \u00e5 holde skruer, spiker, bolter, [&hellip;]<\/p>\n","protected":false},"featured_media":47104,"comment_status":"open","ping_status":"closed","template":"","meta":{"site-sidebar-layout":"default","site-content-layout":"","ast-site-content-layout":"default","site-content-style":"default","site-sidebar-style":"default","ast-global-header-display":"","ast-banner-title-visibility":"","ast-main-header-display":"","ast-hfb-above-header-display":"","ast-hfb-below-header-display":"","ast-hfb-mobile-header-display":"","site-post-title":"","ast-breadcrumbs-content":"","ast-featured-img":"","footer-sml-layout":"","theme-transparent-header-meta":"default","adv-header-id-meta":"","stick-header-meta":"","header-above-stick-meta":"","header-main-stick-meta":"","header-below-stick-meta":"","astra-migrate-meta-layouts":"set","ast-page-background-enabled":"default","ast-page-background-meta":{"desktop":{"background-color":"var(--ast-global-color-4)","background-image":"","background-repeat":"repeat","background-position":"center center","background-size":"auto","background-attachment":"scroll","background-type":"","background-media":"","overlay-type":"","overlay-color":"","overlay-opacity":"","overlay-gradient":""},"tablet":{"background-color":"","background-image":"","background-repeat":"repeat","background-position":"center center","background-size":"auto","background-attachment":"scroll","background-type":"","background-media":"","overlay-type":"","overlay-color":"","overlay-opacity":"","overlay-gradient":""},"mobile":{"background-color":"","background-image":"","background-repeat":"repeat","background-position":"center center","background-size":"auto","background-attachment":"scroll","background-type":"","background-media":"","overlay-type":"","overlay-color":"","overlay-opacity":"","overlay-gradient":""}},"ast-content-background-meta":{"desktop":{"background-color":"var(--ast-global-color-5)","background-image":"","background-repeat":"repeat","background-position":"center center","background-size":"auto","background-attachment":"scroll","background-type":"","background-media":"","overlay-type":"","overlay-color":"","overlay-opacity":"","overlay-gradient":""},"tablet":{"background-color":"var(--ast-global-color-5)","background-image":"","background-repeat":"repeat","background-position":"center center","background-size":"auto","background-attachment":"scroll","background-type":"","background-media":"","overlay-type":"","overlay-color":"","overlay-opacity":"","overlay-gradient":""},"mobile":{"background-color":"var(--ast-global-color-5)","background-image":"","background-repeat":"repeat","background-position":"center center","background-size":"auto","background-attachment":"scroll","background-type":"","background-media":"","overlay-type":"","overlay-color":"","overlay-opacity":"","overlay-gradient":""}}},"product_brand":[],"product_cat":[996],"product_tag":[],"class_list":{"0":"post-47108","1":"product","2":"type-product","3":"status-publish","4":"has-post-thumbnail","6":"product_cat-verktoy","7":"pa_20087_e3jdmtd4-bla","8":"pa_20087_e3jdmtd4-rod","9":"pa_20087_e3jdmtd4-svart","10":"desktop-align-left","11":"tablet-align-left","12":"mobile-align-left","14":"first","15":"instock","16":"shipping-taxable","17":"purchasable","18":"product-type-variable"},"_links":{"self":[{"href":"https:\/\/keluvo.com\/no\/wp-json\/wp\/v2\/product\/47108","targetHints":{"allow":["GET"]}}],"collection":[{"href":"https:\/\/keluvo.com\/no\/wp-json\/wp\/v2\/product"}],"about":[{"href":"https:\/\/keluvo.com\/no\/wp-json\/wp\/v2\/types\/product"}],"replies":[{"embeddable":true,"href":"https:\/\/keluvo.com\/no\/wp-json\/wp\/v2\/comments?post=47108"}],"wp:featuredmedia":[{"embeddable":true,"href":"https:\/\/keluvo.com\/no\/wp-json\/wp\/v2\/media\/47104"}],"wp:attachment":[{"href":"https:\/\/keluvo.com\/no\/wp-json\/wp\/v2\/media?parent=47108"}],"wp:term":[{"taxonomy":"product_brand","embeddable":true,"href":"https:\/\/keluvo.com\/no\/wp-json\/wp\/v2\/product_brand?post=47108"},{"taxonomy":"product_cat","embeddable":true,"href":"https:\/\/keluvo.com\/no\/wp-json\/wp\/v2\/product_cat?post=47108"},{"taxonomy":"product_tag","embeddable":true,"href":"https:\/\/keluvo.com\/no\/wp-json\/wp\/v2\/product_tag?post=47108"}],"curies":[{"name":"wp","href":"https:\/\/api.w.org\/{rel}","templated":true}]}}