{"id":47080,"date":"2025-09-29T16:50:34","date_gmt":"2025-09-29T13:50:34","guid":{"rendered":"https:\/\/keluvo.com\/no\/produkt\/syfot-4-stk\/"},"modified":"2025-10-20T16:08:11","modified_gmt":"2025-10-20T13:08:11","slug":"syfot-4-stk","status":"publish","type":"product","link":"https:\/\/keluvo.com\/no\/produkt\/syfot-4-stk\/","title":{"rendered":"Syfot (4 stk)"},"content":{"rendered":"<p style=\"text-align: center;\" data-start=\"177\" data-end=\"222\"><strong>Sy som en proff med syfoten \u2702\ufe0f\ud83d\udc57<\/strong><\/p>\n<p style=\"text-align: center;\" data-start=\"224\" data-end=\"448\">Denne syfoten gj\u00f8r syingen raskere, enklere og mer profesjonell. Den er designet for \u00e5 h\u00e5ndtere alt fra delikate s\u00f8mmer til tykke stoffer, og hjelper deg med \u00e5 lage perfekte sting og rene avslutninger hver gang.<\/p>\n<p data-start=\"224\" data-end=\"448\"><img decoding=\"async\" class=\"size-full wp-image-35468 aligncenter\" src=\"https:\/\/keluvo.com\/template\/wp-content\/uploads\/sites\/5\/2025\/09\/092210-ezgif.com-video-to-webp-converter.webp\" alt=\"\" \/><\/p>\n<h2 style=\"text-align: center;\" data-start=\"450\" data-end=\"472\">Hovedfordeler \ud83c\udf1f<\/h2>\n<p data-start=\"475\" data-end=\"527\">\ud83e\udea1 Bretter enkelt over- og underkanter for pene s\u00f8mmer<\/p>\n<p data-start=\"475\" data-end=\"527\">\u2728 Lager smale, rullede s\u00f8mmer med presisjon<\/p>\n<p data-start=\"475\" data-end=\"527\">\ud83e\uddf5 Fungerer perfekt med ikke-vevde og tykkere stoffer<\/p>\n<p data-start=\"475\" data-end=\"527\">\u2705 Kompatibel med de fleste vanlige symaskiner<\/p>\n<p data-start=\"475\" data-end=\"527\">\ud83d\udd52 Sparer tid og krefter p\u00e5 servietter, h\u00e5ndkl\u00e6r og hjemmeprosjekter<\/p>\n<p data-start=\"692\" data-end=\"756\"><img decoding=\"async\" class=\"size-full wp-image-35465 aligncenter\" src=\"https:\/\/keluvo.com\/template\/wp-content\/uploads\/sites\/5\/2025\/09\/5_9791e1e8-402f-4bd8-ba46-d2d37aa30668.webp\" alt=\"\" \/><\/p>\n<h2 style=\"text-align: center;\" data-start=\"758\" data-end=\"777\">Slik bruker du den \ud83d\udc47<\/h2>\n<ol data-start=\"778\" data-end=\"997\">\n<li data-start=\"778\" data-end=\"833\">Fest syfoten til symaskinen din.<\/li>\n<li data-start=\"778\" data-end=\"833\">Sy som vanlig mens foten bretter og feller automatisk.<\/li>\n<li data-start=\"778\" data-end=\"833\">F\u00e5 rene, jevne kanter uten ekstra anstrengelser.<\/li>\n<li data-start=\"778\" data-end=\"833\">Nyt rene, jevne kanter uten ekstra anstrengelser.<\/li>\n<\/ol>\n<h2 style=\"text-align: center;\" data-start=\"999\" data-end=\"1023\">Produktdetaljer \ud83d\udccf<\/h2>\n<ul data-start=\"1024\" data-end=\"1221\">\n<li data-start=\"1024\" data-end=\"1051\">Materiale: slitesterkt metall<\/li>\n<li data-start=\"1024\" data-end=\"1051\">Kantbredder: 3 mm, 4 mm, 5 mm, 6 mm, 7 mm, 8 mm, 9 mm, 10 mm<\/li>\n<li data-start=\"1024\" data-end=\"1051\">Egnet for servietter, h\u00e5ndkl\u00e6r, kl\u00e6r og dekorativ s\u00f8m<\/li>\n<li data-start=\"1024\" data-end=\"1051\">Fungerer med de fleste standard symaskiner<\/li>\n<\/ul>\n<h2 style=\"text-align: center;\" data-start=\"1422\" data-end=\"1447\">Pakken inkluderer \ud83c\udf81<\/h2>\n<ul data-start=\"1448\" data-end=\"1497\">\n<li data-start=\"1448\" data-end=\"1497\">\n<p data-start=\"1450\" data-end=\"1497\">4x syfotverkt\u00f8y<\/p>\n<\/li>\n<\/ul>\n","protected":false},"excerpt":{"rendered":"<p>Sy som en proff med syfoten \u2702\ufe0f\ud83d\udc57 Denne syfoten gj\u00f8r syingen raskere, enklere og mer profesjonell. Den er designet for [&hellip;]<\/p>\n","protected":false},"featured_media":47076,"comment_status":"open","ping_status":"closed","template":"","meta":{"site-sidebar-layout":"default","site-content-layout":"","ast-site-content-layout":"default","site-content-style":"default","site-sidebar-style":"default","ast-global-header-display":"","ast-banner-title-visibility":"","ast-main-header-display":"","ast-hfb-above-header-display":"","ast-hfb-below-header-display":"","ast-hfb-mobile-header-display":"","site-post-title":"","ast-breadcrumbs-content":"","ast-featured-img":"","footer-sml-layout":"","theme-transparent-header-meta":"default","adv-header-id-meta":"","stick-header-meta":"","header-above-stick-meta":"","header-main-stick-meta":"","header-below-stick-meta":"","astra-migrate-meta-layouts":"set","ast-page-background-enabled":"default","ast-page-background-meta":{"desktop":{"background-color":"var(--ast-global-color-4)","background-image":"","background-repeat":"repeat","background-position":"center center","background-size":"auto","background-attachment":"scroll","background-type":"","background-media":"","overlay-type":"","overlay-color":"","overlay-opacity":"","overlay-gradient":""},"tablet":{"background-color":"","background-image":"","background-repeat":"repeat","background-position":"center center","background-size":"auto","background-attachment":"scroll","background-type":"","background-media":"","overlay-type":"","overlay-color":"","overlay-opacity":"","overlay-gradient":""},"mobile":{"background-color":"","background-image":"","background-repeat":"repeat","background-position":"center center","background-size":"auto","background-attachment":"scroll","background-type":"","background-media":"","overlay-type":"","overlay-color":"","overlay-opacity":"","overlay-gradient":""}},"ast-content-background-meta":{"desktop":{"background-color":"var(--ast-global-color-5)","background-image":"","background-repeat":"repeat","background-position":"center center","background-size":"auto","background-attachment":"scroll","background-type":"","background-media":"","overlay-type":"","overlay-color":"","overlay-opacity":"","overlay-gradient":""},"tablet":{"background-color":"var(--ast-global-color-5)","background-image":"","background-repeat":"repeat","background-position":"center center","background-size":"auto","background-attachment":"scroll","background-type":"","background-media":"","overlay-type":"","overlay-color":"","overlay-opacity":"","overlay-gradient":""},"mobile":{"background-color":"var(--ast-global-color-5)","background-image":"","background-repeat":"repeat","background-position":"center center","background-size":"auto","background-attachment":"scroll","background-type":"","background-media":"","overlay-type":"","overlay-color":"","overlay-opacity":"","overlay-gradient":""}}},"product_brand":[],"product_cat":[996],"product_tag":[],"class_list":{"0":"post-47080","1":"product","2":"type-product","3":"status-publish","4":"has-post-thumbnail","6":"product_cat-verktoy","7":"pa_19472_jt7csuof-3-mm","8":"pa_19472_jt7csuof-4-mm","9":"pa_19472_jt7csuof-5-mm","10":"pa_19472_jt7csuof-6-mm","11":"pa_19472_jt7csuof-7-mm","12":"pa_19472_jt7csuof-8-mm","13":"pa_19472_jt7csuof-9-mm","14":"pa_19472_jt7csuof-10-mm","15":"desktop-align-left","16":"tablet-align-left","17":"mobile-align-left","19":"first","20":"instock","21":"shipping-taxable","22":"purchasable","23":"product-type-variable"},"_links":{"self":[{"href":"https:\/\/keluvo.com\/no\/wp-json\/wp\/v2\/product\/47080","targetHints":{"allow":["GET"]}}],"collection":[{"href":"https:\/\/keluvo.com\/no\/wp-json\/wp\/v2\/product"}],"about":[{"href":"https:\/\/keluvo.com\/no\/wp-json\/wp\/v2\/types\/product"}],"replies":[{"embeddable":true,"href":"https:\/\/keluvo.com\/no\/wp-json\/wp\/v2\/comments?post=47080"}],"wp:featuredmedia":[{"embeddable":true,"href":"https:\/\/keluvo.com\/no\/wp-json\/wp\/v2\/media\/47076"}],"wp:attachment":[{"href":"https:\/\/keluvo.com\/no\/wp-json\/wp\/v2\/media?parent=47080"}],"wp:term":[{"taxonomy":"product_brand","embeddable":true,"href":"https:\/\/keluvo.com\/no\/wp-json\/wp\/v2\/product_brand?post=47080"},{"taxonomy":"product_cat","embeddable":true,"href":"https:\/\/keluvo.com\/no\/wp-json\/wp\/v2\/product_cat?post=47080"},{"taxonomy":"product_tag","embeddable":true,"href":"https:\/\/keluvo.com\/no\/wp-json\/wp\/v2\/product_tag?post=47080"}],"curies":[{"name":"wp","href":"https:\/\/api.w.org\/{rel}","templated":true}]}}