{"id":47066,"date":"2025-09-29T16:49:33","date_gmt":"2025-09-29T13:49:33","guid":{"rendered":"https:\/\/keluvo.com\/no\/produkt\/mal-for-boring\/"},"modified":"2025-11-11T11:23:43","modified_gmt":"2025-11-11T09:23:43","slug":"mal-for-boring","status":"publish","type":"product","link":"https:\/\/keluvo.com\/no\/produkt\/mal-for-boring\/","title":{"rendered":"Mal for boring"},"content":{"rendered":"<p style=\"text-align: center;\" data-start=\"183\" data-end=\"222\"><strong>Bor perfekte hull hver gang \ud83d\udee0\ufe0f<\/strong><\/p>\n<p style=\"text-align: center;\" data-start=\"224\" data-end=\"476\">Si farvel til ujevne eller feilplasserte hull. Denne universelle boremalen gj\u00f8r trebearbeiding raskere, enklere og mer n\u00f8yaktig. Den er designet for profesjonelle og gj\u00f8r-det-selv-entusiaster og s\u00f8rger for presis boring i m\u00f8bler, skap og andre treprosjekter.<\/p>\n<p data-start=\"224\" data-end=\"476\"><img decoding=\"async\" class=\"size-full wp-image-35451 aligncenter\" src=\"https:\/\/keluvo.com\/template\/wp-content\/uploads\/sites\/5\/2025\/09\/4_90703f30-0388-4371-bcd6-ec66b0189a83.webp\" alt=\"\" \/><\/p>\n<h2 style=\"text-align: center;\" data-start=\"478\" data-end=\"500\">Hovedfordeler \ud83c\udf1f<\/h2>\n<p data-start=\"503\" data-end=\"570\">\ud83c\udfaf Perfekt n\u00f8yaktighet &#8211; bor rette, jevne hull uten feil<\/p>\n<p data-start=\"503\" data-end=\"570\">\ud83d\udcaa Sterk og holdbar &#8211; laget av aluminiumslegering av h\u00f8y kvalitet<\/p>\n<p data-start=\"503\" data-end=\"570\">\ud83d\udd27 Fullt justerbar &#8211; enkelt \u00e5 stille inn boreh\u00f8yde og -dybde<\/p>\n<p data-start=\"503\" data-end=\"570\">\ud83d\ude80 Sparer tid &#8211; ikke behov for \u00e5 m\u00e5le og merke hvert hull p\u00e5 nytt<\/p>\n<p data-start=\"503\" data-end=\"570\">\ud83e\ude9a Ideell for trebearbeiding, maskinvareinstallasjon og reparasjoner<\/p>\n<p data-start=\"774\" data-end=\"836\"><img decoding=\"async\" class=\"size-full wp-image-35455 aligncenter\" src=\"https:\/\/keluvo.com\/template\/wp-content\/uploads\/sites\/5\/2025\/09\/H77fedef1db6c4a93aa88ca522e14901cx.jpg_960x960q75.jpg_.avif\" alt=\"\" \/><\/p>\n<h2 style=\"text-align: center;\" data-start=\"838\" data-end=\"857\">Slik bruker du den \ud83d\udc47<\/h2>\n<ol>\n<li>Fest malen godt til arbeidsflaten.<\/li>\n<li>Juster metallhylsene (8\/15 mm) slik at de passer til \u00f8nsket hullst\u00f8rrelse.<\/li>\n<li>Still inn boredybden og -h\u00f8yden med skalamarkeringene.<\/li>\n<li>Bor presise hull p\u00e5 f\u00e5 sekunder uten \u00e5 gjette.<\/li>\n<\/ol>\n<h2 style=\"text-align: center;\" data-start=\"1107\" data-end=\"1131\">Produktdetaljer \ud83d\udccf<\/h2>\n<ul data-start=\"1132\" data-end=\"1352\">\n<li data-start=\"1132\" data-end=\"1173\">Materiale: f\u00f8rsteklasses 6061 aluminiumslegering<\/li>\n<li data-start=\"1132\" data-end=\"1173\">Hylsest\u00f8rrelser: 8 mm &amp; 15 mm<\/li>\n<li data-start=\"1132\" data-end=\"1173\">Skala markering: lasergravert for holdbarhet<\/li>\n<li data-start=\"1132\" data-end=\"1173\">Klemmeomr\u00e5de: 0-50 mm<\/li>\n<li data-start=\"1132\" data-end=\"1173\">Bruksomr\u00e5de: trebearbeiding, m\u00f8bler, maskinvare, husholdningsprosjekter\n<p>&nbsp;<\/li>\n<\/ul>\n<h2 style=\"text-align: center;\" data-start=\"1616\" data-end=\"1641\">Pakken inkluderer \ud83c\udf81<\/h2>\n<ul data-start=\"1642\" data-end=\"1784\">\n<li data-start=\"1642\" data-end=\"1676\">1x boremalsett. (Velg mellom A eller B).<\/li>\n<\/ul>\n","protected":false},"excerpt":{"rendered":"<p>Bor perfekte hull hver gang \ud83d\udee0\ufe0f Si farvel til ujevne eller feilplasserte hull. Denne universelle boremalen gj\u00f8r trebearbeiding raskere, enklere [&hellip;]<\/p>\n","protected":false},"featured_media":47062,"comment_status":"open","ping_status":"closed","template":"","meta":{"site-sidebar-layout":"default","site-content-layout":"","ast-site-content-layout":"default","site-content-style":"default","site-sidebar-style":"default","ast-global-header-display":"","ast-banner-title-visibility":"","ast-main-header-display":"","ast-hfb-above-header-display":"","ast-hfb-below-header-display":"","ast-hfb-mobile-header-display":"","site-post-title":"","ast-breadcrumbs-content":"","ast-featured-img":"","footer-sml-layout":"","theme-transparent-header-meta":"default","adv-header-id-meta":"","stick-header-meta":"","header-above-stick-meta":"","header-main-stick-meta":"","header-below-stick-meta":"","astra-migrate-meta-layouts":"set","ast-page-background-enabled":"default","ast-page-background-meta":{"desktop":{"background-color":"var(--ast-global-color-4)","background-image":"","background-repeat":"repeat","background-position":"center center","background-size":"auto","background-attachment":"scroll","background-type":"","background-media":"","overlay-type":"","overlay-color":"","overlay-opacity":"","overlay-gradient":""},"tablet":{"background-color":"","background-image":"","background-repeat":"repeat","background-position":"center center","background-size":"auto","background-attachment":"scroll","background-type":"","background-media":"","overlay-type":"","overlay-color":"","overlay-opacity":"","overlay-gradient":""},"mobile":{"background-color":"","background-image":"","background-repeat":"repeat","background-position":"center center","background-size":"auto","background-attachment":"scroll","background-type":"","background-media":"","overlay-type":"","overlay-color":"","overlay-opacity":"","overlay-gradient":""}},"ast-content-background-meta":{"desktop":{"background-color":"var(--ast-global-color-5)","background-image":"","background-repeat":"repeat","background-position":"center center","background-size":"auto","background-attachment":"scroll","background-type":"","background-media":"","overlay-type":"","overlay-color":"","overlay-opacity":"","overlay-gradient":""},"tablet":{"background-color":"var(--ast-global-color-5)","background-image":"","background-repeat":"repeat","background-position":"center center","background-size":"auto","background-attachment":"scroll","background-type":"","background-media":"","overlay-type":"","overlay-color":"","overlay-opacity":"","overlay-gradient":""},"mobile":{"background-color":"var(--ast-global-color-5)","background-image":"","background-repeat":"repeat","background-position":"center center","background-size":"auto","background-attachment":"scroll","background-type":"","background-media":"","overlay-type":"","overlay-color":"","overlay-opacity":"","overlay-gradient":""}}},"product_brand":[],"product_cat":[996],"product_tag":[],"class_list":{"0":"post-47066","1":"product","2":"type-product","3":"status-publish","4":"has-post-thumbnail","6":"product_cat-verktoy","7":"pa_19299_tpypqr86-a","8":"pa_19299_tpypqr86-b","9":"desktop-align-left","10":"tablet-align-left","11":"mobile-align-left","13":"first","14":"instock","15":"shipping-taxable","16":"purchasable","17":"product-type-variable"},"_links":{"self":[{"href":"https:\/\/keluvo.com\/no\/wp-json\/wp\/v2\/product\/47066","targetHints":{"allow":["GET"]}}],"collection":[{"href":"https:\/\/keluvo.com\/no\/wp-json\/wp\/v2\/product"}],"about":[{"href":"https:\/\/keluvo.com\/no\/wp-json\/wp\/v2\/types\/product"}],"replies":[{"embeddable":true,"href":"https:\/\/keluvo.com\/no\/wp-json\/wp\/v2\/comments?post=47066"}],"wp:featuredmedia":[{"embeddable":true,"href":"https:\/\/keluvo.com\/no\/wp-json\/wp\/v2\/media\/47062"}],"wp:attachment":[{"href":"https:\/\/keluvo.com\/no\/wp-json\/wp\/v2\/media?parent=47066"}],"wp:term":[{"taxonomy":"product_brand","embeddable":true,"href":"https:\/\/keluvo.com\/no\/wp-json\/wp\/v2\/product_brand?post=47066"},{"taxonomy":"product_cat","embeddable":true,"href":"https:\/\/keluvo.com\/no\/wp-json\/wp\/v2\/product_cat?post=47066"},{"taxonomy":"product_tag","embeddable":true,"href":"https:\/\/keluvo.com\/no\/wp-json\/wp\/v2\/product_tag?post=47066"}],"curies":[{"name":"wp","href":"https:\/\/api.w.org\/{rel}","templated":true}]}}