{"id":47028,"date":"2025-09-29T16:47:19","date_gmt":"2025-09-29T13:47:19","guid":{"rendered":"https:\/\/keluvo.com\/no\/produkt\/feste-for-vannpumpe\/"},"modified":"2025-10-16T20:07:47","modified_gmt":"2025-10-16T17:07:47","slug":"feste-for-vannpumpe","status":"publish","type":"product","link":"https:\/\/keluvo.com\/no\/produkt\/feste-for-vannpumpe\/","title":{"rendered":"Feste for vannpumpe"},"content":{"rendered":"<p style=\"text-align: center;\" data-start=\"136\" data-end=\"201\"><strong>Overf\u00f8r v\u00e6sker raskt med denne enkle, boredrevne pumpen.<\/strong><\/p>\n<p style=\"text-align: center;\" data-start=\"203\" data-end=\"530\">Dette selvsugende vannpumpeutstyret forvandler enhver elektrisk h\u00e5ndboremaskin til et kraftig verkt\u00f8y for v\u00e6skeoverf\u00f8ring. Den er lett og b\u00e6rbar og passer perfekt til hagevanning, bilrengj\u00f8ring, akvariepleie eller til og med pumping av olje og diesel. Den er enkel \u00e5 installere og laget av slitesterke materialer, og gj\u00f8r sm\u00e5 husholdnings- og utend\u00f8rsoppgaver mye enklere.<\/p>\n<p data-start=\"203\" data-end=\"530\"><img decoding=\"async\" class=\"size-full wp-image-35348 aligncenter\" src=\"https:\/\/keluvo.com\/template\/wp-content\/uploads\/sites\/5\/2025\/09\/ezgif.com-crop_48_480x480.webp\" alt=\"\" \/><\/p>\n<h2 style=\"text-align: center;\" data-start=\"537\" data-end=\"559\">\ud83c\udf1f Hovedfordeler<\/h2>\n<p data-start=\"562\" data-end=\"608\">\ud83d\udca7 Selvsugende design sparer tid og krefter<\/p>\n<p data-start=\"562\" data-end=\"608\">\ud83d\udd27 Drives av en hvilken som helst standard elektrisk drill<\/p>\n<p data-start=\"562\" data-end=\"608\">\ud83e\udeb6 Lett og b\u00e6rbar for innend\u00f8rs og utend\u00f8rs bruk<\/p>\n<p data-start=\"562\" data-end=\"608\">\ud83c\udfe1 Perfekt for hjemmeoppgaver &#8211; vanning av planter, oppvask, eller rengj\u00f8ring av biler<\/p>\n<p data-start=\"562\" data-end=\"608\">\ud83d\udc1f Nyttig for akvarier, bassenger og fisketanker<\/p>\n<p data-start=\"562\" data-end=\"608\">\u26fd Fungerer med vann, olje, diesel og mer<\/p>\n<p data-start=\"562\" data-end=\"608\">\ud83d\udcaa Laget av sterk, korrosjonsbestandig plast for lang holdbarhet<\/p>\n<p data-start=\"893\" data-end=\"971\"><img decoding=\"async\" class=\"size-full wp-image-35347 aligncenter\" src=\"https:\/\/keluvo.com\/template\/wp-content\/uploads\/sites\/5\/2025\/09\/nasadkadliavodi-ezgif.com-crop_480x480.webp\" alt=\"\" \/><\/p>\n<h2 style=\"text-align: center;\" data-start=\"978\" data-end=\"997\">\ud83d\udcdd Slik bruker du den<\/h2>\n<ol data-start=\"998\" data-end=\"1255\">\n<li data-start=\"998\" data-end=\"1057\">Fest slangene til begge gjengekoblingene p\u00e5 pumpen.<\/li>\n<li data-start=\"998\" data-end=\"1057\">Fest slangene med de medf\u00f8lgende klemmene.<\/li>\n<li data-start=\"998\" data-end=\"1057\">Koble pumpen til det elektriske boret.<\/li>\n<li data-start=\"998\" data-end=\"1057\">Start boret for \u00e5 begynne \u00e5 overf\u00f8re v\u00e6ske.<\/li>\n<li data-start=\"998\" data-end=\"1057\">Stopp boret n\u00e5r du er ferdig, og ta av pumpen.<\/li>\n<\/ol>\n<h2 style=\"text-align: center;\" data-start=\"1262\" data-end=\"1286\">\ud83d\udccf Produktdetaljer<\/h2>\n<ul data-start=\"1287\" data-end=\"1558\">\n<li data-start=\"1334\" data-end=\"1397\">Materiale: Plast av h\u00f8y kvalitet (slitesterk og korrosjonshindrende)<\/li>\n<li data-start=\"1334\" data-end=\"1397\">Funksjoner: Selvsugende, kompakt, enkel installasjon<\/li>\n<li data-start=\"1334\" data-end=\"1397\">Anvendelser: Vann, olje, diesel, hagevanning, akvariepleie, bilrengj\u00f8ring, sm\u00e5 husholdningsbruk<\/li>\n<li data-start=\"1334\" data-end=\"1397\">St\u00f8rrelse: 12,5 x 7 x 6,2 cm<\/li>\n<\/ul>\n<h2 style=\"text-align: center;\" data-start=\"1565\" data-end=\"1590\">\ud83d\udce6 Pakken inkluderer<\/h2>\n<ul data-start=\"1591\" data-end=\"1661\">\n<li data-start=\"1591\" data-end=\"1609\">\n<p data-start=\"1593\" data-end=\"1609\">1x vannpumpe<\/p>\n<\/li>\n<li data-start=\"1610\" data-end=\"1629\">\n<p data-start=\"1612\" data-end=\"1629\">2x r\u00f8rklemmer<\/p>\n<\/li>\n<li data-start=\"1630\" data-end=\"1644\">\n<p data-start=\"1632\" data-end=\"1644\">2x skruer<\/p>\n<\/li>\n<li data-start=\"1645\" data-end=\"1661\">\n<p data-start=\"1647\" data-end=\"1661\">2x braketter.<\/p>\n<\/li>\n<\/ul>\n","protected":false},"excerpt":{"rendered":"<p>Overf\u00f8r v\u00e6sker raskt med denne enkle, boredrevne pumpen. Dette selvsugende vannpumpeutstyret forvandler enhver elektrisk h\u00e5ndboremaskin til et kraftig verkt\u00f8y for [&hellip;]<\/p>\n","protected":false},"featured_media":47024,"comment_status":"open","ping_status":"closed","template":"","meta":{"site-sidebar-layout":"default","site-content-layout":"","ast-site-content-layout":"default","site-content-style":"default","site-sidebar-style":"default","ast-global-header-display":"","ast-banner-title-visibility":"","ast-main-header-display":"","ast-hfb-above-header-display":"","ast-hfb-below-header-display":"","ast-hfb-mobile-header-display":"","site-post-title":"","ast-breadcrumbs-content":"","ast-featured-img":"","footer-sml-layout":"","theme-transparent-header-meta":"default","adv-header-id-meta":"","stick-header-meta":"","header-above-stick-meta":"","header-main-stick-meta":"","header-below-stick-meta":"","astra-migrate-meta-layouts":"set","ast-page-background-enabled":"default","ast-page-background-meta":{"desktop":{"background-color":"var(--ast-global-color-4)","background-image":"","background-repeat":"repeat","background-position":"center center","background-size":"auto","background-attachment":"scroll","background-type":"","background-media":"","overlay-type":"","overlay-color":"","overlay-opacity":"","overlay-gradient":""},"tablet":{"background-color":"","background-image":"","background-repeat":"repeat","background-position":"center center","background-size":"auto","background-attachment":"scroll","background-type":"","background-media":"","overlay-type":"","overlay-color":"","overlay-opacity":"","overlay-gradient":""},"mobile":{"background-color":"","background-image":"","background-repeat":"repeat","background-position":"center center","background-size":"auto","background-attachment":"scroll","background-type":"","background-media":"","overlay-type":"","overlay-color":"","overlay-opacity":"","overlay-gradient":""}},"ast-content-background-meta":{"desktop":{"background-color":"var(--ast-global-color-5)","background-image":"","background-repeat":"repeat","background-position":"center center","background-size":"auto","background-attachment":"scroll","background-type":"","background-media":"","overlay-type":"","overlay-color":"","overlay-opacity":"","overlay-gradient":""},"tablet":{"background-color":"var(--ast-global-color-5)","background-image":"","background-repeat":"repeat","background-position":"center center","background-size":"auto","background-attachment":"scroll","background-type":"","background-media":"","overlay-type":"","overlay-color":"","overlay-opacity":"","overlay-gradient":""},"mobile":{"background-color":"var(--ast-global-color-5)","background-image":"","background-repeat":"repeat","background-position":"center center","background-size":"auto","background-attachment":"scroll","background-type":"","background-media":"","overlay-type":"","overlay-color":"","overlay-opacity":"","overlay-gradient":""}}},"product_brand":[],"product_cat":[996],"product_tag":[],"class_list":{"0":"post-47028","1":"product","2":"type-product","3":"status-publish","4":"has-post-thumbnail","6":"product_cat-verktoy","7":"desktop-align-left","8":"tablet-align-left","9":"mobile-align-left","11":"first","12":"instock","13":"shipping-taxable","14":"purchasable","15":"product-type-simple"},"_links":{"self":[{"href":"https:\/\/keluvo.com\/no\/wp-json\/wp\/v2\/product\/47028","targetHints":{"allow":["GET"]}}],"collection":[{"href":"https:\/\/keluvo.com\/no\/wp-json\/wp\/v2\/product"}],"about":[{"href":"https:\/\/keluvo.com\/no\/wp-json\/wp\/v2\/types\/product"}],"replies":[{"embeddable":true,"href":"https:\/\/keluvo.com\/no\/wp-json\/wp\/v2\/comments?post=47028"}],"wp:featuredmedia":[{"embeddable":true,"href":"https:\/\/keluvo.com\/no\/wp-json\/wp\/v2\/media\/47024"}],"wp:attachment":[{"href":"https:\/\/keluvo.com\/no\/wp-json\/wp\/v2\/media?parent=47028"}],"wp:term":[{"taxonomy":"product_brand","embeddable":true,"href":"https:\/\/keluvo.com\/no\/wp-json\/wp\/v2\/product_brand?post=47028"},{"taxonomy":"product_cat","embeddable":true,"href":"https:\/\/keluvo.com\/no\/wp-json\/wp\/v2\/product_cat?post=47028"},{"taxonomy":"product_tag","embeddable":true,"href":"https:\/\/keluvo.com\/no\/wp-json\/wp\/v2\/product_tag?post=47028"}],"curies":[{"name":"wp","href":"https:\/\/api.w.org\/{rel}","templated":true}]}}