{"id":47013,"date":"2025-09-29T16:46:20","date_gmt":"2025-09-29T13:46:20","guid":{"rendered":"https:\/\/keluvo.com\/no\/produkt\/maleband\/"},"modified":"2025-10-16T20:05:17","modified_gmt":"2025-10-16T17:05:17","slug":"maleband","status":"publish","type":"product","link":"https:\/\/keluvo.com\/no\/produkt\/maleband\/","title":{"rendered":"M\u00e5leb\u00e5nd"},"content":{"rendered":"<p style=\"text-align: center;\" data-start=\"140\" data-end=\"187\"><strong>M\u00e5l med presisjon n\u00e5r som helst og hvor som helst. \ud83d\udccf<\/strong><\/p>\n<p style=\"text-align: center;\" data-start=\"189\" data-end=\"530\">Dette uttrekkbare m\u00e5leb\u00e5ndet er laget av slitesterkt rustfritt st\u00e5l og er designet for n\u00f8yaktig og langvarig bruk. Det er kompakt og lett \u00e5 ta med seg, og passer perfekt til trearbeid, hjemmeprosjekter, skole, kontor eller profesjonelt arbeid. Med flere lengdealternativer og et sikkert l\u00e5sesystem gir det deg den p\u00e5liteligheten du trenger ved hver eneste m\u00e5ling.<\/p>\n<p data-start=\"189\" data-end=\"530\"><img decoding=\"async\" class=\"size-full wp-image-35337 aligncenter\" src=\"https:\/\/keluvo.com\/template\/wp-content\/uploads\/sites\/5\/2025\/09\/09225-ezgif.com-video-to-webp-converter-1.webp\" alt=\"\" \/><\/p>\n<h2 style=\"text-align: center;\" data-start=\"537\" data-end=\"559\">Hovedfordeler<\/h2>\n<p data-start=\"562\" data-end=\"635\">\ud83d\udccf Rustfritt st\u00e5l av h\u00f8y kvalitet for holdbarhet og korrosjonsbestandighet<\/p>\n<p data-start=\"562\" data-end=\"635\">\ud83d\udd12 Uttrekkbart design med l\u00e5s for sikker og enkel bruk<\/p>\n<p data-start=\"562\" data-end=\"635\">\ud83e\udeb6 Hult design gj\u00f8r den lett, men likevel stiv for n\u00f8yaktighet<\/p>\n<p data-start=\"562\" data-end=\"635\">\ud83e\ude9a Perfekt for trearbeid, h\u00e5ndverk og gj\u00f8r-det-selv-prosjekter<\/p>\n<p data-start=\"562\" data-end=\"635\">\ud83c\udf92 Kompakt st\u00f8rrelse med n\u00f8kkelringalternativ for b\u00e6rbarhet<\/p>\n<p data-start=\"562\" data-end=\"635\">\ud83c\udfa8 Ripebestandig overflate med tydelig metrisk skala<\/p>\n<p data-start=\"562\" data-end=\"635\">\ud83d\udee0\ufe0f Finnes i 3 m, 5 m og 7.5m for \u00e5 dekke ulike behov<\/p>\n<p data-start=\"932\" data-end=\"999\"><img decoding=\"async\" class=\"size-full wp-image-35335 aligncenter\" src=\"https:\/\/keluvo.com\/template\/wp-content\/uploads\/sites\/5\/2025\/09\/2_f428d18b-6296-4311-85f0-dc785bec46c2_720x.jpg\" alt=\"\" \/><\/p>\n<h2 style=\"text-align: center;\" data-start=\"1006\" data-end=\"1025\">Slik bruker du den<\/h2>\n<ol data-start=\"1026\" data-end=\"1337\">\n<li data-start=\"1026\" data-end=\"1071\">Trekk ut b\u00e5ndet til \u00f8nsket lengde.<\/li>\n<li data-start=\"1026\" data-end=\"1071\">Bruk glidel\u00e5sen for \u00e5 holde det p\u00e5 plass.<\/li>\n<li data-start=\"1026\" data-end=\"1071\">M\u00e5l enkelt rette eller buede overflater med det fleksible b\u00e5ndet.<\/li>\n<li data-start=\"1026\" data-end=\"1071\">Slipp l\u00e5sen for \u00e5 la b\u00e5ndet trekke seg inn automatisk.<\/li>\n<li data-start=\"1026\" data-end=\"1071\">Oppbevar det i lommen, verkt\u00f8ykassen eller fest det til n\u00f8kkelringen for enkelhets skyld.<\/li>\n<\/ol>\n<h2 style=\"text-align: center;\" data-start=\"1344\" data-end=\"1368\">Produktdetaljer<\/h2>\n<ul data-start=\"1369\" data-end=\"1619\">\n<li data-start=\"1433\" data-end=\"1468\">Materiale: ABS + rustfritt st\u00e5l<\/li>\n<li data-start=\"1433\" data-end=\"1468\">Farge: Som vist<\/li>\n<li data-start=\"1433\" data-end=\"1468\">Lengdealternativer: 3m, 5m, 7,5m<\/li>\n<li data-start=\"1433\" data-end=\"1468\"><span style=\"font-size: 16px;\">Funksjoner: Uttrekkbar, l\u00e5sefunksjon, kompakt, korrosjonsbestandig, lett, hult design<\/span><\/li>\n<\/ul>\n<h2 style=\"text-align: center;\" data-start=\"1626\" data-end=\"1651\">Pakken inkluderer<\/h2>\n<ul data-start=\"1652\" data-end=\"1696\">\n<li data-start=\"1652\" data-end=\"1696\">\n<p data-start=\"1654\" data-end=\"1696\">1x m\u00e5leb\u00e5nd.<\/p>\n<\/li>\n<\/ul>\n","protected":false},"excerpt":{"rendered":"<p>M\u00e5l med presisjon n\u00e5r som helst og hvor som helst. \ud83d\udccf Dette uttrekkbare m\u00e5leb\u00e5ndet er laget av slitesterkt rustfritt st\u00e5l [&hellip;]<\/p>\n","protected":false},"featured_media":47009,"comment_status":"open","ping_status":"closed","template":"","meta":{"site-sidebar-layout":"default","site-content-layout":"","ast-site-content-layout":"default","site-content-style":"default","site-sidebar-style":"default","ast-global-header-display":"","ast-banner-title-visibility":"","ast-main-header-display":"","ast-hfb-above-header-display":"","ast-hfb-below-header-display":"","ast-hfb-mobile-header-display":"","site-post-title":"","ast-breadcrumbs-content":"","ast-featured-img":"","footer-sml-layout":"","theme-transparent-header-meta":"default","adv-header-id-meta":"","stick-header-meta":"","header-above-stick-meta":"","header-main-stick-meta":"","header-below-stick-meta":"","astra-migrate-meta-layouts":"set","ast-page-background-enabled":"default","ast-page-background-meta":{"desktop":{"background-color":"var(--ast-global-color-4)","background-image":"","background-repeat":"repeat","background-position":"center center","background-size":"auto","background-attachment":"scroll","background-type":"","background-media":"","overlay-type":"","overlay-color":"","overlay-opacity":"","overlay-gradient":""},"tablet":{"background-color":"","background-image":"","background-repeat":"repeat","background-position":"center center","background-size":"auto","background-attachment":"scroll","background-type":"","background-media":"","overlay-type":"","overlay-color":"","overlay-opacity":"","overlay-gradient":""},"mobile":{"background-color":"","background-image":"","background-repeat":"repeat","background-position":"center center","background-size":"auto","background-attachment":"scroll","background-type":"","background-media":"","overlay-type":"","overlay-color":"","overlay-opacity":"","overlay-gradient":""}},"ast-content-background-meta":{"desktop":{"background-color":"var(--ast-global-color-5)","background-image":"","background-repeat":"repeat","background-position":"center center","background-size":"auto","background-attachment":"scroll","background-type":"","background-media":"","overlay-type":"","overlay-color":"","overlay-opacity":"","overlay-gradient":""},"tablet":{"background-color":"var(--ast-global-color-5)","background-image":"","background-repeat":"repeat","background-position":"center center","background-size":"auto","background-attachment":"scroll","background-type":"","background-media":"","overlay-type":"","overlay-color":"","overlay-opacity":"","overlay-gradient":""},"mobile":{"background-color":"var(--ast-global-color-5)","background-image":"","background-repeat":"repeat","background-position":"center center","background-size":"auto","background-attachment":"scroll","background-type":"","background-media":"","overlay-type":"","overlay-color":"","overlay-opacity":"","overlay-gradient":""}}},"product_brand":[],"product_cat":[996],"product_tag":[],"class_list":{"0":"post-47013","1":"product","2":"type-product","3":"status-publish","4":"has-post-thumbnail","6":"product_cat-verktoy","7":"pa_18550_c8h51xqz-3m","8":"pa_18550_c8h51xqz-5m","9":"pa_18550_c8h51xqz-7-5m","10":"desktop-align-left","11":"tablet-align-left","12":"mobile-align-left","14":"first","15":"instock","16":"shipping-taxable","17":"purchasable","18":"product-type-variable"},"_links":{"self":[{"href":"https:\/\/keluvo.com\/no\/wp-json\/wp\/v2\/product\/47013","targetHints":{"allow":["GET"]}}],"collection":[{"href":"https:\/\/keluvo.com\/no\/wp-json\/wp\/v2\/product"}],"about":[{"href":"https:\/\/keluvo.com\/no\/wp-json\/wp\/v2\/types\/product"}],"replies":[{"embeddable":true,"href":"https:\/\/keluvo.com\/no\/wp-json\/wp\/v2\/comments?post=47013"}],"wp:featuredmedia":[{"embeddable":true,"href":"https:\/\/keluvo.com\/no\/wp-json\/wp\/v2\/media\/47009"}],"wp:attachment":[{"href":"https:\/\/keluvo.com\/no\/wp-json\/wp\/v2\/media?parent=47013"}],"wp:term":[{"taxonomy":"product_brand","embeddable":true,"href":"https:\/\/keluvo.com\/no\/wp-json\/wp\/v2\/product_brand?post=47013"},{"taxonomy":"product_cat","embeddable":true,"href":"https:\/\/keluvo.com\/no\/wp-json\/wp\/v2\/product_cat?post=47013"},{"taxonomy":"product_tag","embeddable":true,"href":"https:\/\/keluvo.com\/no\/wp-json\/wp\/v2\/product_tag?post=47013"}],"curies":[{"name":"wp","href":"https:\/\/api.w.org\/{rel}","templated":true}]}}