{"id":46996,"date":"2025-09-29T16:45:12","date_gmt":"2025-09-29T13:45:12","guid":{"rendered":"https:\/\/keluvo.com\/no\/produkt\/svingleketoy\/"},"modified":"2025-10-20T16:09:47","modified_gmt":"2025-10-20T13:09:47","slug":"svingleketoy","status":"publish","type":"product","link":"https:\/\/keluvo.com\/no\/produkt\/svingleketoy\/","title":{"rendered":"Svingleket\u00f8y"},"content":{"rendered":"<p style=\"text-align: center;\" data-start=\"142\" data-end=\"191\"><strong>Stimulerer til kreativitet og l\u00e6ring gjennom lek. \ud83e\uddf1<\/strong><\/p>\n<p style=\"text-align: center;\">Denne huskeleken kombinerer musikk, balanse og byggeglede i \u00e9n engasjerende aktivitet. Barn kan stable, balansere og eksperimentere samtidig som de l\u00e6rer om romforst\u00e5else, konstruksjon og rytme. Den er slitesterk og interaktiv, og passer perfekt til b\u00e5de sololek og samv\u00e6r mellom foreldre og barn.<\/p>\n<p data-start=\"193\" data-end=\"476\"><img decoding=\"async\" class=\"size-full wp-image-35317 aligncenter\" src=\"https:\/\/keluvo.com\/template\/wp-content\/uploads\/sites\/5\/2025\/09\/09223-ezgif.com-video-to-webp-converter-1.webp\" alt=\"\" \/><\/p>\n<h2 style=\"text-align: center;\" data-start=\"483\" data-end=\"505\">Hovedfordeler<\/h2>\n<p data-start=\"508\" data-end=\"562\">\ud83e\uddf1 Stablede byggeklosser som oppmuntrer til kreativitet<\/p>\n<p data-start=\"508\" data-end=\"562\">\ud83c\udfb6 Introduserer musikk og rytme p\u00e5 en leken m\u00e5te<\/p>\n<p data-start=\"508\" data-end=\"562\">\u2696\ufe0f L\u00e6rer balanse, koordinasjon, og probleml\u00f8sning<\/p>\n<p data-start=\"508\" data-end=\"562\">\ud83d\udc68\u200d\ud83d\udc69\u200d\ud83d\udc67 Oppmuntrer til samspill og tilknytning mellom foreldre og barn<\/p>\n<p data-start=\"508\" data-end=\"562\">\ud83d\udcaa Laget av holdbare, barnesikre materialer<\/p>\n<p data-start=\"508\" data-end=\"562\">\ud83c\udf93 Kombinerer moro med l\u00e6ring &#8211; perfekt for tidlig utvikling<\/p>\n<p data-start=\"783\" data-end=\"844\"><img decoding=\"async\" class=\"size-full wp-image-35321 aligncenter\" src=\"https:\/\/keluvo.com\/template\/wp-content\/uploads\/sites\/5\/2025\/09\/1_c099263a-7eba-4899-9c83-293e5778dc54_1400x.webp\" alt=\"\" \/><\/p>\n<h2 style=\"text-align: center;\" data-start=\"851\" data-end=\"870\">Slik bruker du byggeklossene<\/h2>\n<ol data-start=\"871\" data-end=\"1161\">\n<li data-start=\"871\" data-end=\"922\">Legg dem ut p\u00e5 et flatt underlag.<\/li>\n<li data-start=\"871\" data-end=\"922\">Stable og balansere klossene for \u00e5 bygge kreative strukturer.<\/li>\n<li data-start=\"871\" data-end=\"922\">Utforsk musikk- og bevegelsesfunksjonene for ekstra moro.<\/li>\n<li data-start=\"871\" data-end=\"922\">Lek sammen med barna for \u00e5 oppmuntre til l\u00e6ring og knytte b\u00e5nd.<\/li>\n<li data-start=\"871\" data-end=\"922\">Stable og gjenta for endel\u00f8s leketid.<\/li>\n<\/ol>\n<h2 style=\"text-align: center;\" data-start=\"1168\" data-end=\"1192\">Produktdetaljer<\/h2>\n<ul data-start=\"1193\" data-end=\"1470\">\n<li data-start=\"1256\" data-end=\"1298\">Materiale: Holdbare, barnesikre materialer<\/li>\n<li data-start=\"1256\" data-end=\"1298\">Funksjoner: Balanselek, musikkelementer, pedagogisk design<\/li>\n<li data-start=\"1256\" data-end=\"1298\">Funksjon: Kreativitet, romlig bevissthet, ingeni\u00f8rkunst, samspill mellom foreldre og bar<\/li>\n<li data-start=\"1256\" data-end=\"1298\">St\u00f8rrelsesalternativer: 16 stk, 32 stk, 40 stk, 64 stk<\/li>\n<\/ul>\n<h2 style=\"text-align: center;\" data-start=\"1477\" data-end=\"1502\">Pakken inneholder<\/h2>\n<ul data-start=\"1503\" data-end=\"1564\">\n<li data-start=\"1503\" data-end=\"1564\">\n<p data-start=\"1505\" data-end=\"1564\">1 x gyngelekesett.<\/p>\n<\/li>\n<\/ul>\n","protected":false},"excerpt":{"rendered":"<p>Stimulerer til kreativitet og l\u00e6ring gjennom lek. \ud83e\uddf1 Denne huskeleken kombinerer musikk, balanse og byggeglede i \u00e9n engasjerende aktivitet. Barn [&hellip;]<\/p>\n","protected":false},"featured_media":46992,"comment_status":"open","ping_status":"closed","template":"","meta":{"site-sidebar-layout":"default","site-content-layout":"","ast-site-content-layout":"default","site-content-style":"default","site-sidebar-style":"default","ast-global-header-display":"","ast-banner-title-visibility":"","ast-main-header-display":"","ast-hfb-above-header-display":"","ast-hfb-below-header-display":"","ast-hfb-mobile-header-display":"","site-post-title":"","ast-breadcrumbs-content":"","ast-featured-img":"","footer-sml-layout":"","theme-transparent-header-meta":"default","adv-header-id-meta":"","stick-header-meta":"","header-above-stick-meta":"","header-main-stick-meta":"","header-below-stick-meta":"","astra-migrate-meta-layouts":"set","ast-page-background-enabled":"default","ast-page-background-meta":{"desktop":{"background-color":"var(--ast-global-color-4)","background-image":"","background-repeat":"repeat","background-position":"center center","background-size":"auto","background-attachment":"scroll","background-type":"","background-media":"","overlay-type":"","overlay-color":"","overlay-opacity":"","overlay-gradient":""},"tablet":{"background-color":"","background-image":"","background-repeat":"repeat","background-position":"center center","background-size":"auto","background-attachment":"scroll","background-type":"","background-media":"","overlay-type":"","overlay-color":"","overlay-opacity":"","overlay-gradient":""},"mobile":{"background-color":"","background-image":"","background-repeat":"repeat","background-position":"center center","background-size":"auto","background-attachment":"scroll","background-type":"","background-media":"","overlay-type":"","overlay-color":"","overlay-opacity":"","overlay-gradient":""}},"ast-content-background-meta":{"desktop":{"background-color":"var(--ast-global-color-5)","background-image":"","background-repeat":"repeat","background-position":"center center","background-size":"auto","background-attachment":"scroll","background-type":"","background-media":"","overlay-type":"","overlay-color":"","overlay-opacity":"","overlay-gradient":""},"tablet":{"background-color":"var(--ast-global-color-5)","background-image":"","background-repeat":"repeat","background-position":"center center","background-size":"auto","background-attachment":"scroll","background-type":"","background-media":"","overlay-type":"","overlay-color":"","overlay-opacity":"","overlay-gradient":""},"mobile":{"background-color":"var(--ast-global-color-5)","background-image":"","background-repeat":"repeat","background-position":"center center","background-size":"auto","background-attachment":"scroll","background-type":"","background-media":"","overlay-type":"","overlay-color":"","overlay-opacity":"","overlay-gradient":""}}},"product_brand":[],"product_cat":[990],"product_tag":[],"class_list":{"0":"post-46996","1":"product","2":"type-product","3":"status-publish","4":"has-post-thumbnail","6":"product_cat-leker-barne-og-babyprodukter","7":"pa_18457_2eeoswjy-16-stk","8":"pa_18457_2eeoswjy-32-stk","9":"pa_18457_2eeoswjy-40-stk","10":"pa_18457_2eeoswjy-64-stk","11":"desktop-align-left","12":"tablet-align-left","13":"mobile-align-left","15":"first","16":"instock","17":"shipping-taxable","18":"purchasable","19":"product-type-variable"},"_links":{"self":[{"href":"https:\/\/keluvo.com\/no\/wp-json\/wp\/v2\/product\/46996","targetHints":{"allow":["GET"]}}],"collection":[{"href":"https:\/\/keluvo.com\/no\/wp-json\/wp\/v2\/product"}],"about":[{"href":"https:\/\/keluvo.com\/no\/wp-json\/wp\/v2\/types\/product"}],"replies":[{"embeddable":true,"href":"https:\/\/keluvo.com\/no\/wp-json\/wp\/v2\/comments?post=46996"}],"wp:featuredmedia":[{"embeddable":true,"href":"https:\/\/keluvo.com\/no\/wp-json\/wp\/v2\/media\/46992"}],"wp:attachment":[{"href":"https:\/\/keluvo.com\/no\/wp-json\/wp\/v2\/media?parent=46996"}],"wp:term":[{"taxonomy":"product_brand","embeddable":true,"href":"https:\/\/keluvo.com\/no\/wp-json\/wp\/v2\/product_brand?post=46996"},{"taxonomy":"product_cat","embeddable":true,"href":"https:\/\/keluvo.com\/no\/wp-json\/wp\/v2\/product_cat?post=46996"},{"taxonomy":"product_tag","embeddable":true,"href":"https:\/\/keluvo.com\/no\/wp-json\/wp\/v2\/product_tag?post=46996"}],"curies":[{"name":"wp","href":"https:\/\/api.w.org\/{rel}","templated":true}]}}