{"id":46898,"date":"2025-09-29T16:39:30","date_gmt":"2025-09-29T13:39:30","guid":{"rendered":"https:\/\/keluvo.com\/no\/produkt\/stein-som-skjuler-nokler\/"},"modified":"2025-10-20T16:08:17","modified_gmt":"2025-10-20T13:08:17","slug":"stein-som-skjuler-nokler","status":"publish","type":"product","link":"https:\/\/keluvo.com\/no\/produkt\/stein-som-skjuler-nokler\/","title":{"rendered":"Stein som skjuler n\u00f8kler"},"content":{"rendered":"<p style=\"text-align: center;\" data-start=\"123\" data-end=\"180\"><strong>Hold reserven\u00f8kkelen trygg og godt skjult. \ud83d\udddd\ufe0f<\/strong><\/p>\n<p style=\"text-align: center;\" data-start=\"182\" data-end=\"451\">Denne realistiske n\u00f8kkelgjemmesteinen ser ut som en vanlig hagestein, men er designet for \u00e5 oppbevare reserven\u00f8kkelen din p\u00e5 en sikker m\u00e5te. Den er v\u00e6rbestandig, slitesterk og kompakt, og er den perfekte l\u00f8sningen for \u00e5 gjemme n\u00f8kler p\u00e5 terrassen, i hagen eller i blomsterbedet uten \u00e5 tiltrekke seg oppmerksomhet.<\/p>\n<p data-start=\"182\" data-end=\"451\"><img decoding=\"async\" class=\"size-full wp-image-35191 aligncenter\" src=\"https:\/\/keluvo.com\/template\/wp-content\/uploads\/sites\/5\/2025\/09\/09226-ezgif.com-video-to-webp-converter.webp\" alt=\"\" \/><\/p>\n<h2 style=\"text-align: center;\" data-start=\"458\" data-end=\"480\">Hovedfordeler<\/h2>\n<p data-start=\"483\" data-end=\"538\">\ud83d\udddd\ufe0f Sikker oppbevaring &#8211; beskytter reserven\u00f8kler mot tyveri<\/p>\n<p data-start=\"483\" data-end=\"538\">\ud83c\udf3f Realistisk steindesign passer naturlig inn i enhver hage<\/p>\n<p data-start=\"483\" data-end=\"538\">\u2614 V\u00e6rbestandig og egnet for utend\u00f8rs bruk<\/p>\n<p data-start=\"483\" data-end=\"538\">\ud83e\uddf1 Holdbare materialer sikrer langvarig bruk<\/p>\n<p data-start=\"483\" data-end=\"538\">\ud83d\udd0d Kompakt og diskret for enkel gjemming<\/p>\n<p data-start=\"706\" data-end=\"747\"><img decoding=\"async\" class=\"size-full wp-image-35192 aligncenter\" src=\"https:\/\/keluvo.com\/template\/wp-content\/uploads\/sites\/5\/2025\/09\/Se49bdf7b11fb4385bed0d5ba6aa2a871J.jpg_960x960q75.jpg_.avif\" alt=\"\" \/><\/p>\n<h2 style=\"text-align: center;\" data-start=\"754\" data-end=\"773\">Slik bruker du den<\/h2>\n<ol data-start=\"774\" data-end=\"1028\">\n<li data-start=\"774\" data-end=\"842\">Plasser n\u00f8kkelskjuleren i stein i hagen, p\u00e5 uteplassen eller i blomsterbedet.<\/li>\n<li data-start=\"774\" data-end=\"842\">Trekk ut det nederste brettet.<\/li>\n<li data-start=\"774\" data-end=\"842\">Sett inn reserven\u00f8kkelen.<\/li>\n<li data-start=\"774\" data-end=\"842\">Skyv brettet inn igjen og legg steinen p\u00e5 plass.<\/li>\n<li data-start=\"774\" data-end=\"842\">Slik at du kan f\u00f8le deg trygg p\u00e5 at n\u00f8kkelen er godt gjemt.<\/li>\n<\/ol>\n<h2 style=\"text-align: center;\" data-start=\"1035\" data-end=\"1059\">\ud83d\udccf Produktdetaljer<\/h2>\n<ul data-start=\"1060\" data-end=\"1256\">\n<li data-start=\"1100\" data-end=\"1124\">Materiale: PP + Harpiks<\/li>\n<li data-start=\"1100\" data-end=\"1124\">St\u00f8rrelse: 8,3 x 5,7 x 4,5 cm<\/li>\n<li data-start=\"1100\" data-end=\"1124\">Farge\/design: Realistisk steinutseende<\/li>\n<li data-start=\"1100\" data-end=\"1124\">Funksjoner: Slitesterk, v\u00e6rbestandig, kompakt, utend\u00f8rs sikker<\/li>\n<\/ul>\n<h2 style=\"text-align: center;\" data-start=\"1263\" data-end=\"1288\">\ud83d\udce6 Pakken inneholder<\/h2>\n<ul data-start=\"1289\" data-end=\"1342\">\n<li data-start=\"1289\" data-end=\"1342\">\n<p data-start=\"1291\" data-end=\"1342\">1x n\u00f8kkelgjemmestein.<\/p>\n<\/li>\n<\/ul>\n","protected":false},"excerpt":{"rendered":"<p>Hold reserven\u00f8kkelen trygg og godt skjult. \ud83d\udddd\ufe0f Denne realistiske n\u00f8kkelgjemmesteinen ser ut som en vanlig hagestein, men er designet for [&hellip;]<\/p>\n","protected":false},"featured_media":46894,"comment_status":"open","ping_status":"closed","template":"","meta":{"site-sidebar-layout":"default","site-content-layout":"","ast-site-content-layout":"default","site-content-style":"default","site-sidebar-style":"default","ast-global-header-display":"","ast-banner-title-visibility":"","ast-main-header-display":"","ast-hfb-above-header-display":"","ast-hfb-below-header-display":"","ast-hfb-mobile-header-display":"","site-post-title":"","ast-breadcrumbs-content":"","ast-featured-img":"","footer-sml-layout":"","theme-transparent-header-meta":"default","adv-header-id-meta":"","stick-header-meta":"","header-above-stick-meta":"","header-main-stick-meta":"","header-below-stick-meta":"","astra-migrate-meta-layouts":"set","ast-page-background-enabled":"default","ast-page-background-meta":{"desktop":{"background-color":"var(--ast-global-color-4)","background-image":"","background-repeat":"repeat","background-position":"center center","background-size":"auto","background-attachment":"scroll","background-type":"","background-media":"","overlay-type":"","overlay-color":"","overlay-opacity":"","overlay-gradient":""},"tablet":{"background-color":"","background-image":"","background-repeat":"repeat","background-position":"center center","background-size":"auto","background-attachment":"scroll","background-type":"","background-media":"","overlay-type":"","overlay-color":"","overlay-opacity":"","overlay-gradient":""},"mobile":{"background-color":"","background-image":"","background-repeat":"repeat","background-position":"center center","background-size":"auto","background-attachment":"scroll","background-type":"","background-media":"","overlay-type":"","overlay-color":"","overlay-opacity":"","overlay-gradient":""}},"ast-content-background-meta":{"desktop":{"background-color":"var(--ast-global-color-5)","background-image":"","background-repeat":"repeat","background-position":"center center","background-size":"auto","background-attachment":"scroll","background-type":"","background-media":"","overlay-type":"","overlay-color":"","overlay-opacity":"","overlay-gradient":""},"tablet":{"background-color":"var(--ast-global-color-5)","background-image":"","background-repeat":"repeat","background-position":"center center","background-size":"auto","background-attachment":"scroll","background-type":"","background-media":"","overlay-type":"","overlay-color":"","overlay-opacity":"","overlay-gradient":""},"mobile":{"background-color":"var(--ast-global-color-5)","background-image":"","background-repeat":"repeat","background-position":"center center","background-size":"auto","background-attachment":"scroll","background-type":"","background-media":"","overlay-type":"","overlay-color":"","overlay-opacity":"","overlay-gradient":""}}},"product_brand":[],"product_cat":[1001],"product_tag":[],"class_list":{"0":"post-46898","1":"product","2":"type-product","3":"status-publish","4":"has-post-thumbnail","6":"product_cat-husholdningsartikler","7":"desktop-align-left","8":"tablet-align-left","9":"mobile-align-left","11":"first","12":"instock","13":"shipping-taxable","14":"purchasable","15":"product-type-simple"},"_links":{"self":[{"href":"https:\/\/keluvo.com\/no\/wp-json\/wp\/v2\/product\/46898","targetHints":{"allow":["GET"]}}],"collection":[{"href":"https:\/\/keluvo.com\/no\/wp-json\/wp\/v2\/product"}],"about":[{"href":"https:\/\/keluvo.com\/no\/wp-json\/wp\/v2\/types\/product"}],"replies":[{"embeddable":true,"href":"https:\/\/keluvo.com\/no\/wp-json\/wp\/v2\/comments?post=46898"}],"wp:featuredmedia":[{"embeddable":true,"href":"https:\/\/keluvo.com\/no\/wp-json\/wp\/v2\/media\/46894"}],"wp:attachment":[{"href":"https:\/\/keluvo.com\/no\/wp-json\/wp\/v2\/media?parent=46898"}],"wp:term":[{"taxonomy":"product_brand","embeddable":true,"href":"https:\/\/keluvo.com\/no\/wp-json\/wp\/v2\/product_brand?post=46898"},{"taxonomy":"product_cat","embeddable":true,"href":"https:\/\/keluvo.com\/no\/wp-json\/wp\/v2\/product_cat?post=46898"},{"taxonomy":"product_tag","embeddable":true,"href":"https:\/\/keluvo.com\/no\/wp-json\/wp\/v2\/product_tag?post=46898"}],"curies":[{"name":"wp","href":"https:\/\/api.w.org\/{rel}","templated":true}]}}