{"id":46880,"date":"2025-09-29T16:38:04","date_gmt":"2025-09-29T13:38:04","guid":{"rendered":"https:\/\/keluvo.com\/no\/produkt\/reflekterende-tape-2\/"},"modified":"2025-10-16T19:49:05","modified_gmt":"2025-10-16T16:49:05","slug":"reflekterende-tape-2","status":"publish","type":"product","link":"https:\/\/keluvo.com\/no\/produkt\/reflekterende-tape-2\/","title":{"rendered":"Reflekterende tape"},"content":{"rendered":"<p style=\"text-align: center;\" data-start=\"170\" data-end=\"246\"><strong>Bli sett. Hold deg trygg. Gj\u00f8r deg synlig hvor som helst med refleksb\u00e5nd \ud83d\udeb6\u200d\u2642\ufe0f\ud83c\udf19<\/strong><\/p>\n<p style=\"text-align: center;\" data-start=\"248\" data-end=\"500\">Dette selvklebende refleksb\u00e5ndet er perfekt for \u00e5 gj\u00f8re kl\u00e6r, vesker, sykler, barnevogner eller andre overflater som trenger \u00e5 bli sett i m\u00f8rket, mer synlige. Enkel \u00e5 p\u00e5f\u00f8re, sv\u00e6rt reflekterende og designet for \u00e5 holde deg og dine n\u00e6rmeste tryggere p\u00e5 farten.<\/p>\n<p data-start=\"248\" data-end=\"500\"><img decoding=\"async\" class=\"size-full wp-image-35180 aligncenter\" src=\"https:\/\/keluvo.com\/template\/wp-content\/uploads\/sites\/5\/2025\/09\/09225-ezgif.com-video-to-webp-converter.webp\" alt=\"\" \/><\/p>\n<h2 style=\"text-align: center;\" data-start=\"507\" data-end=\"527\">Hovedfordeler<\/h2>\n<p data-start=\"531\" data-end=\"623\">\ud83c\udf1f Sv\u00e6rt reflekterende &#8211; skinner sterkt n\u00e5r den treffes av lys (hodelykter, lommelykter osv.).)<\/p>\n<p data-start=\"531\" data-end=\"623\">\ud83e\uddf2 Selvklebende bakside &#8211; fester seg p\u00e5 nesten alle rene, flate underlag<\/p>\n<p data-start=\"531\" data-end=\"623\">\u2702\ufe0f Enkel \u00e5 klippe til &#8211; form eller st\u00f8rrelse akkurat slik du vil ha den<\/p>\n<p data-start=\"531\" data-end=\"623\">\ud83d\udcbc Allsidig &#8211; kan brukes p\u00e5 jakker, ryggsekker, sykler, hjelmer, barnevogner med mer<\/p>\n<p data-start=\"531\" data-end=\"623\">\ud83d\udca7 V\u00e6rbestandig &#8211; holder seg godt i regn, vind og kulde<\/p>\n<p data-start=\"531\" data-end=\"623\">\ud83e\uddd2 Ideell for alle aldre &#8211; perfekt for barnas skolesekker eller eldre som g\u00e5r tur om natten<\/p>\n<p data-start=\"923\" data-end=\"1008\"><img decoding=\"async\" class=\"size-full wp-image-35181 aligncenter\" src=\"https:\/\/keluvo.com\/template\/wp-content\/uploads\/sites\/5\/2025\/09\/Hd87c225e326e49f391ec70ff8e0ba5a24.jpg_960x960q75.jpg_.jpg\" alt=\"\" \/><\/p>\n<h2 style=\"text-align: center;\" data-start=\"1015\" data-end=\"1032\">Slik bruker du det<\/h2>\n<ol data-start=\"1034\" data-end=\"1268\">\n<li data-start=\"1034\" data-end=\"1096\">Rengj\u00f8r og t\u00f8rk overflaten der tapen skal brukes.<\/li>\n<li data-start=\"1034\" data-end=\"1096\">Klipp til \u00f8nsket form\/lengde p\u00e5 teipen.<\/li>\n<li data-start=\"1034\" data-end=\"1096\">Trekk av baksiden og trykk den godt fast p\u00e5 overflaten.<\/li>\n<li data-start=\"1034\" data-end=\"1096\">For best resultat, la den sitte i 24 timer f\u00f8r du bruker den mye.<\/li>\n<\/ol>\n<h2 style=\"text-align: center;\" data-start=\"1360\" data-end=\"1382\">Produktdetaljer<\/h2>\n<ul data-start=\"1384\" data-end=\"1619\">\n<li data-start=\"1384\" data-end=\"1424\">St\u00f8rrelsesalternativer: 5 cm x 5 m, 5 cm x 10 m<\/li>\n<li data-start=\"1384\" data-end=\"1424\">Farge: S\u00f8lvreflekterende (lysende hvit gl\u00f8d n\u00e5r den treffes av lys)<\/li>\n<li data-start=\"1384\" data-end=\"1424\">Materiale: Reflekterende vinyl med selvklebende bakside<\/li>\n<li data-start=\"1384\" data-end=\"1424\">Brukbar: Nei &#8211; engangsbruk<\/li>\n<li data-start=\"1384\" data-end=\"1424\">Fungerer best p\u00e5 glatte, flate overflater som stoff, metall, plast eller gummi<\/li>\n<\/ul>\n<h2 style=\"text-align: center;\" data-start=\"1626\" data-end=\"1649\">Pakken inneholder<\/h2>\n<ul data-start=\"1651\" data-end=\"1703\">\n<li data-start=\"1651\" data-end=\"1703\">\n<p data-start=\"1653\" data-end=\"1703\">1x reflekterende tape.<\/p>\n<\/li>\n<\/ul>\n","protected":false},"excerpt":{"rendered":"<p>Bli sett. Hold deg trygg. Gj\u00f8r deg synlig hvor som helst med refleksb\u00e5nd \ud83d\udeb6\u200d\u2642\ufe0f\ud83c\udf19 Dette selvklebende refleksb\u00e5ndet er perfekt for [&hellip;]<\/p>\n","protected":false},"featured_media":46876,"comment_status":"open","ping_status":"closed","template":"","meta":{"site-sidebar-layout":"default","site-content-layout":"","ast-site-content-layout":"default","site-content-style":"default","site-sidebar-style":"default","ast-global-header-display":"","ast-banner-title-visibility":"","ast-main-header-display":"","ast-hfb-above-header-display":"","ast-hfb-below-header-display":"","ast-hfb-mobile-header-display":"","site-post-title":"","ast-breadcrumbs-content":"","ast-featured-img":"","footer-sml-layout":"","theme-transparent-header-meta":"default","adv-header-id-meta":"","stick-header-meta":"","header-above-stick-meta":"","header-main-stick-meta":"","header-below-stick-meta":"","astra-migrate-meta-layouts":"set","ast-page-background-enabled":"default","ast-page-background-meta":{"desktop":{"background-color":"var(--ast-global-color-4)","background-image":"","background-repeat":"repeat","background-position":"center center","background-size":"auto","background-attachment":"scroll","background-type":"","background-media":"","overlay-type":"","overlay-color":"","overlay-opacity":"","overlay-gradient":""},"tablet":{"background-color":"","background-image":"","background-repeat":"repeat","background-position":"center center","background-size":"auto","background-attachment":"scroll","background-type":"","background-media":"","overlay-type":"","overlay-color":"","overlay-opacity":"","overlay-gradient":""},"mobile":{"background-color":"","background-image":"","background-repeat":"repeat","background-position":"center center","background-size":"auto","background-attachment":"scroll","background-type":"","background-media":"","overlay-type":"","overlay-color":"","overlay-opacity":"","overlay-gradient":""}},"ast-content-background-meta":{"desktop":{"background-color":"var(--ast-global-color-5)","background-image":"","background-repeat":"repeat","background-position":"center center","background-size":"auto","background-attachment":"scroll","background-type":"","background-media":"","overlay-type":"","overlay-color":"","overlay-opacity":"","overlay-gradient":""},"tablet":{"background-color":"var(--ast-global-color-5)","background-image":"","background-repeat":"repeat","background-position":"center center","background-size":"auto","background-attachment":"scroll","background-type":"","background-media":"","overlay-type":"","overlay-color":"","overlay-opacity":"","overlay-gradient":""},"mobile":{"background-color":"var(--ast-global-color-5)","background-image":"","background-repeat":"repeat","background-position":"center center","background-size":"auto","background-attachment":"scroll","background-type":"","background-media":"","overlay-type":"","overlay-color":"","overlay-opacity":"","overlay-gradient":""}}},"product_brand":[],"product_cat":[1000,996],"product_tag":[],"class_list":{"0":"post-46880","1":"product","2":"type-product","3":"status-publish","4":"has-post-thumbnail","6":"product_cat-tur-camping-og-fritidsutstyr","7":"product_cat-verktoy","8":"pa_16377_fgk2sg0n-5-cm-x-5-m","9":"pa_16377_fgk2sg0n-5-cm-x-10-m","10":"desktop-align-left","11":"tablet-align-left","12":"mobile-align-left","14":"first","15":"instock","16":"shipping-taxable","17":"purchasable","18":"product-type-variable"},"_links":{"self":[{"href":"https:\/\/keluvo.com\/no\/wp-json\/wp\/v2\/product\/46880","targetHints":{"allow":["GET"]}}],"collection":[{"href":"https:\/\/keluvo.com\/no\/wp-json\/wp\/v2\/product"}],"about":[{"href":"https:\/\/keluvo.com\/no\/wp-json\/wp\/v2\/types\/product"}],"replies":[{"embeddable":true,"href":"https:\/\/keluvo.com\/no\/wp-json\/wp\/v2\/comments?post=46880"}],"wp:featuredmedia":[{"embeddable":true,"href":"https:\/\/keluvo.com\/no\/wp-json\/wp\/v2\/media\/46876"}],"wp:attachment":[{"href":"https:\/\/keluvo.com\/no\/wp-json\/wp\/v2\/media?parent=46880"}],"wp:term":[{"taxonomy":"product_brand","embeddable":true,"href":"https:\/\/keluvo.com\/no\/wp-json\/wp\/v2\/product_brand?post=46880"},{"taxonomy":"product_cat","embeddable":true,"href":"https:\/\/keluvo.com\/no\/wp-json\/wp\/v2\/product_cat?post=46880"},{"taxonomy":"product_tag","embeddable":true,"href":"https:\/\/keluvo.com\/no\/wp-json\/wp\/v2\/product_tag?post=46880"}],"curies":[{"name":"wp","href":"https:\/\/api.w.org\/{rel}","templated":true}]}}