{"id":46864,"date":"2025-09-29T16:36:58","date_gmt":"2025-09-29T13:36:58","guid":{"rendered":"https:\/\/keluvo.com\/no\/produkt\/se-apningsfilm-1-1-gratis\/"},"modified":"2025-10-20T16:08:39","modified_gmt":"2025-10-20T13:08:39","slug":"se-apningsfilm-1-1-gratis","status":"publish","type":"product","link":"https:\/\/keluvo.com\/no\/produkt\/se-apningsfilm-1-1-gratis\/","title":{"rendered":"Klokke\u00e5pner &#8211; 1 + 1 gratis!"},"content":{"rendered":"<p style=\"text-align: center;\" data-start=\"177\" data-end=\"244\"><strong>\u00c5pne klokken som en proff \u2013 ingen flere turer til gullsmeden! \u231a\ud83d\udd27<\/strong><\/p>\n<p style=\"text-align: center;\" data-start=\"246\" data-end=\"463\">Denne brukervennlige klokke\u00e5pneren er det perfekte verkt\u00f8yet for \u00e5 fjerne de skrudde bakstykkene p\u00e5 de fleste standardklokker. Enten du skal bytte batteri eller inspisere innvendige komponenter, f\u00e5r du jobben gjort raskt og sikkert.<\/p>\n<p data-start=\"246\" data-end=\"463\"><img decoding=\"async\" class=\"size-full wp-image-35173 aligncenter\" src=\"https:\/\/keluvo.com\/template\/wp-content\/uploads\/sites\/5\/2025\/09\/09224-ezgif.com-video-to-webp-converter.webp\" alt=\"\" \/><\/p>\n<h2 style=\"text-align: center;\" data-start=\"470\" data-end=\"490\">Hovedfordeler<\/h2>\n<p data-start=\"494\" data-end=\"567\">\ud83d\udee0\ufe0f Robust og holdbar &#8211; laget av sterke materialer for langvarig bruk<\/p>\n<p data-start=\"494\" data-end=\"567\">\u270b Enkel \u00e5 bruke &#8211; designet for nybegynnere og gj\u00f8r-det-selv-reparasjoner<\/p>\n<p data-start=\"494\" data-end=\"567\">\ud83d\udd04 Justerbar bredde &#8211; passer til de fleste gjengede klokkerygger (\u00d8 15-36 mm)<\/p>\n<p data-start=\"494\" data-end=\"567\">\ud83d\udcb0 Sparer penger &#8211; ingen flere turer til verkstedet for grunnleggende vedlikehold<\/p>\n<p data-start=\"494\" data-end=\"567\">\ud83d\udc5c Kompakt og b\u00e6rbar &#8211; lett \u00e5 oppbevare i en skuff eller verkt\u00f8ykasse<\/p>\n<p data-start=\"789\" data-end=\"856\"><img decoding=\"async\" class=\"size-full wp-image-35170 aligncenter\" src=\"https:\/\/keluvo.com\/template\/wp-content\/uploads\/sites\/5\/2025\/09\/klockoppnare-29.jpg\" alt=\"\" \/><\/p>\n<h2 style=\"text-align: center;\" data-start=\"863\" data-end=\"880\">Slik bruker du verkt\u00f8yet<\/h2>\n<ol data-start=\"882\" data-end=\"1148\">\n<li data-start=\"882\" data-end=\"946\">L\u00f8sne gjengene p\u00e5 baksiden av klokken ved hjelp av verkt\u00f8yet.<\/li>\n<li data-start=\"882\" data-end=\"946\">Juster verkt\u00f8yets bredde slik at det passer til spaltene p\u00e5 baksiden.<\/li>\n<li data-start=\"882\" data-end=\"946\">Vri forsiktig (vanligvis mot klokken) for \u00e5 \u00e5pne.<\/li>\n<li data-start=\"882\" data-end=\"946\">Bytt batteri eller fullf\u00f8r reparasjonen.<\/li>\n<li data-start=\"882\" data-end=\"946\">Skru tilbake urkassen n\u00e5r du er ferdig.<\/li>\n<li data-start=\"882\" data-end=\"946\">For bedre grep, s\u00f8rg for at overflaten er t\u00f8rr og ren f\u00f8r bruk. For best resultat, vent 24 timer f\u00f8r du bruker limet p\u00e5 nytt.&nbsp;<\/li>\n<\/ol>\n<h2 style=\"text-align: center;\" data-start=\"1287\" data-end=\"1309\">Produktdetaljer<\/h2>\n<ul data-start=\"1311\" data-end=\"1520\">\n<li data-start=\"1311\" data-end=\"1352\">Materiale: Slitesterkt metall + plast<\/li>\n<li data-start=\"1311\" data-end=\"1352\">Passform: Klokkerygger mellom \u00d8 15-36 mm<\/li>\n<li data-start=\"1311\" data-end=\"1352\">Kompatibilitet: De fleste standard klokker med skrubar bakside<\/li>\n<li data-start=\"1311\" data-end=\"1352\">Bruk: Batteribytte, innvendige inspeksjoner, gj\u00f8r-det-selv-reparasjoner<\/li>\n<li data-start=\"1311\" data-end=\"1352\">Farge: Svart, bl\u00e5<\/li>\n<li data-start=\"1311\" data-end=\"1352\">St\u00f8rrelse: 7 x 2,5 x 1 cm<\/li>\n<\/ul>\n<h2 style=\"text-align: center;\" data-start=\"1527\" data-end=\"1550\">Pakken inneholder<\/h2>\n<ul data-start=\"1552\" data-end=\"1576\">\n<li data-start=\"1552\" data-end=\"1576\">\n<p data-start=\"1554\" data-end=\"1576\">2x klokke\u00e5pnerverkt\u00f8y.<\/p>\n<\/li>\n<\/ul>\n","protected":false},"excerpt":{"rendered":"<p>\u00c5pne klokken som en proff \u2013 ingen flere turer til gullsmeden! \u231a\ud83d\udd27 Denne brukervennlige klokke\u00e5pneren er det perfekte verkt\u00f8yet for [&hellip;]<\/p>\n","protected":false},"featured_media":46860,"comment_status":"open","ping_status":"closed","template":"","meta":{"site-sidebar-layout":"default","site-content-layout":"","ast-site-content-layout":"default","site-content-style":"default","site-sidebar-style":"default","ast-global-header-display":"","ast-banner-title-visibility":"","ast-main-header-display":"","ast-hfb-above-header-display":"","ast-hfb-below-header-display":"","ast-hfb-mobile-header-display":"","site-post-title":"","ast-breadcrumbs-content":"","ast-featured-img":"","footer-sml-layout":"","theme-transparent-header-meta":"default","adv-header-id-meta":"","stick-header-meta":"","header-above-stick-meta":"","header-main-stick-meta":"","header-below-stick-meta":"","astra-migrate-meta-layouts":"set","ast-page-background-enabled":"default","ast-page-background-meta":{"desktop":{"background-color":"var(--ast-global-color-4)","background-image":"","background-repeat":"repeat","background-position":"center center","background-size":"auto","background-attachment":"scroll","background-type":"","background-media":"","overlay-type":"","overlay-color":"","overlay-opacity":"","overlay-gradient":""},"tablet":{"background-color":"","background-image":"","background-repeat":"repeat","background-position":"center center","background-size":"auto","background-attachment":"scroll","background-type":"","background-media":"","overlay-type":"","overlay-color":"","overlay-opacity":"","overlay-gradient":""},"mobile":{"background-color":"","background-image":"","background-repeat":"repeat","background-position":"center center","background-size":"auto","background-attachment":"scroll","background-type":"","background-media":"","overlay-type":"","overlay-color":"","overlay-opacity":"","overlay-gradient":""}},"ast-content-background-meta":{"desktop":{"background-color":"var(--ast-global-color-5)","background-image":"","background-repeat":"repeat","background-position":"center center","background-size":"auto","background-attachment":"scroll","background-type":"","background-media":"","overlay-type":"","overlay-color":"","overlay-opacity":"","overlay-gradient":""},"tablet":{"background-color":"var(--ast-global-color-5)","background-image":"","background-repeat":"repeat","background-position":"center center","background-size":"auto","background-attachment":"scroll","background-type":"","background-media":"","overlay-type":"","overlay-color":"","overlay-opacity":"","overlay-gradient":""},"mobile":{"background-color":"var(--ast-global-color-5)","background-image":"","background-repeat":"repeat","background-position":"center center","background-size":"auto","background-attachment":"scroll","background-type":"","background-media":"","overlay-type":"","overlay-color":"","overlay-opacity":"","overlay-gradient":""}}},"product_brand":[],"product_cat":[996],"product_tag":[],"class_list":{"0":"post-46864","1":"product","2":"type-product","3":"status-publish","4":"has-post-thumbnail","6":"product_cat-verktoy","7":"pa_16357_pogqtynj-bla","8":"pa_16357_pogqtynj-svart","9":"desktop-align-left","10":"tablet-align-left","11":"mobile-align-left","13":"first","14":"instock","15":"shipping-taxable","16":"purchasable","17":"product-type-variable"},"_links":{"self":[{"href":"https:\/\/keluvo.com\/no\/wp-json\/wp\/v2\/product\/46864","targetHints":{"allow":["GET"]}}],"collection":[{"href":"https:\/\/keluvo.com\/no\/wp-json\/wp\/v2\/product"}],"about":[{"href":"https:\/\/keluvo.com\/no\/wp-json\/wp\/v2\/types\/product"}],"replies":[{"embeddable":true,"href":"https:\/\/keluvo.com\/no\/wp-json\/wp\/v2\/comments?post=46864"}],"wp:featuredmedia":[{"embeddable":true,"href":"https:\/\/keluvo.com\/no\/wp-json\/wp\/v2\/media\/46860"}],"wp:attachment":[{"href":"https:\/\/keluvo.com\/no\/wp-json\/wp\/v2\/media?parent=46864"}],"wp:term":[{"taxonomy":"product_brand","embeddable":true,"href":"https:\/\/keluvo.com\/no\/wp-json\/wp\/v2\/product_brand?post=46864"},{"taxonomy":"product_cat","embeddable":true,"href":"https:\/\/keluvo.com\/no\/wp-json\/wp\/v2\/product_cat?post=46864"},{"taxonomy":"product_tag","embeddable":true,"href":"https:\/\/keluvo.com\/no\/wp-json\/wp\/v2\/product_tag?post=46864"}],"curies":[{"name":"wp","href":"https:\/\/api.w.org\/{rel}","templated":true}]}}