{"id":46850,"date":"2025-09-29T16:35:46","date_gmt":"2025-09-29T13:35:46","guid":{"rendered":"https:\/\/keluvo.com\/no\/produkt\/hjelm-puter-27-stk-sett\/"},"modified":"2025-10-16T19:37:30","modified_gmt":"2025-10-16T16:37:30","slug":"hjelm-puter-27-stk-sett","status":"publish","type":"product","link":"https:\/\/keluvo.com\/no\/produkt\/hjelm-puter-27-stk-sett\/","title":{"rendered":"Hjelmputer (27 stk. sett)"},"content":{"rendered":"<p style=\"text-align: center;\" data-start=\"150\" data-end=\"203\"><strong>Oppgrader hjelmen din med komfort og stabilitet. \ud83d\udeb4<\/strong><\/p>\n<p style=\"text-align: center;\" data-start=\"205\" data-end=\"568\">Disse hjelmputene er laget av svamp av h\u00f8y kvalitet for \u00e5 gi deg en mykere og mer komfortabel passform, samtidig som hjelmen sitter sikkert. De er designet for \u00e5 gi ekstra polstring, luftgjennomstr\u00f8mning og holdbarhet, og er perfekte for sykkelhjelmer, raske hjelmer og andre modifiserte hjelmer. De er enkle \u00e5 montere og vaskbare, og holder hjelmen frisk og komfortabel p\u00e5 hver eneste sykkeltur.<\/p>\n<p data-start=\"205\" data-end=\"568\"><img decoding=\"async\" class=\"size-full wp-image-35151 aligncenter\" src=\"https:\/\/keluvo.com\/template\/wp-content\/uploads\/sites\/5\/2025\/09\/09223-ezgif.com-video-to-webp-converter.webp\" alt=\"\" \/><\/p>\n<h2 style=\"text-align: center;\" data-start=\"575\" data-end=\"597\">Hovedfordeler<\/h2>\n<p data-start=\"600\" data-end=\"649\">\ud83e\uddfd Mykt og slitesterkt svampmateriale for komfort<\/p>\n<p data-start=\"600\" data-end=\"649\">\ud83d\udc4c Giftfri minnesvamp med sterke magiske klistremerker<\/p>\n<p data-start=\"600\" data-end=\"649\">\ud83d\udca8 Former som tillater luftstr\u00f8m samtidig som de holder stabiliteten<\/p>\n<p data-start=\"600\" data-end=\"649\">\ud83d\udeb4 Gir ekstra komfort og st\u00f8tte inne i hjelmen<\/p>\n<p data-start=\"600\" data-end=\"649\">\ud83e\uddfc Vaskbare, hurtigt\u00f8rkende og gjenbrukbare<\/p>\n<p data-start=\"600\" data-end=\"649\">\ud83d\udd27 Kompatible med raske hjelmer og forskjellige andre typer<\/p>\n<p data-start=\"867\" data-end=\"924\"><img decoding=\"async\" class=\"size-full wp-image-35154 aligncenter\" src=\"https:\/\/keluvo.com\/template\/wp-content\/uploads\/sites\/5\/2025\/09\/Hb94668ab4e014e489f8eb8eb634bca2e2.webp\" alt=\"\" \/><\/p>\n<h2 style=\"text-align: center;\" data-start=\"931\" data-end=\"950\">Slik bruker du dem<\/h2>\n<ol data-start=\"951\" data-end=\"1187\">\n<li data-start=\"951\" data-end=\"991\">Fjern gamle eller utslitte hjelmpads.<\/li>\n<li data-start=\"951\" data-end=\"991\">Fest de medf\u00f8lgende klistremerkene p\u00e5 innsiden av hjelmen.<\/li>\n<li data-start=\"951\" data-end=\"991\">Plasser padsene i \u00f8nsket posisjon for komfort og passform.<\/li>\n<li data-start=\"951\" data-end=\"991\">Juster etter behov for \u00e5 sikre stabilitet og riktig luftgjennomstr\u00f8mning.<\/li>\n<\/ol>\n<h2 style=\"text-align: center;\" data-start=\"1194\" data-end=\"1218\">Produktdetaljer<\/h2>\n<ul data-start=\"1219\" data-end=\"1415\">\n<li data-start=\"1252\" data-end=\"1272\">Materiale: Svamp<\/li>\n<li data-start=\"1252\" data-end=\"1272\">Farger: R\u00f8d, Svart<\/li>\n<li data-start=\"1252\" data-end=\"1272\">St\u00f8rrelser: Blandede st\u00f8rrelser for fleksibel montering<\/li>\n<li data-start=\"1252\" data-end=\"1272\">Kvantitet: 9 svampputer + 18 klistremerkeputer<\/li>\n<\/ul>\n<h2 style=\"text-align: center;\" data-start=\"1422\" data-end=\"1447\">Pakken inneholder<\/h2>\n<ul data-start=\"1448\" data-end=\"1510\">\n<li data-start=\"1448\" data-end=\"1510\">\n<p data-start=\"1450\" data-end=\"1510\">Et sett med 27 hjelmputer.<\/p>\n<\/li>\n<\/ul>\n","protected":false},"excerpt":{"rendered":"<p>Oppgrader hjelmen din med komfort og stabilitet. \ud83d\udeb4 Disse hjelmputene er laget av svamp av h\u00f8y kvalitet for \u00e5 gi [&hellip;]<\/p>\n","protected":false},"featured_media":46846,"comment_status":"open","ping_status":"closed","template":"","meta":{"site-sidebar-layout":"default","site-content-layout":"","ast-site-content-layout":"default","site-content-style":"default","site-sidebar-style":"default","ast-global-header-display":"","ast-banner-title-visibility":"","ast-main-header-display":"","ast-hfb-above-header-display":"","ast-hfb-below-header-display":"","ast-hfb-mobile-header-display":"","site-post-title":"","ast-breadcrumbs-content":"","ast-featured-img":"","footer-sml-layout":"","theme-transparent-header-meta":"default","adv-header-id-meta":"","stick-header-meta":"","header-above-stick-meta":"","header-main-stick-meta":"","header-below-stick-meta":"","astra-migrate-meta-layouts":"set","ast-page-background-enabled":"default","ast-page-background-meta":{"desktop":{"background-color":"var(--ast-global-color-4)","background-image":"","background-repeat":"repeat","background-position":"center center","background-size":"auto","background-attachment":"scroll","background-type":"","background-media":"","overlay-type":"","overlay-color":"","overlay-opacity":"","overlay-gradient":""},"tablet":{"background-color":"","background-image":"","background-repeat":"repeat","background-position":"center center","background-size":"auto","background-attachment":"scroll","background-type":"","background-media":"","overlay-type":"","overlay-color":"","overlay-opacity":"","overlay-gradient":""},"mobile":{"background-color":"","background-image":"","background-repeat":"repeat","background-position":"center center","background-size":"auto","background-attachment":"scroll","background-type":"","background-media":"","overlay-type":"","overlay-color":"","overlay-opacity":"","overlay-gradient":""}},"ast-content-background-meta":{"desktop":{"background-color":"var(--ast-global-color-5)","background-image":"","background-repeat":"repeat","background-position":"center center","background-size":"auto","background-attachment":"scroll","background-type":"","background-media":"","overlay-type":"","overlay-color":"","overlay-opacity":"","overlay-gradient":""},"tablet":{"background-color":"var(--ast-global-color-5)","background-image":"","background-repeat":"repeat","background-position":"center center","background-size":"auto","background-attachment":"scroll","background-type":"","background-media":"","overlay-type":"","overlay-color":"","overlay-opacity":"","overlay-gradient":""},"mobile":{"background-color":"var(--ast-global-color-5)","background-image":"","background-repeat":"repeat","background-position":"center center","background-size":"auto","background-attachment":"scroll","background-type":"","background-media":"","overlay-type":"","overlay-color":"","overlay-opacity":"","overlay-gradient":""}}},"product_brand":[],"product_cat":[993,1000],"product_tag":[],"class_list":{"0":"post-46850","1":"product","2":"type-product","3":"status-publish","4":"has-post-thumbnail","6":"product_cat-skotoy-tilbehor","7":"product_cat-tur-camping-og-fritidsutstyr","8":"pa_16349_jwhsnw2v-rod","9":"pa_16349_jwhsnw2v-svart","10":"desktop-align-left","11":"tablet-align-left","12":"mobile-align-left","14":"first","15":"instock","16":"shipping-taxable","17":"purchasable","18":"product-type-variable"},"_links":{"self":[{"href":"https:\/\/keluvo.com\/no\/wp-json\/wp\/v2\/product\/46850","targetHints":{"allow":["GET"]}}],"collection":[{"href":"https:\/\/keluvo.com\/no\/wp-json\/wp\/v2\/product"}],"about":[{"href":"https:\/\/keluvo.com\/no\/wp-json\/wp\/v2\/types\/product"}],"replies":[{"embeddable":true,"href":"https:\/\/keluvo.com\/no\/wp-json\/wp\/v2\/comments?post=46850"}],"wp:featuredmedia":[{"embeddable":true,"href":"https:\/\/keluvo.com\/no\/wp-json\/wp\/v2\/media\/46846"}],"wp:attachment":[{"href":"https:\/\/keluvo.com\/no\/wp-json\/wp\/v2\/media?parent=46850"}],"wp:term":[{"taxonomy":"product_brand","embeddable":true,"href":"https:\/\/keluvo.com\/no\/wp-json\/wp\/v2\/product_brand?post=46850"},{"taxonomy":"product_cat","embeddable":true,"href":"https:\/\/keluvo.com\/no\/wp-json\/wp\/v2\/product_cat?post=46850"},{"taxonomy":"product_tag","embeddable":true,"href":"https:\/\/keluvo.com\/no\/wp-json\/wp\/v2\/product_tag?post=46850"}],"curies":[{"name":"wp","href":"https:\/\/api.w.org\/{rel}","templated":true}]}}