{"id":46805,"date":"2025-09-29T16:32:28","date_gmt":"2025-09-29T13:32:28","guid":{"rendered":"https:\/\/keluvo.com\/no\/produkt\/reflekterende-sele\/"},"modified":"2025-10-16T19:33:31","modified_gmt":"2025-10-16T16:33:31","slug":"reflekterende-sele","status":"publish","type":"product","link":"https:\/\/keluvo.com\/no\/produkt\/reflekterende-sele\/","title":{"rendered":"Reflekterende sele"},"content":{"rendered":"<p style=\"text-align: center;\" data-start=\"144\" data-end=\"196\"><strong>Hold deg trygg og synlig i d\u00e5rlige lysforhold. \ud83d\udc55<\/strong><\/p>\n<p style=\"text-align: center;\" data-start=\"198\" data-end=\"527\">Denne reflekterende selen er designet for \u00e5 holde deg godt synlig under nattl\u00f8p, sykling, fotturer eller andre utend\u00f8rsaktiviteter. Den er laget av slitesterke, lette og pustende materialer som sikrer komfort samtidig som den beskytter deg mot ulykker i m\u00f8rket. Den justerbare passformen gj\u00f8r at den passer for b\u00e5de menn og kvinner i alle aktiviteter.<\/p>\n<p data-start=\"198\" data-end=\"527\"><img decoding=\"async\" class=\"size-full wp-image-35106 aligncenter\" src=\"https:\/\/keluvo.com\/template\/wp-content\/uploads\/sites\/5\/2025\/09\/S5651dd410d2443898449c32a23d565e5m.jpg_960x960q75.jpg_.jpg\" alt=\"\" \/><\/p>\n<h2 style=\"text-align: center;\" data-start=\"534\" data-end=\"556\">Hovedfordeler<\/h2>\n<p data-start=\"559\" data-end=\"619\">\ud83c\udf19 Refleksmateriale med h\u00f8y synlighet for sikkerhet om natten<\/p>\n<p data-start=\"559\" data-end=\"619\">\ud83e\udeb6 Lett og pustende for lang bruk uten ubehag<\/p>\n<p data-start=\"559\" data-end=\"619\">\ud83d\udc55 Justerbart midjedesign som passer ulike kroppstyper<\/p>\n<p data-start=\"559\" data-end=\"619\">\ud83d\udeb4 Allsidig bruk &#8211; l\u00f8ping, sykling, turg\u00e5ing, klatring, bygging med mer<\/p>\n<p data-start=\"559\" data-end=\"619\">\ud83d\udcaa Laget av slitesterkt, holdbart materiale for langvarig bruk<\/p>\n<p data-start=\"833\" data-end=\"901\"><img decoding=\"async\" class=\"size-full wp-image-35110 aligncenter\" src=\"https:\/\/keluvo.com\/template\/wp-content\/uploads\/sites\/5\/2025\/09\/S795e972fe4d54c58a169bca63aa6c01cj.webp\" alt=\"\" \/><\/p>\n<h2 style=\"text-align: center;\" data-start=\"908\" data-end=\"927\">Slik bruker du den<\/h2>\n<ol data-start=\"928\" data-end=\"1184\">\n<li data-start=\"928\" data-end=\"982\">Ta p\u00e5 deg refleksselen over kl\u00e6rne.<\/li>\n<li data-start=\"928\" data-end=\"982\">Juster midjestroppen til den sitter komfortabelt og sikkert.<\/li>\n<li data-start=\"928\" data-end=\"982\">Bruk den under utend\u00f8rsaktiviteter i svakt lys eller om natten.<\/li>\n<li data-start=\"928\" data-end=\"982\">Hold deg synlig og trygg mens du nyter aktiviteten din.\n<p>&nbsp;<\/li>\n<\/ol>\n<h2 style=\"text-align: center;\" data-start=\"1191\" data-end=\"1215\">Produktdetaljer<\/h2>\n<ul data-start=\"1216\" data-end=\"1461\">\n<li data-start=\"1262\" data-end=\"1308\">Materiale: Polyesterfiber (kjemisk fiber)<\/li>\n<li data-start=\"1262\" data-end=\"1308\">Farge: Som vist p\u00e5 bildene<\/li>\n<li data-start=\"1262\" data-end=\"1308\">St\u00f8rrelse: Justerbar &#8211; passer de fleste kroppstyper<\/li>\n<li data-start=\"1262\" data-end=\"1308\">Funksjoner: H\u00f8y synlighet, lett, pustende, slitesterk, multifunksjonell<\/li>\n<\/ul>\n<h2 style=\"text-align: center;\" data-start=\"1468\" data-end=\"1493\">Pakken inneholder<\/h2>\n<ul data-start=\"1494\" data-end=\"1520\">\n<li data-start=\"1494\" data-end=\"1520\">\n<p data-start=\"1496\" data-end=\"1520\">1 x reflekterende sele.<\/p>\n<\/li>\n<\/ul>\n","protected":false},"excerpt":{"rendered":"<p>Hold deg trygg og synlig i d\u00e5rlige lysforhold. \ud83d\udc55 Denne reflekterende selen er designet for \u00e5 holde deg godt synlig [&hellip;]<\/p>\n","protected":false},"featured_media":46801,"comment_status":"open","ping_status":"closed","template":"","meta":{"site-sidebar-layout":"default","site-content-layout":"","ast-site-content-layout":"default","site-content-style":"default","site-sidebar-style":"default","ast-global-header-display":"","ast-banner-title-visibility":"","ast-main-header-display":"","ast-hfb-above-header-display":"","ast-hfb-below-header-display":"","ast-hfb-mobile-header-display":"","site-post-title":"","ast-breadcrumbs-content":"","ast-featured-img":"","footer-sml-layout":"","theme-transparent-header-meta":"default","adv-header-id-meta":"","stick-header-meta":"","header-above-stick-meta":"","header-main-stick-meta":"","header-below-stick-meta":"","astra-migrate-meta-layouts":"set","ast-page-background-enabled":"default","ast-page-background-meta":{"desktop":{"background-color":"var(--ast-global-color-4)","background-image":"","background-repeat":"repeat","background-position":"center center","background-size":"auto","background-attachment":"scroll","background-type":"","background-media":"","overlay-type":"","overlay-color":"","overlay-opacity":"","overlay-gradient":""},"tablet":{"background-color":"","background-image":"","background-repeat":"repeat","background-position":"center center","background-size":"auto","background-attachment":"scroll","background-type":"","background-media":"","overlay-type":"","overlay-color":"","overlay-opacity":"","overlay-gradient":""},"mobile":{"background-color":"","background-image":"","background-repeat":"repeat","background-position":"center center","background-size":"auto","background-attachment":"scroll","background-type":"","background-media":"","overlay-type":"","overlay-color":"","overlay-opacity":"","overlay-gradient":""}},"ast-content-background-meta":{"desktop":{"background-color":"var(--ast-global-color-5)","background-image":"","background-repeat":"repeat","background-position":"center center","background-size":"auto","background-attachment":"scroll","background-type":"","background-media":"","overlay-type":"","overlay-color":"","overlay-opacity":"","overlay-gradient":""},"tablet":{"background-color":"var(--ast-global-color-5)","background-image":"","background-repeat":"repeat","background-position":"center center","background-size":"auto","background-attachment":"scroll","background-type":"","background-media":"","overlay-type":"","overlay-color":"","overlay-opacity":"","overlay-gradient":""},"mobile":{"background-color":"var(--ast-global-color-5)","background-image":"","background-repeat":"repeat","background-position":"center center","background-size":"auto","background-attachment":"scroll","background-type":"","background-media":"","overlay-type":"","overlay-color":"","overlay-opacity":"","overlay-gradient":""}}},"product_brand":[],"product_cat":[1000],"product_tag":[],"class_list":{"0":"post-46805","1":"product","2":"type-product","3":"status-publish","4":"has-post-thumbnail","6":"product_cat-tur-camping-og-fritidsutstyr","7":"pa_16332_60mxzxd9-a","8":"pa_16332_60mxzxd9-b","9":"pa_16332_60mxzxd9-c","10":"pa_16332_60mxzxd9-d","11":"pa_16332_60mxzxd9-e","12":"pa_16332_60mxzxd9-f","13":"pa_16332_60mxzxd9-g","14":"pa_16332_60mxzxd9-h","15":"pa_16332_60mxzxd9-i","16":"pa_16332_60mxzxd9-j","17":"desktop-align-left","18":"tablet-align-left","19":"mobile-align-left","21":"first","22":"instock","23":"shipping-taxable","24":"purchasable","25":"product-type-variable"},"_links":{"self":[{"href":"https:\/\/keluvo.com\/no\/wp-json\/wp\/v2\/product\/46805","targetHints":{"allow":["GET"]}}],"collection":[{"href":"https:\/\/keluvo.com\/no\/wp-json\/wp\/v2\/product"}],"about":[{"href":"https:\/\/keluvo.com\/no\/wp-json\/wp\/v2\/types\/product"}],"replies":[{"embeddable":true,"href":"https:\/\/keluvo.com\/no\/wp-json\/wp\/v2\/comments?post=46805"}],"wp:featuredmedia":[{"embeddable":true,"href":"https:\/\/keluvo.com\/no\/wp-json\/wp\/v2\/media\/46801"}],"wp:attachment":[{"href":"https:\/\/keluvo.com\/no\/wp-json\/wp\/v2\/media?parent=46805"}],"wp:term":[{"taxonomy":"product_brand","embeddable":true,"href":"https:\/\/keluvo.com\/no\/wp-json\/wp\/v2\/product_brand?post=46805"},{"taxonomy":"product_cat","embeddable":true,"href":"https:\/\/keluvo.com\/no\/wp-json\/wp\/v2\/product_cat?post=46805"},{"taxonomy":"product_tag","embeddable":true,"href":"https:\/\/keluvo.com\/no\/wp-json\/wp\/v2\/product_tag?post=46805"}],"curies":[{"name":"wp","href":"https:\/\/api.w.org\/{rel}","templated":true}]}}