{"id":46757,"date":"2025-09-29T16:30:39","date_gmt":"2025-09-29T13:30:39","guid":{"rendered":"https:\/\/keluvo.com\/no\/produkt\/elastiske-skolisser-4-stk\/"},"modified":"2025-10-16T19:31:44","modified_gmt":"2025-10-16T16:31:44","slug":"elastiske-skolisser-4-stk","status":"publish","type":"product","link":"https:\/\/keluvo.com\/no\/produkt\/elastiske-skolisser-4-stk\/","title":{"rendered":"Elastiske skolisser (4 stk)"},"content":{"rendered":"<p style=\"text-align: center;\" data-start=\"149\" data-end=\"214\"><strong>Gj\u00f8r alle sko om til slip-ons med elastiske skolisser uten knyting. \ud83d\udc5f<\/strong><\/p>\n<p style=\"text-align: center;\" data-start=\"216\" data-end=\"484\">Disse elastiske skolissene gj\u00f8r det raskere, enklere og mer komfortabelt \u00e5 bruke sko. Med en enkel slip-on\/slip-off-design trenger du aldri \u00e5 knytte eller l\u00f8sne lissene igjen. Perfekt for barn, voksne, idrettsut\u00f8vere og alle som \u00f8nsker bekvemmelighet uten \u00e5 g\u00e5 p\u00e5 bekostning av stilen.<\/p>\n<p data-start=\"216\" data-end=\"484\"><img decoding=\"async\" class=\"size-full wp-image-35014 aligncenter\" src=\"https:\/\/keluvo.com\/template\/wp-content\/uploads\/sites\/5\/2025\/09\/Hcc315962a29244babd9ba8c869415c2aF.jpg\" alt=\"\" \/><\/p>\n<h2 style=\"text-align: center;\" data-start=\"491\" data-end=\"513\">\ud83c\udf1f Hovedside fordeler<\/h2>\n<p data-start=\"516\" data-end=\"556\">\u23f1\ufe0f Spar tid &#8211; slutt p\u00e5 \u00e5 knyte skolissene<\/p>\n<p data-start=\"516\" data-end=\"556\">\ud83d\udc5f Slip-on\/slip-off-design gj\u00f8r skoene enklere \u00e5 bruke<\/p>\n<p data-start=\"516\" data-end=\"556\">\ud83e\uddd2 Flott for barn, eldre, og personer med begrenset bevegelighet<\/p>\n<p data-start=\"516\" data-end=\"556\">\ud83c\udfc3 Ideell for l\u00f8pere og idrettsut\u00f8vere som trenger raske overganger<\/p>\n<p data-start=\"516\" data-end=\"556\">\ud83c\udfa8 Finnes i 19 farger som passer til alle sko<\/p>\n<p data-start=\"516\" data-end=\"556\">\ud83d\udd12 Sikker passform med slitesterke metallspenner<\/p>\n<p data-start=\"796\" data-end=\"838\"><img decoding=\"async\" class=\"size-full wp-image-35018 aligncenter\" src=\"https:\/\/keluvo.com\/template\/wp-content\/uploads\/sites\/5\/2025\/09\/a83acfaf-3537-485e-ba1b-d9deb268c148.webp\" alt=\"\" \/><\/p>\n<h2 style=\"text-align: center;\" data-start=\"845\" data-end=\"864\">\ud83d\udcdd Slik bruker du dem<\/h2>\n<ol data-start=\"865\" data-end=\"1122\">\n<li data-start=\"865\" data-end=\"942\">Sett de elastiske lissene inn i skoene dine som du ville gjort med vanlige lisser.<\/li>\n<li data-start=\"865\" data-end=\"942\">Fest de medf\u00f8lgende metallspennene for \u00e5 l\u00e5se lissene p\u00e5 plass.<\/li>\n<li data-start=\"865\" data-end=\"942\">Juster strammingen til ditt eget komfortniv\u00e5.<\/li>\n<li data-start=\"865\" data-end=\"942\">Ta av og p\u00e5 skoene uten \u00e5 m\u00e5tte knyte lissene igjen.<\/li>\n<\/ol>\n<h2 style=\"text-align: center;\" data-start=\"1129\" data-end=\"1153\">\ud83d\udccf Produktdetaljer<\/h2>\n<ul data-start=\"1154\" data-end=\"1323\">\n<li data-start=\"1154\" data-end=\"1208\">Materiale: Elastisk tau + metallspenne av h\u00f8y kvalitet<\/li>\n<li data-start=\"1154\" data-end=\"1208\">Lengde: 103 cm<\/li>\n<li data-start=\"1154\" data-end=\"1208\">Bredde: 0,7 cm<\/li>\n<li data-start=\"1154\" data-end=\"1208\">Passform: En st\u00f8rrelse passer alle (barn og voksne)<\/li>\n<\/ul>\n<h2 style=\"text-align: center;\" data-start=\"1330\" data-end=\"1355\">\ud83d\udce6 Pakken inneholder<\/h2>\n<ul data-start=\"1356\" data-end=\"1412\">\n<li data-start=\"1356\" data-end=\"1390\">\n<p data-start=\"1358\" data-end=\"1390\">4x par elastiske skolisser<\/p>\n<\/li>\n<li data-start=\"1391\" data-end=\"1412\">\n<p data-start=\"1393\" data-end=\"1412\">16x metallspenner.<\/p>\n<\/li>\n<\/ul>\n","protected":false},"excerpt":{"rendered":"<p>Gj\u00f8r alle sko om til slip-ons med elastiske skolisser uten knyting. \ud83d\udc5f Disse elastiske skolissene gj\u00f8r det raskere, enklere og [&hellip;]<\/p>\n","protected":false},"featured_media":46753,"comment_status":"open","ping_status":"closed","template":"","meta":{"site-sidebar-layout":"default","site-content-layout":"","ast-site-content-layout":"default","site-content-style":"default","site-sidebar-style":"default","ast-global-header-display":"","ast-banner-title-visibility":"","ast-main-header-display":"","ast-hfb-above-header-display":"","ast-hfb-below-header-display":"","ast-hfb-mobile-header-display":"","site-post-title":"","ast-breadcrumbs-content":"","ast-featured-img":"","footer-sml-layout":"","theme-transparent-header-meta":"default","adv-header-id-meta":"","stick-header-meta":"","header-above-stick-meta":"","header-main-stick-meta":"","header-below-stick-meta":"","astra-migrate-meta-layouts":"set","ast-page-background-enabled":"default","ast-page-background-meta":{"desktop":{"background-color":"var(--ast-global-color-4)","background-image":"","background-repeat":"repeat","background-position":"center center","background-size":"auto","background-attachment":"scroll","background-type":"","background-media":"","overlay-type":"","overlay-color":"","overlay-opacity":"","overlay-gradient":""},"tablet":{"background-color":"","background-image":"","background-repeat":"repeat","background-position":"center center","background-size":"auto","background-attachment":"scroll","background-type":"","background-media":"","overlay-type":"","overlay-color":"","overlay-opacity":"","overlay-gradient":""},"mobile":{"background-color":"","background-image":"","background-repeat":"repeat","background-position":"center center","background-size":"auto","background-attachment":"scroll","background-type":"","background-media":"","overlay-type":"","overlay-color":"","overlay-opacity":"","overlay-gradient":""}},"ast-content-background-meta":{"desktop":{"background-color":"var(--ast-global-color-5)","background-image":"","background-repeat":"repeat","background-position":"center center","background-size":"auto","background-attachment":"scroll","background-type":"","background-media":"","overlay-type":"","overlay-color":"","overlay-opacity":"","overlay-gradient":""},"tablet":{"background-color":"var(--ast-global-color-5)","background-image":"","background-repeat":"repeat","background-position":"center center","background-size":"auto","background-attachment":"scroll","background-type":"","background-media":"","overlay-type":"","overlay-color":"","overlay-opacity":"","overlay-gradient":""},"mobile":{"background-color":"var(--ast-global-color-5)","background-image":"","background-repeat":"repeat","background-position":"center center","background-size":"auto","background-attachment":"scroll","background-type":"","background-media":"","overlay-type":"","overlay-color":"","overlay-opacity":"","overlay-gradient":""}}},"product_brand":[],"product_cat":[993],"product_tag":[],"class_list":{"0":"post-46757","1":"product","2":"type-product","3":"status-publish","4":"has-post-thumbnail","6":"product_cat-skotoy-tilbehor","7":"pa_16320_r8fttidg-beige","8":"pa_16320_r8fttidg-brun","9":"pa_16320_r8fttidg-gronn","10":"pa_16320_r8fttidg-gul","11":"pa_16320_r8fttidg-hvit","12":"pa_16320_r8fttidg-khaki","13":"pa_16320_r8fttidg-lilla","14":"pa_16320_r8fttidg-lysebla","15":"pa_16320_r8fttidg-lysegra","16":"pa_16320_r8fttidg-marinebla","17":"pa_16320_r8fttidg-morkebla","18":"pa_16320_r8fttidg-morkegra","19":"pa_16320_r8fttidg-morkerod","20":"pa_16320_r8fttidg-oransje","21":"pa_16320_r8fttidg-rod","22":"pa_16320_r8fttidg-rosa","23":"pa_16320_r8fttidg-rosenrod","24":"pa_16320_r8fttidg-svart","25":"desktop-align-left","26":"tablet-align-left","27":"mobile-align-left","29":"first","30":"instock","31":"shipping-taxable","32":"purchasable","33":"product-type-variable"},"_links":{"self":[{"href":"https:\/\/keluvo.com\/no\/wp-json\/wp\/v2\/product\/46757","targetHints":{"allow":["GET"]}}],"collection":[{"href":"https:\/\/keluvo.com\/no\/wp-json\/wp\/v2\/product"}],"about":[{"href":"https:\/\/keluvo.com\/no\/wp-json\/wp\/v2\/types\/product"}],"replies":[{"embeddable":true,"href":"https:\/\/keluvo.com\/no\/wp-json\/wp\/v2\/comments?post=46757"}],"wp:featuredmedia":[{"embeddable":true,"href":"https:\/\/keluvo.com\/no\/wp-json\/wp\/v2\/media\/46753"}],"wp:attachment":[{"href":"https:\/\/keluvo.com\/no\/wp-json\/wp\/v2\/media?parent=46757"}],"wp:term":[{"taxonomy":"product_brand","embeddable":true,"href":"https:\/\/keluvo.com\/no\/wp-json\/wp\/v2\/product_brand?post=46757"},{"taxonomy":"product_cat","embeddable":true,"href":"https:\/\/keluvo.com\/no\/wp-json\/wp\/v2\/product_cat?post=46757"},{"taxonomy":"product_tag","embeddable":true,"href":"https:\/\/keluvo.com\/no\/wp-json\/wp\/v2\/product_tag?post=46757"}],"curies":[{"name":"wp","href":"https:\/\/api.w.org\/{rel}","templated":true}]}}