{"id":46471,"date":"2025-09-25T15:15:27","date_gmt":"2025-09-25T12:15:27","guid":{"rendered":"https:\/\/keluvo.com\/no\/produkt\/oppbevaringskurv-2\/"},"modified":"2025-09-25T15:15:33","modified_gmt":"2025-09-25T12:15:33","slug":"oppbevaringskurv-2","status":"publish","type":"product","link":"https:\/\/keluvo.com\/no\/produkt\/oppbevaringskurv-2\/","title":{"rendered":"Oppbevaringskurv"},"content":{"rendered":"<p style=\"text-align: center\" data-start=\"105\" data-end=\"165\"><strong>\ud83e\uddfa Legg til ekstra oppbevaringsplass p\u00e5 et \u00f8yeblikk &#8211; hvor som helst du trenger det!<\/strong><\/p>\n<p style=\"text-align: center\" data-start=\"167\" data-end=\"314\">Denne oppbevaringskurven i netting er den perfekte opprydderen for bilen, kj\u00f8kkenet, badet eller kontoret. Bare sett den p\u00e5 og begynn \u00e5 organisere p\u00e5 sekunder.<\/p>\n<p data-start=\"167\" data-end=\"314\"><img decoding=\"async\" class=\"size-full wp-image-26523 aligncenter\" src=\"https:\/\/keluvo.com\/template\/wp-content\/uploads\/sites\/5\/2025\/07\/07029-ezgif.com-video-to-webp-converter.webp\" alt=\"\" \/><\/p>\n<h2 style=\"text-align: center\" data-start=\"316\" data-end=\"336\"><strong>\u2705 Hovedfordeler<\/strong><\/h2>\n<p data-start=\"339\" data-end=\"387\">\ud83d\udccc Selvklebende design &#8211; ingen boring, ingen verkt\u00f8y!<\/p>\n<p data-start=\"390\" data-end=\"441\">\ud83e\uddfd Oppbevaring av h\u00e5ndkl\u00e6r, v\u00e5tservietter, s\u00f8ppelsekker, leker og mer<\/p>\n<p data-start=\"444\" data-end=\"499\">\ud83d\udcaa Slitesterkt elastisk netting holder ting sikkert p\u00e5 plass<\/p>\n<p data-start=\"502\" data-end=\"558\">\ud83d\ude97 Ideell for biler, bobiler, pulter, skap og sm\u00e5 rom<\/p>\n<p data-start=\"561\" data-end=\"609\">\ud83d\udd01 Kan flyttes og er enkel \u00e5 montere p\u00e5 seconds<\/p>\n<p data-start=\"561\" data-end=\"609\"><img decoding=\"async\" class=\"size-full wp-image-26524 aligncenter\" src=\"https:\/\/keluvo.com\/template\/wp-content\/uploads\/sites\/5\/2025\/07\/13c5ffaf-c3d0-4485-ac39-4c020d938c6d.webp\" alt=\"\" \/><\/p>\n<h2 style=\"text-align: center\" data-start=\"611\" data-end=\"630\"><strong>\ud83d\udee0\ufe0f Slik Bruker Du Det<\/strong><\/h2>\n<ol data-start=\"631\" data-end=\"775\">\n<li data-start=\"631\" data-end=\"679\">\n<p data-start=\"634\" data-end=\"679\">Rengj\u00f8r overflaten der du vil feste det.<\/p>\n<\/li>\n<li data-start=\"680\" data-end=\"713\">\n<p data-start=\"683\" data-end=\"713\">Trekk av den selvklebende baksiden.<\/p>\n<\/li>\n<li data-start=\"714\" data-end=\"754\">\n<p data-start=\"717\" data-end=\"754\">Trykk nettingposen godt p\u00e5 plass.<\/p>\n<\/li>\n<li data-start=\"755\" data-end=\"775\">\n<p data-start=\"758\" data-end=\"775\">Begynn \u00e5 organisere!<\/p>\n<\/li>\n<\/ol>\n<h2 style=\"text-align: center\" data-start=\"777\" data-end=\"800\"><strong>\ud83d\udcd0 Produktdetaljer<\/strong><\/h2>\n<ul data-start=\"801\" data-end=\"917\">\n<li data-start=\"801\" data-end=\"846\">\n<p data-start=\"803\" data-end=\"846\">St\u00f8rrelse: 40&#215;25 cm<\/p>\n<\/li>\n<li data-start=\"847\" data-end=\"893\">\n<p data-start=\"849\" data-end=\"893\">Materiale: T\u00f8yelig netting + sterkt klebemiddel<\/p>\n<\/li>\n<li data-start=\"894\" data-end=\"917\">\n<p data-start=\"896\" data-end=\"917\">Vaskbar og gjenbrukbar<\/p>\n<\/li>\n<\/ul>\n<h2 style=\"text-align: center\" data-start=\"919\" data-end=\"943\"><strong>\ud83d\udce6 Pakken Inneholder<\/strong><\/h2>\n<ul data-start=\"944\" data-end=\"986\">\n<li data-start=\"944\" data-end=\"986\">\n<p data-start=\"946\" data-end=\"986\">3, 6x oppbevaringskurv (med teip).<\/p>\n<\/li>\n<\/ul>\n","protected":false},"excerpt":{"rendered":"<p>\ud83e\uddfa Legg til ekstra oppbevaringsplass p\u00e5 et \u00f8yeblikk &#8211; hvor som helst du trenger det! Denne oppbevaringskurven i netting er [&hellip;]<\/p>\n","protected":false},"featured_media":46467,"comment_status":"open","ping_status":"closed","template":"","meta":{"site-sidebar-layout":"default","site-content-layout":"","ast-site-content-layout":"default","site-content-style":"default","site-sidebar-style":"default","ast-global-header-display":"","ast-banner-title-visibility":"","ast-main-header-display":"","ast-hfb-above-header-display":"","ast-hfb-below-header-display":"","ast-hfb-mobile-header-display":"","site-post-title":"","ast-breadcrumbs-content":"","ast-featured-img":"","footer-sml-layout":"","theme-transparent-header-meta":"default","adv-header-id-meta":"","stick-header-meta":"","header-above-stick-meta":"","header-main-stick-meta":"","header-below-stick-meta":"","astra-migrate-meta-layouts":"set","ast-page-background-enabled":"default","ast-page-background-meta":{"desktop":{"background-color":"var(--ast-global-color-4)","background-image":"","background-repeat":"repeat","background-position":"center center","background-size":"auto","background-attachment":"scroll","background-type":"","background-media":"","overlay-type":"","overlay-color":"","overlay-opacity":"","overlay-gradient":""},"tablet":{"background-color":"","background-image":"","background-repeat":"repeat","background-position":"center center","background-size":"auto","background-attachment":"scroll","background-type":"","background-media":"","overlay-type":"","overlay-color":"","overlay-opacity":"","overlay-gradient":""},"mobile":{"background-color":"","background-image":"","background-repeat":"repeat","background-position":"center center","background-size":"auto","background-attachment":"scroll","background-type":"","background-media":"","overlay-type":"","overlay-color":"","overlay-opacity":"","overlay-gradient":""}},"ast-content-background-meta":{"desktop":{"background-color":"var(--ast-global-color-5)","background-image":"","background-repeat":"repeat","background-position":"center center","background-size":"auto","background-attachment":"scroll","background-type":"","background-media":"","overlay-type":"","overlay-color":"","overlay-opacity":"","overlay-gradient":""},"tablet":{"background-color":"var(--ast-global-color-5)","background-image":"","background-repeat":"repeat","background-position":"center center","background-size":"auto","background-attachment":"scroll","background-type":"","background-media":"","overlay-type":"","overlay-color":"","overlay-opacity":"","overlay-gradient":""},"mobile":{"background-color":"var(--ast-global-color-5)","background-image":"","background-repeat":"repeat","background-position":"center center","background-size":"auto","background-attachment":"scroll","background-type":"","background-media":"","overlay-type":"","overlay-color":"","overlay-opacity":"","overlay-gradient":""}}},"product_brand":[],"product_cat":[1001],"product_tag":[],"class_list":{"0":"post-46471","1":"product","2":"type-product","3":"status-publish","4":"has-post-thumbnail","6":"product_cat-husholdningsartikler","7":"pa_19312_3ajsdshi-3-stk","8":"pa_19312_3ajsdshi-6-stk","9":"desktop-align-left","10":"tablet-align-left","11":"mobile-align-left","13":"first","14":"instock","15":"shipping-taxable","16":"purchasable","17":"product-type-variable"},"_links":{"self":[{"href":"https:\/\/keluvo.com\/no\/wp-json\/wp\/v2\/product\/46471","targetHints":{"allow":["GET"]}}],"collection":[{"href":"https:\/\/keluvo.com\/no\/wp-json\/wp\/v2\/product"}],"about":[{"href":"https:\/\/keluvo.com\/no\/wp-json\/wp\/v2\/types\/product"}],"replies":[{"embeddable":true,"href":"https:\/\/keluvo.com\/no\/wp-json\/wp\/v2\/comments?post=46471"}],"wp:featuredmedia":[{"embeddable":true,"href":"https:\/\/keluvo.com\/no\/wp-json\/wp\/v2\/media\/46467"}],"wp:attachment":[{"href":"https:\/\/keluvo.com\/no\/wp-json\/wp\/v2\/media?parent=46471"}],"wp:term":[{"taxonomy":"product_brand","embeddable":true,"href":"https:\/\/keluvo.com\/no\/wp-json\/wp\/v2\/product_brand?post=46471"},{"taxonomy":"product_cat","embeddable":true,"href":"https:\/\/keluvo.com\/no\/wp-json\/wp\/v2\/product_cat?post=46471"},{"taxonomy":"product_tag","embeddable":true,"href":"https:\/\/keluvo.com\/no\/wp-json\/wp\/v2\/product_tag?post=46471"}],"curies":[{"name":"wp","href":"https:\/\/api.w.org\/{rel}","templated":true}]}}