{"id":44754,"date":"2025-09-09T14:54:12","date_gmt":"2025-09-09T11:54:12","guid":{"rendered":"https:\/\/keluvo.com\/no\/produkt\/belte-uten-spenner\/"},"modified":"2025-09-09T14:54:17","modified_gmt":"2025-09-09T11:54:17","slug":"belte-uten-spenner","status":"publish","type":"product","link":"https:\/\/keluvo.com\/no\/produkt\/belte-uten-spenner\/","title":{"rendered":"Belte uten spenner"},"content":{"rendered":"<h2 class=\"\" style=\"text-align: center\" data-start=\"59\" data-end=\"76\">Lett \u00e5 ha p\u00e5<\/h2>\n<p class=\"\" style=\"text-align: center\" data-start=\"77\" data-end=\"245\">Det spennefrie beltet er enkelt \u00e5 ta av og p\u00e5. Du trenger ikke \u00e5 forholde deg til en metallspenne, noe som sparer tid. Bare klikk det p\u00e5 sidene, s\u00e5 er du klar til \u00e5 g\u00e5.<\/p>\n<p data-start=\"77\" data-end=\"245\"><img decoding=\"async\" class=\"alignnone size-medium wp-image-13628 aligncenter\" src=\"https:\/\/keluvo.com\/template\/wp-content\/uploads\/sites\/5\/2025\/04\/S48f1b097398f4fd7b7e18c2cfdf959d8t.jpg_960x960q75.jpg_.jpeg\" alt=\"\" \/><\/p>\n<h2 class=\"\" style=\"text-align: center\" data-start=\"246\" data-end=\"266\">Komfortabel Passform<\/h2>\n<p class=\"\" style=\"text-align: center\" data-start=\"267\" data-end=\"439\">Laget av mykt og elastisk materiale, beveger det spennefrie beltet seg med kroppen din. Det holder seg p\u00e5 plass hele dagen uten \u00e5 f\u00f8les stramt. Perfekt for b\u00e5de fritid og aktiv bruk.<\/p>\n<p data-start=\"267\" data-end=\"439\"><img decoding=\"async\" class=\"alignnone size-medium wp-image-13627 aligncenter\" src=\"https:\/\/keluvo.com\/template\/wp-content\/uploads\/sites\/5\/2025\/04\/S38cb39d12449472aa6883aba630b9bdec.jpg_960x960q75.jpg_.jpeg\" alt=\"\" \/><\/p>\n","protected":false},"excerpt":{"rendered":"<p>Lett \u00e5 ha p\u00e5 Det spennefrie beltet er enkelt \u00e5 ta av og p\u00e5. Du trenger ikke \u00e5 forholde deg [&hellip;]<\/p>\n","protected":false},"featured_media":44750,"comment_status":"open","ping_status":"closed","template":"","meta":{"site-sidebar-layout":"default","site-content-layout":"","ast-site-content-layout":"default","site-content-style":"default","site-sidebar-style":"default","ast-global-header-display":"","ast-banner-title-visibility":"","ast-main-header-display":"","ast-hfb-above-header-display":"","ast-hfb-below-header-display":"","ast-hfb-mobile-header-display":"","site-post-title":"","ast-breadcrumbs-content":"","ast-featured-img":"","footer-sml-layout":"","theme-transparent-header-meta":"default","adv-header-id-meta":"","stick-header-meta":"","header-above-stick-meta":"","header-main-stick-meta":"","header-below-stick-meta":"","astra-migrate-meta-layouts":"set","ast-page-background-enabled":"default","ast-page-background-meta":{"desktop":{"background-color":"var(--ast-global-color-4)","background-image":"","background-repeat":"repeat","background-position":"center center","background-size":"auto","background-attachment":"scroll","background-type":"","background-media":"","overlay-type":"","overlay-color":"","overlay-opacity":"","overlay-gradient":""},"tablet":{"background-color":"","background-image":"","background-repeat":"repeat","background-position":"center center","background-size":"auto","background-attachment":"scroll","background-type":"","background-media":"","overlay-type":"","overlay-color":"","overlay-opacity":"","overlay-gradient":""},"mobile":{"background-color":"","background-image":"","background-repeat":"repeat","background-position":"center center","background-size":"auto","background-attachment":"scroll","background-type":"","background-media":"","overlay-type":"","overlay-color":"","overlay-opacity":"","overlay-gradient":""}},"ast-content-background-meta":{"desktop":{"background-color":"var(--ast-global-color-5)","background-image":"","background-repeat":"repeat","background-position":"center center","background-size":"auto","background-attachment":"scroll","background-type":"","background-media":"","overlay-type":"","overlay-color":"","overlay-opacity":"","overlay-gradient":""},"tablet":{"background-color":"var(--ast-global-color-5)","background-image":"","background-repeat":"repeat","background-position":"center center","background-size":"auto","background-attachment":"scroll","background-type":"","background-media":"","overlay-type":"","overlay-color":"","overlay-opacity":"","overlay-gradient":""},"mobile":{"background-color":"var(--ast-global-color-5)","background-image":"","background-repeat":"repeat","background-position":"center center","background-size":"auto","background-attachment":"scroll","background-type":"","background-media":"","overlay-type":"","overlay-color":"","overlay-opacity":"","overlay-gradient":""}}},"product_brand":[],"product_cat":[993],"product_tag":[],"class_list":{"0":"post-44754","1":"product","2":"type-product","3":"status-publish","4":"has-post-thumbnail","6":"product_cat-skotoy-tilbehor","7":"pa_45898_cwpg3nx5-kaffe","8":"pa_45898_cwpg3nx5-svart","9":"desktop-align-left","10":"tablet-align-left","11":"mobile-align-left","13":"first","14":"instock","15":"shipping-taxable","16":"purchasable","17":"product-type-variable"},"_links":{"self":[{"href":"https:\/\/keluvo.com\/no\/wp-json\/wp\/v2\/product\/44754","targetHints":{"allow":["GET"]}}],"collection":[{"href":"https:\/\/keluvo.com\/no\/wp-json\/wp\/v2\/product"}],"about":[{"href":"https:\/\/keluvo.com\/no\/wp-json\/wp\/v2\/types\/product"}],"replies":[{"embeddable":true,"href":"https:\/\/keluvo.com\/no\/wp-json\/wp\/v2\/comments?post=44754"}],"wp:featuredmedia":[{"embeddable":true,"href":"https:\/\/keluvo.com\/no\/wp-json\/wp\/v2\/media\/44750"}],"wp:attachment":[{"href":"https:\/\/keluvo.com\/no\/wp-json\/wp\/v2\/media?parent=44754"}],"wp:term":[{"taxonomy":"product_brand","embeddable":true,"href":"https:\/\/keluvo.com\/no\/wp-json\/wp\/v2\/product_brand?post=44754"},{"taxonomy":"product_cat","embeddable":true,"href":"https:\/\/keluvo.com\/no\/wp-json\/wp\/v2\/product_cat?post=44754"},{"taxonomy":"product_tag","embeddable":true,"href":"https:\/\/keluvo.com\/no\/wp-json\/wp\/v2\/product_tag?post=44754"}],"curies":[{"name":"wp","href":"https:\/\/api.w.org\/{rel}","templated":true}]}}