{"id":44691,"date":"2025-09-09T14:52:15","date_gmt":"2025-09-09T11:52:15","guid":{"rendered":"https:\/\/keluvo.com\/no\/produkt\/sapeskal-2\/"},"modified":"2025-09-09T14:52:28","modified_gmt":"2025-09-09T11:52:28","slug":"sapeskal-2","status":"publish","type":"product","link":"https:\/\/keluvo.com\/no\/produkt\/sapeskal-2\/","title":{"rendered":"S\u00e5pesk\u00e5l"},"content":{"rendered":"<h2 class=\"\" style=\"text-align: center\" data-start=\"85\" data-end=\"101\">Enkel \u00e5 Bruke<\/h2>\n<p class=\"\" style=\"text-align: center\" data-start=\"102\" data-end=\"290\">S\u00e5pesk\u00e5lboksen har et enkelt lokk som er lett \u00e5 \u00e5pne. Plasser s\u00e5pen mellom svamprullene, og den vil raskt danne skum. Det hjelper deg med \u00e5 vaske uten \u00e5 m\u00e5tte gni s\u00e5pen for h\u00e5nd.<\/p>\n<p style=\"text-align: center\" data-start=\"102\" data-end=\"290\"><img decoding=\"async\" class=\"alignnone size-medium wp-image-13614\" src=\"https:\/\/keluvo.com\/template\/wp-content\/uploads\/sites\/5\/2025\/04\/S9c32373993644e60b29e97f8d55b2060N.jpg_960x960q75.jpg_.jpeg\" alt=\"\" \/><\/p>\n<h2 class=\"\" style=\"text-align: center\" data-start=\"292\" data-end=\"311\">Holder S\u00e5pen T\u00f8rr<\/h2>\n<p class=\"\" style=\"text-align: center\" data-start=\"312\" data-end=\"510\">S\u00e5peholderen har sm\u00e5 hull i bunnen slik at vannet kan renne ut. Dette forhindrer at s\u00e5pen blir myk eller \u00f8delagt. Du kan ogs\u00e5 plassere s\u00e5pen p\u00e5 lokket hvis du \u00f8nsker \u00e5 holde den utenfor boksen.<\/p>\n<p data-start=\"312\" data-end=\"510\"><img decoding=\"async\" class=\"alignnone size-medium wp-image-13620 aligncenter\" src=\"https:\/\/keluvo.com\/template\/wp-content\/uploads\/sites\/5\/2025\/04\/Sb1ba1972d63043d2b86a1f42b0631871W.jpg_960x960q75.jpg_.jpeg\" alt=\"\" \/><\/p>\n","protected":false},"excerpt":{"rendered":"<p>Enkel \u00e5 Bruke S\u00e5pesk\u00e5lboksen har et enkelt lokk som er lett \u00e5 \u00e5pne. Plasser s\u00e5pen mellom svamprullene, og den vil [&hellip;]<\/p>\n","protected":false},"featured_media":44687,"comment_status":"open","ping_status":"closed","template":"","meta":{"site-sidebar-layout":"default","site-content-layout":"","ast-site-content-layout":"default","site-content-style":"default","site-sidebar-style":"default","ast-global-header-display":"","ast-banner-title-visibility":"","ast-main-header-display":"","ast-hfb-above-header-display":"","ast-hfb-below-header-display":"","ast-hfb-mobile-header-display":"","site-post-title":"","ast-breadcrumbs-content":"","ast-featured-img":"","footer-sml-layout":"","theme-transparent-header-meta":"default","adv-header-id-meta":"","stick-header-meta":"","header-above-stick-meta":"","header-main-stick-meta":"","header-below-stick-meta":"","astra-migrate-meta-layouts":"set","ast-page-background-enabled":"default","ast-page-background-meta":{"desktop":{"background-color":"var(--ast-global-color-4)","background-image":"","background-repeat":"repeat","background-position":"center center","background-size":"auto","background-attachment":"scroll","background-type":"","background-media":"","overlay-type":"","overlay-color":"","overlay-opacity":"","overlay-gradient":""},"tablet":{"background-color":"","background-image":"","background-repeat":"repeat","background-position":"center center","background-size":"auto","background-attachment":"scroll","background-type":"","background-media":"","overlay-type":"","overlay-color":"","overlay-opacity":"","overlay-gradient":""},"mobile":{"background-color":"","background-image":"","background-repeat":"repeat","background-position":"center center","background-size":"auto","background-attachment":"scroll","background-type":"","background-media":"","overlay-type":"","overlay-color":"","overlay-opacity":"","overlay-gradient":""}},"ast-content-background-meta":{"desktop":{"background-color":"var(--ast-global-color-5)","background-image":"","background-repeat":"repeat","background-position":"center center","background-size":"auto","background-attachment":"scroll","background-type":"","background-media":"","overlay-type":"","overlay-color":"","overlay-opacity":"","overlay-gradient":""},"tablet":{"background-color":"var(--ast-global-color-5)","background-image":"","background-repeat":"repeat","background-position":"center center","background-size":"auto","background-attachment":"scroll","background-type":"","background-media":"","overlay-type":"","overlay-color":"","overlay-opacity":"","overlay-gradient":""},"mobile":{"background-color":"var(--ast-global-color-5)","background-image":"","background-repeat":"repeat","background-position":"center center","background-size":"auto","background-attachment":"scroll","background-type":"","background-media":"","overlay-type":"","overlay-color":"","overlay-opacity":"","overlay-gradient":""}}},"product_brand":[],"product_cat":[993],"product_tag":[],"class_list":{"0":"post-44691","1":"product","2":"type-product","3":"status-publish","4":"has-post-thumbnail","6":"product_cat-skotoy-tilbehor","7":"pa_17869_puu5tiy6-bla","8":"pa_17869_puu5tiy6-gul","9":"pa_17869_puu5tiy6-hvit","10":"pa_17869_puu5tiy6-rosa","11":"desktop-align-left","12":"tablet-align-left","13":"mobile-align-left","15":"first","16":"instock","17":"shipping-taxable","18":"purchasable","19":"product-type-variable"},"_links":{"self":[{"href":"https:\/\/keluvo.com\/no\/wp-json\/wp\/v2\/product\/44691","targetHints":{"allow":["GET"]}}],"collection":[{"href":"https:\/\/keluvo.com\/no\/wp-json\/wp\/v2\/product"}],"about":[{"href":"https:\/\/keluvo.com\/no\/wp-json\/wp\/v2\/types\/product"}],"replies":[{"embeddable":true,"href":"https:\/\/keluvo.com\/no\/wp-json\/wp\/v2\/comments?post=44691"}],"wp:featuredmedia":[{"embeddable":true,"href":"https:\/\/keluvo.com\/no\/wp-json\/wp\/v2\/media\/44687"}],"wp:attachment":[{"href":"https:\/\/keluvo.com\/no\/wp-json\/wp\/v2\/media?parent=44691"}],"wp:term":[{"taxonomy":"product_brand","embeddable":true,"href":"https:\/\/keluvo.com\/no\/wp-json\/wp\/v2\/product_brand?post=44691"},{"taxonomy":"product_cat","embeddable":true,"href":"https:\/\/keluvo.com\/no\/wp-json\/wp\/v2\/product_cat?post=44691"},{"taxonomy":"product_tag","embeddable":true,"href":"https:\/\/keluvo.com\/no\/wp-json\/wp\/v2\/product_tag?post=44691"}],"curies":[{"name":"wp","href":"https:\/\/api.w.org\/{rel}","templated":true}]}}