{"id":44679,"date":"2025-09-09T14:51:43","date_gmt":"2025-09-09T11:51:43","guid":{"rendered":"https:\/\/keluvo.com\/no\/produkt\/sett-med-trykknapper\/"},"modified":"2025-09-22T18:52:50","modified_gmt":"2025-09-22T15:52:50","slug":"sett-med-trykknapper","status":"publish","type":"product","link":"https:\/\/keluvo.com\/no\/produkt\/sett-med-trykknapper\/","title":{"rendered":"Sett med trykknapper"},"content":{"rendered":"<h2 style=\"text-align: center\">Holdbare Trykknappmaterialer<\/h2>\n<p style=\"text-align: center\">Settet med trykknapper inneholder 50 metallknapper i rustfritt st\u00e5l, noe som sikrer lang holdbarhet. Disse trykknappene er rustfrie, korrosjonsbestandige og utformet for \u00e5 t\u00e5le daglig bruk uten \u00e5 brekke eller deformeres. Perfekt for prosjekter som krever sterke og p\u00e5litelige festeanordninger.<\/p>\n<p><img decoding=\"async\" class=\"alignnone size-medium wp-image-7107 aligncenter\" src=\"https:\/\/keluvo.com\/template\/wp-content\/uploads\/sites\/5\/2025\/01\/20edfef8-0263-4257-9ac2-4c0995feb4ab.webp\" alt=\"\" \/><\/p>\n<h2 style=\"text-align: center\">Ergonomisk H\u00e5ndtrykkstang<\/h2>\n<p style=\"text-align: center\">Dette settet inneholder en manuell tang med sklisikre, ergonomiske h\u00e5ndtak som gj\u00f8r den behagelig \u00e5 holde i og enkel \u00e5 bruke. Tangen er utformet for \u00e5 redusere tretthet i hendene ved langvarig bruk, og gir presis kontroll og gj\u00f8r det raskt og enkelt \u00e5 montere skruer, selv for nybegynnere.<\/p>\n<p><img decoding=\"async\" class=\"size-medium wp-image-7114 aligncenter\" src=\"https:\/\/keluvo.com\/template\/wp-content\/uploads\/sites\/5\/2025\/01\/f15fe045-5fb1-4405-9354-fc261109e17b.webp\" alt=\"\" \/><\/p>\n","protected":false},"excerpt":{"rendered":"<p>Holdbare Trykknappmaterialer Settet med trykknapper inneholder 50 metallknapper i rustfritt st\u00e5l, noe som sikrer lang holdbarhet. Disse trykknappene er rustfrie, [&hellip;]<\/p>\n","protected":false},"featured_media":44675,"comment_status":"open","ping_status":"closed","template":"","meta":{"site-sidebar-layout":"default","site-content-layout":"","ast-site-content-layout":"default","site-content-style":"default","site-sidebar-style":"default","ast-global-header-display":"","ast-banner-title-visibility":"","ast-main-header-display":"","ast-hfb-above-header-display":"","ast-hfb-below-header-display":"","ast-hfb-mobile-header-display":"","site-post-title":"","ast-breadcrumbs-content":"","ast-featured-img":"","footer-sml-layout":"","theme-transparent-header-meta":"default","adv-header-id-meta":"","stick-header-meta":"","header-above-stick-meta":"","header-main-stick-meta":"","header-below-stick-meta":"","astra-migrate-meta-layouts":"set","ast-page-background-enabled":"default","ast-page-background-meta":{"desktop":{"background-color":"var(--ast-global-color-4)","background-image":"","background-repeat":"repeat","background-position":"center center","background-size":"auto","background-attachment":"scroll","background-type":"","background-media":"","overlay-type":"","overlay-color":"","overlay-opacity":"","overlay-gradient":""},"tablet":{"background-color":"","background-image":"","background-repeat":"repeat","background-position":"center center","background-size":"auto","background-attachment":"scroll","background-type":"","background-media":"","overlay-type":"","overlay-color":"","overlay-opacity":"","overlay-gradient":""},"mobile":{"background-color":"","background-image":"","background-repeat":"repeat","background-position":"center center","background-size":"auto","background-attachment":"scroll","background-type":"","background-media":"","overlay-type":"","overlay-color":"","overlay-opacity":"","overlay-gradient":""}},"ast-content-background-meta":{"desktop":{"background-color":"var(--ast-global-color-5)","background-image":"","background-repeat":"repeat","background-position":"center center","background-size":"auto","background-attachment":"scroll","background-type":"","background-media":"","overlay-type":"","overlay-color":"","overlay-opacity":"","overlay-gradient":""},"tablet":{"background-color":"var(--ast-global-color-5)","background-image":"","background-repeat":"repeat","background-position":"center center","background-size":"auto","background-attachment":"scroll","background-type":"","background-media":"","overlay-type":"","overlay-color":"","overlay-opacity":"","overlay-gradient":""},"mobile":{"background-color":"var(--ast-global-color-5)","background-image":"","background-repeat":"repeat","background-position":"center center","background-size":"auto","background-attachment":"scroll","background-type":"","background-media":"","overlay-type":"","overlay-color":"","overlay-opacity":"","overlay-gradient":""}}},"product_brand":[],"product_cat":[996],"product_tag":[],"class_list":{"0":"post-44679","1":"product","2":"type-product","3":"status-publish","4":"has-post-thumbnail","6":"product_cat-verktoy","7":"desktop-align-left","8":"tablet-align-left","9":"mobile-align-left","11":"first","12":"instock","13":"shipping-taxable","14":"purchasable","15":"product-type-simple"},"_links":{"self":[{"href":"https:\/\/keluvo.com\/no\/wp-json\/wp\/v2\/product\/44679","targetHints":{"allow":["GET"]}}],"collection":[{"href":"https:\/\/keluvo.com\/no\/wp-json\/wp\/v2\/product"}],"about":[{"href":"https:\/\/keluvo.com\/no\/wp-json\/wp\/v2\/types\/product"}],"replies":[{"embeddable":true,"href":"https:\/\/keluvo.com\/no\/wp-json\/wp\/v2\/comments?post=44679"}],"wp:featuredmedia":[{"embeddable":true,"href":"https:\/\/keluvo.com\/no\/wp-json\/wp\/v2\/media\/44675"}],"wp:attachment":[{"href":"https:\/\/keluvo.com\/no\/wp-json\/wp\/v2\/media?parent=44679"}],"wp:term":[{"taxonomy":"product_brand","embeddable":true,"href":"https:\/\/keluvo.com\/no\/wp-json\/wp\/v2\/product_brand?post=44679"},{"taxonomy":"product_cat","embeddable":true,"href":"https:\/\/keluvo.com\/no\/wp-json\/wp\/v2\/product_cat?post=44679"},{"taxonomy":"product_tag","embeddable":true,"href":"https:\/\/keluvo.com\/no\/wp-json\/wp\/v2\/product_tag?post=44679"}],"curies":[{"name":"wp","href":"https:\/\/api.w.org\/{rel}","templated":true}]}}