{"id":4467,"date":"2024-11-06T10:26:13","date_gmt":"2024-11-06T08:26:13","guid":{"rendered":"https:\/\/keluvo.com\/no\/produkt\/tea-stick-infuser\/"},"modified":"2024-11-18T12:16:13","modified_gmt":"2024-11-18T10:16:13","slug":"tepinne-infuser","status":"publish","type":"product","link":"https:\/\/keluvo.com\/no\/produkt\/tepinne-infuser\/","title":{"rendered":"Tepinne infuser"},"content":{"rendered":"<h2 style=\"text-align: center;\"><strong>Holdbar design i rustfritt st\u00e5l<\/strong><\/h2>\n<p style=\"text-align: center;\">Tea Stick Infuser er laget av rustfritt st\u00e5l av h\u00f8y kvalitet, noe som gj\u00f8r den motstandsdyktig mot rust og bygget for \u00e5 vare. Det slitesterke materialet sikrer at tepinnen er enkel \u00e5 rengj\u00f8re og trygg \u00e5 bruke hver gang du brygger te. Takket v\u00e6re den robuste konstruksjonen kan du nyte favorittteen din uten bekymringer.<\/p>\n<p><img decoding=\"async\" class=\"alignnone size-medium wp-image-2651 aligncenter\" src=\"https:\/\/keluvo.com\/template\/wp-content\/uploads\/sites\/5\/2024\/11\/28e3c2fd-44b6-41e0-8ed1-527b23ae722c.webp\" alt=\"\" \/><\/p>\n<h2 style=\"text-align: center;\"><strong>Lett \u00e5 bruke med Push Mesh<\/strong><\/h2>\n<p style=\"text-align: center;\">Denne Tea Stick Infuser har et praktisk push mesh som \u00e5pnes og lukkes jevnt, gj\u00f8r det enkelt \u00e5 fylle den med l\u00f8se teblader. Med et enkelt trykk kan du holde teen sikkert inne, slik at du f\u00e5r en bryggeopplevelse uten rot. Det er en praktisk l\u00f8sning for rask og enkel tilberedning av te.<\/p>\n<p><img decoding=\"async\" class=\"alignnone size-medium wp-image-2653 aligncenter\" src=\"https:\/\/keluvo.com\/template\/wp-content\/uploads\/sites\/5\/2024\/11\/932ba773-4221-42ed-b676-7d3e84165379.webp\" alt=\"\" \/><\/p>\n","protected":false},"excerpt":{"rendered":"<p>Holdbar design i rustfritt st\u00e5l Tea Stick Infuser er laget av rustfritt st\u00e5l av h\u00f8y kvalitet, noe som gj\u00f8r den [&hellip;]<\/p>\n","protected":false},"featured_media":4463,"comment_status":"open","ping_status":"closed","template":"","meta":{"site-sidebar-layout":"default","site-content-layout":"","ast-site-content-layout":"default","site-content-style":"default","site-sidebar-style":"default","ast-global-header-display":"","ast-banner-title-visibility":"","ast-main-header-display":"","ast-hfb-above-header-display":"","ast-hfb-below-header-display":"","ast-hfb-mobile-header-display":"","site-post-title":"","ast-breadcrumbs-content":"","ast-featured-img":"","footer-sml-layout":"","theme-transparent-header-meta":"default","adv-header-id-meta":"","stick-header-meta":"","header-above-stick-meta":"","header-main-stick-meta":"","header-below-stick-meta":"","astra-migrate-meta-layouts":"set","ast-page-background-enabled":"default","ast-page-background-meta":{"desktop":{"background-color":"var(--ast-global-color-4)","background-image":"","background-repeat":"repeat","background-position":"center center","background-size":"auto","background-attachment":"scroll","background-type":"","background-media":"","overlay-type":"","overlay-color":"","overlay-opacity":"","overlay-gradient":""},"tablet":{"background-color":"","background-image":"","background-repeat":"repeat","background-position":"center center","background-size":"auto","background-attachment":"scroll","background-type":"","background-media":"","overlay-type":"","overlay-color":"","overlay-opacity":"","overlay-gradient":""},"mobile":{"background-color":"","background-image":"","background-repeat":"repeat","background-position":"center center","background-size":"auto","background-attachment":"scroll","background-type":"","background-media":"","overlay-type":"","overlay-color":"","overlay-opacity":"","overlay-gradient":""}},"ast-content-background-meta":{"desktop":{"background-color":"var(--ast-global-color-5)","background-image":"","background-repeat":"repeat","background-position":"center center","background-size":"auto","background-attachment":"scroll","background-type":"","background-media":"","overlay-type":"","overlay-color":"","overlay-opacity":"","overlay-gradient":""},"tablet":{"background-color":"var(--ast-global-color-5)","background-image":"","background-repeat":"repeat","background-position":"center center","background-size":"auto","background-attachment":"scroll","background-type":"","background-media":"","overlay-type":"","overlay-color":"","overlay-opacity":"","overlay-gradient":""},"mobile":{"background-color":"var(--ast-global-color-5)","background-image":"","background-repeat":"repeat","background-position":"center center","background-size":"auto","background-attachment":"scroll","background-type":"","background-media":"","overlay-type":"","overlay-color":"","overlay-opacity":"","overlay-gradient":""}}},"product_brand":[],"product_cat":[1001],"product_tag":[],"class_list":{"0":"post-4467","1":"product","2":"type-product","3":"status-publish","4":"has-post-thumbnail","6":"product_cat-husholdningsartikler","7":"desktop-align-left","8":"tablet-align-left","9":"mobile-align-left","11":"first","12":"instock","13":"shipping-taxable","14":"purchasable","15":"product-type-simple"},"_links":{"self":[{"href":"https:\/\/keluvo.com\/no\/wp-json\/wp\/v2\/product\/4467","targetHints":{"allow":["GET"]}}],"collection":[{"href":"https:\/\/keluvo.com\/no\/wp-json\/wp\/v2\/product"}],"about":[{"href":"https:\/\/keluvo.com\/no\/wp-json\/wp\/v2\/types\/product"}],"replies":[{"embeddable":true,"href":"https:\/\/keluvo.com\/no\/wp-json\/wp\/v2\/comments?post=4467"}],"wp:featuredmedia":[{"embeddable":true,"href":"https:\/\/keluvo.com\/no\/wp-json\/wp\/v2\/media\/4463"}],"wp:attachment":[{"href":"https:\/\/keluvo.com\/no\/wp-json\/wp\/v2\/media?parent=4467"}],"wp:term":[{"taxonomy":"product_brand","embeddable":true,"href":"https:\/\/keluvo.com\/no\/wp-json\/wp\/v2\/product_brand?post=4467"},{"taxonomy":"product_cat","embeddable":true,"href":"https:\/\/keluvo.com\/no\/wp-json\/wp\/v2\/product_cat?post=4467"},{"taxonomy":"product_tag","embeddable":true,"href":"https:\/\/keluvo.com\/no\/wp-json\/wp\/v2\/product_tag?post=4467"}],"curies":[{"name":"wp","href":"https:\/\/api.w.org\/{rel}","templated":true}]}}