{"id":44655,"date":"2025-09-09T14:24:50","date_gmt":"2025-09-09T11:24:50","guid":{"rendered":"https:\/\/keluvo.com\/no\/produkt\/hvitlokshakkerverktoy\/"},"modified":"2025-09-09T14:24:50","modified_gmt":"2025-09-09T11:24:50","slug":"hvitlokshakkerverktoy","status":"publish","type":"product","link":"https:\/\/keluvo.com\/no\/produkt\/hvitlokshakkerverktoy\/","title":{"rendered":"Hvitl\u00f8kshakkerverkt\u00f8y"},"content":{"rendered":"<h2 style=\"text-align: center\">Enkel Hvitl\u00f8kshakking<\/h2>\n<p style=\"text-align: center\">Hvitl\u00f8kshakkeren gj\u00f8r det raskt og enkelt \u00e5 hakke hvitl\u00f8k. Den manuelle betjeningen sikrer presis kontroll, slik at du oppn\u00e5r \u00f8nsket tekstur hver gang. Perfekt for tilberedning av fersk hvitl\u00f8k til matlaging uten rot eller problemer med tradisjonelle hakkemetoder.<\/p>\n<p><img decoding=\"async\" class=\"alignnone size-medium wp-image-7182 aligncenter\" src=\"https:\/\/keluvo.com\/template\/wp-content\/uploads\/sites\/5\/2025\/01\/S48f8b7293b6b4ce5b323d4dc80ff66b2H.jpeg\" alt=\"\" \/><\/p>\n<h2 style=\"text-align: center\">Kompakt Og Brukervennlig Design<\/h2>\n<p style=\"text-align: center\">Dette h\u00e5ndholdte verkt\u00f8yet har en ergonomisk design som ligger godt i h\u00e5nden. Den lette konstruksjonen gj\u00f8r den enkel \u00e5 bruke, rengj\u00f8re og oppbevare, slik at den alltid er klar til bruk p\u00e5 kj\u00f8kkenet. Ideell for sm\u00e5 kj\u00f8kken og rask tilberedning av m\u00e5ltider.<\/p>\n<p><img decoding=\"async\" class=\"alignnone size-medium wp-image-7183 aligncenter\" src=\"https:\/\/keluvo.com\/template\/wp-content\/uploads\/sites\/5\/2025\/01\/S164257cec8ac4f54b5ff913277f195e71.jpg_960x960q75.jpg_.jpeg\" alt=\"\" \/><\/p>\n","protected":false},"excerpt":{"rendered":"<p>Enkel Hvitl\u00f8kshakking Hvitl\u00f8kshakkeren gj\u00f8r det raskt og enkelt \u00e5 hakke hvitl\u00f8k. Den manuelle betjeningen sikrer presis kontroll, slik at du [&hellip;]<\/p>\n","protected":false},"featured_media":44651,"comment_status":"open","ping_status":"closed","template":"","meta":{"site-sidebar-layout":"default","site-content-layout":"","ast-site-content-layout":"default","site-content-style":"default","site-sidebar-style":"default","ast-global-header-display":"","ast-banner-title-visibility":"","ast-main-header-display":"","ast-hfb-above-header-display":"","ast-hfb-below-header-display":"","ast-hfb-mobile-header-display":"","site-post-title":"","ast-breadcrumbs-content":"","ast-featured-img":"","footer-sml-layout":"","theme-transparent-header-meta":"default","adv-header-id-meta":"","stick-header-meta":"","header-above-stick-meta":"","header-main-stick-meta":"","header-below-stick-meta":"","astra-migrate-meta-layouts":"set","ast-page-background-enabled":"default","ast-page-background-meta":{"desktop":{"background-color":"var(--ast-global-color-4)","background-image":"","background-repeat":"repeat","background-position":"center center","background-size":"auto","background-attachment":"scroll","background-type":"","background-media":"","overlay-type":"","overlay-color":"","overlay-opacity":"","overlay-gradient":""},"tablet":{"background-color":"","background-image":"","background-repeat":"repeat","background-position":"center center","background-size":"auto","background-attachment":"scroll","background-type":"","background-media":"","overlay-type":"","overlay-color":"","overlay-opacity":"","overlay-gradient":""},"mobile":{"background-color":"","background-image":"","background-repeat":"repeat","background-position":"center center","background-size":"auto","background-attachment":"scroll","background-type":"","background-media":"","overlay-type":"","overlay-color":"","overlay-opacity":"","overlay-gradient":""}},"ast-content-background-meta":{"desktop":{"background-color":"var(--ast-global-color-5)","background-image":"","background-repeat":"repeat","background-position":"center center","background-size":"auto","background-attachment":"scroll","background-type":"","background-media":"","overlay-type":"","overlay-color":"","overlay-opacity":"","overlay-gradient":""},"tablet":{"background-color":"var(--ast-global-color-5)","background-image":"","background-repeat":"repeat","background-position":"center center","background-size":"auto","background-attachment":"scroll","background-type":"","background-media":"","overlay-type":"","overlay-color":"","overlay-opacity":"","overlay-gradient":""},"mobile":{"background-color":"var(--ast-global-color-5)","background-image":"","background-repeat":"repeat","background-position":"center center","background-size":"auto","background-attachment":"scroll","background-type":"","background-media":"","overlay-type":"","overlay-color":"","overlay-opacity":"","overlay-gradient":""}}},"product_brand":[],"product_cat":[1001],"product_tag":[],"class_list":{"0":"post-44655","1":"product","2":"type-product","3":"status-publish","4":"has-post-thumbnail","6":"product_cat-husholdningsartikler","7":"desktop-align-left","8":"tablet-align-left","9":"mobile-align-left","11":"first","12":"instock","13":"shipping-taxable","14":"purchasable","15":"product-type-simple"},"_links":{"self":[{"href":"https:\/\/keluvo.com\/no\/wp-json\/wp\/v2\/product\/44655","targetHints":{"allow":["GET"]}}],"collection":[{"href":"https:\/\/keluvo.com\/no\/wp-json\/wp\/v2\/product"}],"about":[{"href":"https:\/\/keluvo.com\/no\/wp-json\/wp\/v2\/types\/product"}],"replies":[{"embeddable":true,"href":"https:\/\/keluvo.com\/no\/wp-json\/wp\/v2\/comments?post=44655"}],"wp:featuredmedia":[{"embeddable":true,"href":"https:\/\/keluvo.com\/no\/wp-json\/wp\/v2\/media\/44651"}],"wp:attachment":[{"href":"https:\/\/keluvo.com\/no\/wp-json\/wp\/v2\/media?parent=44655"}],"wp:term":[{"taxonomy":"product_brand","embeddable":true,"href":"https:\/\/keluvo.com\/no\/wp-json\/wp\/v2\/product_brand?post=44655"},{"taxonomy":"product_cat","embeddable":true,"href":"https:\/\/keluvo.com\/no\/wp-json\/wp\/v2\/product_cat?post=44655"},{"taxonomy":"product_tag","embeddable":true,"href":"https:\/\/keluvo.com\/no\/wp-json\/wp\/v2\/product_tag?post=44655"}],"curies":[{"name":"wp","href":"https:\/\/api.w.org\/{rel}","templated":true}]}}