{"id":44605,"date":"2025-09-09T14:23:35","date_gmt":"2025-09-09T11:23:35","guid":{"rendered":"https:\/\/keluvo.com\/no\/produkt\/chameleon-flytende-oyenskygge\/"},"modified":"2025-09-09T14:24:27","modified_gmt":"2025-09-09T11:24:27","slug":"chameleon-flytende-oyenskygge","status":"publish","type":"product","link":"https:\/\/keluvo.com\/no\/produkt\/chameleon-flytende-oyenskygge\/","title":{"rendered":"Chameleon flytende \u00f8yenskygge"},"content":{"rendered":"<h2 style=\"text-align: center\">Unik Flerfargeeffekt<\/h2>\n<p style=\"text-align: center\">Den flytende kameleon-\u00f8yenskyggen har duokrome pigmenter som skifter farge i ulike vinkler, noe som skaper en sl\u00e5ende og unik look. Denne livlige effekten f\u00e5r \u00f8ynene dine til \u00e5 skille seg ut og gir sminken dybde og dimensjon. Perfekt for \u00e5 oppn\u00e5 dristige og kreative stiler.<\/p>\n<p><img decoding=\"async\" class=\"alignnone size-medium wp-image-7375 aligncenter\" src=\"https:\/\/keluvo.com\/template\/wp-content\/uploads\/sites\/5\/2025\/01\/S5c191f7308024b128ca66ac3596df7cdo.jpg_960x960q75.jpg_.webp\" \/><\/p>\n<h2 style=\"text-align: center\">Langvarig Og Vannfast<\/h2>\n<p style=\"text-align: center\">Designet for \u00e5 vare hele dagen, er den flytende chameleon-\u00f8yenskyggen b\u00e5de vann- og svettebestandig. Den holder seg p\u00e5 plass uten \u00e5 kladde, og s\u00f8rger for at sminken din forblir feilfri. Si farvel til retusjering og god dag til en levende sminke som holder hele dagen.<\/p>\n<p><img decoding=\"async\" class=\"alignnone size-medium wp-image-7379 aligncenter\" src=\"https:\/\/keluvo.com\/template\/wp-content\/uploads\/sites\/5\/2025\/01\/S497840a0d61b4e4c85268131de46c27c4.jpg_960x960q75.jpg_.webp\" \/><\/p>\n","protected":false},"excerpt":{"rendered":"<p>Unik Flerfargeeffekt Den flytende kameleon-\u00f8yenskyggen har duokrome pigmenter som skifter farge i ulike vinkler, noe som skaper en sl\u00e5ende og [&hellip;]<\/p>\n","protected":false},"featured_media":44601,"comment_status":"open","ping_status":"closed","template":"","meta":{"site-sidebar-layout":"default","site-content-layout":"","ast-site-content-layout":"default","site-content-style":"default","site-sidebar-style":"default","ast-global-header-display":"","ast-banner-title-visibility":"","ast-main-header-display":"","ast-hfb-above-header-display":"","ast-hfb-below-header-display":"","ast-hfb-mobile-header-display":"","site-post-title":"","ast-breadcrumbs-content":"","ast-featured-img":"","footer-sml-layout":"","theme-transparent-header-meta":"default","adv-header-id-meta":"","stick-header-meta":"","header-above-stick-meta":"","header-main-stick-meta":"","header-below-stick-meta":"","astra-migrate-meta-layouts":"set","ast-page-background-enabled":"default","ast-page-background-meta":{"desktop":{"background-color":"var(--ast-global-color-4)","background-image":"","background-repeat":"repeat","background-position":"center center","background-size":"auto","background-attachment":"scroll","background-type":"","background-media":"","overlay-type":"","overlay-color":"","overlay-opacity":"","overlay-gradient":""},"tablet":{"background-color":"","background-image":"","background-repeat":"repeat","background-position":"center center","background-size":"auto","background-attachment":"scroll","background-type":"","background-media":"","overlay-type":"","overlay-color":"","overlay-opacity":"","overlay-gradient":""},"mobile":{"background-color":"","background-image":"","background-repeat":"repeat","background-position":"center center","background-size":"auto","background-attachment":"scroll","background-type":"","background-media":"","overlay-type":"","overlay-color":"","overlay-opacity":"","overlay-gradient":""}},"ast-content-background-meta":{"desktop":{"background-color":"var(--ast-global-color-5)","background-image":"","background-repeat":"repeat","background-position":"center center","background-size":"auto","background-attachment":"scroll","background-type":"","background-media":"","overlay-type":"","overlay-color":"","overlay-opacity":"","overlay-gradient":""},"tablet":{"background-color":"var(--ast-global-color-5)","background-image":"","background-repeat":"repeat","background-position":"center center","background-size":"auto","background-attachment":"scroll","background-type":"","background-media":"","overlay-type":"","overlay-color":"","overlay-opacity":"","overlay-gradient":""},"mobile":{"background-color":"var(--ast-global-color-5)","background-image":"","background-repeat":"repeat","background-position":"center center","background-size":"auto","background-attachment":"scroll","background-type":"","background-media":"","overlay-type":"","overlay-color":"","overlay-opacity":"","overlay-gradient":""}}},"product_brand":[],"product_cat":[992],"product_tag":[],"class_list":{"0":"post-44605","1":"product","2":"type-product","3":"status-publish","4":"has-post-thumbnail","6":"product_cat-skjonnhets-og-hygieneprodukter","7":"pa_40008_rmczfd1t-7214","8":"pa_40008_rmczfd1t-7215","9":"pa_40008_rmczfd1t-7216","10":"pa_40008_rmczfd1t-7217","11":"pa_40008_rmczfd1t-7218","12":"pa_40008_rmczfd1t-7219","13":"pa_40008_rmczfd1t-7220","14":"pa_40008_rmczfd1t-7221","15":"pa_40008_rmczfd1t-7222","16":"pa_40008_rmczfd1t-7223","17":"pa_40008_rmczfd1t-7224","18":"pa_40008_rmczfd1t-7225","19":"pa_40008_rmczfd1t-7226","20":"pa_40008_rmczfd1t-7227","21":"pa_40008_rmczfd1t-7228","22":"pa_40008_rmczfd1t-7229","23":"pa_40008_rmczfd1t-7230","24":"pa_40008_rmczfd1t-7231","25":"pa_40008_rmczfd1t-7232","26":"desktop-align-left","27":"tablet-align-left","28":"mobile-align-left","30":"first","31":"instock","32":"shipping-taxable","33":"purchasable","34":"product-type-variable"},"_links":{"self":[{"href":"https:\/\/keluvo.com\/no\/wp-json\/wp\/v2\/product\/44605","targetHints":{"allow":["GET"]}}],"collection":[{"href":"https:\/\/keluvo.com\/no\/wp-json\/wp\/v2\/product"}],"about":[{"href":"https:\/\/keluvo.com\/no\/wp-json\/wp\/v2\/types\/product"}],"replies":[{"embeddable":true,"href":"https:\/\/keluvo.com\/no\/wp-json\/wp\/v2\/comments?post=44605"}],"wp:featuredmedia":[{"embeddable":true,"href":"https:\/\/keluvo.com\/no\/wp-json\/wp\/v2\/media\/44601"}],"wp:attachment":[{"href":"https:\/\/keluvo.com\/no\/wp-json\/wp\/v2\/media?parent=44605"}],"wp:term":[{"taxonomy":"product_brand","embeddable":true,"href":"https:\/\/keluvo.com\/no\/wp-json\/wp\/v2\/product_brand?post=44605"},{"taxonomy":"product_cat","embeddable":true,"href":"https:\/\/keluvo.com\/no\/wp-json\/wp\/v2\/product_cat?post=44605"},{"taxonomy":"product_tag","embeddable":true,"href":"https:\/\/keluvo.com\/no\/wp-json\/wp\/v2\/product_tag?post=44605"}],"curies":[{"name":"wp","href":"https:\/\/api.w.org\/{rel}","templated":true}]}}