{"id":44578,"date":"2025-09-09T14:22:33","date_gmt":"2025-09-09T11:22:33","guid":{"rendered":"https:\/\/keluvo.com\/no\/produkt\/krus-av-tre\/"},"modified":"2025-10-16T20:29:58","modified_gmt":"2025-10-16T17:29:58","slug":"krus-av-tre","status":"publish","type":"product","link":"https:\/\/keluvo.com\/no\/produkt\/krus-av-tre\/","title":{"rendered":"Krus av tre"},"content":{"rendered":"<h2 class=\"\" style=\"text-align: center;\" data-start=\"97\" data-end=\"122\">Perfekt for utend\u00f8rsbruk<\/h2>\n<p class=\"\" style=\"text-align: center;\" data-start=\"123\" data-end=\"382\">Trekruset er ideelt for camping, fotturer og daglig bruk. Det er lett \u00e5 ta med seg og leveres med et l\u00e6rrep og to hull slik at du kan henge det p\u00e5 ryggsekken eller i beltet. Enten du drikker kaffe ved leirb\u00e5let eller te hjemme, passer dette kruset til enhver anledning.<\/p>\n<p data-start=\"123\" data-end=\"382\"><img decoding=\"async\" class=\"alignnone size-medium wp-image-13507 aligncenter\" src=\"https:\/\/keluvo.com\/template\/wp-content\/uploads\/sites\/5\/2025\/04\/S67c2274dbd6b4fa092f87cb013c250b4f.jpg_960x960q75.jpg_.jpeg\" alt=\"\" \/><\/p>\n<h2 class=\"\" style=\"text-align: center;\" data-start=\"384\" data-end=\"408\">Laget av ekte tre<\/h2>\n<p class=\"\" style=\"text-align: center;\" data-start=\"409\" data-end=\"612\">Varje trekrus er h\u00e5ndlaget av sterkt, naturlig treverk. Hver kopp har sitt eget spesielle trekorn, noe som gj\u00f8r hver og en unik. Det er trygt \u00e5 bruke, fritt for BPA og gir en frisk, naturlig f\u00f8lelse mens du drikker.<\/p>\n<p data-start=\"409\" data-end=\"612\"><img decoding=\"async\" class=\"alignnone size-medium wp-image-13504 aligncenter\" src=\"https:\/\/keluvo.com\/template\/wp-content\/uploads\/sites\/5\/2025\/04\/S3efcd89a44fa4625b1a236c083ca0fd96.jpeg\" alt=\"\" \/><\/p>\n","protected":false},"excerpt":{"rendered":"<p>Perfekt for utend\u00f8rsbruk Trekruset er ideelt for camping, fotturer og daglig bruk. Det er lett \u00e5 ta med seg og [&hellip;]<\/p>\n","protected":false},"featured_media":44574,"comment_status":"open","ping_status":"closed","template":"","meta":{"site-sidebar-layout":"default","site-content-layout":"","ast-site-content-layout":"default","site-content-style":"default","site-sidebar-style":"default","ast-global-header-display":"","ast-banner-title-visibility":"","ast-main-header-display":"","ast-hfb-above-header-display":"","ast-hfb-below-header-display":"","ast-hfb-mobile-header-display":"","site-post-title":"","ast-breadcrumbs-content":"","ast-featured-img":"","footer-sml-layout":"","theme-transparent-header-meta":"default","adv-header-id-meta":"","stick-header-meta":"","header-above-stick-meta":"","header-main-stick-meta":"","header-below-stick-meta":"","astra-migrate-meta-layouts":"set","ast-page-background-enabled":"default","ast-page-background-meta":{"desktop":{"background-color":"var(--ast-global-color-4)","background-image":"","background-repeat":"repeat","background-position":"center center","background-size":"auto","background-attachment":"scroll","background-type":"","background-media":"","overlay-type":"","overlay-color":"","overlay-opacity":"","overlay-gradient":""},"tablet":{"background-color":"","background-image":"","background-repeat":"repeat","background-position":"center center","background-size":"auto","background-attachment":"scroll","background-type":"","background-media":"","overlay-type":"","overlay-color":"","overlay-opacity":"","overlay-gradient":""},"mobile":{"background-color":"","background-image":"","background-repeat":"repeat","background-position":"center center","background-size":"auto","background-attachment":"scroll","background-type":"","background-media":"","overlay-type":"","overlay-color":"","overlay-opacity":"","overlay-gradient":""}},"ast-content-background-meta":{"desktop":{"background-color":"var(--ast-global-color-5)","background-image":"","background-repeat":"repeat","background-position":"center center","background-size":"auto","background-attachment":"scroll","background-type":"","background-media":"","overlay-type":"","overlay-color":"","overlay-opacity":"","overlay-gradient":""},"tablet":{"background-color":"var(--ast-global-color-5)","background-image":"","background-repeat":"repeat","background-position":"center center","background-size":"auto","background-attachment":"scroll","background-type":"","background-media":"","overlay-type":"","overlay-color":"","overlay-opacity":"","overlay-gradient":""},"mobile":{"background-color":"var(--ast-global-color-5)","background-image":"","background-repeat":"repeat","background-position":"center center","background-size":"auto","background-attachment":"scroll","background-type":"","background-media":"","overlay-type":"","overlay-color":"","overlay-opacity":"","overlay-gradient":""}}},"product_brand":[],"product_cat":[1001],"product_tag":[],"class_list":{"0":"post-44578","1":"product","2":"type-product","3":"status-publish","4":"has-post-thumbnail","6":"product_cat-husholdningsartikler","7":"pa_29172_x4j0xrf6-bjorn","8":"pa_29172_x4j0xrf6-elg","9":"pa_29172_x4j0xrf6-fisk","10":"pa_29172_x4j0xrf6-radyr","11":"pa_29172_x4j0xrf6-rev","12":"pa_29172_x4j0xrf6-ulv","13":"pa_29172_x4j0xrf6-villsvin","14":"desktop-align-left","15":"tablet-align-left","16":"mobile-align-left","18":"first","19":"instock","20":"shipping-taxable","21":"purchasable","22":"product-type-variable"},"_links":{"self":[{"href":"https:\/\/keluvo.com\/no\/wp-json\/wp\/v2\/product\/44578","targetHints":{"allow":["GET"]}}],"collection":[{"href":"https:\/\/keluvo.com\/no\/wp-json\/wp\/v2\/product"}],"about":[{"href":"https:\/\/keluvo.com\/no\/wp-json\/wp\/v2\/types\/product"}],"replies":[{"embeddable":true,"href":"https:\/\/keluvo.com\/no\/wp-json\/wp\/v2\/comments?post=44578"}],"wp:featuredmedia":[{"embeddable":true,"href":"https:\/\/keluvo.com\/no\/wp-json\/wp\/v2\/media\/44574"}],"wp:attachment":[{"href":"https:\/\/keluvo.com\/no\/wp-json\/wp\/v2\/media?parent=44578"}],"wp:term":[{"taxonomy":"product_brand","embeddable":true,"href":"https:\/\/keluvo.com\/no\/wp-json\/wp\/v2\/product_brand?post=44578"},{"taxonomy":"product_cat","embeddable":true,"href":"https:\/\/keluvo.com\/no\/wp-json\/wp\/v2\/product_cat?post=44578"},{"taxonomy":"product_tag","embeddable":true,"href":"https:\/\/keluvo.com\/no\/wp-json\/wp\/v2\/product_tag?post=44578"}],"curies":[{"name":"wp","href":"https:\/\/api.w.org\/{rel}","templated":true}]}}