{"id":44565,"date":"2025-09-09T14:21:54","date_gmt":"2025-09-09T11:21:54","guid":{"rendered":"https:\/\/keluvo.com\/no\/produkt\/somlos-spiker\/"},"modified":"2025-09-09T14:22:00","modified_gmt":"2025-09-09T11:22:00","slug":"somlos-spiker","status":"publish","type":"product","link":"https:\/\/keluvo.com\/no\/produkt\/somlos-spiker\/","title":{"rendered":"S\u00f8ml\u00f8s spiker"},"content":{"rendered":"<h2 style=\"text-align: center\" data-start=\"0\" data-end=\"32\">Slitesterk og rustbestandig<\/h2>\n<p class=\"\" style=\"text-align: center\" data-start=\"33\" data-end=\"288\">Den s\u00f8ml\u00f8se spikeren er laget av galvanisert st\u00e5l av h\u00f8y kvalitet, noe som sikrer at den motst\u00e5r rust og b\u00f8ying. Dette slitesterke materialet gj\u00f8r at spikeren beholder formen selv under tung bruk, noe som gir langvarig p\u00e5litelighet for alle dine oppussingsprosjekter.<\/p>\n<p data-start=\"33\" data-end=\"288\"><img decoding=\"async\" class=\"alignnone size-medium wp-image-13480 aligncenter\" src=\"https:\/\/keluvo.com\/template\/wp-content\/uploads\/sites\/5\/2025\/04\/Sc5a63267f92646b683c71817a4678afcd.jpg_960x960q75.jpg_.jpeg\" alt=\"\" \/><\/p>\n<h2 style=\"text-align: center\" data-start=\"290\" data-end=\"313\">Enkel montering<\/h2>\n<p class=\"\" style=\"text-align: center\" data-start=\"314\" data-end=\"571\">Med den spesielle hylsen som er designet for den s\u00f8ml\u00f8se spikeren, kan du enkelt sette den inn og feste den uten bruk av hammer eller drill. Bare sett spikeren inn i hylsen og trykk p\u00e5 h\u00e5ndtaket for \u00e5 feste den p\u00e5 plass, noe som gj\u00f8r monteringen rask og problemfri.<\/p>\n<p data-start=\"314\" data-end=\"571\"><img decoding=\"async\" class=\"alignnone size-medium wp-image-13477 aligncenter\" src=\"https:\/\/keluvo.com\/template\/wp-content\/uploads\/sites\/5\/2025\/04\/S1d795ef37c1f4f8dbfbf9ae64f871fe0Y.jpg_960x960q75.jpg_.jpeg\" alt=\"\" \/><\/p>\n","protected":false},"excerpt":{"rendered":"<p>Slitesterk og rustbestandig Den s\u00f8ml\u00f8se spikeren er laget av galvanisert st\u00e5l av h\u00f8y kvalitet, noe som sikrer at den motst\u00e5r [&hellip;]<\/p>\n","protected":false},"featured_media":44561,"comment_status":"open","ping_status":"closed","template":"","meta":{"site-sidebar-layout":"default","site-content-layout":"","ast-site-content-layout":"default","site-content-style":"default","site-sidebar-style":"default","ast-global-header-display":"","ast-banner-title-visibility":"","ast-main-header-display":"","ast-hfb-above-header-display":"","ast-hfb-below-header-display":"","ast-hfb-mobile-header-display":"","site-post-title":"","ast-breadcrumbs-content":"","ast-featured-img":"","footer-sml-layout":"","theme-transparent-header-meta":"default","adv-header-id-meta":"","stick-header-meta":"","header-above-stick-meta":"","header-main-stick-meta":"","header-below-stick-meta":"","astra-migrate-meta-layouts":"set","ast-page-background-enabled":"default","ast-page-background-meta":{"desktop":{"background-color":"var(--ast-global-color-4)","background-image":"","background-repeat":"repeat","background-position":"center center","background-size":"auto","background-attachment":"scroll","background-type":"","background-media":"","overlay-type":"","overlay-color":"","overlay-opacity":"","overlay-gradient":""},"tablet":{"background-color":"","background-image":"","background-repeat":"repeat","background-position":"center center","background-size":"auto","background-attachment":"scroll","background-type":"","background-media":"","overlay-type":"","overlay-color":"","overlay-opacity":"","overlay-gradient":""},"mobile":{"background-color":"","background-image":"","background-repeat":"repeat","background-position":"center center","background-size":"auto","background-attachment":"scroll","background-type":"","background-media":"","overlay-type":"","overlay-color":"","overlay-opacity":"","overlay-gradient":""}},"ast-content-background-meta":{"desktop":{"background-color":"var(--ast-global-color-5)","background-image":"","background-repeat":"repeat","background-position":"center center","background-size":"auto","background-attachment":"scroll","background-type":"","background-media":"","overlay-type":"","overlay-color":"","overlay-opacity":"","overlay-gradient":""},"tablet":{"background-color":"var(--ast-global-color-5)","background-image":"","background-repeat":"repeat","background-position":"center center","background-size":"auto","background-attachment":"scroll","background-type":"","background-media":"","overlay-type":"","overlay-color":"","overlay-opacity":"","overlay-gradient":""},"mobile":{"background-color":"var(--ast-global-color-5)","background-image":"","background-repeat":"repeat","background-position":"center center","background-size":"auto","background-attachment":"scroll","background-type":"","background-media":"","overlay-type":"","overlay-color":"","overlay-opacity":"","overlay-gradient":""}}},"product_brand":[],"product_cat":[993],"product_tag":[],"class_list":{"0":"post-44565","1":"product","2":"type-product","3":"status-publish","4":"has-post-thumbnail","6":"product_cat-skotoy-tilbehor","7":"pa_29930_qbmntirn-50-stk","8":"pa_29930_qbmntirn-100-stk","9":"desktop-align-left","10":"tablet-align-left","11":"mobile-align-left","13":"first","14":"instock","15":"shipping-taxable","16":"purchasable","17":"product-type-variable"},"_links":{"self":[{"href":"https:\/\/keluvo.com\/no\/wp-json\/wp\/v2\/product\/44565","targetHints":{"allow":["GET"]}}],"collection":[{"href":"https:\/\/keluvo.com\/no\/wp-json\/wp\/v2\/product"}],"about":[{"href":"https:\/\/keluvo.com\/no\/wp-json\/wp\/v2\/types\/product"}],"replies":[{"embeddable":true,"href":"https:\/\/keluvo.com\/no\/wp-json\/wp\/v2\/comments?post=44565"}],"wp:featuredmedia":[{"embeddable":true,"href":"https:\/\/keluvo.com\/no\/wp-json\/wp\/v2\/media\/44561"}],"wp:attachment":[{"href":"https:\/\/keluvo.com\/no\/wp-json\/wp\/v2\/media?parent=44565"}],"wp:term":[{"taxonomy":"product_brand","embeddable":true,"href":"https:\/\/keluvo.com\/no\/wp-json\/wp\/v2\/product_brand?post=44565"},{"taxonomy":"product_cat","embeddable":true,"href":"https:\/\/keluvo.com\/no\/wp-json\/wp\/v2\/product_cat?post=44565"},{"taxonomy":"product_tag","embeddable":true,"href":"https:\/\/keluvo.com\/no\/wp-json\/wp\/v2\/product_tag?post=44565"}],"curies":[{"name":"wp","href":"https:\/\/api.w.org\/{rel}","templated":true}]}}