{"id":44548,"date":"2025-09-09T14:21:19","date_gmt":"2025-09-09T11:21:19","guid":{"rendered":"https:\/\/keluvo.com\/no\/produkt\/skrapekart\/"},"modified":"2025-09-09T14:21:25","modified_gmt":"2025-09-09T11:21:25","slug":"skrapekart","status":"publish","type":"product","link":"https:\/\/keluvo.com\/no\/produkt\/skrapekart\/","title":{"rendered":"Skrapekart"},"content":{"rendered":"<h2 style=\"text-align: center\">Spor Reiseeventyrene Dine<\/h2>\n<p style=\"text-align: center\">Med skrapekartet kan du registrere reisene dine ved \u00e5 skrape bort det gullbelagte laget for \u00e5 avsl\u00f8re de livlige fargene under. Marker landene og stedene du har bes\u00f8kt p\u00e5 en morsom og interaktiv m\u00e5te. Det er et perfekt minne for reiseelskere.<\/p>\n<p><img decoding=\"async\" class=\"alignnone size-medium wp-image-9237 aligncenter\" src=\"https:\/\/keluvo.com\/template\/wp-content\/uploads\/sites\/5\/2025\/01\/20c5d89e-f901-4b22-a287-6a7833fbb84e.webp\" alt=\"\" \/><\/p>\n<h2 style=\"text-align: center\">Design I Kraftpapir Av H\u00f8y Kvalitet<\/h2>\n<p style=\"text-align: center\">Skrapekartet er laget av slitesterkt kraftpapir og har et f\u00f8rsteklasses gullbelagt belegg som er lett \u00e5 skrape bort. Det klare og detaljerte designet gir et komplett bilde av verden, noe som gj\u00f8r det b\u00e5de funksjonelt og dekorativt for hjemmet eller kontoret.<\/p>\n<p><img decoding=\"async\" class=\"alignnone size-medium wp-image-9234 aligncenter\" src=\"https:\/\/keluvo.com\/template\/wp-content\/uploads\/sites\/5\/2025\/01\/1d9d0533-7c53-407b-97d3-6e40ccd2ea22.webp\" alt=\"\" \/><\/p>\n","protected":false},"excerpt":{"rendered":"<p>Spor Reiseeventyrene Dine Med skrapekartet kan du registrere reisene dine ved \u00e5 skrape bort det gullbelagte laget for \u00e5 avsl\u00f8re [&hellip;]<\/p>\n","protected":false},"featured_media":44544,"comment_status":"open","ping_status":"closed","template":"","meta":{"site-sidebar-layout":"default","site-content-layout":"","ast-site-content-layout":"default","site-content-style":"default","site-sidebar-style":"default","ast-global-header-display":"","ast-banner-title-visibility":"","ast-main-header-display":"","ast-hfb-above-header-display":"","ast-hfb-below-header-display":"","ast-hfb-mobile-header-display":"","site-post-title":"","ast-breadcrumbs-content":"","ast-featured-img":"","footer-sml-layout":"","theme-transparent-header-meta":"default","adv-header-id-meta":"","stick-header-meta":"","header-above-stick-meta":"","header-main-stick-meta":"","header-below-stick-meta":"","astra-migrate-meta-layouts":"set","ast-page-background-enabled":"default","ast-page-background-meta":{"desktop":{"background-color":"var(--ast-global-color-4)","background-image":"","background-repeat":"repeat","background-position":"center center","background-size":"auto","background-attachment":"scroll","background-type":"","background-media":"","overlay-type":"","overlay-color":"","overlay-opacity":"","overlay-gradient":""},"tablet":{"background-color":"","background-image":"","background-repeat":"repeat","background-position":"center center","background-size":"auto","background-attachment":"scroll","background-type":"","background-media":"","overlay-type":"","overlay-color":"","overlay-opacity":"","overlay-gradient":""},"mobile":{"background-color":"","background-image":"","background-repeat":"repeat","background-position":"center center","background-size":"auto","background-attachment":"scroll","background-type":"","background-media":"","overlay-type":"","overlay-color":"","overlay-opacity":"","overlay-gradient":""}},"ast-content-background-meta":{"desktop":{"background-color":"var(--ast-global-color-5)","background-image":"","background-repeat":"repeat","background-position":"center center","background-size":"auto","background-attachment":"scroll","background-type":"","background-media":"","overlay-type":"","overlay-color":"","overlay-opacity":"","overlay-gradient":""},"tablet":{"background-color":"var(--ast-global-color-5)","background-image":"","background-repeat":"repeat","background-position":"center center","background-size":"auto","background-attachment":"scroll","background-type":"","background-media":"","overlay-type":"","overlay-color":"","overlay-opacity":"","overlay-gradient":""},"mobile":{"background-color":"var(--ast-global-color-5)","background-image":"","background-repeat":"repeat","background-position":"center center","background-size":"auto","background-attachment":"scroll","background-type":"","background-media":"","overlay-type":"","overlay-color":"","overlay-opacity":"","overlay-gradient":""}}},"product_brand":[],"product_cat":[993],"product_tag":[],"class_list":{"0":"post-44548","1":"product","2":"type-product","3":"status-publish","4":"has-post-thumbnail","6":"product_cat-skotoy-tilbehor","7":"pa_44265_pbw7760y-30x42-cm","8":"pa_44265_pbw7760y-58x83-cm","9":"desktop-align-left","10":"tablet-align-left","11":"mobile-align-left","13":"first","14":"instock","15":"shipping-taxable","16":"purchasable","17":"product-type-variable"},"_links":{"self":[{"href":"https:\/\/keluvo.com\/no\/wp-json\/wp\/v2\/product\/44548","targetHints":{"allow":["GET"]}}],"collection":[{"href":"https:\/\/keluvo.com\/no\/wp-json\/wp\/v2\/product"}],"about":[{"href":"https:\/\/keluvo.com\/no\/wp-json\/wp\/v2\/types\/product"}],"replies":[{"embeddable":true,"href":"https:\/\/keluvo.com\/no\/wp-json\/wp\/v2\/comments?post=44548"}],"wp:featuredmedia":[{"embeddable":true,"href":"https:\/\/keluvo.com\/no\/wp-json\/wp\/v2\/media\/44544"}],"wp:attachment":[{"href":"https:\/\/keluvo.com\/no\/wp-json\/wp\/v2\/media?parent=44548"}],"wp:term":[{"taxonomy":"product_brand","embeddable":true,"href":"https:\/\/keluvo.com\/no\/wp-json\/wp\/v2\/product_brand?post=44548"},{"taxonomy":"product_cat","embeddable":true,"href":"https:\/\/keluvo.com\/no\/wp-json\/wp\/v2\/product_cat?post=44548"},{"taxonomy":"product_tag","embeddable":true,"href":"https:\/\/keluvo.com\/no\/wp-json\/wp\/v2\/product_tag?post=44548"}],"curies":[{"name":"wp","href":"https:\/\/api.w.org\/{rel}","templated":true}]}}