{"id":44531,"date":"2025-09-09T14:20:42","date_gmt":"2025-09-09T11:20:42","guid":{"rendered":"https:\/\/keluvo.com\/no\/produkt\/roterende-katteleketoy\/"},"modified":"2025-09-22T18:40:55","modified_gmt":"2025-09-22T15:40:55","slug":"roterende-katteleketoy","status":"publish","type":"product","link":"https:\/\/keluvo.com\/no\/produkt\/roterende-katteleketoy\/","title":{"rendered":"Roterende katteleket\u00f8y"},"content":{"rendered":"<h2 style=\"text-align: center\">Morsom Og Engasjerende Lek<\/h2>\n<p style=\"text-align: center\">Den roterende katteleken har fargerike sommerfugler og fugler som snurrer i alle retninger og holder katten din underholdt i timevis. Den spennende bevegelsen fanger kattens oppmerksomhet og oppmuntrer den til \u00e5 holde seg aktiv og glad. Det er den perfekte m\u00e5ten \u00e5 holde kj\u00e6ledyret ditt engasjert p\u00e5, samtidig som det gir uendelig mye moro.<\/p>\n<p><img decoding=\"async\" class=\"alignnone size-medium wp-image-9704 aligncenter\" src=\"https:\/\/keluvo.com\/template\/wp-content\/uploads\/sites\/5\/2025\/01\/Hf69b0226fda24c01bfa22b3ea5cb604d5.jpg_960x960q75.jpg_.jpeg\" alt=\"\" \/><\/p>\n<h2 style=\"text-align: center\">Beskytt Hjemmet Ditt<\/h2>\n<p style=\"text-align: center\">Denne leken er designet for \u00e5 hindre katter i \u00e5 klore i m\u00f8bler og gulv. Ved \u00e5 gi dem noe interaktivt \u00e5 leke med, oppmuntrer den til sunn klortrening og st\u00f8tter kattens naturlige instinkter. Den roterende katteleken bidrar til \u00e5 skape et morsomt og trygt milj\u00f8 for b\u00e5de kj\u00e6ledyret ditt og hjemmet ditt.<\/p>\n<p><img decoding=\"async\" class=\"alignnone size-medium wp-image-9706 aligncenter\" src=\"https:\/\/keluvo.com\/template\/wp-content\/uploads\/sites\/5\/2025\/01\/09c9e01e-f7b7-451e-8075-e0f664a85e8e.webp\" alt=\"\" \/><\/p>\n","protected":false},"excerpt":{"rendered":"<p>Morsom Og Engasjerende Lek Den roterende katteleken har fargerike sommerfugler og fugler som snurrer i alle retninger og holder katten [&hellip;]<\/p>\n","protected":false},"featured_media":44527,"comment_status":"open","ping_status":"closed","template":"","meta":{"site-sidebar-layout":"default","site-content-layout":"","ast-site-content-layout":"default","site-content-style":"default","site-sidebar-style":"default","ast-global-header-display":"","ast-banner-title-visibility":"","ast-main-header-display":"","ast-hfb-above-header-display":"","ast-hfb-below-header-display":"","ast-hfb-mobile-header-display":"","site-post-title":"","ast-breadcrumbs-content":"","ast-featured-img":"","footer-sml-layout":"","theme-transparent-header-meta":"default","adv-header-id-meta":"","stick-header-meta":"","header-above-stick-meta":"","header-main-stick-meta":"","header-below-stick-meta":"","astra-migrate-meta-layouts":"set","ast-page-background-enabled":"default","ast-page-background-meta":{"desktop":{"background-color":"var(--ast-global-color-4)","background-image":"","background-repeat":"repeat","background-position":"center center","background-size":"auto","background-attachment":"scroll","background-type":"","background-media":"","overlay-type":"","overlay-color":"","overlay-opacity":"","overlay-gradient":""},"tablet":{"background-color":"","background-image":"","background-repeat":"repeat","background-position":"center center","background-size":"auto","background-attachment":"scroll","background-type":"","background-media":"","overlay-type":"","overlay-color":"","overlay-opacity":"","overlay-gradient":""},"mobile":{"background-color":"","background-image":"","background-repeat":"repeat","background-position":"center center","background-size":"auto","background-attachment":"scroll","background-type":"","background-media":"","overlay-type":"","overlay-color":"","overlay-opacity":"","overlay-gradient":""}},"ast-content-background-meta":{"desktop":{"background-color":"var(--ast-global-color-5)","background-image":"","background-repeat":"repeat","background-position":"center center","background-size":"auto","background-attachment":"scroll","background-type":"","background-media":"","overlay-type":"","overlay-color":"","overlay-opacity":"","overlay-gradient":""},"tablet":{"background-color":"var(--ast-global-color-5)","background-image":"","background-repeat":"repeat","background-position":"center center","background-size":"auto","background-attachment":"scroll","background-type":"","background-media":"","overlay-type":"","overlay-color":"","overlay-opacity":"","overlay-gradient":""},"mobile":{"background-color":"var(--ast-global-color-5)","background-image":"","background-repeat":"repeat","background-position":"center center","background-size":"auto","background-attachment":"scroll","background-type":"","background-media":"","overlay-type":"","overlay-color":"","overlay-opacity":"","overlay-gradient":""}}},"product_brand":[],"product_cat":[997],"product_tag":[],"class_list":{"0":"post-44531","1":"product","2":"type-product","3":"status-publish","4":"has-post-thumbnail","6":"product_cat-husdyrprodukter","7":"pa_41857_f55bib9e-bie","8":"pa_41857_f55bib9e-fugl","9":"pa_41857_f55bib9e-sommerfugler","10":"desktop-align-left","11":"tablet-align-left","12":"mobile-align-left","14":"first","15":"instock","16":"shipping-taxable","17":"purchasable","18":"product-type-variable"},"_links":{"self":[{"href":"https:\/\/keluvo.com\/no\/wp-json\/wp\/v2\/product\/44531","targetHints":{"allow":["GET"]}}],"collection":[{"href":"https:\/\/keluvo.com\/no\/wp-json\/wp\/v2\/product"}],"about":[{"href":"https:\/\/keluvo.com\/no\/wp-json\/wp\/v2\/types\/product"}],"replies":[{"embeddable":true,"href":"https:\/\/keluvo.com\/no\/wp-json\/wp\/v2\/comments?post=44531"}],"wp:featuredmedia":[{"embeddable":true,"href":"https:\/\/keluvo.com\/no\/wp-json\/wp\/v2\/media\/44527"}],"wp:attachment":[{"href":"https:\/\/keluvo.com\/no\/wp-json\/wp\/v2\/media?parent=44531"}],"wp:term":[{"taxonomy":"product_brand","embeddable":true,"href":"https:\/\/keluvo.com\/no\/wp-json\/wp\/v2\/product_brand?post=44531"},{"taxonomy":"product_cat","embeddable":true,"href":"https:\/\/keluvo.com\/no\/wp-json\/wp\/v2\/product_cat?post=44531"},{"taxonomy":"product_tag","embeddable":true,"href":"https:\/\/keluvo.com\/no\/wp-json\/wp\/v2\/product_tag?post=44531"}],"curies":[{"name":"wp","href":"https:\/\/api.w.org\/{rel}","templated":true}]}}