{"id":44512,"date":"2025-09-09T14:20:04","date_gmt":"2025-09-09T11:20:04","guid":{"rendered":"https:\/\/keluvo.com\/no\/produkt\/smart-plugg\/"},"modified":"2025-09-09T14:20:12","modified_gmt":"2025-09-09T11:20:12","slug":"smart-plugg","status":"publish","type":"product","link":"https:\/\/keluvo.com\/no\/produkt\/smart-plugg\/","title":{"rendered":"Smart plugg"},"content":{"rendered":"<h2 class=\"\" style=\"text-align: center\" data-start=\"0\" data-end=\"24\">Enkel fjernkontroll<\/h2>\n<p class=\"\" style=\"text-align: center\" data-start=\"25\" data-end=\"190\">Smartpluggen fungerer med 433Mhz tr\u00e5dl\u00f8s kontroll. Du kan sl\u00e5 enhetene dine p\u00e5 eller av p\u00e5 avstand. Den st\u00f8tter opptil 20 fjernkontroller, slik at hele familien kan bruke den.<\/p>\n<p data-start=\"25\" data-end=\"190\"><img decoding=\"async\" class=\"alignnone size-medium wp-image-13641 aligncenter\" src=\"https:\/\/keluvo.com\/template\/wp-content\/uploads\/sites\/5\/2025\/04\/WhatsApp-Image-2025-04-08-at-09.45.12_dc7464af.jpg\" alt=\"\" \/><\/p>\n<h2 class=\"\" style=\"text-align: center\" data-start=\"192\" data-end=\"218\">Sterk Og Sikker Str\u00f8m<\/h2>\n<p class=\"\" style=\"text-align: center\" data-start=\"219\" data-end=\"385\">Denne smartpluggen st\u00f8tter opptil 15 A, noe som gj\u00f8r den trygg for de fleste enheter i hjemmet, som vifter og lys. Den forblir av som standard n\u00e5r str\u00f8mmen kommer tilbake, noe som gir deg ekstra sikkerhet.<\/p>\n<p data-start=\"219\" data-end=\"385\"><img decoding=\"async\" class=\"alignnone size-medium wp-image-13638 aligncenter\" src=\"https:\/\/keluvo.com\/template\/wp-content\/uploads\/sites\/5\/2025\/04\/WhatsApp-Image-2025-04-08-at-09.45.25_1c00dbca.jpg\" alt=\"\" \/><\/p>\n","protected":false},"excerpt":{"rendered":"<p>Enkel fjernkontroll Smartpluggen fungerer med 433Mhz tr\u00e5dl\u00f8s kontroll. Du kan sl\u00e5 enhetene dine p\u00e5 eller av p\u00e5 avstand. Den st\u00f8tter [&hellip;]<\/p>\n","protected":false},"featured_media":44508,"comment_status":"open","ping_status":"closed","template":"","meta":{"site-sidebar-layout":"default","site-content-layout":"","ast-site-content-layout":"default","site-content-style":"default","site-sidebar-style":"default","ast-global-header-display":"","ast-banner-title-visibility":"","ast-main-header-display":"","ast-hfb-above-header-display":"","ast-hfb-below-header-display":"","ast-hfb-mobile-header-display":"","site-post-title":"","ast-breadcrumbs-content":"","ast-featured-img":"","footer-sml-layout":"","theme-transparent-header-meta":"default","adv-header-id-meta":"","stick-header-meta":"","header-above-stick-meta":"","header-main-stick-meta":"","header-below-stick-meta":"","astra-migrate-meta-layouts":"set","ast-page-background-enabled":"default","ast-page-background-meta":{"desktop":{"background-color":"var(--ast-global-color-4)","background-image":"","background-repeat":"repeat","background-position":"center center","background-size":"auto","background-attachment":"scroll","background-type":"","background-media":"","overlay-type":"","overlay-color":"","overlay-opacity":"","overlay-gradient":""},"tablet":{"background-color":"","background-image":"","background-repeat":"repeat","background-position":"center center","background-size":"auto","background-attachment":"scroll","background-type":"","background-media":"","overlay-type":"","overlay-color":"","overlay-opacity":"","overlay-gradient":""},"mobile":{"background-color":"","background-image":"","background-repeat":"repeat","background-position":"center center","background-size":"auto","background-attachment":"scroll","background-type":"","background-media":"","overlay-type":"","overlay-color":"","overlay-opacity":"","overlay-gradient":""}},"ast-content-background-meta":{"desktop":{"background-color":"var(--ast-global-color-5)","background-image":"","background-repeat":"repeat","background-position":"center center","background-size":"auto","background-attachment":"scroll","background-type":"","background-media":"","overlay-type":"","overlay-color":"","overlay-opacity":"","overlay-gradient":""},"tablet":{"background-color":"var(--ast-global-color-5)","background-image":"","background-repeat":"repeat","background-position":"center center","background-size":"auto","background-attachment":"scroll","background-type":"","background-media":"","overlay-type":"","overlay-color":"","overlay-opacity":"","overlay-gradient":""},"mobile":{"background-color":"var(--ast-global-color-5)","background-image":"","background-repeat":"repeat","background-position":"center center","background-size":"auto","background-attachment":"scroll","background-type":"","background-media":"","overlay-type":"","overlay-color":"","overlay-opacity":"","overlay-gradient":""}}},"product_brand":[],"product_cat":[15],"product_tag":[],"class_list":{"0":"post-44512","1":"product","2":"type-product","3":"status-publish","4":"has-post-thumbnail","6":"product_cat-uncategorized","7":"pa_19806_mpo7qi18-a","8":"pa_19806_mpo7qi18-b","9":"pa_19806_mpo7qi18-c","10":"desktop-align-left","11":"tablet-align-left","12":"mobile-align-left","14":"first","15":"instock","16":"shipping-taxable","17":"purchasable","18":"product-type-variable"},"_links":{"self":[{"href":"https:\/\/keluvo.com\/no\/wp-json\/wp\/v2\/product\/44512","targetHints":{"allow":["GET"]}}],"collection":[{"href":"https:\/\/keluvo.com\/no\/wp-json\/wp\/v2\/product"}],"about":[{"href":"https:\/\/keluvo.com\/no\/wp-json\/wp\/v2\/types\/product"}],"replies":[{"embeddable":true,"href":"https:\/\/keluvo.com\/no\/wp-json\/wp\/v2\/comments?post=44512"}],"wp:featuredmedia":[{"embeddable":true,"href":"https:\/\/keluvo.com\/no\/wp-json\/wp\/v2\/media\/44508"}],"wp:attachment":[{"href":"https:\/\/keluvo.com\/no\/wp-json\/wp\/v2\/media?parent=44512"}],"wp:term":[{"taxonomy":"product_brand","embeddable":true,"href":"https:\/\/keluvo.com\/no\/wp-json\/wp\/v2\/product_brand?post=44512"},{"taxonomy":"product_cat","embeddable":true,"href":"https:\/\/keluvo.com\/no\/wp-json\/wp\/v2\/product_cat?post=44512"},{"taxonomy":"product_tag","embeddable":true,"href":"https:\/\/keluvo.com\/no\/wp-json\/wp\/v2\/product_tag?post=44512"}],"curies":[{"name":"wp","href":"https:\/\/api.w.org\/{rel}","templated":true}]}}