{"id":44475,"date":"2025-09-09T14:17:45","date_gmt":"2025-09-09T11:17:45","guid":{"rendered":"https:\/\/keluvo.com\/no\/produkt\/oppblasbar-vannball\/"},"modified":"2025-09-09T14:18:19","modified_gmt":"2025-09-09T11:18:19","slug":"oppblasbar-vannball","status":"publish","type":"product","link":"https:\/\/keluvo.com\/no\/produkt\/oppblasbar-vannball\/","title":{"rendered":"Oppbl\u00e5sbar vannball"},"content":{"rendered":"<h2 style=\"text-align: center\">Stor Og Morsom For Alle<\/h2>\n<p style=\"text-align: center\">Den oppbl\u00e5sbare vannballen er perfekt for utend\u00f8rs moro med venner og familie. Den kommer i forskjellige st\u00f8rrelser, og den st\u00f8rste er stor nok til \u00e5 sitte p\u00e5. Enten det er p\u00e5 fest eller i hagen, gir den spenning til enhver aktivitet.<\/p>\n<p><img decoding=\"async\" class=\"alignnone size-medium wp-image-9846 aligncenter\" src=\"https:\/\/keluvo.com\/template\/wp-content\/uploads\/sites\/5\/2025\/01\/S30433083f4c84472b2b443fbd63a27a2M.jpg_960x960q75.jpg_.jpeg\" alt=\"\" \/><\/p>\n<h2 style=\"text-align: center\">Slitesterk Og Gjenbrukbar Design<\/h2>\n<p style=\"text-align: center\">Laget av sterkt TPR-materiale, er den oppbl\u00e5sbare vannballen bygget for \u00e5 vare. Den kan fylles med luft eller vann og brukes om og om igjen. Den fleksible designen gj\u00f8r den enkel \u00e5 leke med, samtidig som den er slitesterk.<\/p>\n<p><img decoding=\"async\" class=\"alignnone size-medium wp-image-9843 aligncenter\" src=\"https:\/\/keluvo.com\/template\/wp-content\/uploads\/sites\/5\/2025\/01\/S5046c071d71447798ce79a01e44563fba.jpg_960x960q75.jpg_.jpeg\" alt=\"\" \/><\/p>\n","protected":false},"excerpt":{"rendered":"<p>Stor Og Morsom For Alle Den oppbl\u00e5sbare vannballen er perfekt for utend\u00f8rs moro med venner og familie. Den kommer i [&hellip;]<\/p>\n","protected":false},"featured_media":44471,"comment_status":"open","ping_status":"closed","template":"","meta":{"site-sidebar-layout":"default","site-content-layout":"","ast-site-content-layout":"default","site-content-style":"default","site-sidebar-style":"default","ast-global-header-display":"","ast-banner-title-visibility":"","ast-main-header-display":"","ast-hfb-above-header-display":"","ast-hfb-below-header-display":"","ast-hfb-mobile-header-display":"","site-post-title":"","ast-breadcrumbs-content":"","ast-featured-img":"","footer-sml-layout":"","theme-transparent-header-meta":"default","adv-header-id-meta":"","stick-header-meta":"","header-above-stick-meta":"","header-main-stick-meta":"","header-below-stick-meta":"","astra-migrate-meta-layouts":"set","ast-page-background-enabled":"default","ast-page-background-meta":{"desktop":{"background-color":"var(--ast-global-color-4)","background-image":"","background-repeat":"repeat","background-position":"center center","background-size":"auto","background-attachment":"scroll","background-type":"","background-media":"","overlay-type":"","overlay-color":"","overlay-opacity":"","overlay-gradient":""},"tablet":{"background-color":"","background-image":"","background-repeat":"repeat","background-position":"center center","background-size":"auto","background-attachment":"scroll","background-type":"","background-media":"","overlay-type":"","overlay-color":"","overlay-opacity":"","overlay-gradient":""},"mobile":{"background-color":"","background-image":"","background-repeat":"repeat","background-position":"center center","background-size":"auto","background-attachment":"scroll","background-type":"","background-media":"","overlay-type":"","overlay-color":"","overlay-opacity":"","overlay-gradient":""}},"ast-content-background-meta":{"desktop":{"background-color":"var(--ast-global-color-5)","background-image":"","background-repeat":"repeat","background-position":"center center","background-size":"auto","background-attachment":"scroll","background-type":"","background-media":"","overlay-type":"","overlay-color":"","overlay-opacity":"","overlay-gradient":""},"tablet":{"background-color":"var(--ast-global-color-5)","background-image":"","background-repeat":"repeat","background-position":"center center","background-size":"auto","background-attachment":"scroll","background-type":"","background-media":"","overlay-type":"","overlay-color":"","overlay-opacity":"","overlay-gradient":""},"mobile":{"background-color":"var(--ast-global-color-5)","background-image":"","background-repeat":"repeat","background-position":"center center","background-size":"auto","background-attachment":"scroll","background-type":"","background-media":"","overlay-type":"","overlay-color":"","overlay-opacity":"","overlay-gradient":""}}},"product_brand":[],"product_cat":[990],"product_tag":[],"class_list":{"0":"post-44475","1":"product","2":"type-product","3":"status-publish","4":"has-post-thumbnail","6":"product_cat-leker-barne-og-babyprodukter","7":"pa_41790_gisx8llw-bla","8":"pa_41790_gisx8llw-gronn","9":"pa_41790_gisx8llw-gul","10":"pa_41790_gisx8llw-rosa","11":"pa_41790_m8e7ivyy-40-cm","12":"pa_41790_m8e7ivyy-50-cm","13":"pa_41790_m8e7ivyy-70-cm","14":"desktop-align-left","15":"tablet-align-left","16":"mobile-align-left","18":"first","19":"instock","20":"shipping-taxable","21":"purchasable","22":"product-type-variable","23":"has-default-attributes"},"_links":{"self":[{"href":"https:\/\/keluvo.com\/no\/wp-json\/wp\/v2\/product\/44475","targetHints":{"allow":["GET"]}}],"collection":[{"href":"https:\/\/keluvo.com\/no\/wp-json\/wp\/v2\/product"}],"about":[{"href":"https:\/\/keluvo.com\/no\/wp-json\/wp\/v2\/types\/product"}],"replies":[{"embeddable":true,"href":"https:\/\/keluvo.com\/no\/wp-json\/wp\/v2\/comments?post=44475"}],"wp:featuredmedia":[{"embeddable":true,"href":"https:\/\/keluvo.com\/no\/wp-json\/wp\/v2\/media\/44471"}],"wp:attachment":[{"href":"https:\/\/keluvo.com\/no\/wp-json\/wp\/v2\/media?parent=44475"}],"wp:term":[{"taxonomy":"product_brand","embeddable":true,"href":"https:\/\/keluvo.com\/no\/wp-json\/wp\/v2\/product_brand?post=44475"},{"taxonomy":"product_cat","embeddable":true,"href":"https:\/\/keluvo.com\/no\/wp-json\/wp\/v2\/product_cat?post=44475"},{"taxonomy":"product_tag","embeddable":true,"href":"https:\/\/keluvo.com\/no\/wp-json\/wp\/v2\/product_tag?post=44475"}],"curies":[{"name":"wp","href":"https:\/\/api.w.org\/{rel}","templated":true}]}}