{"id":44449,"date":"2025-09-09T14:16:48","date_gmt":"2025-09-09T11:16:48","guid":{"rendered":"https:\/\/keluvo.com\/no\/produkt\/gulvmatte-av-skum-10-stk\/"},"modified":"2025-09-09T14:17:07","modified_gmt":"2025-09-09T11:17:07","slug":"gulvmatte-av-skum-10-stk","status":"publish","type":"product","link":"https:\/\/keluvo.com\/no\/produkt\/gulvmatte-av-skum-10-stk\/","title":{"rendered":"Gulvmatte av skum (10 stk)"},"content":{"rendered":"<h2 style=\"text-align: center\">Myk Og Behagelig Overflate<\/h2>\n<p style=\"text-align: center\">Skumgulvmattene er laget av EVA-skum og dekket med plysjkorallfleece, noe som gir en myk og koselig overflate. De er perfekte for soverom, lekerom eller barnehager, og gir barna et komfortabelt omr\u00e5de \u00e5 leke eller slappe av p\u00e5, spesielt i de kaldere m\u00e5nedene.<\/p>\n<p><img decoding=\"async\" class=\"alignnone size-medium wp-image-7462 aligncenter\" src=\"https:\/\/keluvo.com\/template\/wp-content\/uploads\/sites\/5\/2025\/01\/S98426b2953b047c782321141194be8765.jpg_960x960q75.jpg_.webp\" \/><\/p>\n<h2 style=\"text-align: center\">Enkle \u00c5 Montere Og Tilpasse<\/h2>\n<p style=\"text-align: center\">Gulvmattene i skumgummi har en sammenl\u00e5sbar design og kan enkelt ordnes som et puslespill for \u00e5 passe inn i ethvert rom. Med de medf\u00f8lgende kantbitene passer mattene s\u00f8ml\u00f8st mot vegger, noe som skaper et rent og polert utseende uten behov for tilskj\u00e6ring.<\/p>\n<p><img decoding=\"async\" class=\"alignnone size-medium wp-image-7463 aligncenter\" src=\"https:\/\/keluvo.com\/template\/wp-content\/uploads\/sites\/5\/2025\/01\/S6817d72607df4d929331b176d68c5c40x.jpg_960x960q75.jpg_.webp\" \/><\/p>\n","protected":false},"excerpt":{"rendered":"<p>Myk Og Behagelig Overflate Skumgulvmattene er laget av EVA-skum og dekket med plysjkorallfleece, noe som gir en myk og koselig [&hellip;]<\/p>\n","protected":false},"featured_media":44445,"comment_status":"open","ping_status":"closed","template":"","meta":{"site-sidebar-layout":"default","site-content-layout":"","ast-site-content-layout":"default","site-content-style":"default","site-sidebar-style":"default","ast-global-header-display":"","ast-banner-title-visibility":"","ast-main-header-display":"","ast-hfb-above-header-display":"","ast-hfb-below-header-display":"","ast-hfb-mobile-header-display":"","site-post-title":"","ast-breadcrumbs-content":"","ast-featured-img":"","footer-sml-layout":"","theme-transparent-header-meta":"default","adv-header-id-meta":"","stick-header-meta":"","header-above-stick-meta":"","header-main-stick-meta":"","header-below-stick-meta":"","astra-migrate-meta-layouts":"set","ast-page-background-enabled":"default","ast-page-background-meta":{"desktop":{"background-color":"var(--ast-global-color-4)","background-image":"","background-repeat":"repeat","background-position":"center center","background-size":"auto","background-attachment":"scroll","background-type":"","background-media":"","overlay-type":"","overlay-color":"","overlay-opacity":"","overlay-gradient":""},"tablet":{"background-color":"","background-image":"","background-repeat":"repeat","background-position":"center center","background-size":"auto","background-attachment":"scroll","background-type":"","background-media":"","overlay-type":"","overlay-color":"","overlay-opacity":"","overlay-gradient":""},"mobile":{"background-color":"","background-image":"","background-repeat":"repeat","background-position":"center center","background-size":"auto","background-attachment":"scroll","background-type":"","background-media":"","overlay-type":"","overlay-color":"","overlay-opacity":"","overlay-gradient":""}},"ast-content-background-meta":{"desktop":{"background-color":"var(--ast-global-color-5)","background-image":"","background-repeat":"repeat","background-position":"center center","background-size":"auto","background-attachment":"scroll","background-type":"","background-media":"","overlay-type":"","overlay-color":"","overlay-opacity":"","overlay-gradient":""},"tablet":{"background-color":"var(--ast-global-color-5)","background-image":"","background-repeat":"repeat","background-position":"center center","background-size":"auto","background-attachment":"scroll","background-type":"","background-media":"","overlay-type":"","overlay-color":"","overlay-opacity":"","overlay-gradient":""},"mobile":{"background-color":"var(--ast-global-color-5)","background-image":"","background-repeat":"repeat","background-position":"center center","background-size":"auto","background-attachment":"scroll","background-type":"","background-media":"","overlay-type":"","overlay-color":"","overlay-opacity":"","overlay-gradient":""}}},"product_brand":[],"product_cat":[1001],"product_tag":[],"class_list":{"0":"post-44449","1":"product","2":"type-product","3":"status-publish","4":"has-post-thumbnail","6":"product_cat-husholdningsartikler","7":"pa_45781_0lhulod5-bla-hvit","8":"pa_45781_0lhulod5-brun-hvit","9":"pa_45781_0lhulod5-gra","10":"pa_45781_0lhulod5-gronn-hvit","11":"pa_45781_0lhulod5-hvit","12":"pa_45781_0lhulod5-rod-rosa","13":"pa_45781_0lhulod5-rosa","14":"desktop-align-left","15":"tablet-align-left","16":"mobile-align-left","18":"first","19":"instock","20":"shipping-taxable","21":"purchasable","22":"product-type-variable"},"_links":{"self":[{"href":"https:\/\/keluvo.com\/no\/wp-json\/wp\/v2\/product\/44449","targetHints":{"allow":["GET"]}}],"collection":[{"href":"https:\/\/keluvo.com\/no\/wp-json\/wp\/v2\/product"}],"about":[{"href":"https:\/\/keluvo.com\/no\/wp-json\/wp\/v2\/types\/product"}],"replies":[{"embeddable":true,"href":"https:\/\/keluvo.com\/no\/wp-json\/wp\/v2\/comments?post=44449"}],"wp:featuredmedia":[{"embeddable":true,"href":"https:\/\/keluvo.com\/no\/wp-json\/wp\/v2\/media\/44445"}],"wp:attachment":[{"href":"https:\/\/keluvo.com\/no\/wp-json\/wp\/v2\/media?parent=44449"}],"wp:term":[{"taxonomy":"product_brand","embeddable":true,"href":"https:\/\/keluvo.com\/no\/wp-json\/wp\/v2\/product_brand?post=44449"},{"taxonomy":"product_cat","embeddable":true,"href":"https:\/\/keluvo.com\/no\/wp-json\/wp\/v2\/product_cat?post=44449"},{"taxonomy":"product_tag","embeddable":true,"href":"https:\/\/keluvo.com\/no\/wp-json\/wp\/v2\/product_tag?post=44449"}],"curies":[{"name":"wp","href":"https:\/\/api.w.org\/{rel}","templated":true}]}}