{"id":44371,"date":"2025-09-09T13:24:16","date_gmt":"2025-09-09T10:24:16","guid":{"rendered":"https:\/\/keluvo.com\/no\/produkt\/stjernesteinsarmband\/"},"modified":"2025-09-15T17:28:26","modified_gmt":"2025-09-15T14:28:26","slug":"stjernesteinsarmband","status":"publish","type":"product","link":"https:\/\/keluvo.com\/no\/produkt\/stjernesteinsarmband\/","title":{"rendered":"Stjernesteinsarmb\u00e5nd"},"content":{"rendered":"<h2 style=\"text-align: center\">Personlig Stjernetegndesign<\/h2>\n<p style=\"text-align: center\">Stjernetegn-armb\u00e5ndet er laget for \u00e5 gjenspeile ditt unike astrologiske tegn. Med symbolene til de 12 stjernetegnene er det et meningsfylt tilbeh\u00f8r som forbinder deg med stjernetegnet ditt. Armb\u00e5ndet er perfekt for \u00e5 sette et personlig preg p\u00e5 hverdagslooken din.<\/p>\n<p><img decoding=\"async\" class=\"alignnone size-medium wp-image-8885 aligncenter\" src=\"https:\/\/keluvo.com\/template\/wp-content\/uploads\/sites\/5\/2025\/01\/a6c8fb53-59f4-41eb-93be-b82bc3b3d89b.webp\" alt=\"\" \/><\/p>\n<h2 style=\"text-align: center\">Naturstein Av H\u00f8y Kvalitet<\/h2>\n<p style=\"text-align: center\">Laget av 8 mm natursteinsperler, er stjernetegnsarmb\u00e5ndet b\u00e5de slitesterkt og elegant. Den glatte, polerte overflaten p\u00e5 steinene gir en behagelig passform og fremhever samtidig deres naturlige skj\u00f8nnhet. Det er designet for langvarig bruk og tidl\u00f8s stil.<\/p>\n<p><img decoding=\"async\" class=\"alignnone size-medium wp-image-8896 aligncenter\" src=\"https:\/\/keluvo.com\/template\/wp-content\/uploads\/sites\/5\/2025\/01\/S6d4e897ed7a8407594182bbdb4f6d782T.jpg_960x960q75.jpg_.jpeg\" alt=\"\" \/><\/p>\n","protected":false},"excerpt":{"rendered":"<p>Personlig Stjernetegndesign Stjernetegn-armb\u00e5ndet er laget for \u00e5 gjenspeile ditt unike astrologiske tegn. Med symbolene til de 12 stjernetegnene er det [&hellip;]<\/p>\n","protected":false},"featured_media":44367,"comment_status":"open","ping_status":"closed","template":"","meta":{"site-sidebar-layout":"default","site-content-layout":"","ast-site-content-layout":"default","site-content-style":"default","site-sidebar-style":"default","ast-global-header-display":"","ast-banner-title-visibility":"","ast-main-header-display":"","ast-hfb-above-header-display":"","ast-hfb-below-header-display":"","ast-hfb-mobile-header-display":"","site-post-title":"","ast-breadcrumbs-content":"","ast-featured-img":"","footer-sml-layout":"","theme-transparent-header-meta":"default","adv-header-id-meta":"","stick-header-meta":"","header-above-stick-meta":"","header-main-stick-meta":"","header-below-stick-meta":"","astra-migrate-meta-layouts":"set","ast-page-background-enabled":"default","ast-page-background-meta":{"desktop":{"background-color":"var(--ast-global-color-4)","background-image":"","background-repeat":"repeat","background-position":"center center","background-size":"auto","background-attachment":"scroll","background-type":"","background-media":"","overlay-type":"","overlay-color":"","overlay-opacity":"","overlay-gradient":""},"tablet":{"background-color":"","background-image":"","background-repeat":"repeat","background-position":"center center","background-size":"auto","background-attachment":"scroll","background-type":"","background-media":"","overlay-type":"","overlay-color":"","overlay-opacity":"","overlay-gradient":""},"mobile":{"background-color":"","background-image":"","background-repeat":"repeat","background-position":"center center","background-size":"auto","background-attachment":"scroll","background-type":"","background-media":"","overlay-type":"","overlay-color":"","overlay-opacity":"","overlay-gradient":""}},"ast-content-background-meta":{"desktop":{"background-color":"var(--ast-global-color-5)","background-image":"","background-repeat":"repeat","background-position":"center center","background-size":"auto","background-attachment":"scroll","background-type":"","background-media":"","overlay-type":"","overlay-color":"","overlay-opacity":"","overlay-gradient":""},"tablet":{"background-color":"var(--ast-global-color-5)","background-image":"","background-repeat":"repeat","background-position":"center center","background-size":"auto","background-attachment":"scroll","background-type":"","background-media":"","overlay-type":"","overlay-color":"","overlay-opacity":"","overlay-gradient":""},"mobile":{"background-color":"var(--ast-global-color-5)","background-image":"","background-repeat":"repeat","background-position":"center center","background-size":"auto","background-attachment":"scroll","background-type":"","background-media":"","overlay-type":"","overlay-color":"","overlay-opacity":"","overlay-gradient":""}}},"product_brand":[],"product_cat":[993],"product_tag":[],"class_list":{"0":"post-44371","1":"product","2":"type-product","3":"status-publish","4":"has-post-thumbnail","6":"product_cat-skotoy-tilbehor","7":"pa_38088_r34721lq-fiskene","8":"pa_38088_r34721lq-jomfruen","9":"pa_38088_r34721lq-kreft","10":"pa_38088_r34721lq-leo","11":"pa_38088_r34721lq-skorpionen","12":"pa_38088_r34721lq-skytten","13":"pa_38088_r34721lq-steinbukken","14":"pa_38088_r34721lq-tvillingene","15":"pa_38088_r34721lq-tyren","16":"pa_38088_r34721lq-vaeren","17":"pa_38088_r34721lq-vannmannen","18":"pa_38088_r34721lq-vekten","19":"desktop-align-left","20":"tablet-align-left","21":"mobile-align-left","23":"first","24":"instock","25":"shipping-taxable","26":"purchasable","27":"product-type-variable"},"_links":{"self":[{"href":"https:\/\/keluvo.com\/no\/wp-json\/wp\/v2\/product\/44371","targetHints":{"allow":["GET"]}}],"collection":[{"href":"https:\/\/keluvo.com\/no\/wp-json\/wp\/v2\/product"}],"about":[{"href":"https:\/\/keluvo.com\/no\/wp-json\/wp\/v2\/types\/product"}],"replies":[{"embeddable":true,"href":"https:\/\/keluvo.com\/no\/wp-json\/wp\/v2\/comments?post=44371"}],"wp:featuredmedia":[{"embeddable":true,"href":"https:\/\/keluvo.com\/no\/wp-json\/wp\/v2\/media\/44367"}],"wp:attachment":[{"href":"https:\/\/keluvo.com\/no\/wp-json\/wp\/v2\/media?parent=44371"}],"wp:term":[{"taxonomy":"product_brand","embeddable":true,"href":"https:\/\/keluvo.com\/no\/wp-json\/wp\/v2\/product_brand?post=44371"},{"taxonomy":"product_cat","embeddable":true,"href":"https:\/\/keluvo.com\/no\/wp-json\/wp\/v2\/product_cat?post=44371"},{"taxonomy":"product_tag","embeddable":true,"href":"https:\/\/keluvo.com\/no\/wp-json\/wp\/v2\/product_tag?post=44371"}],"curies":[{"name":"wp","href":"https:\/\/api.w.org\/{rel}","templated":true}]}}