{"id":44335,"date":"2025-09-09T13:22:58","date_gmt":"2025-09-09T10:22:58","guid":{"rendered":"https:\/\/keluvo.com\/no\/produkt\/laeringsbrett-for-barn\/"},"modified":"2025-09-09T13:23:10","modified_gmt":"2025-09-09T10:23:10","slug":"laeringsbrett-for-barn","status":"publish","type":"product","link":"https:\/\/keluvo.com\/no\/produkt\/laeringsbrett-for-barn\/","title":{"rendered":"L\u00e6ringsbrett for barn"},"content":{"rendered":"<h2 style=\"text-align: center\">Perfekt for l\u00e6ring og lek<\/h2>\n<p style=\"text-align: center\">L\u00e6ringsbrettet for barn er designet for b\u00e5de utdanning og moro. Med Android 10 og tilgang til Google Play kan barna laste ned pedagogiske apper, spill og videoer. Det er det perfekte verkt\u00f8yet for \u00e5 hjelpe barn med \u00e5 l\u00e6re samtidig som de blir underholdt.<\/p>\n<p><img decoding=\"async\" class=\"alignnone size-medium wp-image-7084 aligncenter\" src=\"https:\/\/keluvo.com\/template\/wp-content\/uploads\/sites\/5\/2025\/01\/8d5c0272-900c-4215-b438-b37820c020e2.webp\" alt=\"\" \/><\/p>\n<h2 style=\"text-align: center\">To kameraer for kreativ moro<\/h2>\n<p style=\"text-align: center\">Barnets l\u00e6ringsbrett leveres med to kameraer, slik at barna enkelt kan ta bilder og spille inn videoer. Disse funksjonene oppmuntrer til kreativitet og lar barna forevige favoritt\u00f8yeblikkene sine. Det er en morsom m\u00e5te \u00e5 utforske fotografering og videoopptak p\u00e5.<\/p>\n<p style=\"text-align: center\"><img decoding=\"async\" class=\"alignnone size-medium wp-image-7097\" src=\"https:\/\/keluvo.com\/template\/wp-content\/uploads\/sites\/5\/2025\/01\/33eb89d7-84cf-4f40-93a2-250047a260f9.webp\" alt=\"\" \/><\/p>\n","protected":false},"excerpt":{"rendered":"<p>Perfekt for l\u00e6ring og lek L\u00e6ringsbrettet for barn er designet for b\u00e5de utdanning og moro. Med Android 10 og tilgang [&hellip;]<\/p>\n","protected":false},"featured_media":44331,"comment_status":"open","ping_status":"closed","template":"","meta":{"site-sidebar-layout":"default","site-content-layout":"","ast-site-content-layout":"default","site-content-style":"default","site-sidebar-style":"default","ast-global-header-display":"","ast-banner-title-visibility":"","ast-main-header-display":"","ast-hfb-above-header-display":"","ast-hfb-below-header-display":"","ast-hfb-mobile-header-display":"","site-post-title":"","ast-breadcrumbs-content":"","ast-featured-img":"","footer-sml-layout":"","theme-transparent-header-meta":"default","adv-header-id-meta":"","stick-header-meta":"","header-above-stick-meta":"","header-main-stick-meta":"","header-below-stick-meta":"","astra-migrate-meta-layouts":"set","ast-page-background-enabled":"default","ast-page-background-meta":{"desktop":{"background-color":"var(--ast-global-color-4)","background-image":"","background-repeat":"repeat","background-position":"center center","background-size":"auto","background-attachment":"scroll","background-type":"","background-media":"","overlay-type":"","overlay-color":"","overlay-opacity":"","overlay-gradient":""},"tablet":{"background-color":"","background-image":"","background-repeat":"repeat","background-position":"center center","background-size":"auto","background-attachment":"scroll","background-type":"","background-media":"","overlay-type":"","overlay-color":"","overlay-opacity":"","overlay-gradient":""},"mobile":{"background-color":"","background-image":"","background-repeat":"repeat","background-position":"center center","background-size":"auto","background-attachment":"scroll","background-type":"","background-media":"","overlay-type":"","overlay-color":"","overlay-opacity":"","overlay-gradient":""}},"ast-content-background-meta":{"desktop":{"background-color":"var(--ast-global-color-5)","background-image":"","background-repeat":"repeat","background-position":"center center","background-size":"auto","background-attachment":"scroll","background-type":"","background-media":"","overlay-type":"","overlay-color":"","overlay-opacity":"","overlay-gradient":""},"tablet":{"background-color":"var(--ast-global-color-5)","background-image":"","background-repeat":"repeat","background-position":"center center","background-size":"auto","background-attachment":"scroll","background-type":"","background-media":"","overlay-type":"","overlay-color":"","overlay-opacity":"","overlay-gradient":""},"mobile":{"background-color":"var(--ast-global-color-5)","background-image":"","background-repeat":"repeat","background-position":"center center","background-size":"auto","background-attachment":"scroll","background-type":"","background-media":"","overlay-type":"","overlay-color":"","overlay-opacity":"","overlay-gradient":""}}},"product_brand":[],"product_cat":[990],"product_tag":[],"class_list":{"0":"post-44335","1":"product","2":"type-product","3":"status-publish","4":"has-post-thumbnail","6":"product_cat-leker-barne-og-babyprodukter","7":"pa_43237_ay4gioyg-bla","8":"pa_43237_ay4gioyg-gronn","9":"pa_43237_ay4gioyg-oransje","10":"pa_43237_ay4gioyg-rosa","11":"desktop-align-left","12":"tablet-align-left","13":"mobile-align-left","15":"first","16":"instock","17":"shipping-taxable","18":"purchasable","19":"product-type-variable"},"_links":{"self":[{"href":"https:\/\/keluvo.com\/no\/wp-json\/wp\/v2\/product\/44335","targetHints":{"allow":["GET"]}}],"collection":[{"href":"https:\/\/keluvo.com\/no\/wp-json\/wp\/v2\/product"}],"about":[{"href":"https:\/\/keluvo.com\/no\/wp-json\/wp\/v2\/types\/product"}],"replies":[{"embeddable":true,"href":"https:\/\/keluvo.com\/no\/wp-json\/wp\/v2\/comments?post=44335"}],"wp:featuredmedia":[{"embeddable":true,"href":"https:\/\/keluvo.com\/no\/wp-json\/wp\/v2\/media\/44331"}],"wp:attachment":[{"href":"https:\/\/keluvo.com\/no\/wp-json\/wp\/v2\/media?parent=44335"}],"wp:term":[{"taxonomy":"product_brand","embeddable":true,"href":"https:\/\/keluvo.com\/no\/wp-json\/wp\/v2\/product_brand?post=44335"},{"taxonomy":"product_cat","embeddable":true,"href":"https:\/\/keluvo.com\/no\/wp-json\/wp\/v2\/product_cat?post=44335"},{"taxonomy":"product_tag","embeddable":true,"href":"https:\/\/keluvo.com\/no\/wp-json\/wp\/v2\/product_tag?post=44335"}],"curies":[{"name":"wp","href":"https:\/\/api.w.org\/{rel}","templated":true}]}}