{"id":44312,"date":"2025-09-09T11:43:36","date_gmt":"2025-09-09T08:43:36","guid":{"rendered":"https:\/\/keluvo.com\/no\/produkt\/magsafe-holder-for-biltelefon\/"},"modified":"2025-09-15T17:27:56","modified_gmt":"2025-09-15T14:27:56","slug":"magsafe-holder-for-biltelefon","status":"publish","type":"product","link":"https:\/\/keluvo.com\/no\/produkt\/magsafe-holder-for-biltelefon\/","title":{"rendered":"Magsafe-holder for biltelefon"},"content":{"rendered":"<h2 style=\"text-align: center\">Sterkt Magnetisk Grep<\/h2>\n<p style=\"text-align: center\">MagSafe-holderen for biltelefoner gir en sikker magnetisk forbindelse som s\u00f8rger for at telefonen holder seg p\u00e5 plass under kj\u00f8returen. Den er kompatibel med Magsafe-aktiverte enheter som iPhone 14 og 13 Pro Max. Du kan kj\u00f8re bekymringsfritt med et fast og p\u00e5litelig grep.<\/p>\n<p><img decoding=\"async\" class=\"alignnone size-medium wp-image-7902 aligncenter\" src=\"https:\/\/keluvo.com\/template\/wp-content\/uploads\/sites\/5\/2025\/01\/1b3f5b63-68e5-4c91-afb1-9993e7b2850c.webp\" alt=\"\" \/><\/p>\n<h2 style=\"text-align: center\">Elegant Og Slitesterk Design<\/h2>\n<p style=\"text-align: center\">Magsafe biltelefonholder er laget av h\u00f8ykvalitetslegering og kombinerer holdbarhet med en stilig sort og s\u00f8lv finish. Den elegante designen utfyller ethvert bilinteri\u00f8r, noe som gj\u00f8r den b\u00e5de funksjonell og visuelt tiltalende. Den er bygget for \u00e5 vare, og er et perfekt valg for hverdagsbruk.<\/p>\n<p><img decoding=\"async\" class=\"alignnone size-medium wp-image-7903 aligncenter\" src=\"https:\/\/keluvo.com\/template\/wp-content\/uploads\/sites\/5\/2025\/01\/89e008ba-cb5d-482c-b577-d73d9a0d24b1.webp\" alt=\"\" \/><\/p>\n","protected":false},"excerpt":{"rendered":"<p>Sterkt Magnetisk Grep MagSafe-holderen for biltelefoner gir en sikker magnetisk forbindelse som s\u00f8rger for at telefonen holder seg p\u00e5 plass [&hellip;]<\/p>\n","protected":false},"featured_media":44308,"comment_status":"open","ping_status":"closed","template":"","meta":{"site-sidebar-layout":"default","site-content-layout":"","ast-site-content-layout":"default","site-content-style":"default","site-sidebar-style":"default","ast-global-header-display":"","ast-banner-title-visibility":"","ast-main-header-display":"","ast-hfb-above-header-display":"","ast-hfb-below-header-display":"","ast-hfb-mobile-header-display":"","site-post-title":"","ast-breadcrumbs-content":"","ast-featured-img":"","footer-sml-layout":"","theme-transparent-header-meta":"default","adv-header-id-meta":"","stick-header-meta":"","header-above-stick-meta":"","header-main-stick-meta":"","header-below-stick-meta":"","astra-migrate-meta-layouts":"set","ast-page-background-enabled":"default","ast-page-background-meta":{"desktop":{"background-color":"var(--ast-global-color-4)","background-image":"","background-repeat":"repeat","background-position":"center center","background-size":"auto","background-attachment":"scroll","background-type":"","background-media":"","overlay-type":"","overlay-color":"","overlay-opacity":"","overlay-gradient":""},"tablet":{"background-color":"","background-image":"","background-repeat":"repeat","background-position":"center center","background-size":"auto","background-attachment":"scroll","background-type":"","background-media":"","overlay-type":"","overlay-color":"","overlay-opacity":"","overlay-gradient":""},"mobile":{"background-color":"","background-image":"","background-repeat":"repeat","background-position":"center center","background-size":"auto","background-attachment":"scroll","background-type":"","background-media":"","overlay-type":"","overlay-color":"","overlay-opacity":"","overlay-gradient":""}},"ast-content-background-meta":{"desktop":{"background-color":"var(--ast-global-color-5)","background-image":"","background-repeat":"repeat","background-position":"center center","background-size":"auto","background-attachment":"scroll","background-type":"","background-media":"","overlay-type":"","overlay-color":"","overlay-opacity":"","overlay-gradient":""},"tablet":{"background-color":"var(--ast-global-color-5)","background-image":"","background-repeat":"repeat","background-position":"center center","background-size":"auto","background-attachment":"scroll","background-type":"","background-media":"","overlay-type":"","overlay-color":"","overlay-opacity":"","overlay-gradient":""},"mobile":{"background-color":"var(--ast-global-color-5)","background-image":"","background-repeat":"repeat","background-position":"center center","background-size":"auto","background-attachment":"scroll","background-type":"","background-media":"","overlay-type":"","overlay-color":"","overlay-opacity":"","overlay-gradient":""}}},"product_brand":[],"product_cat":[998],"product_tag":[],"class_list":{"0":"post-44312","1":"product","2":"type-product","3":"status-publish","4":"has-post-thumbnail","6":"product_cat-bilprodukter","7":"pa_46581_fhwi75a9-solv","8":"pa_46581_fhwi75a9-svart","9":"desktop-align-left","10":"tablet-align-left","11":"mobile-align-left","13":"first","14":"instock","15":"shipping-taxable","16":"purchasable","17":"product-type-variable"},"_links":{"self":[{"href":"https:\/\/keluvo.com\/no\/wp-json\/wp\/v2\/product\/44312","targetHints":{"allow":["GET"]}}],"collection":[{"href":"https:\/\/keluvo.com\/no\/wp-json\/wp\/v2\/product"}],"about":[{"href":"https:\/\/keluvo.com\/no\/wp-json\/wp\/v2\/types\/product"}],"replies":[{"embeddable":true,"href":"https:\/\/keluvo.com\/no\/wp-json\/wp\/v2\/comments?post=44312"}],"wp:featuredmedia":[{"embeddable":true,"href":"https:\/\/keluvo.com\/no\/wp-json\/wp\/v2\/media\/44308"}],"wp:attachment":[{"href":"https:\/\/keluvo.com\/no\/wp-json\/wp\/v2\/media?parent=44312"}],"wp:term":[{"taxonomy":"product_brand","embeddable":true,"href":"https:\/\/keluvo.com\/no\/wp-json\/wp\/v2\/product_brand?post=44312"},{"taxonomy":"product_cat","embeddable":true,"href":"https:\/\/keluvo.com\/no\/wp-json\/wp\/v2\/product_cat?post=44312"},{"taxonomy":"product_tag","embeddable":true,"href":"https:\/\/keluvo.com\/no\/wp-json\/wp\/v2\/product_tag?post=44312"}],"curies":[{"name":"wp","href":"https:\/\/api.w.org\/{rel}","templated":true}]}}