{"id":44284,"date":"2025-09-09T11:42:34","date_gmt":"2025-09-09T08:42:34","guid":{"rendered":"https:\/\/keluvo.com\/no\/produkt\/tennis-rebound-trener\/"},"modified":"2025-09-22T18:52:52","modified_gmt":"2025-09-22T15:52:52","slug":"tennis-rebound-trener","status":"publish","type":"product","link":"https:\/\/keluvo.com\/no\/produkt\/tennis-rebound-trener\/","title":{"rendered":"Tennis rebound-trener"},"content":{"rendered":"<h2 style=\"text-align: center\">\ud83c\udfbe Tren tennis n\u00e5r som helst, hvor som helst<\/h2>\n<p style=\"text-align: center\">Tennis rebound trainer lar deg trene uten en partner, noe som gj\u00f8r den perfekt for solotrening. Den kan brukes b\u00e5de innend\u00f8rs og utend\u00f8rs, slik at du kan forbedre ferdighetene dine hvor som helst. Dette gj\u00f8r den til et flott verkt\u00f8y for spillere p\u00e5 alle niv\u00e5er.<\/p>\n<p><img decoding=\"async\" class=\"size-full wp-image-14551 aligncenter\" src=\"https:\/\/keluvo.com\/template\/wp-content\/uploads\/sites\/5\/2025\/01\/tennistrainervideo-ezgif.com-gif-to-webp-converter.webp\" alt=\"\" \/><\/p>\n<h2 style=\"text-align: center\">\ud83d\udee0 Slik setter du den opp<\/h2>\n<p style=\"text-align: center\"><span style=\"font-weight: 400\">Fyll basen med vann eller sand for \u00e5 holde den st\u00f8dig. Sving i vei og se ballen sprette rett tilbake til deg!<\/span><\/p>\n<p><img decoding=\"async\" class=\"alignnone size-medium wp-image-9897 aligncenter\" src=\"https:\/\/keluvo.com\/template\/wp-content\/uploads\/sites\/5\/2025\/01\/S1589f2bd720d455a8144a45bf12be729N.jpeg\" alt=\"\" \/><\/p>\n<h2 style=\"text-align: center\">\u2705 Hvorfor du vil elske det<\/h2>\n<ul>\n<li style=\"font-weight: 400\"><b>Tog alene: <\/b><span style=\"font-weight: 400\">Ingen partner? Ikke noe problem! Det elastiske tauet bringer ballen tilbake etter hvert slag.<\/span><span style=\"font-weight: 400\"><br \/>\n<\/span><\/li>\n<li style=\"font-weight: 400\"><b>Ingen rotete floker: <\/b><span style=\"font-weight: 400\">Innebygde riller holder tauet og ballen pent n\u00e5r de ikke er i bruk. Ingen knuter, ikke noe rot.<\/span><\/li>\n<li style=\"font-weight: 400\"><b>Sterk og holdbar: <\/b><span style=\"font-weight: 400\">Laget av PE-plast av h\u00f8y kvalitet, tykke gummikuler og elastisk nylontau for langvarig moro.<\/span><\/li>\n<li style=\"font-weight: 400\"><b>B\u00e6rbar og lett: <\/b><span style=\"font-weight: 400\">T\u00f8m basen og bruk sideh\u00e5ndtaket til \u00e5 b\u00e6re den hvor som helst \u2013 park, bane, bakg\u00e5rd, hva som helst!<\/span><\/li>\n<li><b>Morsomt for alle niv\u00e5er: <\/b><span style=\"font-weight: 400\">Perfekt for nybegynnere eller avanserte spillere som \u00f8nsker \u00e5 forbedre spillet sitt.<\/span><\/li>\n<\/ul>\n<p><img decoding=\"async\" class=\"alignnone size-medium wp-image-9901 aligncenter\" src=\"https:\/\/keluvo.com\/template\/wp-content\/uploads\/sites\/5\/2025\/01\/S96da17b05fa340e396131cdd79d2d9f3a.jpeg\" alt=\"\" \/><\/p>\n<h2 style=\"text-align: center\">\ud83d\udce6 Hva inneholder pakken<\/h2>\n<ul>\n<li style=\"font-weight: 400\"><span style=\"font-weight: 400\">1x tennis rebound-trener base<\/span><\/li>\n<li style=\"font-weight: 400\"><span style=\"font-weight: 400\">3x tennisballer med festet elastisk tau (4 meter hver)<\/span><\/li>\n<li><span style=\"font-weight: 400\">Innebygde riller for enkel oppbevaring<\/span><span style=\"font-weight: 400\"><br \/>\n<\/span><\/li>\n<\/ul>\n<p style=\"text-align: center\"><em>Legg en liten knute p\u00e5 tauet f\u00f8r trening for \u00e5 holde ballen sikker.<\/em><\/p>\n","protected":false},"excerpt":{"rendered":"<p>\ud83c\udfbe Tren tennis n\u00e5r som helst, hvor som helst Tennis rebound trainer lar deg trene uten en partner, noe som [&hellip;]<\/p>\n","protected":false},"featured_media":44280,"comment_status":"open","ping_status":"closed","template":"","meta":{"site-sidebar-layout":"default","site-content-layout":"","ast-site-content-layout":"default","site-content-style":"default","site-sidebar-style":"default","ast-global-header-display":"","ast-banner-title-visibility":"","ast-main-header-display":"","ast-hfb-above-header-display":"","ast-hfb-below-header-display":"","ast-hfb-mobile-header-display":"","site-post-title":"","ast-breadcrumbs-content":"","ast-featured-img":"","footer-sml-layout":"","theme-transparent-header-meta":"default","adv-header-id-meta":"","stick-header-meta":"","header-above-stick-meta":"","header-main-stick-meta":"","header-below-stick-meta":"","astra-migrate-meta-layouts":"set","ast-page-background-enabled":"default","ast-page-background-meta":{"desktop":{"background-color":"var(--ast-global-color-4)","background-image":"","background-repeat":"repeat","background-position":"center center","background-size":"auto","background-attachment":"scroll","background-type":"","background-media":"","overlay-type":"","overlay-color":"","overlay-opacity":"","overlay-gradient":""},"tablet":{"background-color":"","background-image":"","background-repeat":"repeat","background-position":"center center","background-size":"auto","background-attachment":"scroll","background-type":"","background-media":"","overlay-type":"","overlay-color":"","overlay-opacity":"","overlay-gradient":""},"mobile":{"background-color":"","background-image":"","background-repeat":"repeat","background-position":"center center","background-size":"auto","background-attachment":"scroll","background-type":"","background-media":"","overlay-type":"","overlay-color":"","overlay-opacity":"","overlay-gradient":""}},"ast-content-background-meta":{"desktop":{"background-color":"var(--ast-global-color-5)","background-image":"","background-repeat":"repeat","background-position":"center center","background-size":"auto","background-attachment":"scroll","background-type":"","background-media":"","overlay-type":"","overlay-color":"","overlay-opacity":"","overlay-gradient":""},"tablet":{"background-color":"var(--ast-global-color-5)","background-image":"","background-repeat":"repeat","background-position":"center center","background-size":"auto","background-attachment":"scroll","background-type":"","background-media":"","overlay-type":"","overlay-color":"","overlay-opacity":"","overlay-gradient":""},"mobile":{"background-color":"var(--ast-global-color-5)","background-image":"","background-repeat":"repeat","background-position":"center center","background-size":"auto","background-attachment":"scroll","background-type":"","background-media":"","overlay-type":"","overlay-color":"","overlay-opacity":"","overlay-gradient":""}}},"product_brand":[],"product_cat":[993],"product_tag":[],"class_list":{"0":"post-44284","1":"product","2":"type-product","3":"status-publish","4":"has-post-thumbnail","6":"product_cat-skotoy-tilbehor","7":"desktop-align-left","8":"tablet-align-left","9":"mobile-align-left","11":"first","12":"instock","13":"shipping-taxable","14":"purchasable","15":"product-type-simple"},"_links":{"self":[{"href":"https:\/\/keluvo.com\/no\/wp-json\/wp\/v2\/product\/44284","targetHints":{"allow":["GET"]}}],"collection":[{"href":"https:\/\/keluvo.com\/no\/wp-json\/wp\/v2\/product"}],"about":[{"href":"https:\/\/keluvo.com\/no\/wp-json\/wp\/v2\/types\/product"}],"replies":[{"embeddable":true,"href":"https:\/\/keluvo.com\/no\/wp-json\/wp\/v2\/comments?post=44284"}],"wp:featuredmedia":[{"embeddable":true,"href":"https:\/\/keluvo.com\/no\/wp-json\/wp\/v2\/media\/44280"}],"wp:attachment":[{"href":"https:\/\/keluvo.com\/no\/wp-json\/wp\/v2\/media?parent=44284"}],"wp:term":[{"taxonomy":"product_brand","embeddable":true,"href":"https:\/\/keluvo.com\/no\/wp-json\/wp\/v2\/product_brand?post=44284"},{"taxonomy":"product_cat","embeddable":true,"href":"https:\/\/keluvo.com\/no\/wp-json\/wp\/v2\/product_cat?post=44284"},{"taxonomy":"product_tag","embeddable":true,"href":"https:\/\/keluvo.com\/no\/wp-json\/wp\/v2\/product_tag?post=44284"}],"curies":[{"name":"wp","href":"https:\/\/api.w.org\/{rel}","templated":true}]}}