{"id":44218,"date":"2025-09-09T11:39:44","date_gmt":"2025-09-09T08:39:44","guid":{"rendered":"https:\/\/keluvo.com\/no\/produkt\/3d-krus-i-bokhyllen\/"},"modified":"2025-09-09T11:39:53","modified_gmt":"2025-09-09T08:39:53","slug":"3d-krus-i-bokhyllen","status":"publish","type":"product","link":"https:\/\/keluvo.com\/no\/produkt\/3d-krus-i-bokhyllen\/","title":{"rendered":"3D-krus i bokhyllen"},"content":{"rendered":"<h2 class=\"\" style=\"text-align: center\" data-start=\"0\" data-end=\"31\">Unik 3D-bokhylledesign<\/h2>\n<p class=\"\" style=\"text-align: center\" data-start=\"32\" data-end=\"262\">3D-bokhyllekruset (300 ml) har et morsomt og kreativt design som ser ut som et lite bokhj\u00f8rne. Det er perfekt for alle som elsker \u00e5 lese og \u00f8nsker \u00e5 vise frem lidenskapen sin. Det detaljerte bokhylletrykket gir det en varm og koselig f\u00f8lelse.<\/p>\n<p data-start=\"32\" data-end=\"262\"><img decoding=\"async\" class=\"alignnone size-medium wp-image-13928 aligncenter\" src=\"https:\/\/keluvo.com\/template\/wp-content\/uploads\/sites\/5\/2025\/04\/S7a7dfff6736448d29dc4aa38c4b02299q.jpg_960x960q75.jpg_.jpeg\" alt=\"\" \/><\/p>\n<h2 class=\"\" style=\"text-align: center\" data-start=\"264\" data-end=\"292\">Sterkt Keramisk Materiale<\/h2>\n<p class=\"\" style=\"text-align: center\" data-start=\"293\" data-end=\"476\">Laget av keramikk av h\u00f8y kvalitet, er 3D-bokhyllekruset bygget for \u00e5 vare. Det f\u00f8les godt i h\u00e5nden og holder drikken varm. Dette kruset er b\u00e5de praktisk og stilig til hverdagsbruk.<\/p>\n<p style=\"text-align: center\" data-start=\"293\" data-end=\"476\"><img decoding=\"async\" class=\"alignnone size-medium wp-image-13931\" src=\"https:\/\/keluvo.com\/template\/wp-content\/uploads\/sites\/5\/2025\/04\/S31008652de504c6cb63f210528ea8e4bo.jpg_960x960q75.jpg_.jpeg\" alt=\"\" \/><\/p>\n","protected":false},"excerpt":{"rendered":"<p>Unik 3D-bokhylledesign 3D-bokhyllekruset (300 ml) har et morsomt og kreativt design som ser ut som et lite bokhj\u00f8rne. Det er [&hellip;]<\/p>\n","protected":false},"featured_media":44214,"comment_status":"open","ping_status":"closed","template":"","meta":{"site-sidebar-layout":"default","site-content-layout":"","ast-site-content-layout":"default","site-content-style":"default","site-sidebar-style":"default","ast-global-header-display":"","ast-banner-title-visibility":"","ast-main-header-display":"","ast-hfb-above-header-display":"","ast-hfb-below-header-display":"","ast-hfb-mobile-header-display":"","site-post-title":"","ast-breadcrumbs-content":"","ast-featured-img":"","footer-sml-layout":"","theme-transparent-header-meta":"default","adv-header-id-meta":"","stick-header-meta":"","header-above-stick-meta":"","header-main-stick-meta":"","header-below-stick-meta":"","astra-migrate-meta-layouts":"set","ast-page-background-enabled":"default","ast-page-background-meta":{"desktop":{"background-color":"var(--ast-global-color-4)","background-image":"","background-repeat":"repeat","background-position":"center center","background-size":"auto","background-attachment":"scroll","background-type":"","background-media":"","overlay-type":"","overlay-color":"","overlay-opacity":"","overlay-gradient":""},"tablet":{"background-color":"","background-image":"","background-repeat":"repeat","background-position":"center center","background-size":"auto","background-attachment":"scroll","background-type":"","background-media":"","overlay-type":"","overlay-color":"","overlay-opacity":"","overlay-gradient":""},"mobile":{"background-color":"","background-image":"","background-repeat":"repeat","background-position":"center center","background-size":"auto","background-attachment":"scroll","background-type":"","background-media":"","overlay-type":"","overlay-color":"","overlay-opacity":"","overlay-gradient":""}},"ast-content-background-meta":{"desktop":{"background-color":"var(--ast-global-color-5)","background-image":"","background-repeat":"repeat","background-position":"center center","background-size":"auto","background-attachment":"scroll","background-type":"","background-media":"","overlay-type":"","overlay-color":"","overlay-opacity":"","overlay-gradient":""},"tablet":{"background-color":"var(--ast-global-color-5)","background-image":"","background-repeat":"repeat","background-position":"center center","background-size":"auto","background-attachment":"scroll","background-type":"","background-media":"","overlay-type":"","overlay-color":"","overlay-opacity":"","overlay-gradient":""},"mobile":{"background-color":"var(--ast-global-color-5)","background-image":"","background-repeat":"repeat","background-position":"center center","background-size":"auto","background-attachment":"scroll","background-type":"","background-media":"","overlay-type":"","overlay-color":"","overlay-opacity":"","overlay-gradient":""}}},"product_brand":[],"product_cat":[1001],"product_tag":[],"class_list":{"0":"post-44218","1":"product","2":"type-product","3":"status-publish","4":"has-post-thumbnail","6":"product_cat-husholdningsartikler","7":"pa_32198_dabia75o-beige","8":"pa_32198_dabia75o-bla","9":"pa_32198_dabia75o-gra","10":"desktop-align-left","11":"tablet-align-left","12":"mobile-align-left","14":"first","15":"instock","16":"shipping-taxable","17":"purchasable","18":"product-type-variable"},"_links":{"self":[{"href":"https:\/\/keluvo.com\/no\/wp-json\/wp\/v2\/product\/44218","targetHints":{"allow":["GET"]}}],"collection":[{"href":"https:\/\/keluvo.com\/no\/wp-json\/wp\/v2\/product"}],"about":[{"href":"https:\/\/keluvo.com\/no\/wp-json\/wp\/v2\/types\/product"}],"replies":[{"embeddable":true,"href":"https:\/\/keluvo.com\/no\/wp-json\/wp\/v2\/comments?post=44218"}],"wp:featuredmedia":[{"embeddable":true,"href":"https:\/\/keluvo.com\/no\/wp-json\/wp\/v2\/media\/44214"}],"wp:attachment":[{"href":"https:\/\/keluvo.com\/no\/wp-json\/wp\/v2\/media?parent=44218"}],"wp:term":[{"taxonomy":"product_brand","embeddable":true,"href":"https:\/\/keluvo.com\/no\/wp-json\/wp\/v2\/product_brand?post=44218"},{"taxonomy":"product_cat","embeddable":true,"href":"https:\/\/keluvo.com\/no\/wp-json\/wp\/v2\/product_cat?post=44218"},{"taxonomy":"product_tag","embeddable":true,"href":"https:\/\/keluvo.com\/no\/wp-json\/wp\/v2\/product_tag?post=44218"}],"curies":[{"name":"wp","href":"https:\/\/api.w.org\/{rel}","templated":true}]}}