{"id":44206,"date":"2025-09-09T11:39:17","date_gmt":"2025-09-09T08:39:17","guid":{"rendered":"https:\/\/keluvo.com\/no\/produkt\/hundeavviser\/"},"modified":"2025-09-09T11:39:17","modified_gmt":"2025-09-09T08:39:17","slug":"hundeavviser","status":"publish","type":"product","link":"https:\/\/keluvo.com\/no\/produkt\/hundeavviser\/","title":{"rendered":"Hundeavviser"},"content":{"rendered":"<h2 class=\"\" style=\"text-align: center\" data-start=\"0\" data-end=\"20\">Holder hunder unna<\/h2>\n<p class=\"\" style=\"text-align: center\" data-start=\"21\" data-end=\"229\">Hundeavviseren bruker sterke lydb\u00f8lger for \u00e5 holde u\u00f8nskede hunder p\u00e5 avstand. Den bidrar til \u00e5 forhindre hundeangrep n\u00e5r du g\u00e5r tur eller tilbringer tid ute. Den er trygg for b\u00e5de mennesker og kj\u00e6ledyr, og er en smart m\u00e5te \u00e5 beskytte seg p\u00e5.<\/p>\n<p data-start=\"21\" data-end=\"229\"><img decoding=\"async\" class=\"alignnone size-medium wp-image-13873 aligncenter\" src=\"https:\/\/keluvo.com\/template\/wp-content\/uploads\/sites\/5\/2025\/04\/Sfae8e4e4dd6a499094589fe0678c95fbK.jpg_960x960q75.jpg_.jpeg\" alt=\"\" \/><\/p>\n<h2 class=\"\" style=\"text-align: center\" data-start=\"231\" data-end=\"257\">Trygg Og Ufarlig Bruk<\/h2>\n<p class=\"\" style=\"text-align: center\" data-start=\"258\" data-end=\"438\">Denne hundeavviseren bruker ultralydlyd som dyr misliker, men som mennesker ikke kan h\u00f8re. Den skader ikke kj\u00e6ledyr eller ville dyr. Det er en trygg m\u00e5te \u00e5 stoppe bjeffing eller u\u00f8nskede bes\u00f8k p\u00e5.<\/p>\n<p data-start=\"258\" data-end=\"438\"><img decoding=\"async\" class=\"alignnone size-medium wp-image-13867 aligncenter\" src=\"https:\/\/keluvo.com\/template\/wp-content\/uploads\/sites\/5\/2025\/04\/S95dcf7bf14104c47acf20bce2160ca2ed.jpg_960x960q75.jpg_.jpeg\" alt=\"\" \/><\/p>\n","protected":false},"excerpt":{"rendered":"<p>Holder hunder unna Hundeavviseren bruker sterke lydb\u00f8lger for \u00e5 holde u\u00f8nskede hunder p\u00e5 avstand. Den bidrar til \u00e5 forhindre hundeangrep [&hellip;]<\/p>\n","protected":false},"featured_media":44202,"comment_status":"open","ping_status":"closed","template":"","meta":{"site-sidebar-layout":"default","site-content-layout":"","ast-site-content-layout":"default","site-content-style":"default","site-sidebar-style":"default","ast-global-header-display":"","ast-banner-title-visibility":"","ast-main-header-display":"","ast-hfb-above-header-display":"","ast-hfb-below-header-display":"","ast-hfb-mobile-header-display":"","site-post-title":"","ast-breadcrumbs-content":"","ast-featured-img":"","footer-sml-layout":"","theme-transparent-header-meta":"default","adv-header-id-meta":"","stick-header-meta":"","header-above-stick-meta":"","header-main-stick-meta":"","header-below-stick-meta":"","astra-migrate-meta-layouts":"set","ast-page-background-enabled":"default","ast-page-background-meta":{"desktop":{"background-color":"var(--ast-global-color-4)","background-image":"","background-repeat":"repeat","background-position":"center center","background-size":"auto","background-attachment":"scroll","background-type":"","background-media":"","overlay-type":"","overlay-color":"","overlay-opacity":"","overlay-gradient":""},"tablet":{"background-color":"","background-image":"","background-repeat":"repeat","background-position":"center center","background-size":"auto","background-attachment":"scroll","background-type":"","background-media":"","overlay-type":"","overlay-color":"","overlay-opacity":"","overlay-gradient":""},"mobile":{"background-color":"","background-image":"","background-repeat":"repeat","background-position":"center center","background-size":"auto","background-attachment":"scroll","background-type":"","background-media":"","overlay-type":"","overlay-color":"","overlay-opacity":"","overlay-gradient":""}},"ast-content-background-meta":{"desktop":{"background-color":"var(--ast-global-color-5)","background-image":"","background-repeat":"repeat","background-position":"center center","background-size":"auto","background-attachment":"scroll","background-type":"","background-media":"","overlay-type":"","overlay-color":"","overlay-opacity":"","overlay-gradient":""},"tablet":{"background-color":"var(--ast-global-color-5)","background-image":"","background-repeat":"repeat","background-position":"center center","background-size":"auto","background-attachment":"scroll","background-type":"","background-media":"","overlay-type":"","overlay-color":"","overlay-opacity":"","overlay-gradient":""},"mobile":{"background-color":"var(--ast-global-color-5)","background-image":"","background-repeat":"repeat","background-position":"center center","background-size":"auto","background-attachment":"scroll","background-type":"","background-media":"","overlay-type":"","overlay-color":"","overlay-opacity":"","overlay-gradient":""}}},"product_brand":[],"product_cat":[997],"product_tag":[],"class_list":{"0":"post-44206","1":"product","2":"type-product","3":"status-publish","4":"has-post-thumbnail","6":"product_cat-husdyrprodukter","7":"desktop-align-left","8":"tablet-align-left","9":"mobile-align-left","11":"first","12":"instock","13":"shipping-taxable","14":"purchasable","15":"product-type-simple"},"_links":{"self":[{"href":"https:\/\/keluvo.com\/no\/wp-json\/wp\/v2\/product\/44206","targetHints":{"allow":["GET"]}}],"collection":[{"href":"https:\/\/keluvo.com\/no\/wp-json\/wp\/v2\/product"}],"about":[{"href":"https:\/\/keluvo.com\/no\/wp-json\/wp\/v2\/types\/product"}],"replies":[{"embeddable":true,"href":"https:\/\/keluvo.com\/no\/wp-json\/wp\/v2\/comments?post=44206"}],"wp:featuredmedia":[{"embeddable":true,"href":"https:\/\/keluvo.com\/no\/wp-json\/wp\/v2\/media\/44202"}],"wp:attachment":[{"href":"https:\/\/keluvo.com\/no\/wp-json\/wp\/v2\/media?parent=44206"}],"wp:term":[{"taxonomy":"product_brand","embeddable":true,"href":"https:\/\/keluvo.com\/no\/wp-json\/wp\/v2\/product_brand?post=44206"},{"taxonomy":"product_cat","embeddable":true,"href":"https:\/\/keluvo.com\/no\/wp-json\/wp\/v2\/product_cat?post=44206"},{"taxonomy":"product_tag","embeddable":true,"href":"https:\/\/keluvo.com\/no\/wp-json\/wp\/v2\/product_tag?post=44206"}],"curies":[{"name":"wp","href":"https:\/\/api.w.org\/{rel}","templated":true}]}}