{"id":44189,"date":"2025-09-09T11:38:50","date_gmt":"2025-09-09T08:38:50","guid":{"rendered":"https:\/\/keluvo.com\/no\/produkt\/tannleketoy-for-babyer\/"},"modified":"2025-09-15T17:29:04","modified_gmt":"2025-09-15T14:29:04","slug":"tannleketoy-for-babyer","status":"publish","type":"product","link":"https:\/\/keluvo.com\/no\/produkt\/tannleketoy-for-babyer\/","title":{"rendered":"Tannleket\u00f8y for babyer"},"content":{"rendered":"<h2 class=\"\" style=\"text-align: center\" data-start=\"0\" data-end=\"22\">\ud83d\ude01 Morsomt og sunt!<\/h2>\n<p class=\"\" style=\"text-align: center\" data-start=\"23\" data-end=\"235\">Barnetannleket\u00f8yet er laget av myk silikon som er trygt for babyen din. Den er BPA-fri og har 12 sk\u00e5nsomme tyggepunkter som bidrar til \u00e5 redusere smerter i tannkj\u00f8ttet. Babyen kan trygt bite og tygge mens den utforsker nye teksturer.<\/p>\n<p data-start=\"23\" data-end=\"235\"><img decoding=\"async\" class=\"size-full wp-image-14527 aligncenter\" src=\"https:\/\/keluvo.com\/template\/wp-content\/uploads\/sites\/5\/2025\/04\/babyteethtoyvideo-ezgif.com-gif-to-webp-converter.webp\" alt=\"\" \/><\/p>\n<h2 class=\"\" style=\"text-align: center\" data-start=\"237\" data-end=\"260\">\ud83e\udd29 Stimulerer babyens sanser<\/h2>\n<p class=\"\" style=\"text-align: center\" data-start=\"261\" data-end=\"463\">Babyens tannleke kommer i lyse farger og lager myke lyder n\u00e5r den ristes. De ulike teksturene og formene bidrar til \u00e5 stimulere babyens sanser. Den er perfekt for ber\u00f8rings-, syns- og h\u00f8rselslek.<\/p>\n<p data-start=\"261\" data-end=\"463\"><img decoding=\"async\" class=\"alignnone size-medium wp-image-13893 aligncenter\" src=\"https:\/\/keluvo.com\/template\/wp-content\/uploads\/sites\/5\/2025\/04\/Sef6a6dbff2e54199a039c45fdcb4248b6.jpg_960x960q75.jpg_.jpeg\" alt=\"\" \/><\/p>\n<h2 style=\"text-align: center\">\u2705 Derfor elsker foreldre den<\/h2>\n<p><b>Sikker for babyer<\/b><b><br \/>\n<\/b><span style=\"font-weight: 400\"> Laget av myk, matvaregodkjent silikon. BPA-fri, giftfri og sk\u00e5nsom mot tannkj\u00f8ttet<\/span><b><br \/>\n<\/b><\/p>\n<p><b>Lindrer smerter i tannkj\u00f8ttet<\/b><b><br \/>\n<\/b><span style=\"font-weight: 400\"> Har 12 seige punkter med to teksturer for \u00e5 lindre s\u00e5rt tannkj\u00f8tt under tannpirking<\/span><b><br \/>\n<\/b><\/p>\n<p><b>Sansemoro<\/b><b><br \/>\n<\/b><span style=\"font-weight: 400\">Vibrerende farger og teksturerte st\u00f8t stimulerer babyens sanser. Rist p\u00e5 den, s\u00e5 lager den en morsom lyd<\/span><span style=\"font-weight: 400\"><br \/>\n<\/span><\/p>\n<p><b>Lett \u00e5 holde i<\/b><b><br \/>\n<\/b><span style=\"font-weight: 400\">Precis riktig st\u00f8rrelse for sm\u00e5 hender. Hjelper babyen din med \u00e5 \u00f8ve seg p\u00e5 \u00e5 gripe, n\u00e5 og holde<\/span><span style=\"font-weight: 400\"><br \/>\n<\/span><\/p>\n<p><b>Enkel \u00e5 rengj\u00f8re<\/b><b><br \/>\n<\/b><span style=\"font-weight: 400\"><span style=\"font-weight: 400\">Kok den, damp den eller t\u00f8rk den av med UV \u2013 denne leken er varmebestandig og enkel \u00e5 rengj\u00f8re<\/span><\/span><\/p>\n<p><b><\/b><b>God gaveid\u00e9<\/b><b><br \/>\n<\/b><span style=\"font-weight: 400\">Perfekt til babyshower, bursdager eller julegaver. Passer for babyer i alderen 0-12 m\u00e5neder<\/span><span style=\"font-weight: 400\"><img decoding=\"async\" class=\"size-full wp-image-14526 aligncenter\" src=\"https:\/\/keluvo.com\/template\/wp-content\/uploads\/sites\/5\/2025\/04\/422319f5-5348-4cfe-954a-b073bc212724.webp\" alt=\"\" \/><\/span><\/p>\n<p>&nbsp;<\/p>\n<h2 style=\"text-align: center\">\ud83d\udce6 Hva inneholder pakken<\/h2>\n<ul>\n<li style=\"font-weight: 400\"><span style=\"font-weight: 400\">1x biteleke (myk silikon, flerfarget, sensorisk design)<\/span><\/li>\n<\/ul>\n","protected":false},"excerpt":{"rendered":"<p>\ud83d\ude01 Morsomt og sunt! Barnetannleket\u00f8yet er laget av myk silikon som er trygt for babyen din. Den er BPA-fri og [&hellip;]<\/p>\n","protected":false},"featured_media":44185,"comment_status":"open","ping_status":"closed","template":"","meta":{"site-sidebar-layout":"default","site-content-layout":"","ast-site-content-layout":"default","site-content-style":"default","site-sidebar-style":"default","ast-global-header-display":"","ast-banner-title-visibility":"","ast-main-header-display":"","ast-hfb-above-header-display":"","ast-hfb-below-header-display":"","ast-hfb-mobile-header-display":"","site-post-title":"","ast-breadcrumbs-content":"","ast-featured-img":"","footer-sml-layout":"","theme-transparent-header-meta":"default","adv-header-id-meta":"","stick-header-meta":"","header-above-stick-meta":"","header-main-stick-meta":"","header-below-stick-meta":"","astra-migrate-meta-layouts":"set","ast-page-background-enabled":"default","ast-page-background-meta":{"desktop":{"background-color":"var(--ast-global-color-4)","background-image":"","background-repeat":"repeat","background-position":"center center","background-size":"auto","background-attachment":"scroll","background-type":"","background-media":"","overlay-type":"","overlay-color":"","overlay-opacity":"","overlay-gradient":""},"tablet":{"background-color":"","background-image":"","background-repeat":"repeat","background-position":"center center","background-size":"auto","background-attachment":"scroll","background-type":"","background-media":"","overlay-type":"","overlay-color":"","overlay-opacity":"","overlay-gradient":""},"mobile":{"background-color":"","background-image":"","background-repeat":"repeat","background-position":"center center","background-size":"auto","background-attachment":"scroll","background-type":"","background-media":"","overlay-type":"","overlay-color":"","overlay-opacity":"","overlay-gradient":""}},"ast-content-background-meta":{"desktop":{"background-color":"var(--ast-global-color-5)","background-image":"","background-repeat":"repeat","background-position":"center center","background-size":"auto","background-attachment":"scroll","background-type":"","background-media":"","overlay-type":"","overlay-color":"","overlay-opacity":"","overlay-gradient":""},"tablet":{"background-color":"var(--ast-global-color-5)","background-image":"","background-repeat":"repeat","background-position":"center center","background-size":"auto","background-attachment":"scroll","background-type":"","background-media":"","overlay-type":"","overlay-color":"","overlay-opacity":"","overlay-gradient":""},"mobile":{"background-color":"var(--ast-global-color-5)","background-image":"","background-repeat":"repeat","background-position":"center center","background-size":"auto","background-attachment":"scroll","background-type":"","background-media":"","overlay-type":"","overlay-color":"","overlay-opacity":"","overlay-gradient":""}}},"product_brand":[],"product_cat":[990],"product_tag":[],"class_list":{"0":"post-44189","1":"product","2":"type-product","3":"status-publish","4":"has-post-thumbnail","6":"product_cat-leker-barne-og-babyprodukter","7":"pa_37571_euj02e0d-beige","8":"pa_37571_euj02e0d-bla","9":"desktop-align-left","10":"tablet-align-left","11":"mobile-align-left","13":"first","14":"instock","15":"shipping-taxable","16":"purchasable","17":"product-type-variable"},"_links":{"self":[{"href":"https:\/\/keluvo.com\/no\/wp-json\/wp\/v2\/product\/44189","targetHints":{"allow":["GET"]}}],"collection":[{"href":"https:\/\/keluvo.com\/no\/wp-json\/wp\/v2\/product"}],"about":[{"href":"https:\/\/keluvo.com\/no\/wp-json\/wp\/v2\/types\/product"}],"replies":[{"embeddable":true,"href":"https:\/\/keluvo.com\/no\/wp-json\/wp\/v2\/comments?post=44189"}],"wp:featuredmedia":[{"embeddable":true,"href":"https:\/\/keluvo.com\/no\/wp-json\/wp\/v2\/media\/44185"}],"wp:attachment":[{"href":"https:\/\/keluvo.com\/no\/wp-json\/wp\/v2\/media?parent=44189"}],"wp:term":[{"taxonomy":"product_brand","embeddable":true,"href":"https:\/\/keluvo.com\/no\/wp-json\/wp\/v2\/product_brand?post=44189"},{"taxonomy":"product_cat","embeddable":true,"href":"https:\/\/keluvo.com\/no\/wp-json\/wp\/v2\/product_cat?post=44189"},{"taxonomy":"product_tag","embeddable":true,"href":"https:\/\/keluvo.com\/no\/wp-json\/wp\/v2\/product_tag?post=44189"}],"curies":[{"name":"wp","href":"https:\/\/api.w.org\/{rel}","templated":true}]}}