{"id":44035,"date":"2025-09-09T11:33:41","date_gmt":"2025-09-09T08:33:41","guid":{"rendered":"https:\/\/keluvo.com\/no\/produkt\/magnetisk-verktoyorganisator\/"},"modified":"2025-09-20T11:26:46","modified_gmt":"2025-09-20T08:26:46","slug":"magnetisk-verktoyorganisator","status":"publish","type":"product","link":"https:\/\/keluvo.com\/no\/produkt\/magnetisk-verktoyorganisator\/","title":{"rendered":"Magnetisk verkt\u00f8yorganisator"},"content":{"rendered":"<h2 style=\"text-align: center;\">\ud83d\udee0\ufe0f Hold verkt\u00f8yene dine p\u00e5 plass, alltid klare til bruk!<\/h2>\n<p style=\"text-align: center;\"><span style=\"font-weight: 400;\">Si farvel til rotete skuffer og bortkomne verkt\u00f8y! <\/span><span style=\"font-weight: 400;\">Den magnetiske verkt\u00f8yorganisatoren er den enkleste m\u00e5ten \u00e5 holde verkt\u00f8yene dine ryddige, sikre og alltid innen rekkevidde.<\/span><\/p>\n<p data-start=\"30\" data-end=\"242\"><img decoding=\"async\" class=\"size-full wp-image-14519 aligncenter\" src=\"https:\/\/keluvo.com\/template\/wp-content\/uploads\/sites\/5\/2025\/04\/magneticholdervideo-ezgif.com-gif-to-webp-converter.webp\" alt=\"\" \/><\/p>\n<h2 style=\"text-align: center;\">\u2705 Hva du vil elske<\/h2>\n<p>Sterkt &amp; sikkert grep: Kraftige magneter holder metallverkt\u00f8yene dine godt fast. Glir ikke. Ikke noe som faller ned<\/p>\n<p>Sparer deg tid: Finn verkt\u00f8yet du trenger p\u00e5 sekunder. Slutt \u00e5 lete gjennom rotete esker<\/p>\n<p>Justerbar st\u00f8rrelse: Leveres med en lenkespenne slik at du kan forlenge remsen for \u00e5 f\u00e5 plass til flere verkt\u00f8y<\/p>\n<p>Enkelt \u00e5 installere: Bare bor inn i veggen med de medf\u00f8lgende skruene og ankrene. Settes opp p\u00e5 f\u00e5 minutter<\/p>\n<p>Passer i alle rom: Perfekt for garasjer, verksteder, verkt\u00f8yboder og til og med inne i varebiler eller tilhengere<\/p>\n<p>Ser ren og profesjonell ut: F\u00e5r rommet ditt til \u00e5 se organisert, ryddig og klar til bruk<\/p>\n<h2 class=\"\" style=\"text-align: center;\" data-start=\"244\" data-end=\"273\"><img decoding=\"async\" class=\"alignnone size-medium wp-image-13921 aligncenter\" style=\"font-size: 16px; font-style: inherit; font-weight: inherit;\" src=\"https:\/\/keluvo.com\/template\/wp-content\/uploads\/sites\/5\/2025\/04\/S29531152af474fc2a9490e48f9b5a07eO.jpg_960x960q75.jpg_.jpeg\" alt=\"\" \/><\/h2>\n<h2 style=\"text-align: center;\">\ud83e\uddf0 Hva er i pakken<\/h2>\n<ul>\n<li style=\"font-weight: 400;\"><span style=\"font-weight: 400;\">1x magnetisk verkt\u00f8yorganiseringslist<\/span><\/li>\n<li style=\"font-weight: 400;\"><span style=\"font-weight: 400;\">1x klips (for \u00e5 forlenge listen)<\/span><\/li>\n<li style=\"font-weight: 400;\"><span style=\"font-weight: 400;\">2x skruer<\/span><\/li>\n<li style=\"font-weight: 400;\"><span style=\"font-weight: 400;\">Enkle monteringsanvisninger.<\/span><\/li>\n<\/ul>\n","protected":false},"excerpt":{"rendered":"<p>\ud83d\udee0\ufe0f Hold verkt\u00f8yene dine p\u00e5 plass, alltid klare til bruk! Si farvel til rotete skuffer og bortkomne verkt\u00f8y! Den magnetiske [&hellip;]<\/p>\n","protected":false},"featured_media":44031,"comment_status":"open","ping_status":"closed","template":"","meta":{"site-sidebar-layout":"default","site-content-layout":"","ast-site-content-layout":"default","site-content-style":"default","site-sidebar-style":"default","ast-global-header-display":"","ast-banner-title-visibility":"","ast-main-header-display":"","ast-hfb-above-header-display":"","ast-hfb-below-header-display":"","ast-hfb-mobile-header-display":"","site-post-title":"","ast-breadcrumbs-content":"","ast-featured-img":"","footer-sml-layout":"","theme-transparent-header-meta":"default","adv-header-id-meta":"","stick-header-meta":"","header-above-stick-meta":"","header-main-stick-meta":"","header-below-stick-meta":"","astra-migrate-meta-layouts":"set","ast-page-background-enabled":"default","ast-page-background-meta":{"desktop":{"background-color":"var(--ast-global-color-4)","background-image":"","background-repeat":"repeat","background-position":"center center","background-size":"auto","background-attachment":"scroll","background-type":"","background-media":"","overlay-type":"","overlay-color":"","overlay-opacity":"","overlay-gradient":""},"tablet":{"background-color":"","background-image":"","background-repeat":"repeat","background-position":"center center","background-size":"auto","background-attachment":"scroll","background-type":"","background-media":"","overlay-type":"","overlay-color":"","overlay-opacity":"","overlay-gradient":""},"mobile":{"background-color":"","background-image":"","background-repeat":"repeat","background-position":"center center","background-size":"auto","background-attachment":"scroll","background-type":"","background-media":"","overlay-type":"","overlay-color":"","overlay-opacity":"","overlay-gradient":""}},"ast-content-background-meta":{"desktop":{"background-color":"var(--ast-global-color-5)","background-image":"","background-repeat":"repeat","background-position":"center center","background-size":"auto","background-attachment":"scroll","background-type":"","background-media":"","overlay-type":"","overlay-color":"","overlay-opacity":"","overlay-gradient":""},"tablet":{"background-color":"var(--ast-global-color-5)","background-image":"","background-repeat":"repeat","background-position":"center center","background-size":"auto","background-attachment":"scroll","background-type":"","background-media":"","overlay-type":"","overlay-color":"","overlay-opacity":"","overlay-gradient":""},"mobile":{"background-color":"var(--ast-global-color-5)","background-image":"","background-repeat":"repeat","background-position":"center center","background-size":"auto","background-attachment":"scroll","background-type":"","background-media":"","overlay-type":"","overlay-color":"","overlay-opacity":"","overlay-gradient":""}}},"product_brand":[],"product_cat":[993],"product_tag":[],"class_list":{"0":"post-44035","1":"product","2":"type-product","3":"status-publish","4":"has-post-thumbnail","6":"product_cat-skotoy-tilbehor","7":"pa_34114_fwh7qn9x-20-cm","8":"pa_34114_fwh7qn9x-30-cm","9":"pa_34114_fwh7qn9x-45-cm","10":"desktop-align-left","11":"tablet-align-left","12":"mobile-align-left","14":"first","15":"instock","16":"shipping-taxable","17":"purchasable","18":"product-type-variable"},"_links":{"self":[{"href":"https:\/\/keluvo.com\/no\/wp-json\/wp\/v2\/product\/44035","targetHints":{"allow":["GET"]}}],"collection":[{"href":"https:\/\/keluvo.com\/no\/wp-json\/wp\/v2\/product"}],"about":[{"href":"https:\/\/keluvo.com\/no\/wp-json\/wp\/v2\/types\/product"}],"replies":[{"embeddable":true,"href":"https:\/\/keluvo.com\/no\/wp-json\/wp\/v2\/comments?post=44035"}],"wp:featuredmedia":[{"embeddable":true,"href":"https:\/\/keluvo.com\/no\/wp-json\/wp\/v2\/media\/44031"}],"wp:attachment":[{"href":"https:\/\/keluvo.com\/no\/wp-json\/wp\/v2\/media?parent=44035"}],"wp:term":[{"taxonomy":"product_brand","embeddable":true,"href":"https:\/\/keluvo.com\/no\/wp-json\/wp\/v2\/product_brand?post=44035"},{"taxonomy":"product_cat","embeddable":true,"href":"https:\/\/keluvo.com\/no\/wp-json\/wp\/v2\/product_cat?post=44035"},{"taxonomy":"product_tag","embeddable":true,"href":"https:\/\/keluvo.com\/no\/wp-json\/wp\/v2\/product_tag?post=44035"}],"curies":[{"name":"wp","href":"https:\/\/api.w.org\/{rel}","templated":true}]}}