{"id":44012,"date":"2025-09-09T11:32:47","date_gmt":"2025-09-09T08:32:47","guid":{"rendered":"https:\/\/keluvo.com\/no\/produkt\/crossbody-veske-2\/"},"modified":"2025-09-09T11:33:10","modified_gmt":"2025-09-09T08:33:10","slug":"crossbody-veske-2","status":"publish","type":"product","link":"https:\/\/keluvo.com\/no\/produkt\/crossbody-veske-2\/","title":{"rendered":"Crossbody-veske"},"content":{"rendered":"<h2 class=\"\" style=\"text-align: center\" data-start=\"0\" data-end=\"28\">Lett og enkel \u00e5 b\u00e6re<\/h2>\n<p class=\"\" style=\"text-align: center\" data-start=\"29\" data-end=\"214\">Crossbody-vesken er perfekt til daglig bruk eller p\u00e5 reise. Den er liten, lett og holder hendene frie samtidig som du har plass til viktige ting. Du trenger ikke lenger tunge vesker eller stappfulle lommer.<\/p>\n<p style=\"text-align: center\" data-start=\"29\" data-end=\"214\"><img decoding=\"async\" class=\"alignnone size-full wp-image-14058\" src=\"https:\/\/keluvo.com\/template\/wp-content\/uploads\/sites\/5\/2025\/04\/668597c0-ca90-45c5-a85d-34a98f335472.webp\" alt=\"\" \/><\/p>\n<h2 class=\"\" style=\"text-align: center\" data-start=\"216\" data-end=\"245\">Sterk og enkel \u00e5 rengj\u00f8re<\/h2>\n<p class=\"\" style=\"text-align: center\" data-start=\"246\" data-end=\"446\">Crossbody-vesken er laget av Oxford-stoff av h\u00f8y kvalitet. Materialet er b\u00e5de mykt og sterkt, noe som gj\u00f8r den enkel \u00e5 rengj\u00f8re og ideell for hverdagsbruk. Den takler b\u00e5de det travle bylivet og avslappende stranddager.<\/p>\n<p data-start=\"246\" data-end=\"446\"><img decoding=\"async\" class=\"alignnone size-full wp-image-14061 aligncenter\" src=\"https:\/\/keluvo.com\/template\/wp-content\/uploads\/sites\/5\/2025\/04\/e498c435-c71f-48ee-8104-9e5d77069ebb.webp\" alt=\"\" \/><\/p>\n","protected":false},"excerpt":{"rendered":"<p>Lett og enkel \u00e5 b\u00e6re Crossbody-vesken er perfekt til daglig bruk eller p\u00e5 reise. Den er liten, lett og holder [&hellip;]<\/p>\n","protected":false},"featured_media":44008,"comment_status":"open","ping_status":"closed","template":"","meta":{"site-sidebar-layout":"default","site-content-layout":"","ast-site-content-layout":"default","site-content-style":"default","site-sidebar-style":"default","ast-global-header-display":"","ast-banner-title-visibility":"","ast-main-header-display":"","ast-hfb-above-header-display":"","ast-hfb-below-header-display":"","ast-hfb-mobile-header-display":"","site-post-title":"","ast-breadcrumbs-content":"","ast-featured-img":"","footer-sml-layout":"","theme-transparent-header-meta":"default","adv-header-id-meta":"","stick-header-meta":"","header-above-stick-meta":"","header-main-stick-meta":"","header-below-stick-meta":"","astra-migrate-meta-layouts":"set","ast-page-background-enabled":"default","ast-page-background-meta":{"desktop":{"background-color":"var(--ast-global-color-4)","background-image":"","background-repeat":"repeat","background-position":"center center","background-size":"auto","background-attachment":"scroll","background-type":"","background-media":"","overlay-type":"","overlay-color":"","overlay-opacity":"","overlay-gradient":""},"tablet":{"background-color":"","background-image":"","background-repeat":"repeat","background-position":"center center","background-size":"auto","background-attachment":"scroll","background-type":"","background-media":"","overlay-type":"","overlay-color":"","overlay-opacity":"","overlay-gradient":""},"mobile":{"background-color":"","background-image":"","background-repeat":"repeat","background-position":"center center","background-size":"auto","background-attachment":"scroll","background-type":"","background-media":"","overlay-type":"","overlay-color":"","overlay-opacity":"","overlay-gradient":""}},"ast-content-background-meta":{"desktop":{"background-color":"var(--ast-global-color-5)","background-image":"","background-repeat":"repeat","background-position":"center center","background-size":"auto","background-attachment":"scroll","background-type":"","background-media":"","overlay-type":"","overlay-color":"","overlay-opacity":"","overlay-gradient":""},"tablet":{"background-color":"var(--ast-global-color-5)","background-image":"","background-repeat":"repeat","background-position":"center center","background-size":"auto","background-attachment":"scroll","background-type":"","background-media":"","overlay-type":"","overlay-color":"","overlay-opacity":"","overlay-gradient":""},"mobile":{"background-color":"var(--ast-global-color-5)","background-image":"","background-repeat":"repeat","background-position":"center center","background-size":"auto","background-attachment":"scroll","background-type":"","background-media":"","overlay-type":"","overlay-color":"","overlay-opacity":"","overlay-gradient":""}}},"product_brand":[],"product_cat":[993],"product_tag":[],"class_list":{"0":"post-44012","1":"product","2":"type-product","3":"status-publish","4":"has-post-thumbnail","6":"product_cat-skotoy-tilbehor","7":"pa_22453_hg4ersx2-bla","8":"pa_22453_hg4ersx2-gronn","9":"pa_22453_hg4ersx2-gul","10":"pa_22453_hg4ersx2-lilla","11":"pa_22453_hg4ersx2-rod","12":"pa_22453_hg4ersx2-rosa","13":"pa_22453_hg4ersx2-svart","14":"desktop-align-left","15":"tablet-align-left","16":"mobile-align-left","18":"first","19":"instock","20":"shipping-taxable","21":"purchasable","22":"product-type-variable"},"_links":{"self":[{"href":"https:\/\/keluvo.com\/no\/wp-json\/wp\/v2\/product\/44012","targetHints":{"allow":["GET"]}}],"collection":[{"href":"https:\/\/keluvo.com\/no\/wp-json\/wp\/v2\/product"}],"about":[{"href":"https:\/\/keluvo.com\/no\/wp-json\/wp\/v2\/types\/product"}],"replies":[{"embeddable":true,"href":"https:\/\/keluvo.com\/no\/wp-json\/wp\/v2\/comments?post=44012"}],"wp:featuredmedia":[{"embeddable":true,"href":"https:\/\/keluvo.com\/no\/wp-json\/wp\/v2\/media\/44008"}],"wp:attachment":[{"href":"https:\/\/keluvo.com\/no\/wp-json\/wp\/v2\/media?parent=44012"}],"wp:term":[{"taxonomy":"product_brand","embeddable":true,"href":"https:\/\/keluvo.com\/no\/wp-json\/wp\/v2\/product_brand?post=44012"},{"taxonomy":"product_cat","embeddable":true,"href":"https:\/\/keluvo.com\/no\/wp-json\/wp\/v2\/product_cat?post=44012"},{"taxonomy":"product_tag","embeddable":true,"href":"https:\/\/keluvo.com\/no\/wp-json\/wp\/v2\/product_tag?post=44012"}],"curies":[{"name":"wp","href":"https:\/\/api.w.org\/{rel}","templated":true}]}}