{"id":43970,"date":"2025-09-09T11:31:23","date_gmt":"2025-09-09T08:31:23","guid":{"rendered":"https:\/\/keluvo.com\/no\/produkt\/skjaereverktoy\/"},"modified":"2025-09-09T11:31:31","modified_gmt":"2025-09-09T08:31:31","slug":"skjaereverktoy","status":"publish","type":"product","link":"https:\/\/keluvo.com\/no\/produkt\/skjaereverktoy\/","title":{"rendered":"Skj\u00e6reverkt\u00f8y"},"content":{"rendered":"<h2 class=\"\" style=\"text-align: center\" data-start=\"0\" data-end=\"25\">Skarpe og rene kutt<\/h2>\n<p class=\"\" style=\"text-align: center\" data-start=\"26\" data-end=\"242\">Kutteverkt\u00f8yet er laget med sterke blader i rustfritt st\u00e5l som gir glatte og rene kanter. Det er ideelt for kutting av gipsplater med en perfekt 45\u00b0 vinkel. Ikke noe st\u00f8v og ingen ujevne kanter &#8211; bare en pen finish hver gang.<\/p>\n<p data-start=\"26\" data-end=\"242\"><img decoding=\"async\" class=\"alignnone size-medium wp-image-13875 aligncenter\" src=\"https:\/\/keluvo.com\/template\/wp-content\/uploads\/sites\/5\/2025\/04\/e9e12a62-4ebe-43c6-80c2-5b3cdebdcd30.webp\" alt=\"\" \/><\/p>\n<h2 class=\"\" style=\"text-align: center\" data-start=\"244\" data-end=\"268\">Enkel \u00e5 bruke for h\u00e5nd<\/h2>\n<p class=\"\" style=\"text-align: center\" data-start=\"269\" data-end=\"457\">Dette skj\u00e6reverkt\u00f8yet er lett og enkelt \u00e5 holde, noe som gj\u00f8r det enkelt \u00e5 kontrollere for h\u00e5nd. Det fungerer godt p\u00e5 gipsplater, mykt treverk og plast. Perfekt for raske jobber uten behov for elektroverkt\u00f8y.<\/p>\n<p data-start=\"269\" data-end=\"457\"><img decoding=\"async\" class=\"alignnone size-medium wp-image-13876 aligncenter\" src=\"https:\/\/keluvo.com\/template\/wp-content\/uploads\/sites\/5\/2025\/04\/S2c281a9b940348ff90d2d8a86e4fbbaaP.jpg_960x960q75.jpg_.jpeg\" alt=\"\" \/><\/p>\n","protected":false},"excerpt":{"rendered":"<p>Skarpe og rene kutt Kutteverkt\u00f8yet er laget med sterke blader i rustfritt st\u00e5l som gir glatte og rene kanter. Det [&hellip;]<\/p>\n","protected":false},"featured_media":43966,"comment_status":"open","ping_status":"closed","template":"","meta":{"site-sidebar-layout":"default","site-content-layout":"","ast-site-content-layout":"default","site-content-style":"default","site-sidebar-style":"default","ast-global-header-display":"","ast-banner-title-visibility":"","ast-main-header-display":"","ast-hfb-above-header-display":"","ast-hfb-below-header-display":"","ast-hfb-mobile-header-display":"","site-post-title":"","ast-breadcrumbs-content":"","ast-featured-img":"","footer-sml-layout":"","theme-transparent-header-meta":"default","adv-header-id-meta":"","stick-header-meta":"","header-above-stick-meta":"","header-main-stick-meta":"","header-below-stick-meta":"","astra-migrate-meta-layouts":"set","ast-page-background-enabled":"default","ast-page-background-meta":{"desktop":{"background-color":"var(--ast-global-color-4)","background-image":"","background-repeat":"repeat","background-position":"center center","background-size":"auto","background-attachment":"scroll","background-type":"","background-media":"","overlay-type":"","overlay-color":"","overlay-opacity":"","overlay-gradient":""},"tablet":{"background-color":"","background-image":"","background-repeat":"repeat","background-position":"center center","background-size":"auto","background-attachment":"scroll","background-type":"","background-media":"","overlay-type":"","overlay-color":"","overlay-opacity":"","overlay-gradient":""},"mobile":{"background-color":"","background-image":"","background-repeat":"repeat","background-position":"center center","background-size":"auto","background-attachment":"scroll","background-type":"","background-media":"","overlay-type":"","overlay-color":"","overlay-opacity":"","overlay-gradient":""}},"ast-content-background-meta":{"desktop":{"background-color":"var(--ast-global-color-5)","background-image":"","background-repeat":"repeat","background-position":"center center","background-size":"auto","background-attachment":"scroll","background-type":"","background-media":"","overlay-type":"","overlay-color":"","overlay-opacity":"","overlay-gradient":""},"tablet":{"background-color":"var(--ast-global-color-5)","background-image":"","background-repeat":"repeat","background-position":"center center","background-size":"auto","background-attachment":"scroll","background-type":"","background-media":"","overlay-type":"","overlay-color":"","overlay-opacity":"","overlay-gradient":""},"mobile":{"background-color":"var(--ast-global-color-5)","background-image":"","background-repeat":"repeat","background-position":"center center","background-size":"auto","background-attachment":"scroll","background-type":"","background-media":"","overlay-type":"","overlay-color":"","overlay-opacity":"","overlay-gradient":""}}},"product_brand":[],"product_cat":[996],"product_tag":[],"class_list":{"0":"post-43970","1":"product","2":"type-product","3":"status-publish","4":"has-post-thumbnail","6":"product_cat-verktoy","7":"pa_39954_nlsos4pf-45-grader","8":"pa_39954_nlsos4pf-45-og-60-grader","9":"pa_39954_nlsos4pf-60-grader","10":"desktop-align-left","11":"tablet-align-left","12":"mobile-align-left","14":"first","15":"instock","16":"shipping-taxable","17":"purchasable","18":"product-type-variable"},"_links":{"self":[{"href":"https:\/\/keluvo.com\/no\/wp-json\/wp\/v2\/product\/43970","targetHints":{"allow":["GET"]}}],"collection":[{"href":"https:\/\/keluvo.com\/no\/wp-json\/wp\/v2\/product"}],"about":[{"href":"https:\/\/keluvo.com\/no\/wp-json\/wp\/v2\/types\/product"}],"replies":[{"embeddable":true,"href":"https:\/\/keluvo.com\/no\/wp-json\/wp\/v2\/comments?post=43970"}],"wp:featuredmedia":[{"embeddable":true,"href":"https:\/\/keluvo.com\/no\/wp-json\/wp\/v2\/media\/43966"}],"wp:attachment":[{"href":"https:\/\/keluvo.com\/no\/wp-json\/wp\/v2\/media?parent=43970"}],"wp:term":[{"taxonomy":"product_brand","embeddable":true,"href":"https:\/\/keluvo.com\/no\/wp-json\/wp\/v2\/product_brand?post=43970"},{"taxonomy":"product_cat","embeddable":true,"href":"https:\/\/keluvo.com\/no\/wp-json\/wp\/v2\/product_cat?post=43970"},{"taxonomy":"product_tag","embeddable":true,"href":"https:\/\/keluvo.com\/no\/wp-json\/wp\/v2\/product_tag?post=43970"}],"curies":[{"name":"wp","href":"https:\/\/api.w.org\/{rel}","templated":true}]}}